{"id":9851,"date":"2025-06-09T16:59:25","date_gmt":"2025-06-09T14:59:25","guid":{"rendered":"http:\/\/www.presstourism.ch\/?page_id=9851"},"modified":"2025-06-09T16:59:32","modified_gmt":"2025-06-09T14:59:32","slug":"exposition-de-photographies-au-chateau-de-saint-gingolph","status":"publish","type":"page","link":"http:\/\/www.presstourism.ch\/?page_id=9851","title":{"rendered":"Exposition de photographies au Ch\u00e2teau de Saint-Gingolph"},"content":{"rendered":"\n<p>Sous peu, il y aura une exposition de photographies au Ch\u00e2teau de Saint-Gingolph (acc\u00e8s avec le train, en bateau et en voiture, place de parking \u00ab\u00a0bon march\u00e9\u00a0\u00bb \u00e0 disposition).<br>En compagnie de M. Claude Martenet (photographies noir-blanc), Marguerite Martinoli pr\u00e9sentera des \u0153uvres tir\u00e9es de son imagination ayant pour base des photographies extraites de son ordinateur. En effet, pour cette expositionelle a choisi de laisser libre cours \u00e0 sa cr\u00e9ativit\u00e9. Elle a \u00ab\u00a0feuillet\u00e9\u00a0\u00bb son ordi aux innombrables images prises au cours des ans, travaill\u00e9 en mini studio, et finalement assembl\u00e9 le tout sur l&rsquo;\u00e9cran.\u00a0<br>Des sujets en sont ressortis, comiques, surr\u00e9alistes, interrogateurs, ils sont \u00e0 d\u00e9couvrir au Ch\u00e2teau de Saint-Gingolph du 21 juin au 17 ao\u00fbt 2025 (lundi except\u00e9) de 14h00 \u00e0 19h00.<br>Marguerite Martinoli sera pr\u00e9sente \u00e0 certaines dates (v. ci-dessous); cependant, si une autre date conviendrait mieux (except\u00e9 le lundi), info 024 481 69 29 ou <a href=\"mmartinoli1@gmail.com\">email<\/a> pour un RDV.<\/p>\n\n\n\n<div class=\"wp-block-image\"><figure class=\"aligncenter size-large\"><a href=\"https:\/\/i0.wp.com\/www.presstourism.ch\/wp-content\/uploads\/2025\/06\/Bildschirmfoto-2025-06-09-um-16.38.18-1.png\"><img loading=\"lazy\" width=\"584\" height=\"817\" src=\"https:\/\/i0.wp.com\/www.presstourism.ch\/wp-content\/uploads\/2025\/06\/Bildschirmfoto-2025-06-09-um-16.38.18-1.png?resize=584%2C817\" alt=\"\" class=\"wp-image-9852\" srcset=\"https:\/\/i0.wp.com\/www.presstourism.ch\/wp-content\/uploads\/2025\/06\/Bildschirmfoto-2025-06-09-um-16.38.18-1.png?resize=732%2C1024 732w, https:\/\/i0.wp.com\/www.presstourism.ch\/wp-content\/uploads\/2025\/06\/Bildschirmfoto-2025-06-09-um-16.38.18-1.png?resize=215%2C300 215w, https:\/\/i0.wp.com\/www.presstourism.ch\/wp-content\/uploads\/2025\/06\/Bildschirmfoto-2025-06-09-um-16.38.18-1.png?resize=768%2C1074 768w, https:\/\/i0.wp.com\/www.presstourism.ch\/wp-content\/uploads\/2025\/06\/Bildschirmfoto-2025-06-09-um-16.38.18-1.png?resize=600%2C839 600w, https:\/\/i0.wp.com\/www.presstourism.ch\/wp-content\/uploads\/2025\/06\/Bildschirmfoto-2025-06-09-um-16.38.18-1.png?resize=1099%2C1536 1099w, https:\/\/i0.wp.com\/www.presstourism.ch\/wp-content\/uploads\/2025\/06\/Bildschirmfoto-2025-06-09-um-16.38.18-1.png?w=1140 1140w\" sizes=\"(max-width: 584px) 100vw, 584px\" data-recalc-dims=\"1\" \/><\/a><\/figure><\/div>\n\n\n\n<div class=\"wp-block-image\"><figure class=\"aligncenter size-large\"><a href=\"https:\/\/i0.wp.com\/www.presstourism.ch\/wp-content\/uploads\/2025\/06\/Bildschirmfoto-2025-06-09-um-16.38.33-1.png\"><img loading=\"lazy\" width=\"584\" height=\"816\" src=\"https:\/\/i0.wp.com\/www.presstourism.ch\/wp-content\/uploads\/2025\/06\/Bildschirmfoto-2025-06-09-um-16.38.33-1.png?resize=584%2C816\" alt=\"\" class=\"wp-image-9853\" srcset=\"https:\/\/i0.wp.com\/www.presstourism.ch\/wp-content\/uploads\/2025\/06\/Bildschirmfoto-2025-06-09-um-16.38.33-1.png?resize=733%2C1024 733w, https:\/\/i0.wp.com\/www.presstourism.ch\/wp-content\/uploads\/2025\/06\/Bildschirmfoto-2025-06-09-um-16.38.33-1.png?resize=215%2C300 215w, https:\/\/i0.wp.com\/www.presstourism.ch\/wp-content\/uploads\/2025\/06\/Bildschirmfoto-2025-06-09-um-16.38.33-1.png?resize=768%2C1073 768w, https:\/\/i0.wp.com\/www.presstourism.ch\/wp-content\/uploads\/2025\/06\/Bildschirmfoto-2025-06-09-um-16.38.33-1.png?resize=600%2C838 600w, https:\/\/i0.wp.com\/www.presstourism.ch\/wp-content\/uploads\/2025\/06\/Bildschirmfoto-2025-06-09-um-16.38.33-1.png?resize=1100%2C1536 1100w, https:\/\/i0.wp.com\/www.presstourism.ch\/wp-content\/uploads\/2025\/06\/Bildschirmfoto-2025-06-09-um-16.38.33-1.png?w=1140 1140w\" sizes=\"(max-width: 584px) 100vw, 584px\" data-recalc-dims=\"1\" \/><\/a><\/figure><\/div>\n","protected":false},"excerpt":{"rendered":"<p>Sous peu, il y aura une exposition de photographies au Ch\u00e2teau de Saint-Gingolph (acc\u00e8s avec le train, en bateau et en voiture, place de parking \u00ab\u00a0bon march\u00e9\u00a0\u00bb \u00e0 disposition).En compagnie de M. Claude Martenet (photographies noir-blanc), Marguerite Martinoli pr\u00e9sentera des &hellip; <a href=\"http:\/\/www.presstourism.ch\/?page_id=9851\">Continuer la lecture <span class=\"meta-nav\">&rarr;<\/span><\/a><\/p>\n","protected":false},"author":1540,"featured_media":0,"parent":0,"menu_order":0,"comment_status":"closed","ping_status":"closed","template":"","meta":{"ngg_post_thumbnail":0,"spay_email":""},"jetpack_sharing_enabled":true,"jetpack_shortlink":"https:\/\/wp.me\/P468TV-2yT","_links":{"self":[{"href":"http:\/\/www.presstourism.ch\/index.php?rest_route=\/wp\/v2\/pages\/9851"}],"collection":[{"href":"http:\/\/www.presstourism.ch\/index.php?rest_route=\/wp\/v2\/pages"}],"about":[{"href":"http:\/\/www.presstourism.ch\/index.php?rest_route=\/wp\/v2\/types\/page"}],"author":[{"embeddable":true,"href":"http:\/\/www.presstourism.ch\/index.php?rest_route=\/wp\/v2\/users\/1540"}],"replies":[{"embeddable":true,"href":"http:\/\/www.presstourism.ch\/index.php?rest_route=%2Fwp%2Fv2%2Fcomments&post=9851"}],"version-history":[{"count":1,"href":"http:\/\/www.presstourism.ch\/index.php?rest_route=\/wp\/v2\/pages\/9851\/revisions"}],"predecessor-version":[{"id":9854,"href":"http:\/\/www.presstourism.ch\/index.php?rest_route=\/wp\/v2\/pages\/9851\/revisions\/9854"}],"wp:attachment":[{"href":"http:\/\/www.presstourism.ch\/index.php?rest_route=%2Fwp%2Fv2%2Fmedia&parent=9851"}],"curies":[{"name":"wp","href":"https:\/\/api.w.org\/{rel}","templated":true}]}}