{"id":9636,"date":"2025-01-02T22:24:38","date_gmt":"2025-01-02T21:24:38","guid":{"rendered":"http:\/\/www.presstourism.ch\/?page_id=9636"},"modified":"2025-01-05T11:26:59","modified_gmt":"2025-01-05T10:26:59","slug":"un-rendez-vous-culturel-exceptionnel-a-bruxelles","status":"publish","type":"page","link":"http:\/\/www.presstourism.ch\/?page_id=9636","title":{"rendered":"Un rendez-vous culturel exceptionnel \u00e0 Bruxelles"},"content":{"rendered":"\n<p><strong>Par Roger Juillerat<\/strong><\/p>\n\n\n\n<figure class=\"wp-block-image size-full\"><a href=\"https:\/\/i0.wp.com\/www.presstourism.ch\/wp-content\/uploads\/2025\/01\/image.png\"><img loading=\"lazy\" width=\"584\" height=\"473\" src=\"https:\/\/i0.wp.com\/www.presstourism.ch\/wp-content\/uploads\/2025\/01\/image.png?resize=584%2C473\" alt=\"\" class=\"wp-image-9637\" srcset=\"https:\/\/i0.wp.com\/www.presstourism.ch\/wp-content\/uploads\/2025\/01\/image.png?w=906 906w, https:\/\/i0.wp.com\/www.presstourism.ch\/wp-content\/uploads\/2025\/01\/image.png?resize=300%2C243 300w, https:\/\/i0.wp.com\/www.presstourism.ch\/wp-content\/uploads\/2025\/01\/image.png?resize=768%2C622 768w, https:\/\/i0.wp.com\/www.presstourism.ch\/wp-content\/uploads\/2025\/01\/image.png?resize=600%2C486 600w, https:\/\/i0.wp.com\/www.presstourism.ch\/wp-content\/uploads\/2025\/01\/image.png?resize=370%2C300 370w\" sizes=\"(max-width: 584px) 100vw, 584px\" data-recalc-dims=\"1\" \/><\/a><\/figure>\n\n\n\n<p>La BRAFA (Brussels Art Fair) est l&rsquo;une des foires d&rsquo;art les plus prestigieuses et les plus anciennes d&rsquo;Europe. Elle se d\u00e9roule \u00e0 Bruxelles. Sa 70<sup>\u00e8me<\/sup>&nbsp;\u00e9dition aura lieu du 26 janvier au 2 f\u00e9vrier 2025. Fond\u00e9e en 1956, elle pr\u00e9sente une large gamme d&rsquo;\u0153uvres, de l\u2019art ancien \u00e0 l&rsquo;art contemporain, en passant par des objets d&rsquo;antiquit\u00e9, des sculptures, des travaux de design et des pi\u00e8ces uniques.<\/p>\n\n\n\n<p><strong>L\u2019Atomium<\/strong>, le monument embl\u00e9matique de la capitale belge, construit pour l\u2019Exposition universelle de 1958 repr\u00e9sente un atome de fer agrandi 165 milliards de fois et mesure 1012 m\u00e8tres de haut.&nbsp;Le&nbsp;<strong>Manneken-Pis<\/strong>, lapetite statue en bronze, haute de 55,5 cm, repr\u00e9sentant un petit gar\u00e7on en train d&rsquo;uriner,&nbsp;est&nbsp;un autre des symboles de Bruxelles. N\u2019y aurait-il pas un troisi\u00e8me symbole de Bruxelles, m\u00eame si chaque ann\u00e9e, il n\u2019est que temporaire&nbsp;? \u00ab Si, il y a la <strong>BRAFA<\/strong>, mais pas seulement !&nbsp;\u00bb<strong>.&nbsp;<\/strong>Accompagnez-nous dans cet exceptionnel voyage culturel.<\/p>\n\n\n\n<p>Elle attire ainsi des collectionneurs, des galeries et des amateurs d\u2019art du monde entier. Son 70<sup>e<\/sup>&nbsp;anniversaire s\u2019annonce \u00eatre un \u00e9v\u00e9nement incontournable. Des conf\u00e9rences sont aussi au programme, favorisant les \u00e9changes et les discussions autour des tendances actuelles et des d\u00e9veloppements dans le monde de l&rsquo;art.<\/p>\n\n\n\n<figure class=\"wp-block-image size-full\"><a href=\"https:\/\/i0.wp.com\/www.presstourism.ch\/wp-content\/uploads\/2025\/01\/image-1.png\"><img loading=\"lazy\" width=\"584\" height=\"223\" src=\"https:\/\/i0.wp.com\/www.presstourism.ch\/wp-content\/uploads\/2025\/01\/image-1.png?resize=584%2C223\" alt=\"\" class=\"wp-image-9640\" srcset=\"https:\/\/i0.wp.com\/www.presstourism.ch\/wp-content\/uploads\/2025\/01\/image-1.png?w=906 906w, https:\/\/i0.wp.com\/www.presstourism.ch\/wp-content\/uploads\/2025\/01\/image-1.png?resize=300%2C115 300w, https:\/\/i0.wp.com\/www.presstourism.ch\/wp-content\/uploads\/2025\/01\/image-1.png?resize=768%2C293 768w, https:\/\/i0.wp.com\/www.presstourism.ch\/wp-content\/uploads\/2025\/01\/image-1.png?resize=600%2C229 600w, https:\/\/i0.wp.com\/www.presstourism.ch\/wp-content\/uploads\/2025\/01\/image-1.png?resize=500%2C191 500w\" sizes=\"(max-width: 584px) 100vw, 584px\" data-recalc-dims=\"1\" \/><\/a><figcaption>LA BRAFA et diversesde ses galeries lors de l&rsquo;\u00e9dition 2024. \u00a9Fabrice Debaty<\/figcaption><\/figure>\n\n\n\n<p>La BRAFA se distingue par sa capacit\u00e9 \u00e0 r\u00e9unir diff\u00e9rentes p\u00e9riodes, styles et disciplines artistiques dans un cadre harmonieux. Cette \u00e9dition 2025 ne fera pas exception car elle accueillera quelque 130 galeries internationales venues de 14 pays&nbsp;! Parmi les nouvelles galeries attendues cette ann\u00e9e, certaines des plus prestigieuses du march\u00e9 de l\u2019art:&nbsp;<strong>Colnaghi<\/strong>, sp\u00e9cialiste des ma\u00eetres anciens et des chefs-d\u2019\u0153uvre europ\u00e9ens, ainsi que Stoppenbach &amp; Delestre, r\u00e9put\u00e9e pour son expertise en impressionnisme et art moderne.<\/p>\n\n\n\n<p><strong>Une invit\u00e9e mondialement connue<\/strong><\/p>\n\n\n\n<p>Pour marquer cet anniversaire exceptionnel, la BRAFA a invit\u00e9&nbsp;<strong>Joana Vasconcelos&nbsp;<\/strong>(notre photo Natasa Nicodijevic Savin).<\/p>\n\n\n\n<figure class=\"wp-block-image size-full\"><a href=\"https:\/\/i1.wp.com\/www.presstourism.ch\/wp-content\/uploads\/2025\/01\/image-2.png\"><img loading=\"lazy\" width=\"450\" height=\"450\" src=\"https:\/\/i1.wp.com\/www.presstourism.ch\/wp-content\/uploads\/2025\/01\/image-2.png?resize=450%2C450\" alt=\"\" class=\"wp-image-9641\" srcset=\"https:\/\/i1.wp.com\/www.presstourism.ch\/wp-content\/uploads\/2025\/01\/image-2.png?w=450 450w, https:\/\/i1.wp.com\/www.presstourism.ch\/wp-content\/uploads\/2025\/01\/image-2.png?resize=300%2C300 300w, https:\/\/i1.wp.com\/www.presstourism.ch\/wp-content\/uploads\/2025\/01\/image-2.png?resize=150%2C150 150w\" sizes=\"(max-width: 450px) 100vw, 450px\" data-recalc-dims=\"1\" \/><\/a><figcaption>L&rsquo;artiste portugaise devant l&rsquo;une de ses oeuvres.<\/figcaption><\/figure>\n\n\n\n<p>C\u2019est une artiste plasticienne franco-portugaise, puisqu\u2019elle est n\u00e9e \u00e0 Paris en 1971.\u00a0Elle est connue pour ses sculptures monumentales et ses installations immersives qui r\u00e9interpr\u00e8tent des objets du quotidien.\u00a0Son travail se distingue par l\u2019utilisation de mat\u00e9riaux inattendus, comme des tampons hygi\u00e9niques (!), des fourchettes en plastique et des casseroles.\u00a0Elle a acquis une renomm\u00e9e internationale en 2005 avec son \u0153uvre \u201cLa Fianc\u00e9e\u201d , pr\u00e9sent\u00e9e \u00e0 la Biennale de Venise.\u00a0En 2012, elle est m\u00eame devenue la toute premi\u00e8re femme et la plus jeune artiste \u00e0 exposer au Ch\u00e2teau de Versailles.\u00a0Ses \u0153uvres ont \u00e9galement \u00e9t\u00e9 expos\u00e9es dans des institutions prestigieuses comme le Guggenheim Bilbao, le Mus\u00e9e d\u2019art moderne et contemporain de Strasbourg, et le Palais de Tokyo.\u00a0Joana Vasconcelos<sup>[1]<\/sup>\u00a0utilise souvent l\u2019humour et l\u2019ironie pour aborder des th\u00e8mes tels que le statut des femmes, la soci\u00e9t\u00e9 de consommation et l\u2019identit\u00e9 collective.\u00a0D\u00e9contextualisant les objets du quotidien et actualisant le lien entre l&rsquo;art et l&rsquo;artisanat au XXIe si\u00e8cle, elle \u00e9tablit un dialogue prolifique entre la sph\u00e8re priv\u00e9e et l&rsquo;espace public, le patrimoine populaire et la haute culture. Son installation la plus marquante, \u00ab Les Valkyries\u00bb sera l\u2019un des temps forts de la foire. Ces figures mythologiques nordiques, revisit\u00e9es avec audace, sont habill\u00e9es de tissus aux motifs \u00e9clatants.<\/p>\n\n\n\n<hr class=\"wp-block-separator\"\/>\n\n\n\n<p><a href=\"applewebdata:\/\/34007FCE-A3EA-4CC1-B2B5-7D4730232AFA#_ftnref1\"><sup>[1]<\/sup><\/a>&nbsp;<a href=\"https:\/\/www.joanavasconcelos.com\/en\/artist\">Joana Vasconcelos \/ Artworks<\/a><\/p>\n\n\n\n<figure class=\"wp-block-image size-full\"><a href=\"https:\/\/i1.wp.com\/www.presstourism.ch\/wp-content\/uploads\/2025\/01\/image-3.png\"><img loading=\"lazy\" width=\"584\" height=\"389\" src=\"https:\/\/i1.wp.com\/www.presstourism.ch\/wp-content\/uploads\/2025\/01\/image-3.png?resize=584%2C389\" alt=\"\" class=\"wp-image-9643\" srcset=\"https:\/\/i1.wp.com\/www.presstourism.ch\/wp-content\/uploads\/2025\/01\/image-3.png?w=906 906w, https:\/\/i1.wp.com\/www.presstourism.ch\/wp-content\/uploads\/2025\/01\/image-3.png?resize=300%2C200 300w, https:\/\/i1.wp.com\/www.presstourism.ch\/wp-content\/uploads\/2025\/01\/image-3.png?resize=768%2C512 768w, https:\/\/i1.wp.com\/www.presstourism.ch\/wp-content\/uploads\/2025\/01\/image-3.png?resize=600%2C400 600w, https:\/\/i1.wp.com\/www.presstourism.ch\/wp-content\/uploads\/2025\/01\/image-3.png?resize=450%2C300 450w\" sizes=\"(max-width: 584px) 100vw, 584px\" data-recalc-dims=\"1\" \/><\/a><figcaption>Les Valkyries, l\u2019une de ses \u0153uvres monumentales \u00a9 ArtisTree, Taikoo Place, Swire Properties 2024<\/figcaption><\/figure>\n\n\n\n<p><strong>Comprendre les \u0153uvres d\u2019art&nbsp;<\/strong><\/p>\n\n\n\n<p>C\u2019est l\u2019un des nombreuses missions de&nbsp;<strong>L\u2019Institut royal du Patrimoine artistique (IRPA)<\/strong>, de Bruxelles. Il sera pr\u00e9sent \u00e0 cette 70<sup>e<\/sup>&nbsp;\u00e9dition. De fait, cet institut joue un r\u00f4le pionnier dans l\u2019\u00e9tude, la pr\u00e9servation et la restauration d\u2019une grande diversit\u00e9 d\u2019objets patrimoniaux. Ce fameux institut fait aussi des analyses scientifiques des \u0153uvres d\u2019art. <\/p>\n\n\n\n<p>Depuis sa cr\u00e9ation en 1948, l\u2019IRPA joue un r\u00f4le pionnier dans cette pr\u00e9servation d\u2019\u0153uvres d\u2019art. Une \u00e9quipe pluridisciplinaire de conservateurs-restaurateurs, chimistes, ing\u00e9nieurs, sp\u00e9cialistes de l&rsquo;imagerie, photographes et historiens de l&rsquo;art y travaillent ensemble.<\/p>\n\n\n\n<p>L\u2019IRPA pr\u00e9sentera ses diff\u00e9rentes missions et offrira aux visiteurs un aper\u00e7u des techniques modernes utilis\u00e9es pour pr\u00e9server et comprendre les artistes.&nbsp;<\/p>\n\n\n\n<figure class=\"wp-block-image size-large\"><a href=\"https:\/\/i0.wp.com\/www.presstourism.ch\/wp-content\/uploads\/2025\/01\/IMG_4736-scaled.jpg\"><img loading=\"lazy\" width=\"584\" height=\"438\" src=\"https:\/\/i0.wp.com\/www.presstourism.ch\/wp-content\/uploads\/2025\/01\/IMG_4736.jpg?resize=584%2C438\" alt=\"\" class=\"wp-image-9646\" srcset=\"https:\/\/i0.wp.com\/www.presstourism.ch\/wp-content\/uploads\/2025\/01\/IMG_4736-scaled.jpg?resize=1024%2C768 1024w, https:\/\/i0.wp.com\/www.presstourism.ch\/wp-content\/uploads\/2025\/01\/IMG_4736-scaled.jpg?resize=300%2C225 300w, https:\/\/i0.wp.com\/www.presstourism.ch\/wp-content\/uploads\/2025\/01\/IMG_4736-scaled.jpg?resize=768%2C576 768w, https:\/\/i0.wp.com\/www.presstourism.ch\/wp-content\/uploads\/2025\/01\/IMG_4736-scaled.jpg?resize=600%2C450 600w, https:\/\/i0.wp.com\/www.presstourism.ch\/wp-content\/uploads\/2025\/01\/IMG_4736-scaled.jpg?resize=1536%2C1152 1536w, https:\/\/i0.wp.com\/www.presstourism.ch\/wp-content\/uploads\/2025\/01\/IMG_4736-scaled.jpg?resize=2048%2C1536 2048w, https:\/\/i0.wp.com\/www.presstourism.ch\/wp-content\/uploads\/2025\/01\/IMG_4736-scaled.jpg?resize=400%2C300 400w, https:\/\/i0.wp.com\/www.presstourism.ch\/wp-content\/uploads\/2025\/01\/IMG_4736-scaled.jpg?resize=1320%2C990 1320w, https:\/\/i0.wp.com\/www.presstourism.ch\/wp-content\/uploads\/2025\/01\/IMG_4736-scaled.jpg?w=1168 1168w, https:\/\/i0.wp.com\/www.presstourism.ch\/wp-content\/uploads\/2025\/01\/IMG_4736-scaled.jpg?w=1752 1752w\" sizes=\"(max-width: 584px) 100vw, 584px\" data-recalc-dims=\"1\" \/><\/a><figcaption>Une artiste scientifique travaille sur une \u0153uvre de Rubens \u00a9Roger Juillerat<\/figcaption><\/figure>\n\n\n\n<p><strong>Les symboles myst\u00e9rieux de Joan Mir\u00f3<\/strong><\/p>\n\n\n\n<p>Les tableaux et sculptures de Joan Mir\u00f3 sont comme des fen\u00eatres ouvertes sur des mondes fantastiques, peupl\u00e9s de formes biomorphiques, de lignes sinueuses et de couleurs \u00e9clatantes. Ses \u0153uvres, c\u00e9l\u00e8bres pour leurs symboles \u00e9nigmatiques et leur style surr\u00e9aliste distinctif, plongent le spectateur dans un univers \u00e0 la fois onirique et po\u00e9tique. Les symboles dans les cr\u00e9ations de Mir\u00f3 sont aussi vari\u00e9s que fascinants. Les \u00e9toiles scintillantes, les lunes myst\u00e9rieuses, les oiseaux gracieux et les figures f\u00e9minines r\u00e9currentes \u00e9voquent des th\u00e8mes de r\u00eave, de nature et de f\u00e9minit\u00e9. Prenons par exemple \u201cLe Carnaval d\u2019Arlequin\u201d (1924-1925). Ce tableau est un v\u00e9ritable tourbillon de figures fantastiques et de cr\u00e9atures imaginaires, cr\u00e9ant une sc\u00e8ne joyeuse et chaotique qui semble tout droit sortie d\u2019un r\u00eave. Les personnages dansent et virevoltent dans un ballet color\u00e9, transportant le spectateur dans un monde o\u00f9 l\u2019imagination r\u00e8gne en ma\u00eetre.<\/p>\n\n\n\n<figure class=\"wp-block-image size-full\"><a href=\"https:\/\/i2.wp.com\/www.presstourism.ch\/wp-content\/uploads\/2025\/01\/image-5.png\"><img loading=\"lazy\" width=\"584\" height=\"404\" src=\"https:\/\/i2.wp.com\/www.presstourism.ch\/wp-content\/uploads\/2025\/01\/image-5.png?resize=584%2C404\" alt=\"\" class=\"wp-image-9648\" srcset=\"https:\/\/i2.wp.com\/www.presstourism.ch\/wp-content\/uploads\/2025\/01\/image-5.png?w=906 906w, https:\/\/i2.wp.com\/www.presstourism.ch\/wp-content\/uploads\/2025\/01\/image-5.png?resize=300%2C207 300w, https:\/\/i2.wp.com\/www.presstourism.ch\/wp-content\/uploads\/2025\/01\/image-5.png?resize=768%2C531 768w, https:\/\/i2.wp.com\/www.presstourism.ch\/wp-content\/uploads\/2025\/01\/image-5.png?resize=600%2C415 600w, https:\/\/i2.wp.com\/www.presstourism.ch\/wp-content\/uploads\/2025\/01\/image-5.png?resize=434%2C300 434w\" sizes=\"(max-width: 584px) 100vw, 584px\" data-recalc-dims=\"1\" \/><\/a><figcaption>Le Carnaval d\u2019Arlequin&nbsp;de Joan Mir\u00f3 \u00a9DR<\/figcaption><\/figure>\n\n\n\n<p>Lors d\u2019une des nombreuses conf\u00e9rences qui animeront la foire,&nbsp;<strong>Brigitte Bloksma<\/strong>, directrice et conservatrice du mus\u00e9e Belden an Zee, \u00e0 La Haye (Pays-Bas), apportera un \u00e9clairage pr\u00e9cieux sur le processus de cr\u00e9ation ainsi que sur les inspirations qui ont&nbsp;nourri le travail du c\u00e9l\u00e8bre artiste Joan Mir\u00f3. Son approche innovante, qui m\u00eale diff\u00e9rents mat\u00e9riaux et techniques, refl\u00e8te sa qu\u00eate incessante d&rsquo;exp\u00e9rimentation. Les visiteurs auront&nbsp;ainsi l&rsquo;opportunit\u00e9 de mieux comprendre comment Mir\u00f3 a su transcender les fronti\u00e8res artistiques pour cr\u00e9er un langage visuel unique, peupl\u00e9 de symboles et de&nbsp;signes \u00e9nigmatiques. Cette exposition a la particularit\u00e9 de mettre en lumi\u00e8re ses sculptures, donc une facette moins connue de son \u0153uvre, domin\u00e9e par la peinture.<\/p>\n\n\n\n<p>La BRAFA, est donc bien une fabuleuse occasion de voyager \u00e0 travers le temps et les cultures. De l\u2019arch\u00e9ologie grecque et romaine aux cr\u00e9ations contemporaines les plus avant-gardistes, en passant par des sculptures de l\u2019Afrique subsaharienne, chaque galerie apporte sa vision unique et ses tr\u00e9sors.<\/p>\n\n\n\n<p><strong>L\u2019art dans la rue avec la BD \u00e0 Bruxelles&nbsp;&nbsp;<\/strong><\/p>\n\n\n\n<p>Dans plusieurs de ses rues, la Ville de Bruxelles c\u00e9l\u00e8bre la bande dessin\u00e9e. D\u2019ailleurs, ne fait-elle pas partie int\u00e9grante de la culture belge&nbsp;?&nbsp;\u00ab<strong>&nbsp;Le Parcours BD<\/strong>&nbsp;\u00bb est une initiative qui&nbsp;permet aux habitants et aux visiteurs de d\u00e9couvrir des fresques murales repr\u00e9sentant des personnages embl\u00e9matiques de la bande dessin\u00e9e franco-belge, tels que Tintin,&nbsp;Spirou, Gaston Lagaffe, les Marsupilami et bien d&rsquo;autres.&nbsp;Ces \u0153uvres d&rsquo;art en plein air non seulement embellissent la ville, mais elles rendent \u00e9galement hommage \u00e0 des auteurs et des artistes&nbsp;qui ont marqu\u00e9 l&rsquo;histoire de la bande dessin\u00e9e.<\/p>\n\n\n\n<figure class=\"wp-block-image size-large\"><a href=\"https:\/\/i2.wp.com\/www.presstourism.ch\/wp-content\/uploads\/2025\/01\/IMG_4797.jpg\"><img loading=\"lazy\" width=\"584\" height=\"748\" src=\"https:\/\/i2.wp.com\/www.presstourism.ch\/wp-content\/uploads\/2025\/01\/IMG_4797.jpg?resize=584%2C748\" alt=\"\" class=\"wp-image-9651\" srcset=\"https:\/\/i2.wp.com\/www.presstourism.ch\/wp-content\/uploads\/2025\/01\/IMG_4797.jpg?resize=799%2C1024 799w, https:\/\/i2.wp.com\/www.presstourism.ch\/wp-content\/uploads\/2025\/01\/IMG_4797.jpg?resize=234%2C300 234w, https:\/\/i2.wp.com\/www.presstourism.ch\/wp-content\/uploads\/2025\/01\/IMG_4797.jpg?resize=768%2C984 768w, https:\/\/i2.wp.com\/www.presstourism.ch\/wp-content\/uploads\/2025\/01\/IMG_4797.jpg?resize=600%2C769 600w, https:\/\/i2.wp.com\/www.presstourism.ch\/wp-content\/uploads\/2025\/01\/IMG_4797.jpg?resize=1199%2C1536 1199w, https:\/\/i2.wp.com\/www.presstourism.ch\/wp-content\/uploads\/2025\/01\/IMG_4797.jpg?resize=1320%2C1691 1320w, https:\/\/i2.wp.com\/www.presstourism.ch\/wp-content\/uploads\/2025\/01\/IMG_4797.jpg?w=1559 1559w\" sizes=\"(max-width: 584px) 100vw, 584px\" data-recalc-dims=\"1\" \/><\/a><figcaption>Tintin, Milou et le capitaine, vedettes du parcours BD.\u00a9Roger Juillerat<\/figcaption><\/figure>\n\n\n\n<figure class=\"wp-block-image size-large\"><a href=\"https:\/\/i0.wp.com\/www.presstourism.ch\/wp-content\/uploads\/2025\/01\/IMG_4821.jpg\"><img loading=\"lazy\" width=\"584\" height=\"779\" src=\"https:\/\/i0.wp.com\/www.presstourism.ch\/wp-content\/uploads\/2025\/01\/IMG_4821.jpg?resize=584%2C779\" alt=\"\" class=\"wp-image-9652\" srcset=\"https:\/\/i0.wp.com\/www.presstourism.ch\/wp-content\/uploads\/2025\/01\/IMG_4821.jpg?resize=768%2C1024 768w, https:\/\/i0.wp.com\/www.presstourism.ch\/wp-content\/uploads\/2025\/01\/IMG_4821.jpg?resize=225%2C300 225w, https:\/\/i0.wp.com\/www.presstourism.ch\/wp-content\/uploads\/2025\/01\/IMG_4821.jpg?resize=600%2C800 600w, https:\/\/i0.wp.com\/www.presstourism.ch\/wp-content\/uploads\/2025\/01\/IMG_4821.jpg?resize=1152%2C1536 1152w, https:\/\/i0.wp.com\/www.presstourism.ch\/wp-content\/uploads\/2025\/01\/IMG_4821.jpg?resize=1536%2C2048 1536w, https:\/\/i0.wp.com\/www.presstourism.ch\/wp-content\/uploads\/2025\/01\/IMG_4821.jpg?resize=1320%2C1760 1320w, https:\/\/i0.wp.com\/www.presstourism.ch\/wp-content\/uploads\/2025\/01\/IMG_4821.jpg?w=1890 1890w, https:\/\/i0.wp.com\/www.presstourism.ch\/wp-content\/uploads\/2025\/01\/IMG_4821.jpg?w=1752 1752w\" sizes=\"(max-width: 584px) 100vw, 584px\" data-recalc-dims=\"1\" \/><\/a><figcaption>Broussaille, du dessinateur Frank P\u00e9. \u00a9Roger Juillerat<\/figcaption><\/figure>\n\n\n\n<p><strong>Un mus\u00e9e \u00e0 ciel ouvert&nbsp;<\/strong><\/p>\n\n\n\n<p>A l\u2019instar du parcours BD, la Ville de Bruxelles a d\u00e9cid\u00e9 de cr\u00e9er un&nbsp;\u00ab<strong>Parcours Street Art\u00bb<\/strong>. Il s\u2019agit-l\u00e0 de promouvoir la cr\u00e9ation de fresques urbaines. La municipalit\u00e9 de Bruxelles a ainsi con\u00e7u un site dans lequel il y a une carte qui marque l\u2019emplacement des \u0153uvres sur l\u2019ensemble du parcours. \u00ab&nbsp;Quand tu cliques sur un emplacement, tu vois une photo de l\u2019\u0153uvre et un texte explicatif&nbsp;\u00bb, dit la carte. Le site&nbsp;<strong>Parcours Street Art<\/strong>&nbsp;est aussi un bon moyen pour d\u00e9couvrir l\u2019auteur derri\u00e8re son \u0153uvre.&nbsp;<\/p>\n\n\n\n<figure class=\"wp-block-image size-large\"><a href=\"https:\/\/i1.wp.com\/www.presstourism.ch\/wp-content\/uploads\/2025\/01\/IMG_4912.jpg\"><img loading=\"lazy\" width=\"584\" height=\"729\" src=\"https:\/\/i1.wp.com\/www.presstourism.ch\/wp-content\/uploads\/2025\/01\/IMG_4912.jpg?resize=584%2C729\" alt=\"\" class=\"wp-image-9653\" srcset=\"https:\/\/i1.wp.com\/www.presstourism.ch\/wp-content\/uploads\/2025\/01\/IMG_4912.jpg?resize=820%2C1024 820w, https:\/\/i1.wp.com\/www.presstourism.ch\/wp-content\/uploads\/2025\/01\/IMG_4912.jpg?resize=240%2C300 240w, https:\/\/i1.wp.com\/www.presstourism.ch\/wp-content\/uploads\/2025\/01\/IMG_4912.jpg?resize=768%2C959 768w, https:\/\/i1.wp.com\/www.presstourism.ch\/wp-content\/uploads\/2025\/01\/IMG_4912.jpg?resize=600%2C750 600w, https:\/\/i1.wp.com\/www.presstourism.ch\/wp-content\/uploads\/2025\/01\/IMG_4912.jpg?resize=1229%2C1536 1229w, https:\/\/i1.wp.com\/www.presstourism.ch\/wp-content\/uploads\/2025\/01\/IMG_4912.jpg?resize=1639%2C2048 1639w, https:\/\/i1.wp.com\/www.presstourism.ch\/wp-content\/uploads\/2025\/01\/IMG_4912.jpg?resize=1320%2C1649 1320w, https:\/\/i1.wp.com\/www.presstourism.ch\/wp-content\/uploads\/2025\/01\/IMG_4912.jpg?w=1889 1889w, https:\/\/i1.wp.com\/www.presstourism.ch\/wp-content\/uploads\/2025\/01\/IMG_4912.jpg?w=1168 1168w, https:\/\/i1.wp.com\/www.presstourism.ch\/wp-content\/uploads\/2025\/01\/IMG_4912.jpg?w=1752 1752w\" sizes=\"(max-width: 584px) 100vw, 584px\" data-recalc-dims=\"1\" \/><\/a><figcaption>Une \u0153uvre murale d\u2019Alexandre Farto, alias Vhils. \u00a9Roger Juillerat<\/figcaption><\/figure>\n\n\n\n<p>Pour en savoir davantage: www.brafa.art ET www.visit.brussels\/fr\/visiteurs<\/p>\n","protected":false},"excerpt":{"rendered":"<p>Par Roger Juillerat La BRAFA (Brussels Art Fair) est l&rsquo;une des foires d&rsquo;art les plus prestigieuses et les plus anciennes d&rsquo;Europe. Elle se d\u00e9roule \u00e0 Bruxelles. Sa 70\u00e8me&nbsp;\u00e9dition aura lieu du 26 janvier au 2 f\u00e9vrier 2025. Fond\u00e9e en 1956, &hellip; <a href=\"http:\/\/www.presstourism.ch\/?page_id=9636\">Continuer la lecture <span class=\"meta-nav\">&rarr;<\/span><\/a><\/p>\n","protected":false},"author":1769,"featured_media":0,"parent":0,"menu_order":0,"comment_status":"closed","ping_status":"closed","template":"","meta":{"ngg_post_thumbnail":0,"spay_email":""},"jetpack_sharing_enabled":true,"jetpack_shortlink":"https:\/\/wp.me\/P468TV-2vq","_links":{"self":[{"href":"http:\/\/www.presstourism.ch\/index.php?rest_route=\/wp\/v2\/pages\/9636"}],"collection":[{"href":"http:\/\/www.presstourism.ch\/index.php?rest_route=\/wp\/v2\/pages"}],"about":[{"href":"http:\/\/www.presstourism.ch\/index.php?rest_route=\/wp\/v2\/types\/page"}],"author":[{"embeddable":true,"href":"http:\/\/www.presstourism.ch\/index.php?rest_route=\/wp\/v2\/users\/1769"}],"replies":[{"embeddable":true,"href":"http:\/\/www.presstourism.ch\/index.php?rest_route=%2Fwp%2Fv2%2Fcomments&post=9636"}],"version-history":[{"count":11,"href":"http:\/\/www.presstourism.ch\/index.php?rest_route=\/wp\/v2\/pages\/9636\/revisions"}],"predecessor-version":[{"id":9699,"href":"http:\/\/www.presstourism.ch\/index.php?rest_route=\/wp\/v2\/pages\/9636\/revisions\/9699"}],"wp:attachment":[{"href":"http:\/\/www.presstourism.ch\/index.php?rest_route=%2Fwp%2Fv2%2Fmedia&parent=9636"}],"curies":[{"name":"wp","href":"https:\/\/api.w.org\/{rel}","templated":true}]}}