{"id":9622,"date":"2024-12-14T19:07:27","date_gmt":"2024-12-14T18:07:27","guid":{"rendered":"http:\/\/www.presstourism.ch\/?page_id=9622"},"modified":"2025-01-05T10:24:46","modified_gmt":"2025-01-05T09:24:46","slug":"paysages-splendides-et-tresors-caches","status":"publish","type":"page","link":"http:\/\/www.presstourism.ch\/?page_id=9622","title":{"rendered":"Paysages splendides et tr\u00e9sors cach\u00e9s"},"content":{"rendered":"\n<p>Roger Juillerat<\/p>\n\n\n\n<p>D\u00e9couvrez \u00ab<strong>&nbsp;\u00c9chapp\u00e9es Belles<\/strong>\u00bb et laissez-vous transporter dans un monde o\u00f9 la nature d\u00e9voile toute sa magnificence. Plus qu\u2019un simple guide, ce livre est une v\u00e9ritable invitation \u00e0 l\u2019aventure et \u00e0 la d\u00e9couverte des tr\u00e9sors cach\u00e9s de la Suisse.&nbsp;Plongez dans l\u2019univers enchanteur de&nbsp;<strong>Fabrice Chapuis<\/strong>, o\u00f9 chaque clich\u00e9 raconte une histoire unique. Ses photographies, v\u00e9ritables symphonies visuelles, capturent l\u2019\u00e2me des paysages suisses : des sommets enneig\u00e9s majestueux aux lacs d\u2019un bleu saphir \u00e9tincelant, en passant par des cascades magiques o\u00f9 na\u00efades et nymphes invisibles pour la plupart d\u2019entre nous s\u2019en donnent \u00e0 c\u0153ur joie.&nbsp;<\/p>\n\n\n\n<div class=\"wp-block-image\"><figure class=\"aligncenter size-full\"><a href=\"https:\/\/i2.wp.com\/www.presstourism.ch\/wp-content\/uploads\/2024\/12\/Bildschirmfoto-2024-12-14-um-18.41.03.png\"><img loading=\"lazy\" width=\"584\" height=\"387\" src=\"https:\/\/i2.wp.com\/www.presstourism.ch\/wp-content\/uploads\/2024\/12\/Bildschirmfoto-2024-12-14-um-18.41.03.png?resize=584%2C387\" alt=\"\" class=\"wp-image-9623\" srcset=\"https:\/\/i2.wp.com\/www.presstourism.ch\/wp-content\/uploads\/2024\/12\/Bildschirmfoto-2024-12-14-um-18.41.03.png?w=848 848w, https:\/\/i2.wp.com\/www.presstourism.ch\/wp-content\/uploads\/2024\/12\/Bildschirmfoto-2024-12-14-um-18.41.03.png?resize=300%2C199 300w, https:\/\/i2.wp.com\/www.presstourism.ch\/wp-content\/uploads\/2024\/12\/Bildschirmfoto-2024-12-14-um-18.41.03.png?resize=768%2C509 768w, https:\/\/i2.wp.com\/www.presstourism.ch\/wp-content\/uploads\/2024\/12\/Bildschirmfoto-2024-12-14-um-18.41.03.png?resize=600%2C398 600w, https:\/\/i2.wp.com\/www.presstourism.ch\/wp-content\/uploads\/2024\/12\/Bildschirmfoto-2024-12-14-um-18.41.03.png?resize=453%2C300 453w\" sizes=\"(max-width: 584px) 100vw, 584px\" data-recalc-dims=\"1\" \/><\/a><\/figure><\/div>\n\n\n\n<p>Chaque image \u00e9voque une \u00e9motion et nous transporte dans des moments de pure contemplation. Les mots de&nbsp;<strong>Jo\u00eblle Chautems<\/strong>&nbsp;compl\u00e8tent \u00e0 ravir cette exp\u00e9rience visuelle. Avec une sensibilit\u00e9 touchante, elle nous guide \u00e0 travers les r\u00e9cits et les l\u00e9gendes qui entourent chaque destination. Ses r\u00e9flexions sur la nature et l&rsquo;importance de se reconnecter \u00e0 notre environnement ajoutent une dimension spirituelle \u00e0 ce voyage exceptionnel.<br><strong>Lieux \u00e0 explorer<\/strong><br>Ce livre recense une trentaine de lieux incontournables \u00e0 travers la Suisse, chacun offrant une exp\u00e9rience unique. Que vous soyez amateur de randonn\u00e9e, passionn\u00e9 de photographie&nbsp;ou simplement en qu\u00eate de tranquillit\u00e9, vous trouverez des recommandations pratiques pour vous y rendre. On y trouve des conseils sur les meilleures p\u00e9riodes \u00e0 visiter, des&nbsp;itin\u00e9raires de randonn\u00e9e et des astuces pour profiter pleinement de chaque site.<br>\u00ab\u00c9chapp\u00e9es Suisses\u00bb n&rsquo;est pas seulement un guide, c&rsquo;est un appel \u00e0 l&rsquo;aventure&nbsp;! Il vous encourage \u00e0 sortir des sentiers battus, \u00e0 explorer et \u00e0 cr\u00e9er vos propres&nbsp;souvenirs. Que ce soit en solo, en couple ou en famille, chaque page vous incite \u00e0 vivre des moments inoubliables au c\u0153ur de la nature. Avec ce livre, pr\u00e9parez-vous \u00e0 vivre une exp\u00e9rience immersive qui \u00e9veillera vos sens et nourrira votre \u00e2me. Laissez-vous porter par la beaut\u00e9 des paysages,&nbsp;les mots inspirants et l&rsquo;\u00e9nergie vibrante de la Suisse. C&rsquo;est une \u00e9chapp\u00e9e belle qui vous attend, pr\u00eate \u00e0 \u00eatre d\u00e9couverte.<\/p>\n\n\n\n<p><em>Echapp\u00e9es Belles, photos de&nbsp;<strong>Fabrice Chapuis<\/strong>&nbsp;et textes de&nbsp;<strong>Jo\u00eblle Chautems<\/strong>,&nbsp;<strong>Editions Favre<\/strong>&nbsp;<strong>SA<\/strong>, rue de Bourg 29, 1003&nbsp;<strong>Lausanne<\/strong>,&nbsp;<\/em><a href=\"http:\/\/www.editionsfavre.com\/\"><em>www.editionsfavre.com<\/em><\/a><\/p>\n\n\n\n<p><\/p>\n\n\n\n<p><strong>La Terre Suisse<\/strong><\/p>\n\n\n\n<p>En ouvrant le livre, on trouve dans les premi\u00e8res pages cette jolie description sur le th\u00e8me de Message de la Terre Suisse :&nbsp;<\/p>\n\n\n\n<p>\u00ab&nbsp;<em>Ch\u00e8re visiteuse, cher visiteur, tu trouveras, en explorant les courbes de ma Terre, des lieux magiques et inspirants. Je suis riche de tant d&rsquo;histoires, de tant de m\u00e9moires et de souvenirs. Chacune de mes parcelles de terrain est l&rsquo;\u00e9crin d&rsquo;un joyau inestimable. Ce tr\u00e9sor est \u00e0 la port\u00e9e de qui sait le voir, l&rsquo;entendre, l&rsquo;\u00e9couter, le sentir et le go\u00fbter. Il est \u00e0 la port\u00e9e de toutes les mains, et se dissimule dans les recoins les plus simples. Si tu sais prendre le temps, tu sauras le trouver. Les lieux que Fabrice et Jo\u00eblle te pr\u00e9sentent ici sont des destinations o\u00f9 trouver ce tr\u00e9sor sera peut-\u00eatre plus ais\u00e9.&nbsp;\u00bb<\/em><\/p>\n\n\n\n<p><\/p>\n\n\n\n<p><strong>A propos des auteurs<\/strong><\/p>\n\n\n\n<p>Photographe et artiste originaire du Jura,&nbsp;<strong>Fabrice Chapuis<\/strong>&nbsp;immortalise la richesse des paysages suisses avec passion. Il r\u00e9side \u00e0 Neuch\u00e2tel, d&rsquo;o\u00f9 il arpente le pays pour capturer des moments uniques dans les plus beaux \u00e9crins naturels (voir son site&nbsp;<a href=\"http:\/\/www.fabricechapuis.com\">www.fabricechapuis.com<\/a>)<\/p>\n\n\n\n<p>G\u00e9obiologue et herboriste de renom, Jo\u00eblle Chautems,&nbsp;<strong>elle<\/strong>, est l&rsquo;auteure de plusieurs best-sellers, dont le&nbsp;\u2018<strong>Guide des lieux enchant\u00e9s de Suisse romande\u2019<\/strong>. Elle vit pr\u00e8s de Neuch\u00e2tel et partage son amour de la nature et des mondes subtils avec ses lecteurs. (voir son site&nbsp;<a href=\"http:\/\/www.joellechautemps.ch\">www.joellechautemps.ch<\/a>)<\/p>\n","protected":false},"excerpt":{"rendered":"<p>Roger Juillerat D\u00e9couvrez \u00ab&nbsp;\u00c9chapp\u00e9es Belles\u00bb et laissez-vous transporter dans un monde o\u00f9 la nature d\u00e9voile toute sa magnificence. Plus qu\u2019un simple guide, ce livre est une v\u00e9ritable invitation \u00e0 l\u2019aventure et \u00e0 la d\u00e9couverte des tr\u00e9sors cach\u00e9s de la Suisse.&nbsp;Plongez &hellip; <a href=\"http:\/\/www.presstourism.ch\/?page_id=9622\">Continuer la lecture <span class=\"meta-nav\">&rarr;<\/span><\/a><\/p>\n","protected":false},"author":1540,"featured_media":0,"parent":0,"menu_order":0,"comment_status":"closed","ping_status":"closed","template":"","meta":{"ngg_post_thumbnail":0,"spay_email":""},"jetpack_sharing_enabled":true,"jetpack_shortlink":"https:\/\/wp.me\/P468TV-2vc","_links":{"self":[{"href":"http:\/\/www.presstourism.ch\/index.php?rest_route=\/wp\/v2\/pages\/9622"}],"collection":[{"href":"http:\/\/www.presstourism.ch\/index.php?rest_route=\/wp\/v2\/pages"}],"about":[{"href":"http:\/\/www.presstourism.ch\/index.php?rest_route=\/wp\/v2\/types\/page"}],"author":[{"embeddable":true,"href":"http:\/\/www.presstourism.ch\/index.php?rest_route=\/wp\/v2\/users\/1540"}],"replies":[{"embeddable":true,"href":"http:\/\/www.presstourism.ch\/index.php?rest_route=%2Fwp%2Fv2%2Fcomments&post=9622"}],"version-history":[{"count":2,"href":"http:\/\/www.presstourism.ch\/index.php?rest_route=\/wp\/v2\/pages\/9622\/revisions"}],"predecessor-version":[{"id":9628,"href":"http:\/\/www.presstourism.ch\/index.php?rest_route=\/wp\/v2\/pages\/9622\/revisions\/9628"}],"wp:attachment":[{"href":"http:\/\/www.presstourism.ch\/index.php?rest_route=%2Fwp%2Fv2%2Fmedia&parent=9622"}],"curies":[{"name":"wp","href":"https:\/\/api.w.org\/{rel}","templated":true}]}}