{"id":958,"date":"2014-07-20T13:50:30","date_gmt":"2014-07-20T12:50:30","guid":{"rendered":"http:\/\/www.presstourism.ch\/WP_ALEX\/?page_id=958"},"modified":"2014-07-20T14:39:41","modified_gmt":"2014-07-20T13:39:41","slug":"incursion-au-pays-des-kasbahs","status":"publish","type":"page","link":"http:\/\/www.presstourism.ch\/?page_id=958","title":{"rendered":"Incursion au pays des kasbahs&#8230;"},"content":{"rendered":"<p><strong><a href=\"https:\/\/i1.wp.com\/www.presstourism.ch\/WP_ALEX\/wp-content\/uploads\/2014\/07\/Maroc_0008.jpg\"><img loading=\"lazy\" class=\"size-medium wp-image-959 aligncenter\" src=\"https:\/\/i0.wp.com\/www.presstourism.ch\/WP_ALEX\/wp-content\/uploads\/2014\/07\/Maroc_0008-223x300.jpg?resize=223%2C300\" alt=\"Maroc_0008\" width=\"223\" height=\"300\" srcset=\"https:\/\/i0.wp.com\/www.presstourism.ch\/wp-content\/uploads\/2014\/07\/Maroc_0008.jpg?resize=223%2C300 223w, https:\/\/i0.wp.com\/www.presstourism.ch\/wp-content\/uploads\/2014\/07\/Maroc_0008.jpg?resize=763%2C1024 763w, https:\/\/i0.wp.com\/www.presstourism.ch\/wp-content\/uploads\/2014\/07\/Maroc_0008.jpg?resize=600%2C805 600w, https:\/\/i0.wp.com\/www.presstourism.ch\/wp-content\/uploads\/2014\/07\/Maroc_0008.jpg?w=854 854w\" sizes=\"(max-width: 223px) 100vw, 223px\" data-recalc-dims=\"1\" \/><\/a> <\/strong>Entre les superbes paysages du Haut Atlas et les premi\u00e8res dunes du Sahara, des tr\u00e9sors d\u2019architecture et des traditions bien vivantes, la r\u00e9gion de Ouarzazate ouvre un large \u00e9ventail de d\u00e9couvertes&#8230;<\/p>\n<p><strong><a href=\"http:\/\/www.presstourism.ch\/WP_ALEX\/wp-content\/uploads\/2014\/07\/Mermoud-Maroc.pdf\">Lire la suite&#8230;<\/a><\/strong><\/p>\n<p>&nbsp;<\/p>\n","protected":false},"excerpt":{"rendered":"<p>Entre les superbes paysages du Haut Atlas et les premi\u00e8res dunes du Sahara, des tr\u00e9sors d\u2019architecture et des traditions bien vivantes, la r\u00e9gion de Ouarzazate ouvre un large \u00e9ventail de d\u00e9couvertes&#8230; Lire la suite&#8230; &nbsp;<\/p>\n","protected":false},"author":1,"featured_media":0,"parent":315,"menu_order":0,"comment_status":"open","ping_status":"open","template":"","meta":{"ngg_post_thumbnail":0,"spay_email":""},"jetpack_sharing_enabled":true,"jetpack_shortlink":"https:\/\/wp.me\/P468TV-fs","_links":{"self":[{"href":"http:\/\/www.presstourism.ch\/index.php?rest_route=\/wp\/v2\/pages\/958"}],"collection":[{"href":"http:\/\/www.presstourism.ch\/index.php?rest_route=\/wp\/v2\/pages"}],"about":[{"href":"http:\/\/www.presstourism.ch\/index.php?rest_route=\/wp\/v2\/types\/page"}],"author":[{"embeddable":true,"href":"http:\/\/www.presstourism.ch\/index.php?rest_route=\/wp\/v2\/users\/1"}],"replies":[{"embeddable":true,"href":"http:\/\/www.presstourism.ch\/index.php?rest_route=%2Fwp%2Fv2%2Fcomments&post=958"}],"version-history":[{"count":4,"href":"http:\/\/www.presstourism.ch\/index.php?rest_route=\/wp\/v2\/pages\/958\/revisions"}],"predecessor-version":[{"id":972,"href":"http:\/\/www.presstourism.ch\/index.php?rest_route=\/wp\/v2\/pages\/958\/revisions\/972"}],"up":[{"embeddable":true,"href":"http:\/\/www.presstourism.ch\/index.php?rest_route=\/wp\/v2\/pages\/315"}],"wp:attachment":[{"href":"http:\/\/www.presstourism.ch\/index.php?rest_route=%2Fwp%2Fv2%2Fmedia&parent=958"}],"curies":[{"name":"wp","href":"https:\/\/api.w.org\/{rel}","templated":true}]}}