{"id":943,"date":"2014-07-15T16:07:36","date_gmt":"2014-07-15T15:07:36","guid":{"rendered":"http:\/\/www.presstourism.ch\/WP_ALEX\/?page_id=943"},"modified":"2014-07-20T15:02:09","modified_gmt":"2014-07-20T14:02:09","slug":"croatie-nouvelle-toscane","status":"publish","type":"page","link":"http:\/\/www.presstourism.ch\/?page_id=943","title":{"rendered":"Croatie, nouvelle Toscane"},"content":{"rendered":"<p style=\"text-align: center;\">\u200b<a href=\"https:\/\/i2.wp.com\/www.presstourism.ch\/WP_ALEX\/wp-content\/uploads\/2014\/07\/Rovinj-1_redimensionner.jpg\"><img loading=\"lazy\" class=\"alignnone size-medium wp-image-991\" src=\"https:\/\/i0.wp.com\/www.presstourism.ch\/WP_ALEX\/wp-content\/uploads\/2014\/07\/Rovinj-1_redimensionner-300x225.jpg?resize=300%2C225\" alt=\"Rovinj-1_redimensionner\" width=\"300\" height=\"225\" srcset=\"https:\/\/i1.wp.com\/www.presstourism.ch\/wp-content\/uploads\/2014\/07\/Rovinj-1_redimensionner.jpg?resize=300%2C225 300w, https:\/\/i1.wp.com\/www.presstourism.ch\/wp-content\/uploads\/2014\/07\/Rovinj-1_redimensionner.jpg?resize=1024%2C768 1024w, https:\/\/i1.wp.com\/www.presstourism.ch\/wp-content\/uploads\/2014\/07\/Rovinj-1_redimensionner.jpg?resize=600%2C450 600w, https:\/\/i1.wp.com\/www.presstourism.ch\/wp-content\/uploads\/2014\/07\/Rovinj-1_redimensionner.jpg?w=1037 1037w\" sizes=\"(max-width: 300px) 100vw, 300px\" data-recalc-dims=\"1\" \/><\/a><\/p>\n<p>La Croatie ne perd pas le Nord et met en valeur l&rsquo;Istrie !<\/p>\n<p>Au Nord de la Croatie s&rsquo;\u00e9rige la plus grande p\u00e9ninsule du pays, l\u2019Istrie, envelopp\u00e9e d&rsquo;une mer pure et cristalline. Ses c\u00f4tes sont bord\u00e9es de villes m\u00e9di\u00e9vales perch\u00e9es sur les collines. Pittoresques, elles dominent les vignobles et les for\u00eats d&rsquo;oliviers. \u00a0L&rsquo;int\u00e9rieur r\u00e9serve un oasis de verdure o\u00f9 se c\u00f4toient de multiples lieux culturels et historiques.<\/p>\n<p>Les couleurs de l\u2019Istrie.<\/p>\n<p>La p\u00e9ninsule forme un large triangle, appartenant en grande partie \u00e0 la Croatie. La Slov\u00e9nie d\u00e9tient l\u2019extr\u00e9mit\u00e9 ouest seulement. Le massif de la Cicarija et ses plateaux calcaires d\u00e9limitent la partie montagneuse du Nord qui est reli\u00e9e \u00e0 une cha\u00eene calcaire, la Dinara. Les espaces rocailleux aux couleurs claires lui valent le nom \u00ab\u00a0d\u2019Istrie Blanche\u00a0\u00bb r\u00e9gion vou\u00e9e essentiellement \u00e0 l\u2019\u00e9levage.<\/p>\n<p>Les collines se situent au centre de la p\u00e9ninsule. Tr\u00e8s riches en eau, les for\u00eats y sont abondantes. Des mines de charbon y sont exploit\u00e9es jusque dans les ann\u00e9es 2000. La terre d\u2019argile conf\u00e8re le nom \u00ab\u00a0d\u2019Istrie Grise\u00a0\u00bb.<\/p>\n<p>\u00ab\u00a0L\u2019Istrie rouge\u00a0\u00bb forme la ceinture du centre et du Sud o\u00f9 sont implant\u00e9es les villes. Les plaines couvertes de terre rouille vif, riches, permettent de d\u00e9velopper des cultures m\u00e9diterran\u00e9ennes traditionnelles et des c\u00e9r\u00e9ales.<\/p>\n<p>L\u2019\u00e9conomie<\/p>\n<p>Le march\u00e9 de l\u2019industrie ayant fortement baiss\u00e9, l&rsquo;Istrie d\u00e9veloppe son tourisme pour devenir une destination en vogue. Elle ne ch\u00f4me pas, et pourtant\u00a0! Pr\u00e8s de 20 % de personnes sont actuellement sans emploi. La guerre a tu\u00e9 l&rsquo;espoir et att\u00e9nue l&rsquo;esprit d&rsquo;initiative. Les conditions sociales s&rsquo;av\u00e8rent rudes. Aucune aide au logement ni allocation familiale ne sont accord\u00e9es. Les anciennes g\u00e9n\u00e9rations vivaient de la terre et poss\u00e9daient une maison. \u00a0Actuellement, le salaire moyen s&rsquo;\u00e9l\u00e8ve \u00e0 environ 600 euros. Hors, un appartement standard de 70 m2 \u00a0co\u00fbte \u00a0entre 400 \u00e0 500 euros par mois. \u00a0A ce tarif, fonder une famille devient un luxe. Les jeunes vivent ainsi plus longtemps chez leurs parents.<\/p>\n<p>Le tourisme<\/p>\n<p>L\u2019Histoire du tourisme d\u00e9bute \u00e0 Opatija.  Cette ville touristique date de la fin du 19\u00e8me si\u00e8cle. Tr\u00e8s vite reli\u00e9e \u00e0 Rijeka par la route et le chemin de fer, le d\u00e9veloppement du tourisme s&rsquo;est impos\u00e9 avec \u00e9vidence. \u00a0Surnomm\u00e9e jadis la \u00ab\u00a0Nice Autrichienne\u00a0\u00bb, elle accueillait rois, empereurs et aristocrates. Les meilleurs m\u00e9decins de la monarchie austro-hongroise venaient s&rsquo;installer pour b\u00e9n\u00e9ficier des piscines, de l&rsquo;\u00e9lectricit\u00e9, et du tramway. En 1889 cette ville mondaine prend le statut de station thermale. L&rsquo;architecture austro-hongroise donne un charme tout particulier \u00e0 l&rsquo;int\u00e9gralit\u00e9 de cette ville. De nombreux parcs sont agr\u00e9ment\u00e9s d&rsquo;arbres autochtones ou import\u00e9s, et d\u2019une promenade c\u00f4ti\u00e8re sur plusieurs kilom\u00e8tres. D\u2019autres villes mill\u00e9naires sont pris\u00e9es. Porec a conserv\u00e9 son charme avec ses remparts m\u00e9di\u00e9vaux et ses temples antiques. L\u2019ancienne ville fortifi\u00e9e de Rovinj, aux demeures v\u00e9nitiennes et aux rues pav\u00e9es d\u00e9tient la palme d\u2019or du romantisme. Pula est c\u00e9l\u00e8bre pour son amphith\u00e9\u00e2tre du 1<sup>er<\/sup> si\u00e8cle o\u00f9 se d\u00e9roulaient les combats de gladiateurs.<\/p>\n<p style=\"text-align: center;\"><a href=\"https:\/\/i1.wp.com\/www.presstourism.ch\/WP_ALEX\/wp-content\/uploads\/2014\/07\/Vrsar-1_redimensionner.jpg\"><img loading=\"lazy\" class=\"alignnone size-medium wp-image-992\" src=\"https:\/\/i0.wp.com\/www.presstourism.ch\/WP_ALEX\/wp-content\/uploads\/2014\/07\/Vrsar-1_redimensionner-300x225.jpg?resize=300%2C225\" alt=\"Vrsar-1_redimensionner\" width=\"300\" height=\"225\" srcset=\"https:\/\/i2.wp.com\/www.presstourism.ch\/wp-content\/uploads\/2014\/07\/Vrsar-1_redimensionner.jpg?resize=300%2C225 300w, https:\/\/i2.wp.com\/www.presstourism.ch\/wp-content\/uploads\/2014\/07\/Vrsar-1_redimensionner.jpg?resize=1024%2C768 1024w, https:\/\/i2.wp.com\/www.presstourism.ch\/wp-content\/uploads\/2014\/07\/Vrsar-1_redimensionner.jpg?resize=600%2C450 600w, https:\/\/i2.wp.com\/www.presstourism.ch\/wp-content\/uploads\/2014\/07\/Vrsar-1_redimensionner.jpg?w=1037 1037w\" sizes=\"(max-width: 300px) 100vw, 300px\" data-recalc-dims=\"1\" \/><\/a><\/p>\n<p>Les Plages<\/p>\n<p>Les plages d\u2019Istrie sont rarement sablonneuses. Le gravier et les grandes pierres plates ont \u00e9t\u00e9 b\u00e9tonn\u00e9s le long du littoral et constituent le seul b\u00e9mol de cette incroyable Istrie !<\/p>\n<p style=\"text-align: right;\">V\u00e9ronique Coppey<\/p>\n<p style=\"text-align: right;\">Mai 2014<\/p>\n<p><a href=\"http:\/\/www.presstourism.ch\/WP_ALEX\/wp-content\/uploads\/2014\/07\/Istrie-PDF.pdf\">L&rsquo;article de V\u00e9ronique Coppey et Jacques Morzier en PDF<\/a><\/p>\n","protected":false},"excerpt":{"rendered":"<p>\u200b La Croatie ne perd pas le Nord et met en valeur l&rsquo;Istrie ! Au Nord de la Croatie s&rsquo;\u00e9rige la plus grande p\u00e9ninsule du pays, l\u2019Istrie, envelopp\u00e9e d&rsquo;une mer pure et cristalline. Ses c\u00f4tes sont bord\u00e9es de villes m\u00e9di\u00e9vales &hellip; <a href=\"http:\/\/www.presstourism.ch\/?page_id=943\">Continuer la lecture <span class=\"meta-nav\">&rarr;<\/span><\/a><\/p>\n","protected":false},"author":1,"featured_media":0,"parent":208,"menu_order":0,"comment_status":"open","ping_status":"open","template":"","meta":{"ngg_post_thumbnail":0,"spay_email":""},"jetpack_sharing_enabled":true,"jetpack_shortlink":"https:\/\/wp.me\/P468TV-fd","_links":{"self":[{"href":"http:\/\/www.presstourism.ch\/index.php?rest_route=\/wp\/v2\/pages\/943"}],"collection":[{"href":"http:\/\/www.presstourism.ch\/index.php?rest_route=\/wp\/v2\/pages"}],"about":[{"href":"http:\/\/www.presstourism.ch\/index.php?rest_route=\/wp\/v2\/types\/page"}],"author":[{"embeddable":true,"href":"http:\/\/www.presstourism.ch\/index.php?rest_route=\/wp\/v2\/users\/1"}],"replies":[{"embeddable":true,"href":"http:\/\/www.presstourism.ch\/index.php?rest_route=%2Fwp%2Fv2%2Fcomments&post=943"}],"version-history":[{"count":4,"href":"http:\/\/www.presstourism.ch\/index.php?rest_route=\/wp\/v2\/pages\/943\/revisions"}],"predecessor-version":[{"id":993,"href":"http:\/\/www.presstourism.ch\/index.php?rest_route=\/wp\/v2\/pages\/943\/revisions\/993"}],"up":[{"embeddable":true,"href":"http:\/\/www.presstourism.ch\/index.php?rest_route=\/wp\/v2\/pages\/208"}],"wp:attachment":[{"href":"http:\/\/www.presstourism.ch\/index.php?rest_route=%2Fwp%2Fv2%2Fmedia&parent=943"}],"curies":[{"name":"wp","href":"https:\/\/api.w.org\/{rel}","templated":true}]}}