{"id":9158,"date":"2023-07-22T19:13:43","date_gmt":"2023-07-22T17:13:43","guid":{"rendered":"http:\/\/www.presstourism.ch\/?page_id=9158"},"modified":"2023-07-22T19:13:43","modified_gmt":"2023-07-22T17:13:43","slug":"der-schweizer-tourismus-in-zahlen-2022","status":"publish","type":"page","link":"http:\/\/www.presstourism.ch\/?page_id=9158","title":{"rendered":"Der Schweizer Tourismus in Zahlen 2022"},"content":{"rendered":"\n<p>STV\/ot<\/p>\n\n\n\n<p>Die Publikation \u00ab\u00a0Schweizer Tourismus in Zahlen 2022\u00a0\u00bb des Schweizer Tourismus-Verbandes&nbsp;bietet einen umfassenden \u00dcberblick \u00fcber die Tourismusdaten f\u00fcr das Jahr 2022. Die frisch ver\u00f6ffentlichten Zahlen sind positiv: Viele Bereiche der Tourismusbranche haben sich im Vergleich zum Vorjahr verbessert, liegen aber immer noch unter dem Niveau von vor der COVID-19-Pandemie.<\/p>\n\n\n\n<p>Im Jahr 2022 wurden in der Schweizer Hotellerie 38,2 Millionen \u00dcbernachtungen verzeichnet, was einem Anstieg von 29,4 % gegen\u00fcber dem Vorjahr entspricht. Dieses Ergebnis blieb leicht unter dem Rekordjahr 2019 (-3,3 %), erreichte aber nach zwei stark von VOCID-19 gepr\u00e4gten Jahren erstmals wieder das Niveau vor der Pandemie. Im Jahr 2022 generiert die Parahotellerie 17,4 Millionen \u00dcbernachtungen. Im selben Zeitraum stieg die Nachfrage ausl\u00e4ndischer G\u00e4ste deutlich an, auch wenn der Gro\u00dfteil der Gesamtnachfrage weiterhin von inl\u00e4ndischen G\u00e4sten gestellt wird.<\/p>\n\n\n\n<p><strong>Erholung des touristischen Verkehrs<\/strong><\/p>\n\n\n\n<p>Die Auslastung der Transportmittel auf Strasse, Schiene, Luft und Wasser erholte sich im Jahr 2022, blieb aber ebenfalls unter dem Niveau von 2019. Die SBB bef\u00f6rderte durchschnittlich 1,16 Millionen Reisende pro Tag, was einem Anstieg von \u00fcber 30 % gegen\u00fcber 2021 entsprach, aber immer noch rund 12 % unter dem Niveau von 2019 lag. Auch PostAuto bef\u00f6rderte 2022 mehr als 156 Millionen Fahrg\u00e4ste, rund 15,5 % mehr als im Vorjahr. Trotz der erfreulichen Zahlen im Vergleich zum Vorjahr konnte noch nicht an die Rekordjahre angekn\u00fcpft werden. Die Schweizer Schifffahrtsgesellschaften verzeichneten 2022 mit insgesamt 13,01 Millionen Passagieren einen starken Anstieg. Im vergangenen Jahr verzeichneten die Schweizer Flugh\u00e4fen im Linien- und Charterverkehr insgesamt 43,6 Millionen ankommende oder abfliegende Personen (Lokal- und Transferreisende). Dies entspricht 23,9 Millionen Flugg\u00e4sten, 122% mehr als 2021, aber 26% weniger als 2019.<\/p>\n\n\n\n<p><strong>Internationaler Tourismus wieder auf Kurs<\/strong><\/p>\n\n\n\n<p>Im vergangenen Jahr verzeichnete der weltweite Tourismus einen deutlichen Anstieg um mehr als 111% gegen\u00fcber dem Vorjahr auf 963 Millionen internationale Touristenank\u00fcnfte (Besucher\/innen mit \u00dcbernachtung). Vorl\u00e4ufigen Sch\u00e4tzungen zufolge lagen die Zahlen um 34 % unter denen von 2019. Die Erholung des internationalen Tourismus im Jahr 2022 spiegelte sich auch in der Fremdenverkehrsbilanz wider, die die Einnahmen ausl\u00e4ndischer Besucherinnen und Besucher in der Schweiz mit den Ausgaben von Schweizerinnen und Schweizern im Ausland vergleicht. Die Einnahmen der Schweiz aus dem Tourismus beliefen sich im Jahr 2022 auf 16,6 Milliarden Franken. Die Ausgaben der Schweizer Bev\u00f6lkerung f\u00fcr Reisen ins Ausland beliefen sich auf 16,8 Milliarden Franken. Sowohl die Einnahmen als auch die Ausgaben stiegen also stark an, die Bilanz blieb jedoch knapp negativ.<\/p>\n\n\n\n<p><strong>Aktuelle Lage und Ausblick<\/strong><\/p>\n\n\n\n<p>Nach zwei Jahren, die von COVID-19 gepr\u00e4gt waren, zeigen die Zahlen f\u00fcr den Schweizer Tourismus immer noch nach oben. Die Zahl der \u00dcbernachtungen stieg 2022 vor allem aufgrund der teilweisen R\u00fcckkehr ausl\u00e4ndischer Besucherinnen und Besucher. Bei der inl\u00e4ndischen Nachfrage gingen die \u00dcbernachtungszahlen in vielen Regionen der Schweiz jedoch erneut zur\u00fcck. Dies zeigt sich auch in den provisorischen Ergebnissen zur Schweizer Hotellerie, die das Bundesamt f\u00fcr Statistik (BFS) im Mai 2023 ver\u00f6ffentlichte: Die Logiern\u00e4chte stiegen gegen\u00fcber der Vorjahresperiode um insgesamt 13,6 Prozent, wobei die Logiern\u00e4chte ausl\u00e4ndischer G\u00e4ste um 32,2 Prozent zunahmen und die Logiern\u00e4chte von Schweizer G\u00e4sten um 2 Prozent zur\u00fcckgingen. Die Erholung zeigt sich auch bei den Bergbahnen, wo sowohl die Anzahl der Besucher\/innen als auch der Umsatz im Mai und Juni 2023 anstiegen und deutlich \u00fcber den Ergebnissen der letzten Jahre lagen. Die Schweizer Tourismusbranche steht jedoch weiterhin vor Herausforderungen wie den Folgen des Klimawandels, der Energieversorgung, dem Mangel an qualifiziertem Personal und der steigenden Inflation.<\/p>\n\n\n\n<p><\/p>\n\n\n\n<p><\/p>\n","protected":false},"excerpt":{"rendered":"<p>STV\/ot Die Publikation \u00ab\u00a0Schweizer Tourismus in Zahlen 2022\u00a0\u00bb des Schweizer Tourismus-Verbandes&nbsp;bietet einen umfassenden \u00dcberblick \u00fcber die Tourismusdaten f\u00fcr das Jahr 2022. Die frisch ver\u00f6ffentlichten Zahlen sind positiv: Viele Bereiche der Tourismusbranche haben sich im Vergleich zum Vorjahr verbessert, liegen aber &hellip; <a href=\"http:\/\/www.presstourism.ch\/?page_id=9158\">Continuer la lecture <span class=\"meta-nav\">&rarr;<\/span><\/a><\/p>\n","protected":false},"author":1540,"featured_media":0,"parent":268,"menu_order":0,"comment_status":"closed","ping_status":"closed","template":"","meta":{"ngg_post_thumbnail":0,"spay_email":""},"jetpack_sharing_enabled":true,"jetpack_shortlink":"https:\/\/wp.me\/P468TV-2nI","_links":{"self":[{"href":"http:\/\/www.presstourism.ch\/index.php?rest_route=\/wp\/v2\/pages\/9158"}],"collection":[{"href":"http:\/\/www.presstourism.ch\/index.php?rest_route=\/wp\/v2\/pages"}],"about":[{"href":"http:\/\/www.presstourism.ch\/index.php?rest_route=\/wp\/v2\/types\/page"}],"author":[{"embeddable":true,"href":"http:\/\/www.presstourism.ch\/index.php?rest_route=\/wp\/v2\/users\/1540"}],"replies":[{"embeddable":true,"href":"http:\/\/www.presstourism.ch\/index.php?rest_route=%2Fwp%2Fv2%2Fcomments&post=9158"}],"version-history":[{"count":1,"href":"http:\/\/www.presstourism.ch\/index.php?rest_route=\/wp\/v2\/pages\/9158\/revisions"}],"predecessor-version":[{"id":9159,"href":"http:\/\/www.presstourism.ch\/index.php?rest_route=\/wp\/v2\/pages\/9158\/revisions\/9159"}],"up":[{"embeddable":true,"href":"http:\/\/www.presstourism.ch\/index.php?rest_route=\/wp\/v2\/pages\/268"}],"wp:attachment":[{"href":"http:\/\/www.presstourism.ch\/index.php?rest_route=%2Fwp%2Fv2%2Fmedia&parent=9158"}],"curies":[{"name":"wp","href":"https:\/\/api.w.org\/{rel}","templated":true}]}}