{"id":914,"date":"2014-06-24T16:21:29","date_gmt":"2014-06-24T15:21:29","guid":{"rendered":"http:\/\/www.presstourism.ch\/WP_ALEX\/?page_id=914"},"modified":"2016-03-03T16:34:08","modified_gmt":"2016-03-03T15:34:08","slug":"grece","status":"publish","type":"page","link":"http:\/\/www.presstourism.ch\/?page_id=914","title":{"rendered":"Gr\u00e8ce"},"content":{"rendered":"<h2>Santorin, perle de l\u2019Eg\u00e9e<\/h2>\n<div class=\"art-postheadericons art-metadata-icons\">23 juin 2014 | Auteur <a title=\"Articles par Je pars...\" href=\"http:\/\/www.jepars.ch\/magazine\/?author=3\">Je pars&#8230;<\/a><\/div>\n<p><img loading=\"lazy\" class=\"alignnone size-medium wp-image-10654\" title=\"santorin\" src=\"https:\/\/i1.wp.com\/www.jepars.ch\/magazine\/wp-content\/uploads\/2014\/06\/jep36santorin1_20140321_0006-455x303.jpg?resize=455%2C303\" alt=\"santorin\" width=\"455\" height=\"303\" data-recalc-dims=\"1\" \/><\/p>\n<p>Comme une grande faucille se d\u00e9tachant sur une mer d\u2019encre, avec des falaises brunes aux cr\u00eates comme enneig\u00e9es par une enfilade de villages peints \u00e0 la chaux, Santorin est l\u2019\u00eele des Cyclades qui concentre \u00e0 elle seule tout l\u2019arch\u00e9type des \u00eeles grecques. Entre mythes et r\u00e9alit\u00e9s historiques: Le pass\u00e9 historique de Santorin est passionnant,comme le t\u00e9moignent les deux sites arch\u00e9ologiques de l\u2019ancienne Thira et d\u2019Akrotiri. Les ruines de Thira sont un t\u00e9moignage de l\u2019\u00e9poque pendant laquelle Art\u00e9midoros, l\u2019amiral de Ptol\u00e9m\u00e9e, utilisait l\u2019ile comme base navale. On y visite en premier lieu la Stoa Basilik\u00e9 (galerie royale) et le temple d\u2019Apollon Karneidos. Mais plus fascinant encore est le village d\u2019Akrotiri, o\u00f9 fut d\u00e9couverte, sous 30 m\u00e8tres de cendres volcaniques, toute une agglom\u00e9ration minoenne du IIe mill\u00e9naire avant J.C. Ce lieu confirme que 1\u2019600 ans avant notre \u00e8re, une \u00e9ruption volcanique aurait d\u00e9clench\u00e9 un drame semblable \u00e0 celui de Pomp\u00e9i. Le stade avanc\u00e9 de civilisation que l\u2019on trouve \u00e0 Akrotiri a relanc\u00e9 la l\u00e9gende de l\u2019Atlantide, cit\u00e9e par Platon.<\/p>\n<p><a href=\"http:\/\/www.jepars.ch\/magazine\/?p=10595\">Lire la suite&#8230;<\/a><\/p>\n<hr \/>\n<p>&nbsp;<\/p>\n<h2 class=\"art-postheader\"><a title=\"Lien permanent vers La Cr\u00e8te entre douceur de vivre et longue histoire\" href=\"http:\/\/www.jepars.ch\/magazine\/?p=12218\" rel=\"bookmark\"> La Cr\u00e8te entre douceur de vivre et longue histoire <\/a><\/h2>\n<div class=\"art-postheadericons art-metadata-icons\">24 ao\u00fbt 2015 | Auteur <a title=\"Articles par Je pars...\" href=\"http:\/\/www.jepars.ch\/magazine\/?author=3\" rel=\"author\">Je pars&#8230;<\/a><\/div>\n<div class=\"art-postcontent\">\n<p><strong>La Cr\u00e8te b\u00e9n\u00e9ficie d\u2019un climat id\u00e9al, d\u2019un accueil chaleureux, d\u2019un pass\u00e9 historique riche et d\u2019une douceur de vivre, qui ont certainement inspir\u00e9 la chanteuse Nana Mouskouri, l\u2019\u00e9crivain Nikos Kazantzakis (auteur d\u2019Alexis Zorba) et le peintre El Greco.<\/strong><\/p>\n<p>Domin\u00e9e par le c\u00e9l\u00e8bre mont Ida (2456 m) enneig\u00e9 m\u00eame au printemps, cette \u00eele d\u2019environ 260km de long et 60km de large hors tout, est la quatri\u00e8me plus \u00e9tendue de la M\u00e9diterran\u00e9e apr\u00e8s la Sicile, la Sardaigne et la Corse. C\u2019est aussi la plus grande de l\u2019archipel grec. En d\u00e9couvrir les moindres recoins demande donc du temps. C\u2019est sur la c\u00f4te nord que s\u2019\u00e9talent la plupart des plages et, par cons\u00e9quent, les centres touristiques baln\u00e9aires, alors que la c\u00f4te sud propose des rivages plus rocheux et moins favorables \u00e0 la baignade.<\/p>\n<p><a href=\"http:\/\/www.jepars.ch\/magazine\/?p=12218\">Lire la suite&#8230;<\/a><\/p>\n<hr \/>\n<p>&nbsp;<\/p>\n<\/div>\n","protected":false},"excerpt":{"rendered":"<p>Santorin, perle de l\u2019Eg\u00e9e 23 juin 2014 | Auteur Je pars&#8230; Comme une grande faucille se d\u00e9tachant sur une mer d\u2019encre, avec des falaises brunes aux cr\u00eates comme enneig\u00e9es par une enfilade de villages peints \u00e0 la chaux, Santorin est &hellip; <a href=\"http:\/\/www.presstourism.ch\/?page_id=914\">Continuer la lecture <span class=\"meta-nav\">&rarr;<\/span><\/a><\/p>\n","protected":false},"author":1,"featured_media":0,"parent":2161,"menu_order":0,"comment_status":"open","ping_status":"open","template":"","meta":{"ngg_post_thumbnail":0,"spay_email":""},"jetpack_sharing_enabled":true,"jetpack_shortlink":"https:\/\/wp.me\/P468TV-eK","_links":{"self":[{"href":"http:\/\/www.presstourism.ch\/index.php?rest_route=\/wp\/v2\/pages\/914"}],"collection":[{"href":"http:\/\/www.presstourism.ch\/index.php?rest_route=\/wp\/v2\/pages"}],"about":[{"href":"http:\/\/www.presstourism.ch\/index.php?rest_route=\/wp\/v2\/types\/page"}],"author":[{"embeddable":true,"href":"http:\/\/www.presstourism.ch\/index.php?rest_route=\/wp\/v2\/users\/1"}],"replies":[{"embeddable":true,"href":"http:\/\/www.presstourism.ch\/index.php?rest_route=%2Fwp%2Fv2%2Fcomments&post=914"}],"version-history":[{"count":3,"href":"http:\/\/www.presstourism.ch\/index.php?rest_route=\/wp\/v2\/pages\/914\/revisions"}],"predecessor-version":[{"id":1820,"href":"http:\/\/www.presstourism.ch\/index.php?rest_route=\/wp\/v2\/pages\/914\/revisions\/1820"}],"up":[{"embeddable":true,"href":"http:\/\/www.presstourism.ch\/index.php?rest_route=\/wp\/v2\/pages\/2161"}],"wp:attachment":[{"href":"http:\/\/www.presstourism.ch\/index.php?rest_route=%2Fwp%2Fv2%2Fmedia&parent=914"}],"curies":[{"name":"wp","href":"https:\/\/api.w.org\/{rel}","templated":true}]}}