{"id":91,"date":"2013-11-14T12:39:51","date_gmt":"2013-11-14T11:39:51","guid":{"rendered":"http:\/\/www.presstourism.ch\/WP_ALEX\/?page_id=91"},"modified":"2021-05-17T09:25:57","modified_gmt":"2021-05-17T08:25:57","slug":"informations-restreintes","status":"publish","type":"page","link":"http:\/\/www.presstourism.ch\/?page_id=91","title":{"rendered":"Vie de l&rsquo;association"},"content":{"rendered":"<p>Certaines de ces pages sont r\u00e9serv\u00e9es aux membres disposant d&rsquo;un droit d&rsquo;acc\u00e8s.&nbsp; Ouverture par mot de passe.&nbsp; Ceux et celles qui n&rsquo;en disposent pas encore peuvent le demander \u00e0 l&rsquo;administrateur du site, Alex D\u00e9cotte, \u00e0 l&rsquo;adresse suivante: decotte@gmail.com<\/p>\n<p>Merci.<\/p>\n","protected":false},"excerpt":{"rendered":"<p>Certaines de ces pages sont r\u00e9serv\u00e9es aux membres disposant d&rsquo;un droit d&rsquo;acc\u00e8s.&nbsp; Ouverture par mot de passe.&nbsp; Ceux et celles qui n&rsquo;en disposent pas encore peuvent le demander \u00e0 l&rsquo;administrateur du site, Alex D\u00e9cotte, \u00e0 l&rsquo;adresse suivante: decotte@gmail.com Merci.<\/p>\n","protected":false},"author":1,"featured_media":0,"parent":14,"menu_order":97,"comment_status":"open","ping_status":"open","template":"","meta":{"ngg_post_thumbnail":0,"spay_email":""},"jetpack_sharing_enabled":true,"jetpack_shortlink":"https:\/\/wp.me\/P468TV-1t","_links":{"self":[{"href":"http:\/\/www.presstourism.ch\/index.php?rest_route=\/wp\/v2\/pages\/91"}],"collection":[{"href":"http:\/\/www.presstourism.ch\/index.php?rest_route=\/wp\/v2\/pages"}],"about":[{"href":"http:\/\/www.presstourism.ch\/index.php?rest_route=\/wp\/v2\/types\/page"}],"author":[{"embeddable":true,"href":"http:\/\/www.presstourism.ch\/index.php?rest_route=\/wp\/v2\/users\/1"}],"replies":[{"embeddable":true,"href":"http:\/\/www.presstourism.ch\/index.php?rest_route=%2Fwp%2Fv2%2Fcomments&post=91"}],"version-history":[{"count":18,"href":"http:\/\/www.presstourism.ch\/index.php?rest_route=\/wp\/v2\/pages\/91\/revisions"}],"predecessor-version":[{"id":7272,"href":"http:\/\/www.presstourism.ch\/index.php?rest_route=\/wp\/v2\/pages\/91\/revisions\/7272"}],"up":[{"embeddable":true,"href":"http:\/\/www.presstourism.ch\/index.php?rest_route=\/wp\/v2\/pages\/14"}],"wp:attachment":[{"href":"http:\/\/www.presstourism.ch\/index.php?rest_route=%2Fwp%2Fv2%2Fmedia&parent=91"}],"curies":[{"name":"wp","href":"https:\/\/api.w.org\/{rel}","templated":true}]}}