{"id":903,"date":"2014-06-24T16:08:36","date_gmt":"2014-06-24T15:08:36","guid":{"rendered":"http:\/\/www.presstourism.ch\/WP_ALEX\/?page_id=903"},"modified":"2016-03-03T16:36:36","modified_gmt":"2016-03-03T15:36:36","slug":"islande","status":"publish","type":"page","link":"http:\/\/www.presstourism.ch\/?page_id=903","title":{"rendered":"Islande"},"content":{"rendered":"<h2 class=\"art-postheader\" style=\"text-align: center;\"><a href=\"https:\/\/i2.wp.com\/www.presstourism.ch\/WP_ALEX\/wp-content\/uploads\/2014\/06\/islande.gif\"><img loading=\"lazy\" class=\"alignnone size-medium wp-image-904\" src=\"https:\/\/i2.wp.com\/www.presstourism.ch\/WP_ALEX\/wp-content\/uploads\/2014\/06\/islande-300x206.gif?resize=300%2C206\" alt=\"islande\" width=\"300\" height=\"206\" data-recalc-dims=\"1\" \/><\/a><\/h2>\n<h2>Le Cercle d\u2019or, \u00e9crin \u00e0 une nature somptueuse<\/h2>\n<p><span style=\"text-decoration: underline;\">Par Sonya Mermoud<\/span><\/p>\n<p style=\"text-align: center;\">\u00a0<a href=\"https:\/\/i1.wp.com\/www.presstourism.ch\/WP_ALEX\/wp-content\/uploads\/2014\/06\/Islande_0878.jpg\"><img loading=\"lazy\" class=\"alignnone size-medium wp-image-977\" src=\"https:\/\/i0.wp.com\/www.presstourism.ch\/WP_ALEX\/wp-content\/uploads\/2014\/06\/Islande_0878-300x199.jpg?resize=300%2C199\" alt=\"Islande_0878\" width=\"300\" height=\"199\" srcset=\"https:\/\/i1.wp.com\/www.presstourism.ch\/wp-content\/uploads\/2014\/06\/Islande_0878.jpg?resize=300%2C199 300w, https:\/\/i1.wp.com\/www.presstourism.ch\/wp-content\/uploads\/2014\/06\/Islande_0878.jpg?resize=600%2C398 600w, https:\/\/i1.wp.com\/www.presstourism.ch\/wp-content\/uploads\/2014\/06\/Islande_0878.jpg?w=850 850w\" sizes=\"(max-width: 300px) 100vw, 300px\" data-recalc-dims=\"1\" \/><\/a><\/p>\n<p>Entre ses extraordinaires paysages et ses l\u00e9gendes propres \u00e0 nourrir l\u2019imaginaire, l\u2019Islande constitue une destination hors du commun. Une terre o\u00f9 la nature conserve intactes ses pr\u00e9rogatives. O\u00f9 cascades, volcans, glaciers, fjords ou encore geysers composent un tableau d\u2019une beaut\u00e9 sauvage et \u00e9mouvante. O\u00f9 l\u2019on ne serait pas surpris de croiser elfes et trolls, peuplant les r\u00e9cits des \u00eeliens. Visite du sud-ouest du pays, au c\u0153ur d\u2019un microcosme de glace et de feu, et sur les traces de Vikings qui y instaur\u00e8rent leur parlement.<\/p>\n<p><a href=\"http:\/\/www.presstourism.ch\/WP_ALEX\/wp-content\/uploads\/2014\/06\/Mermoud-Islande.pdf\">Lire la suite&#8230;<\/a><\/p>\n<hr \/>\n<p>&nbsp;<\/p>\n<h2 class=\"entry-title\">La star de l\u2019Islande s\u2019appelle Eyjafjallaj\u00f6kull<\/h2>\n<p><span style=\"text-decoration: underline;\">Par Roger Juillerat<\/span><\/p>\n<p style=\"text-align: center;\"><a href=\"https:\/\/i2.wp.com\/www.presstourism.ch\/WP_ALEX\/wp-content\/uploads\/2014\/07\/1IslandeVolcanD.jpg\"><img loading=\"lazy\" class=\"alignnone size-medium wp-image-922\" src=\"https:\/\/i0.wp.com\/www.presstourism.ch\/WP_ALEX\/wp-content\/uploads\/2014\/07\/1IslandeVolcanD-300x200.jpg?resize=300%2C200\" alt=\"Islande, mai 2014, au pied du volcan Eyjafjallaj\u00f6kull et son glacier.\" width=\"300\" height=\"200\" srcset=\"https:\/\/i0.wp.com\/www.presstourism.ch\/wp-content\/uploads\/2014\/07\/1IslandeVolcanD.jpg?resize=300%2C200 300w, https:\/\/i0.wp.com\/www.presstourism.ch\/wp-content\/uploads\/2014\/07\/1IslandeVolcanD.jpg?resize=600%2C400 600w, https:\/\/i0.wp.com\/www.presstourism.ch\/wp-content\/uploads\/2014\/07\/1IslandeVolcanD.jpg?w=1024 1024w\" sizes=\"(max-width: 300px) 100vw, 300px\" data-recalc-dims=\"1\" \/><\/a><\/p>\n<p>Les cendres du volcan avaient compl\u00e8tement bloqu\u00e9 le trafic a\u00e9rien au-dessus d\u2019une grande partie de l\u2019Europe il y a quatre ans. Redevenu plus sage, il est aujourd\u2019hui possible de l\u2019approcher et d\u2019observer les cons\u00e9quences d\u2019une faramineuse \u00e9ruption.<\/p>\n<p style=\"text-align: right;\"><a title=\"La star de l\u2019Islande s\u2019appelle Eyjafjallaj\u00f6kull\" href=\"http:\/\/www.presstourism.ch\/WP_ALEX\/?page_id=920\">Lire la suite&#8230;<\/a><\/p>\n<p style=\"text-align: right;\"><a href=\"http:\/\/www.presstourism.ch\/WP_ALEX\/wp-content\/uploads\/2014\/07\/IslandeVolcanEyjafjallaj\u00f6kullPDF.pdf\">Voir l&rsquo;article original&#8230;<\/a><\/p>\n<hr \/>\n<h2 class=\"art-postheader\">Islande : Un cercle d\u2019or de mille feux<\/h2>\n<p>23 juin 2014 | Auteur <a title=\"Articles par Je pars...\" href=\"http:\/\/www.jepars.ch\/magazine\/?author=3\">Je pars&#8230;<\/a><\/p>\n<p><a title=\"Islande : Un cercle d\u2019or de mille feux\" href=\"http:\/\/www.jepars.ch\/magazine\/?p=10574\"><img loading=\"lazy\" class=\"alignleft wp-post-image\" title=\"Islande : Un cercle d\u2019or de mille feux\" src=\"https:\/\/i1.wp.com\/www.jepars.ch\/magazine\/wp-content\/uploads\/2014\/06\/IMG_1306-455x303.jpg?resize=455%2C303\" alt=\"\" width=\"455\" height=\"303\" data-recalc-dims=\"1\" \/><\/a><\/p>\n<p>&nbsp;<\/p>\n<p>L\u2019ouverture du vol Gen\u00e8ve-Reykjavik permet de se plonger dans l\u2019ambiance de l\u2018Islande, un pays aux facettes atypiques. Rien qu\u2019en visitant la partie sud appel\u00e9e le Cercle d\u2019or, on peut d\u00e9j\u00e0 se faire une bonne id\u00e9e de ses richesses g\u00e9ologiques le temps d\u2019un long week-end. Eyjafjallaj\u00f6kull (prononcez \u00e9yafyatiayokout)? \u00c7a vous dit quelque chose ? Plus facile : dites comme les Am\u00e9ricains, E 15 (c\u2019est ainsi qu\u2019ils l\u2019ont baptis\u00e9 pour ne pas trop se casser la t\u00eate, se r\u00e9f\u00e9rant aux 15 lettres qui le compose). Souvenez-vous qu\u2019il s\u2019agit de ce capricieux volcan dont l\u2019\u00e9ruption de 2010 a tenu en haleine l\u2019ensemble du trafic a\u00e9rien europ\u00e9en entre mi-avril et mi-juin \u00e0 cause du panache de cendres volcaniques qui risquaient de bloquer les r\u00e9acteurs des avions. La cons\u00e9quence fut une perte \u00e9conomique estim\u00e9e \u00e0 1,7 milliard de dollars. Mais pour les Islandais, ce fut un formidable coup de pub.<\/p>\n<p><a href=\"http:\/\/www.jepars.ch\/magazine\/?p=10574\">Lire la suite&#8230;<\/a><\/p>\n","protected":false},"excerpt":{"rendered":"<p>Le Cercle d\u2019or, \u00e9crin \u00e0 une nature somptueuse Par Sonya Mermoud \u00a0 Entre ses extraordinaires paysages et ses l\u00e9gendes propres \u00e0 nourrir l\u2019imaginaire, l\u2019Islande constitue une destination hors du commun. Une terre o\u00f9 la nature conserve intactes ses pr\u00e9rogatives. O\u00f9 &hellip; <a href=\"http:\/\/www.presstourism.ch\/?page_id=903\">Continuer la lecture <span class=\"meta-nav\">&rarr;<\/span><\/a><\/p>\n","protected":false},"author":1,"featured_media":0,"parent":2161,"menu_order":0,"comment_status":"open","ping_status":"open","template":"","meta":{"ngg_post_thumbnail":0,"spay_email":""},"jetpack_sharing_enabled":true,"jetpack_shortlink":"https:\/\/wp.me\/P468TV-ez","_links":{"self":[{"href":"http:\/\/www.presstourism.ch\/index.php?rest_route=\/wp\/v2\/pages\/903"}],"collection":[{"href":"http:\/\/www.presstourism.ch\/index.php?rest_route=\/wp\/v2\/pages"}],"about":[{"href":"http:\/\/www.presstourism.ch\/index.php?rest_route=\/wp\/v2\/types\/page"}],"author":[{"embeddable":true,"href":"http:\/\/www.presstourism.ch\/index.php?rest_route=\/wp\/v2\/users\/1"}],"replies":[{"embeddable":true,"href":"http:\/\/www.presstourism.ch\/index.php?rest_route=%2Fwp%2Fv2%2Fcomments&post=903"}],"version-history":[{"count":7,"href":"http:\/\/www.presstourism.ch\/index.php?rest_route=\/wp\/v2\/pages\/903\/revisions"}],"predecessor-version":[{"id":979,"href":"http:\/\/www.presstourism.ch\/index.php?rest_route=\/wp\/v2\/pages\/903\/revisions\/979"}],"up":[{"embeddable":true,"href":"http:\/\/www.presstourism.ch\/index.php?rest_route=\/wp\/v2\/pages\/2161"}],"wp:attachment":[{"href":"http:\/\/www.presstourism.ch\/index.php?rest_route=%2Fwp%2Fv2%2Fmedia&parent=903"}],"curies":[{"name":"wp","href":"https:\/\/api.w.org\/{rel}","templated":true}]}}