{"id":8803,"date":"2023-02-13T16:51:37","date_gmt":"2023-02-13T15:51:37","guid":{"rendered":"http:\/\/www.presstourism.ch\/?page_id=8803"},"modified":"2024-05-24T16:29:53","modified_gmt":"2024-05-24T14:29:53","slug":"membres-passifs-passivmitglieder","status":"publish","type":"page","link":"http:\/\/www.presstourism.ch\/?page_id=8803","title":{"rendered":"Membres passifs \/ Passivmitglieder"},"content":{"rendered":"\n<div class=\"wp-block-columns\">\n<div class=\"wp-block-column\" style=\"flex-basis:33.33%\">\n<div class=\"wp-block-image\"><figure class=\"alignright size-full\"><a href=\"https:\/\/i1.wp.com\/www.presstourism.ch\/wp-content\/uploads\/2013\/11\/Abherv\u00e9.jpg\"><img loading=\"lazy\" width=\"114\" height=\"169\" src=\"https:\/\/i1.wp.com\/www.presstourism.ch\/wp-content\/uploads\/2013\/11\/Abherv\u00e9.jpg?resize=114%2C169\" alt=\"\" class=\"wp-image-25\" data-recalc-dims=\"1\"\/><\/a><\/figure><\/div>\n<\/div>\n\n\n\n<div class=\"wp-block-column\" style=\"flex-basis:66.66%\">\n<h2>ABHERVE, Kathereen<\/h2>\n\n\n\n<pre class=\"wp-block-preformatted\">Rue Louis Curval 14, 1206 Gen\u00e8ve                                                  T\u00e9l. 022 346 17 70, mobile 079 219 75 74                                        Email: <a href=\"mailto:k.abherve@geneveopera.ch\">k.abherve@geneveopera.ch<\/a>                                          Fonction: P\u00e9dagogue \/journaliste                                                M\u00e9dia: Sc\u00e8nes Magazine                                                          Langues: Fran\u00e7ais, anglais<\/pre>\n<\/div>\n<\/div>\n\n\n\n<hr class=\"wp-block-separator\"\/>\n\n\n\n<div class=\"wp-block-columns\">\n<div class=\"wp-block-column\" style=\"flex-basis:33.33%\"><\/div>\n\n\n\n<div class=\"wp-block-column\" style=\"flex-basis:66.66%\">\n<h2>BURSIK, Primo<\/h2>\n\n\n\n<pre class=\"wp-block-preformatted\">Rue des Mogets 221, F-74140 Loisin   \nEmail: <a href=\"mailto:primo.bursik@orange.fr\">primo.bursik@orange.fr<\/a><\/pre>\n<\/div>\n<\/div>\n\n\n\n<hr class=\"wp-block-separator\"\/>\n\n\n\n<div class=\"wp-block-columns\">\n<div class=\"wp-block-column\" style=\"flex-basis:33.33%\">\n<div class=\"wp-block-image\"><figure class=\"alignright size-full\"><a href=\"https:\/\/i1.wp.com\/www.presstourism.ch\/wp-content\/uploads\/2023\/02\/veronique_coppey-1.jpg\"><img loading=\"lazy\" width=\"118\" height=\"155\" src=\"https:\/\/i1.wp.com\/www.presstourism.ch\/wp-content\/uploads\/2023\/02\/veronique_coppey-1.jpg?resize=118%2C155\" alt=\"\" class=\"wp-image-8700\" data-recalc-dims=\"1\"\/><\/a><\/figure><\/div>\n<\/div>\n\n\n\n<div class=\"wp-block-column\" style=\"flex-basis:66.66%\">\n<h2>COPPEY, V\u00e9ronique<\/h2>\n\n\n\n<pre class=\"wp-block-preformatted\">Av. du Midi 19, 1820 Montreux                                                          T\u00e9l. 079 213 85 56, fax 021 535 10 36                                          Email: <a href=\"mailto:verocoppey@gmail.com\">verocoppey@gmail.com<\/a>                                                   Fonction: Sp\u00e9cialiste RP                                                              M\u00e9dia: Vision                                                                               Langues: Fran\u00e7ais, anglais, allemand<\/pre>\n<\/div>\n<\/div>\n\n\n\n<hr class=\"wp-block-separator\"\/>\n\n\n\n<div class=\"wp-block-columns\">\n<div class=\"wp-block-column\" style=\"flex-basis:33.33%\">\n<div class=\"wp-block-image\"><figure class=\"alignright size-full\"><a href=\"https:\/\/i0.wp.com\/www.presstourism.ch\/wp-content\/uploads\/2016\/02\/Ender-Jones-barbara-e1716553731537.jpg\"><img loading=\"lazy\" width=\"100\" height=\"150\" src=\"https:\/\/i0.wp.com\/www.presstourism.ch\/wp-content\/uploads\/2016\/02\/Ender-Jones-barbara-e1716553731537.jpg?resize=100%2C150\" alt=\"\" class=\"wp-image-2372\" data-recalc-dims=\"1\"\/><\/a><\/figure><\/div>\n\n\n\n<p><\/p>\n<\/div>\n\n\n\n<div class=\"wp-block-column\" style=\"flex-basis:66.66%\">\n<h2>ENDER, Barbara<\/h2>\n\n\n\n<pre class=\"wp-block-preformatted\">Ch. des Sauges 18, 1018 Lausanne          T\u00e9l. mobile: 079 917 33 65                        Email: <a href=\"mailto:barbara.ender.jones@gmail.com\">barbara.ender.jones@gmail.com<\/a>      Fonction: R\u00e9dactrice, traductrice, photographe                                           Langues: Anglais, fran\u00e7ais<\/pre>\n<\/div>\n<\/div>\n\n\n\n<hr class=\"wp-block-separator\"\/>\n\n\n\n<div class=\"wp-block-columns\">\n<div class=\"wp-block-column\" style=\"flex-basis:33.33%\">\n<div class=\"wp-block-image\"><figure class=\"alignright size-full\"><a href=\"https:\/\/i0.wp.com\/www.presstourism.ch\/wp-content\/uploads\/2023\/02\/patrick_galan-2.jpg\"><img loading=\"lazy\" width=\"124\" height=\"155\" src=\"https:\/\/i0.wp.com\/www.presstourism.ch\/wp-content\/uploads\/2023\/02\/patrick_galan-2.jpg?resize=124%2C155\" alt=\"\" class=\"wp-image-8818\" data-recalc-dims=\"1\"\/><\/a><\/figure><\/div>\n<\/div>\n\n\n\n<div class=\"wp-block-column\" style=\"flex-basis:66.66%\">\n<h2>GALAN, Patrick<\/h2>\n\n\n\n<pre class=\"wp-block-preformatted\">c\/o Traveling Press                                       6, impasse Clos de Tessy                            F-74370 Metz-Tessy (France)                      Mobile: +33 607 048 766                            Email: <a href=\"mailto:patrickgalan@wanadoo.fr\">patrickgalan@wanadoo.fr<\/a>               Internet: <a href=\"http:\/\/www.patrickgalan.com\">www.patrickgalan.com <\/a>                   Fonction. Reporter-photographe, \u00e9crivain    M\u00e9dias: Trajectoire (CH), Guide gastronomique Hubert (F), Touristica International (Canada)                            Langues: Fran\u00e7ais, anglais, italien<\/pre>\n<\/div>\n<\/div>\n\n\n\n<hr class=\"wp-block-separator\"\/>\n\n\n\n<div class=\"wp-block-columns\">\n<div class=\"wp-block-column\" style=\"flex-basis:33.33%\">\n<div class=\"wp-block-image\"><figure class=\"alignright size-full\"><a href=\"https:\/\/i1.wp.com\/www.presstourism.ch\/wp-content\/uploads\/2023\/02\/Jean-Claude-Gigon-4.jpg\"><img loading=\"lazy\" width=\"127\" height=\"153\" src=\"https:\/\/i1.wp.com\/www.presstourism.ch\/wp-content\/uploads\/2023\/02\/Jean-Claude-Gigon-4.jpg?resize=127%2C153\" alt=\"\" class=\"wp-image-8819\" data-recalc-dims=\"1\"\/><\/a><\/figure><\/div>\n<\/div>\n\n\n\n<div class=\"wp-block-column\" style=\"flex-basis:66.66%\">\n<h2>GIGON, Jean-Claude<\/h2>\n\n\n\n<pre class=\"wp-block-preformatted\">Ch. de la Damataire 2, 1009 Pully               T\u00e9l. mobile: 079 435 00 00                      Email: <a href=\"mailto:jcgigon@bluewin.ch\">jcgigon@bluewin.ch<\/a>                   Internet: <a href=\"http:\/\/www.voxinox.ch\">www.voxinox.ch<\/a>                      Fonction: Producteur, journaliste           M\u00e9dias: TV moZa\u00efc, Max TV                    Langue: Fran\u00e7ais <\/pre>\n<\/div>\n<\/div>\n\n\n\n<hr class=\"wp-block-separator\"\/>\n\n\n\n<div class=\"wp-block-columns\">\n<div class=\"wp-block-column\" style=\"flex-basis:33.33%\">\n<div class=\"wp-block-image\"><figure class=\"alignright size-full\"><a href=\"https:\/\/i2.wp.com\/www.presstourism.ch\/wp-content\/uploads\/2023\/02\/HINTERMANN-Rodolphe.jpg\"><img loading=\"lazy\" width=\"111\" height=\"155\" src=\"https:\/\/i2.wp.com\/www.presstourism.ch\/wp-content\/uploads\/2023\/02\/HINTERMANN-Rodolphe.jpg?resize=111%2C155\" alt=\"\" class=\"wp-image-8804\" data-recalc-dims=\"1\"\/><\/a><\/figure><\/div>\n<\/div>\n\n\n\n<div class=\"wp-block-column\" style=\"flex-basis:66.66%\">\n<h2>HINTERMANN, Rodolphe<\/h2>\n\n\n\n<pre class=\"wp-block-preformatted\">35 chemin de Grange-Canal,1223 Cologny T\u00e9l.\/fax 022 736 84 37 Email: <a href=\"mailto:rodomoni@bluewin.ch\">rodomoni@bluewin.ch<\/a>  Fonction: Consultant tourisme  Langues: Fran\u00e7ais, allemand, anglais, espagnol<\/pre>\n<\/div>\n<\/div>\n\n\n\n<hr class=\"wp-block-separator\"\/>\n\n\n\n<div class=\"wp-block-columns\">\n<div class=\"wp-block-column\" style=\"flex-basis:33.33%\">\n<div class=\"wp-block-image\"><figure class=\"alignright size-full\"><a href=\"https:\/\/i0.wp.com\/www.presstourism.ch\/wp-content\/uploads\/2023\/02\/MichelLoutenbach.jpg\"><img loading=\"lazy\" width=\"119\" height=\"155\" src=\"https:\/\/i0.wp.com\/www.presstourism.ch\/wp-content\/uploads\/2023\/02\/MichelLoutenbach.jpg?resize=119%2C155\" alt=\"\" class=\"wp-image-8806\" data-recalc-dims=\"1\"\/><\/a><\/figure><\/div>\n<\/div>\n\n\n\n<div class=\"wp-block-column\" style=\"flex-basis:66.66%\">\n<h2>LOUTENBACH, Michel<\/h2>\n\n\n\n<pre class=\"wp-block-preformatted\">41, Route de l'Avenire, 3963 Crans-Montana\nT\u00e9l. mobile: 079 328 66 20\nEmail: <a href=\"mailto:michel0007mlo@icloud.com\">michel0007mlo@icloud.com<\/a> \nFonction: Journaliste cin\u00e9aste\nM\u00e9dia: TV grands reportages \nLangues: Fran\u00e7ais, anglais,allemand, connaissances en mandarin, malais, Thai et japonais<\/pre>\n<\/div>\n<\/div>\n\n\n\n<hr class=\"wp-block-separator is-style-default\"\/>\n\n\n\n<div class=\"wp-block-columns\">\n<div class=\"wp-block-column\" style=\"flex-basis:33.33%\">\n<div class=\"wp-block-image\"><figure class=\"alignright size-full\"><a href=\"https:\/\/i2.wp.com\/www.presstourism.ch\/wp-content\/uploads\/2023\/02\/francoisMamin.jpg\"><img loading=\"lazy\" width=\"118\" height=\"155\" src=\"https:\/\/i2.wp.com\/www.presstourism.ch\/wp-content\/uploads\/2023\/02\/francoisMamin.jpg?resize=118%2C155\" alt=\"\" class=\"wp-image-8807\" data-recalc-dims=\"1\"\/><\/a><\/figure><\/div>\n<\/div>\n\n\n\n<div class=\"wp-block-column\" style=\"flex-basis:66.66%\">\n<h2>MAMIN, Fran\u00e7ois<\/h2>\n\n\n\n<pre class=\"wp-block-preformatted\">11, rue du Ch\u00e2teau,1958 St L\u00e9onard\nT\u00e9l. mobile: 079 408 78 76\nEmail: <a href=\"mailto:francoismamin@netplus.ch\">francoismamin@netplus.ch<\/a> \nFonction: Photographe de presse \nM\u00e9dia: Le Nouvelliste\nLangue: Fran\u00e7ais<\/pre>\n<\/div>\n<\/div>\n\n\n\n<hr class=\"wp-block-separator\"\/>\n\n\n\n<div class=\"wp-block-columns\">\n<div class=\"wp-block-column\" style=\"flex-basis:33.33%\">\n<div class=\"wp-block-image\"><figure class=\"alignright size-full\"><a href=\"https:\/\/i0.wp.com\/www.presstourism.ch\/wp-content\/uploads\/2023\/02\/ClaudeMarpaud-2.jpg\"><img loading=\"lazy\" width=\"103\" height=\"155\" src=\"https:\/\/i0.wp.com\/www.presstourism.ch\/wp-content\/uploads\/2023\/02\/ClaudeMarpaud-2.jpg?resize=103%2C155\" alt=\"\" class=\"wp-image-8784\" data-recalc-dims=\"1\"\/><\/a><\/figure><\/div>\n<\/div>\n\n\n\n<div class=\"wp-block-column\" style=\"flex-basis:66.66%\">\n<h2>MARPAUD, Claude<\/h2>\n\n\n\n<pre class=\"wp-block-preformatted\">Case postale 112, 1255 Veyrier                                  T\u00e9l. 022 820 27 27, fax 022 820 29 29       T\u00e9l. mobile 079 626 27 27                           Email: <a href=\"mailto:cm@cig-art.ch\">cm@cig-art.ch<\/a>                                Fonction: Editeur, r\u00e9dacteur en chef         M\u00e9dia: Cig'Art Magazine                            Langues: Fran\u00e7ais, anglais, allemand<\/pre>\n<\/div>\n<\/div>\n\n\n\n<hr class=\"wp-block-separator\"\/>\n\n\n\n<div class=\"wp-block-columns\">\n<div class=\"wp-block-column\" style=\"flex-basis:33.33%\">\n<div class=\"wp-block-image\"><figure class=\"alignright size-full\"><a href=\"https:\/\/i1.wp.com\/www.presstourism.ch\/wp-content\/uploads\/2023\/02\/MargueriteMartignoli.jpg\"><img loading=\"lazy\" width=\"120\" height=\"155\" src=\"https:\/\/i1.wp.com\/www.presstourism.ch\/wp-content\/uploads\/2023\/02\/MargueriteMartignoli.jpg?resize=120%2C155\" alt=\"\" class=\"wp-image-8808\" data-recalc-dims=\"1\"\/><\/a><\/figure><\/div>\n<\/div>\n\n\n\n<div class=\"wp-block-column is-vertically-aligned-top\" style=\"flex-basis:66.66%\">\n<h2>MARTINOLI, Marguerite<\/h2>\n\n\n\n<pre class=\"wp-block-preformatted\">Agence Scoop\nLa Vigne D, 1898 Saint-Gingolph\nT\u00e9l. 024 481 69 29\nEmail: <a href=\"mailto:mmartinoli@multizoom.com\">mmartinoli@multizoom.com<\/a> \nInternet: www.multizoom.com \nFonction: reporter photographe ind\u00e9pendante\nM\u00e9dias: divers\nLangue: Fran\u00e7ais<\/pre>\n<\/div>\n<\/div>\n\n\n\n<hr class=\"wp-block-separator\"\/>\n\n\n\n<div class=\"wp-block-columns\">\n<div class=\"wp-block-column\" style=\"flex-basis:33.33%\">\n<div class=\"wp-block-image\"><figure class=\"alignright size-full\"><a href=\"https:\/\/i0.wp.com\/www.presstourism.ch\/wp-content\/uploads\/2023\/02\/SabineMe\u0301rinat.jpg\"><img loading=\"lazy\" width=\"103\" height=\"155\" src=\"https:\/\/i0.wp.com\/www.presstourism.ch\/wp-content\/uploads\/2023\/02\/SabineMe\u0301rinat.jpg?resize=103%2C155\" alt=\"\" class=\"wp-image-8809\" data-recalc-dims=\"1\"\/><\/a><\/figure><\/div>\n<\/div>\n\n\n\n<div class=\"wp-block-column\" style=\"flex-basis:66.66%\">\n<h2>MERINAT, Sabine<\/h2>\n\n\n\n<pre class=\"wp-block-preformatted\">Rte de Chaulin 54, 1832 Chamby\nT\u00e9l. 021 964 33 04, Fax 021 964 75 41 \nEmail: <a href=\"mailto:sabine.merinat@vd.ch\">sabine.merinat@vd.ch<\/a> \nFonction: Journaliste freelance \nLangue: Fran\u00e7ais<\/pre>\n<\/div>\n<\/div>\n\n\n\n<hr class=\"wp-block-separator\"\/>\n\n\n\n<div class=\"wp-block-columns\">\n<div class=\"wp-block-column\" style=\"flex-basis:33.33%\">\n<div class=\"wp-block-image\"><figure class=\"alignright size-full\"><a href=\"https:\/\/i0.wp.com\/www.presstourism.ch\/wp-content\/uploads\/2023\/02\/HubertPinier.jpg\"><img loading=\"lazy\" width=\"124\" height=\"155\" src=\"https:\/\/i0.wp.com\/www.presstourism.ch\/wp-content\/uploads\/2023\/02\/HubertPinier.jpg?resize=124%2C155\" alt=\"\" class=\"wp-image-8810\" data-recalc-dims=\"1\"\/><\/a><\/figure><\/div>\n<\/div>\n\n\n\n<div class=\"wp-block-column\" style=\"flex-basis:66.66%\">\n<h2>PINIER, Hubert<\/h2>\n\n\n\n<pre class=\"wp-block-preformatted\">92, ch. de Bargougny,Cedex 38,\nF-01280 Pr\u00e9vessin (France)\nT\u00e9l. +33 450 42 94 13, fax 450 42 94 13, mobile: 079 220 05 70\nEmail: <a href=\"mailto:hubert.pinier@gmail.com\">hubert.pinier@gmail.com<\/a> \nFonction: Correspondant \nLangue: Fran\u00e7ais<\/pre>\n<\/div>\n<\/div>\n\n\n\n<hr class=\"wp-block-separator\"\/>\n\n\n\n<hr class=\"wp-block-separator\"\/>\n","protected":false},"excerpt":{"rendered":"<p>ABHERVE, Kathereen Rue Louis Curval 14, 1206 Gen\u00e8ve T\u00e9l. 022 346 17 70, mobile 079 219 75 74 Email: k.abherve@geneveopera.ch Fonction: P\u00e9dagogue \/journaliste M\u00e9dia: Sc\u00e8nes Magazine Langues: Fran\u00e7ais, anglais BURSIK, Primo Rue des Mogets 221, F-74140 Loisin Email: primo.bursik@orange.fr COPPEY, &hellip; <a href=\"http:\/\/www.presstourism.ch\/?page_id=8803\">Continuer la lecture <span class=\"meta-nav\">&rarr;<\/span><\/a><\/p>\n","protected":false},"author":1540,"featured_media":0,"parent":78,"menu_order":0,"comment_status":"closed","ping_status":"closed","template":"","meta":{"ngg_post_thumbnail":0,"spay_email":""},"jetpack_sharing_enabled":true,"jetpack_shortlink":"https:\/\/wp.me\/P468TV-2hZ","_links":{"self":[{"href":"http:\/\/www.presstourism.ch\/index.php?rest_route=\/wp\/v2\/pages\/8803"}],"collection":[{"href":"http:\/\/www.presstourism.ch\/index.php?rest_route=\/wp\/v2\/pages"}],"about":[{"href":"http:\/\/www.presstourism.ch\/index.php?rest_route=\/wp\/v2\/types\/page"}],"author":[{"embeddable":true,"href":"http:\/\/www.presstourism.ch\/index.php?rest_route=\/wp\/v2\/users\/1540"}],"replies":[{"embeddable":true,"href":"http:\/\/www.presstourism.ch\/index.php?rest_route=%2Fwp%2Fv2%2Fcomments&post=8803"}],"version-history":[{"count":8,"href":"http:\/\/www.presstourism.ch\/index.php?rest_route=\/wp\/v2\/pages\/8803\/revisions"}],"predecessor-version":[{"id":9487,"href":"http:\/\/www.presstourism.ch\/index.php?rest_route=\/wp\/v2\/pages\/8803\/revisions\/9487"}],"up":[{"embeddable":true,"href":"http:\/\/www.presstourism.ch\/index.php?rest_route=\/wp\/v2\/pages\/78"}],"wp:attachment":[{"href":"http:\/\/www.presstourism.ch\/index.php?rest_route=%2Fwp%2Fv2%2Fmedia&parent=8803"}],"curies":[{"name":"wp","href":"https:\/\/api.w.org\/{rel}","templated":true}]}}