{"id":872,"date":"2014-06-03T17:33:50","date_gmt":"2014-06-03T16:33:50","guid":{"rendered":"http:\/\/www.presstourism.ch\/WP_ALEX\/?page_id=872"},"modified":"2014-06-03T17:33:50","modified_gmt":"2014-06-03T16:33:50","slug":"2014-croatie","status":"publish","type":"page","link":"http:\/\/www.presstourism.ch\/?page_id=872","title":{"rendered":"2014 Croatie"},"content":{"rendered":"<p>Assembl\u00e9e G\u00e9n\u00e9rale ordinaire Presstourism.ch en Croatie du 15 au 18 mai 2014<\/p>\n<p>Itin\u00e9raire provisoire<\/p>\n<p><strong>Jeudi 15 mai 2014.<\/strong><\/p>\n<p>10h00 :Rendez-vous devant les guichets d\u2019enregistrement de Croatia Airlines au terminal 1 de l\u2019a\u00e9roport de Zurich Kloten et formalit\u00e9s d\u2019enregistrement. Embarquement \u00e0 bord du vol OU 461.<\/p>\n<p>11.45. D\u00e9collage \u00e0 destination de Zagreb.<\/p>\n<p>13h05. Arriv\u00e9e \u00e0 Zagreb.<\/p>\n<p>16h05. En-cas \u00e0 l\u2019Humska Konoba de Hum<\/p>\n<p>18h00 D\u00e9part pour Umag. Check-in \u00e0 l\u2019h\u00f4tel. Drink de bienvenue et installation.<\/p>\n<p>Repas du soir \u00e0 l\u2019h\u00f4tel<\/p>\n<p><strong>Vendredi 16 mai\u00a0: <\/strong><\/p>\n<p>08h00 petit-d\u00e9jeuner \u00e0 l\u2019h\u00f4tel<\/p>\n<p>08h30 r\u00e9union de comit\u00e9<\/p>\n<p>09h00 Assembl\u00e9e g\u00e9n\u00e9rale de Presstourism.ch<\/p>\n<p>10h30. Pause-caf\u00e9<\/p>\n<p>12h30 D\u00e9part pour le ch\u00e2teau d\u2019Umag Stari<\/p>\n<p>13h00 Repas de midi au ch\u00e2teau restaurant du ch\u00e2teau d\u2019Umag Stari<\/p>\n<p>15h00 D\u00e9part pour Porec<\/p>\n<p>16h00 parcours en bateau Porec-Vrsar-Canal de Limski-archipel de Rovinj<\/p>\n<p>18h00 Tour de ville de Rovinj<\/p>\n<p>20h00 D\u00eener au restaurant Masera<\/p>\n<p>22h30 Retour \u00e0 l\u2019h\u00f4tel d\u2019Umag<\/p>\n<p><strong>Samedi 17 mai\u00a0:<\/strong><\/p>\n<p>08h30 d\u00e9part pour Paladini et Motovun.<\/p>\n<p>09h00 Petit d\u00e9jeuner au domaine Karlic \u00e0 Paladini<\/p>\n<p>10h30. Chasse \u00e0 la truffe avec la famille Karlic<\/p>\n<p>12h00 Visite des villes de Motovun et Groznjan (selon le temps disponible)<\/p>\n<p>13h00 Repas avec menu de truffes \u00e0 Zigante.<\/p>\n<p>15h00 Visite d\u2019un pressoir d\u2019huile d\u2019olive \u00e0 Ipsa.<\/p>\n<p>17h00 Visite d\u2019un vignoble \u00e0 Cattunar<\/p>\n<p>18h30 Retour \u00e0 l\u2019h\u00f4tel<\/p>\n<p>Animation musicale<\/p>\n<p>20h30 Diner \u00e0 l\u2019h\u00f4tel<\/p>\n<p><strong>Dimanche 18 mai\u00a0:<\/strong><\/p>\n<p>09h00 Petit-d\u00e9jeuner \u00e0 l\u2019h\u00f4tel<\/p>\n<p>Temps libre<\/p>\n<p>12h00. Check-out<\/p>\n<p>12h15 D\u00e9part pour l\u2019a\u00e9roport de Zagreb<\/p>\n<p>Check-in<\/p>\n<p>17h45. D\u00e9collage pour Zurich<\/p>\n<p>19h20. Arriv\u00e9e \u00e0 Zurich<\/p>\n<p>&nbsp;<\/p>\n","protected":false},"excerpt":{"rendered":"<p>Assembl\u00e9e G\u00e9n\u00e9rale ordinaire Presstourism.ch en Croatie du 15 au 18 mai 2014 Itin\u00e9raire provisoire Jeudi 15 mai 2014. 10h00 :Rendez-vous devant les guichets d\u2019enregistrement de Croatia Airlines au terminal 1 de l\u2019a\u00e9roport de Zurich Kloten et formalit\u00e9s d\u2019enregistrement. Embarquement \u00e0 &hellip; <a href=\"http:\/\/www.presstourism.ch\/?page_id=872\">Continuer la lecture <span class=\"meta-nav\">&rarr;<\/span><\/a><\/p>\n","protected":false},"author":1,"featured_media":0,"parent":242,"menu_order":0,"comment_status":"open","ping_status":"open","template":"","meta":{"ngg_post_thumbnail":0,"spay_email":""},"jetpack_sharing_enabled":true,"jetpack_shortlink":"https:\/\/wp.me\/P468TV-e4","_links":{"self":[{"href":"http:\/\/www.presstourism.ch\/index.php?rest_route=\/wp\/v2\/pages\/872"}],"collection":[{"href":"http:\/\/www.presstourism.ch\/index.php?rest_route=\/wp\/v2\/pages"}],"about":[{"href":"http:\/\/www.presstourism.ch\/index.php?rest_route=\/wp\/v2\/types\/page"}],"author":[{"embeddable":true,"href":"http:\/\/www.presstourism.ch\/index.php?rest_route=\/wp\/v2\/users\/1"}],"replies":[{"embeddable":true,"href":"http:\/\/www.presstourism.ch\/index.php?rest_route=%2Fwp%2Fv2%2Fcomments&post=872"}],"version-history":[{"count":1,"href":"http:\/\/www.presstourism.ch\/index.php?rest_route=\/wp\/v2\/pages\/872\/revisions"}],"predecessor-version":[{"id":873,"href":"http:\/\/www.presstourism.ch\/index.php?rest_route=\/wp\/v2\/pages\/872\/revisions\/873"}],"up":[{"embeddable":true,"href":"http:\/\/www.presstourism.ch\/index.php?rest_route=\/wp\/v2\/pages\/242"}],"wp:attachment":[{"href":"http:\/\/www.presstourism.ch\/index.php?rest_route=%2Fwp%2Fv2%2Fmedia&parent=872"}],"curies":[{"name":"wp","href":"https:\/\/api.w.org\/{rel}","templated":true}]}}