{"id":87,"date":"2013-11-14T12:24:27","date_gmt":"2013-11-14T11:24:27","guid":{"rendered":"http:\/\/www.presstourism.ch\/WP_ALEX\/?page_id=87"},"modified":"2024-10-17T23:07:42","modified_gmt":"2024-10-17T21:07:42","slug":"blanc-gerard","status":"publish","type":"page","link":"http:\/\/www.presstourism.ch\/?page_id=87","title":{"rendered":"Blanc G\u00e9rard"},"content":{"rendered":"\n<figure class=\"wp-block-image size-full\"><a href=\"https:\/\/i2.wp.com\/www.presstourism.ch\/wp-content\/uploads\/2023\/02\/gerard_blanc_bis.jpg\"><img loading=\"lazy\" width=\"114\" height=\"155\" src=\"https:\/\/i2.wp.com\/www.presstourism.ch\/wp-content\/uploads\/2023\/02\/gerard_blanc_bis.jpg?resize=114%2C155\" alt=\"\" class=\"wp-image-8698\" data-recalc-dims=\"1\"\/><\/a><figcaption>G\u00e9rard Blanc<\/figcaption><\/figure>\n\n\n<p>Site principal: <a href=\"http:\/\/www.travelmarket.ch\/\">www.jepars.ch<\/a><\/p>\n<p><strong>Quelques publications:<\/strong><\/p>\n<p><a href=\"http:\/\/www.jepars.ch\/magazine\/?p=4589\">La beaut\u00e9 simple des Pouilles<\/a><\/p>\n<p><a href=\"http:\/\/www.jepars.ch\/magazine\/?p=15842\">Ogrove en Galice&nbsp;: tout sur la mer<\/a><\/p>\n<p><a href=\"http:\/\/www.jepars.ch\/magazine\/?p=15300\">Cours de cuisine thaie<\/a><\/p>\n<p><a href=\"http:\/\/www.jepars.ch\/magazine\/?p=15182\">La vierge d\u2019Almudena, une f\u00eate religieuse \u00e0 Cuzco<\/a><\/p>\n<p><a href=\"http:\/\/www.jepars.ch\/magazine\/?p=15019\">Stettin, chef-lieu de la Pom\u00e9ranie occidentale<\/a><\/p>\n<p><a href=\"http:\/\/www.jepars.ch\/magazine\/?p=12497\">Cluj : La plus studieuse \u00e0 l\u2019ouest de la Roumanie<\/a><\/p>\n<p><a href=\"http:\/\/www.jepars.ch\/magazine\/?p=19779\">Sligo ou l&rsquo;Irlande fan de Yeats<\/a><\/p>\n<p><a href=\"http:\/\/www.jepars.ch\/magazine\/?p=11251\">Victoria Falls : Les fureurs du Zamb\u00e8ze<\/a><\/p>\n<p><a href=\"http:\/\/www.jepars.ch\/magazine\/?p=4022\">Vacances en bateaux habitables : Infos pratiques<\/a><\/p>\n<p><a href=\"http:\/\/www.jepars.ch\/magazine\/?p=19547\">Faillites de compagnies a\u00e9riennes : Le bout du tunnel vers un fonds de garantie ?<\/a><\/p>\n<p><a href=\"http:\/\/www.jepars.ch\/magazine\/?p=19469\">La Slov\u00e9nie, de Ptuj \u00e0 Jeruzalem<\/a><\/p>\n<p class=\"art-postheader\"><a title=\"Lien permanent vers La Cr\u00e8te entre douceur de vivre et longue histoire\" href=\"http:\/\/www.jepars.ch\/magazine\/?p=12218\" rel=\"bookmark\">La Cr\u00e8te entre douceur de vivre et longue histoire <\/a><\/p>\n<p class=\"art-postheader\"><a title=\"Lien permanent vers Les Parcs naturels : Le parc de Ao Phang Nga et la mer d\u2019Andaman en Tha\u00eflande\" href=\"http:\/\/www.jepars.ch\/magazine\/?p=12193\" rel=\"bookmark\">Le parc de Ao Phang Nga et la mer d\u2019Andaman<\/a><\/p>\n<p><a href=\"http:\/\/www.jepars.ch\/magazine\/?p=10595\">Santorin. perle de l&rsquo;Eg\u00e9e<\/a><\/p>\n<p class=\"art-postheader\"><a title=\"Lien permanent vers Islande : Un cercle d\u2019or de mille feux\" href=\"http:\/\/www.jepars.ch\/magazine\/?p=10574\" rel=\"bookmark\">Islande : Un cercle d\u2019or de mille feux <\/a><\/p>\n<p><a href=\"http:\/\/www.jepars.ch\/magazine\/?p=7622\">Gen\u00e8ve des contes et l\u00e9gendes<\/a><\/p>\n<p><a href=\"http:\/\/www.jepars.ch\/magazine\/?s=valises&amp;search=Recherche\">Valises<\/a><\/p>\n<p><a href=\"http:\/\/www.jepars.ch\/magazine\/?s=Alentejo&amp;search=Recherche\">Alentejo<\/a><\/p>\n<p><a href=\"http:\/\/www.jepars.ch\/magazine\/?s=choisir+son+billet&amp;search=Recherche\">Choisir son billet <\/a><\/p>\n<p><a href=\"http:\/\/sb4-1.infomaniak.ch\/sites\/c4\/c493c95f91125629724acfd1fee9774f\/attachments\/File\/AD_Nouveaux_20120806\/BlancIran_Je_pars_23.pdf\">Iran \/ Farsis<br><\/a><br><a href=\"http:\/\/sb4-1.infomaniak.ch\/sites\/c4\/c493c95f91125629724acfd1fee9774f\/attachments\/File\/AD_Rappels\/BlancJordanie.pdf\">Jordanie, la route de la foi<\/a><\/p>\n<p><a href=\"http:\/\/sb4-1.infomaniak.ch\/sites\/c4\/c493c95f91125629724acfd1fee9774f\/attachments\/File\/AD_Rappels\/BlancSaumon.pdf\">Le saumon en Irlande<\/a><\/p>\n<p><a href=\"http:\/\/sb4-1.infomaniak.ch\/sites\/c4\/c493c95f91125629724acfd1fee9774f\/attachments\/File\/AD_Nouveaux_20120806\/BlancLivreBlanc.pdf\">Livre blanc<br><\/a><br><a href=\"http:\/\/sb4-1.infomaniak.ch\/sites\/c4\/c493c95f91125629724acfd1fee9774f\/attachments\/File\/AD_Rappels\/BlancKuala_Lumpur.pdf\">Malaisie, Kuala Lumpur<\/a><\/p>\n<p><a href=\"http:\/\/www.jepars.ch\/magazine\/?p=3831\">Art nouveau \u00e0 Bruxelles<\/a><\/p>\n<p><a href=\"http:\/\/www.jepars.ch\/magazine\/?p=6770\">Tunisie&nbsp;:&nbsp; Quel tourisme aujourd\u2019hui ?<\/a><\/p>\n<p><a href=\"http:\/\/www.jepars.ch\/magazine\/?p=6735\">Un toit pour les vacances<\/a><\/p>\n<p><a href=\"http:\/\/www.jepars.ch\/magazine\/?p=6774\">Chypre, le dialogue Nord-Sud<\/a><\/p>\n<p><a href=\"http:\/\/www.jepars.ch\/magazine\/?p=6760\">Faire ou ne pas faire \u00e0 Cuba<\/a><\/p>\n<p><a href=\"http:\/\/www.jepars.ch\/magazine\/?p=1231\">Umea, au pays du soleil de minuit<\/a><\/p>\n<p><a href=\"http:\/\/www.jepars.ch\/magazine\/?p=6255\">Se marier sous les tropiques<\/a><\/p>\n<p><a href=\"http:\/\/www.jepars.ch\/magazine\/?p=6244\">Plong\u00e9e sous-marine&nbsp;: L\u2019embarras du choix<\/a><\/p>\n<p><a href=\"http:\/\/www.jepars.ch\/magazine\/?p=6363\">Du calme, messieurs les constructeurs<\/a><\/p>\n<p><a href=\"http:\/\/www.jepars.ch\/magazine\/?p=6209\">C\u2019est vous qui savez<\/a><\/p>\n<p><a href=\"http:\/\/www.jepars.ch\/magazine\/?p=6231\">Les Ethiopiens du nord<\/a><\/p>\n<p><a href=\"http:\/\/www.jepars.ch\/magazine\/?p=6121\">Transport a\u00e9rien: quelle mutation ?<\/a><\/p>\n<p><a href=\"http:\/\/www.jepars.ch\/magazine\/?p=5776\">Faire ou ne pas faire aux USA<\/a><\/p>\n<p><a href=\"http:\/\/www.jepars.ch\/magazine\/?p=5779\">Antioche, Gaziantep, Urfa&nbsp;: l\u2019histoire ancienne de l\u2019est de la Turquie<\/a><\/p>\n<p><a href=\"http:\/\/www.jepars.ch\/magazine\/?p=5728\">Les suites du \u00ab&nbsp;grounding&nbsp;\u00bb de Qantas<\/a><\/p>\n<p><a href=\"http:\/\/www.jepars.ch\/magazine\/?p=5141\">Bien pr\u00e9parer son retour de vacances<\/a><\/p>\n<p><a href=\"http:\/\/www.jepars.ch\/magazine\/?p=5147\">Faire ou ne pas faire au Vietnam<\/a><\/p>\n<p><a href=\"http:\/\/www.jepars.ch\/magazine\/?p=4653\">L\u2019Ethiopie chr\u00e9tienne&nbsp;: mystique Abyssinie des hauts plateaux<\/a><\/p>\n<p><a href=\"http:\/\/www.jepars.ch\/magazine\/?p=6740\">La vie anim\u00e9e des parcs d\u2019attraction<\/a><\/p>\n<p><a href=\"http:\/\/www.jepars.ch\/magazine\/?p=6740\"><br><\/a><b>BLANC, G\u00e9rard<\/b><br>Gefic Presse<br>9 rue Pichard<br>1003 Lausanne<br>T\u00e9l. 021 351 00 61, fax 021 351 17 94<br>Internet: <a href=\"http:\/\/www.travelmarket.ch\/\">www.jepars.ch<\/a><br>Email: <a href=\"mailto:gefic@bluewin.ch\">gefic@bluewin.ch<\/a><br>Fonction: Editeur\/R\u00e9dacteur en chef RP<br>M\u00e9dias: Je pars, G\u00e9n\u00e9rations, Echo Magazine, Travel Inside<br>Langues: Fran\u00e7ais, anglais, espagnol<\/p>","protected":false},"excerpt":{"rendered":"<p>Site principal: www.jepars.ch Quelques publications: La beaut\u00e9 simple des Pouilles Ogrove en Galice&nbsp;: tout sur la mer Cours de cuisine thaie La vierge d\u2019Almudena, une f\u00eate religieuse \u00e0 Cuzco Stettin, chef-lieu de la Pom\u00e9ranie occidentale Cluj : La plus studieuse &hellip; <a href=\"http:\/\/www.presstourism.ch\/?page_id=87\">Continuer la lecture <span class=\"meta-nav\">&rarr;<\/span><\/a><\/p>\n","protected":false},"author":1540,"featured_media":0,"parent":76,"menu_order":0,"comment_status":"open","ping_status":"open","template":"","meta":{"ngg_post_thumbnail":0,"spay_email":""},"jetpack_sharing_enabled":true,"jetpack_shortlink":"https:\/\/wp.me\/P468TV-1p","_links":{"self":[{"href":"http:\/\/www.presstourism.ch\/index.php?rest_route=\/wp\/v2\/pages\/87"}],"collection":[{"href":"http:\/\/www.presstourism.ch\/index.php?rest_route=\/wp\/v2\/pages"}],"about":[{"href":"http:\/\/www.presstourism.ch\/index.php?rest_route=\/wp\/v2\/types\/page"}],"author":[{"embeddable":true,"href":"http:\/\/www.presstourism.ch\/index.php?rest_route=\/wp\/v2\/users\/1540"}],"replies":[{"embeddable":true,"href":"http:\/\/www.presstourism.ch\/index.php?rest_route=%2Fwp%2Fv2%2Fcomments&post=87"}],"version-history":[{"count":20,"href":"http:\/\/www.presstourism.ch\/index.php?rest_route=\/wp\/v2\/pages\/87\/revisions"}],"predecessor-version":[{"id":9583,"href":"http:\/\/www.presstourism.ch\/index.php?rest_route=\/wp\/v2\/pages\/87\/revisions\/9583"}],"up":[{"embeddable":true,"href":"http:\/\/www.presstourism.ch\/index.php?rest_route=\/wp\/v2\/pages\/76"}],"wp:attachment":[{"href":"http:\/\/www.presstourism.ch\/index.php?rest_route=%2Fwp%2Fv2%2Fmedia&parent=87"}],"curies":[{"name":"wp","href":"https:\/\/api.w.org\/{rel}","templated":true}]}}