{"id":8661,"date":"2023-02-11T23:03:35","date_gmt":"2023-02-11T22:03:35","guid":{"rendered":"http:\/\/www.presstourism.ch\/WP_ALEX\/?page_id=8661"},"modified":"2023-02-12T19:22:43","modified_gmt":"2023-02-12T18:22:43","slug":"la-perle-du-desert-algerien","status":"publish","type":"page","link":"http:\/\/www.presstourism.ch\/?page_id=8661","title":{"rendered":"La perle du d\u00e9sert alg\u00e9rien"},"content":{"rendered":"\n<p>Texte et photos Roger Juillerat<\/p>\n\n\n\n<div class=\"wp-block-image\"><figure class=\"aligncenter size-full\"><a href=\"https:\/\/i2.wp.com\/www.presstourism.ch\/wp-content\/uploads\/2023\/02\/perledudesert1.png\"><img loading=\"lazy\" width=\"584\" height=\"438\" src=\"https:\/\/i2.wp.com\/www.presstourism.ch\/wp-content\/uploads\/2023\/02\/perledudesert1.png?resize=584%2C438\" alt=\"\" class=\"wp-image-8646\" srcset=\"https:\/\/i2.wp.com\/www.presstourism.ch\/wp-content\/uploads\/2023\/02\/perledudesert1.png?w=945 945w, https:\/\/i2.wp.com\/www.presstourism.ch\/wp-content\/uploads\/2023\/02\/perledudesert1.png?resize=300%2C225 300w, https:\/\/i2.wp.com\/www.presstourism.ch\/wp-content\/uploads\/2023\/02\/perledudesert1.png?resize=768%2C575 768w, https:\/\/i2.wp.com\/www.presstourism.ch\/wp-content\/uploads\/2023\/02\/perledudesert1.png?resize=600%2C450 600w, https:\/\/i2.wp.com\/www.presstourism.ch\/wp-content\/uploads\/2023\/02\/perledudesert1.png?resize=400%2C300 400w\" sizes=\"(max-width: 584px) 100vw, 584px\" data-recalc-dims=\"1\" \/><\/a><\/figure><\/div>\n\n\n\n<p><em>Le tourisme alg\u00e9rien reprend des couleurs \u00e0&nbsp;<strong>Gharda\u00efa.&nbsp;<\/strong>Le signe est \u00e9vident et bienvenu. En organisant en d\u00e9cembre dernier le&nbsp;<strong>Festival international du tourisme saharien (FITS)<\/strong>, l\u2019Alg\u00e9rie a d\u00e9montr\u00e9 qu\u2019elle \u00e9tait bel et bien d\u00e9cid\u00e9e \u00e0 s\u2019ouvrir de nouveau plus largement aux voyageurs du monde entier.&nbsp;<\/em><\/p>\n\n\n\n<div class=\"wp-block-image\"><figure class=\"aligncenter size-full\"><a href=\"https:\/\/i0.wp.com\/www.presstourism.ch\/wp-content\/uploads\/2023\/02\/perledudesert2.png\"><img loading=\"lazy\" width=\"584\" height=\"384\" src=\"https:\/\/i0.wp.com\/www.presstourism.ch\/wp-content\/uploads\/2023\/02\/perledudesert2.png?resize=584%2C384\" alt=\"\" class=\"wp-image-8647\" srcset=\"https:\/\/i0.wp.com\/www.presstourism.ch\/wp-content\/uploads\/2023\/02\/perledudesert2.png?w=945 945w, https:\/\/i0.wp.com\/www.presstourism.ch\/wp-content\/uploads\/2023\/02\/perledudesert2.png?resize=300%2C197 300w, https:\/\/i0.wp.com\/www.presstourism.ch\/wp-content\/uploads\/2023\/02\/perledudesert2.png?resize=768%2C505 768w, https:\/\/i0.wp.com\/www.presstourism.ch\/wp-content\/uploads\/2023\/02\/perledudesert2.png?resize=600%2C395 600w, https:\/\/i0.wp.com\/www.presstourism.ch\/wp-content\/uploads\/2023\/02\/perledudesert2.png?resize=456%2C300 456w\" sizes=\"(max-width: 584px) 100vw, 584px\" data-recalc-dims=\"1\" \/><\/a><figcaption>Gharda\u00efa, la porte du d\u00e9sert<\/figcaption><\/figure><\/div>\n\n\n\n<h2><strong>Un joyau<\/strong><\/h2>\n\n\n\n<p>C\u2019est la ville de&nbsp;<strong>Gharda\u00efa<\/strong>, surnomm\u00e9e \u00ab La perle du d\u00e9sert alg\u00e9rien \u00bb, qui a servi de cadre \u00e0 la cinqui\u00e8me \u00e9dition de ce Salon, annul\u00e9 durant les ann\u00e9es du Covid. \u00ab Il s\u2019inscrit dans le cadre de la promotion de notre produit touristique saharien, dont on veut faire une \u00e9pine dorsale de l\u2019\u00e9conomie du pays&nbsp;\u00bb&nbsp;a indiqu\u00e9&nbsp;<strong>Yacine Hamadi<\/strong>, le ministre du Tourisme et de l&rsquo;Artisanat, qui pr\u00e9sidait la c\u00e9r\u00e9monie d\u2019inauguration. \u00ab&nbsp;Nous avons en effet d\u00e9cid\u00e9 de promouvoir les nombreux attraits des portes du d\u00e9sert, dont Gharda\u00efa est l\u2019un des joyaux \u00bb, poursuit-il.<\/p>\n\n\n\n<p>Confirm\u00e9 pour les ann\u00e9es \u00e0 venir en d\u00e9cembre de chaque ann\u00e9e, ce festival met en lumi\u00e8re l\u2019immense richesse des tribus peuplant le Sahara alg\u00e9rien par un d\u00e9fil\u00e9 folklorique et musical, des courses de dromadaires<a href=\"applewebdata:\/\/9A2E59C0-923C-4097-8A78-62974C5952BC#_ftn1\"><sup>[1]<\/sup><\/a>&nbsp;et chevaux, un march\u00e9 de produits artisanaux, un salon professionnel, des danses traditionnelles\u2026, le tout sur plusieurs jours.<\/p>\n\n\n\n<hr class=\"wp-block-separator\"\/>\n\n\n\n<p><a href=\"applewebdata:\/\/9A2E59C0-923C-4097-8A78-62974C5952BC#_ftnref1\"><sup>[1]<\/sup><\/a>&nbsp;Au Sahara alg\u00e9rien, il y a des&nbsp;<strong>dromadaires<\/strong>&nbsp;et non pas des chameaux. Le dromadaire est du reste un animal commun dans les r\u00e9gions d\u00e9sertiques du Sahara. Les dromadaires sont souvent utilis\u00e9s comme moyen de transport et pour leur lait et leur viande. Les chameaux, eux, sont principalement associ\u00e9s aux d\u00e9serts de la r\u00e9gion moyen-orientale et de l\u2019Asie.&nbsp;<\/p>\n\n\n\n<div class=\"wp-block-image\"><figure class=\"aligncenter size-full\"><a href=\"https:\/\/i0.wp.com\/www.presstourism.ch\/wp-content\/uploads\/2023\/02\/perledudesert3.png\"><img loading=\"lazy\" width=\"584\" height=\"438\" src=\"https:\/\/i0.wp.com\/www.presstourism.ch\/wp-content\/uploads\/2023\/02\/perledudesert3.png?resize=584%2C438\" alt=\"\" class=\"wp-image-8648\" srcset=\"https:\/\/i0.wp.com\/www.presstourism.ch\/wp-content\/uploads\/2023\/02\/perledudesert3.png?w=945 945w, https:\/\/i0.wp.com\/www.presstourism.ch\/wp-content\/uploads\/2023\/02\/perledudesert3.png?resize=300%2C225 300w, https:\/\/i0.wp.com\/www.presstourism.ch\/wp-content\/uploads\/2023\/02\/perledudesert3.png?resize=768%2C575 768w, https:\/\/i0.wp.com\/www.presstourism.ch\/wp-content\/uploads\/2023\/02\/perledudesert3.png?resize=600%2C450 600w, https:\/\/i0.wp.com\/www.presstourism.ch\/wp-content\/uploads\/2023\/02\/perledudesert3.png?resize=400%2C300 400w\" sizes=\"(max-width: 584px) 100vw, 584px\" data-recalc-dims=\"1\" \/><\/a><figcaption>&#8230; dromadaire et conducteur se reposent avant la course&#8230;<\/figcaption><\/figure><\/div>\n\n\n\n<div class=\"wp-block-image\"><figure class=\"aligncenter size-large\"><a href=\"https:\/\/i2.wp.com\/www.presstourism.ch\/wp-content\/uploads\/2023\/02\/perledudesert4.png\"><img loading=\"lazy\" width=\"584\" height=\"930\" src=\"https:\/\/i2.wp.com\/www.presstourism.ch\/wp-content\/uploads\/2023\/02\/perledudesert4.png?resize=584%2C930\" alt=\"\" class=\"wp-image-8649\" srcset=\"https:\/\/i2.wp.com\/www.presstourism.ch\/wp-content\/uploads\/2023\/02\/perledudesert4.png?resize=643%2C1024 643w, https:\/\/i2.wp.com\/www.presstourism.ch\/wp-content\/uploads\/2023\/02\/perledudesert4.png?resize=188%2C300 188w, https:\/\/i2.wp.com\/www.presstourism.ch\/wp-content\/uploads\/2023\/02\/perledudesert4.png?resize=768%2C1222 768w, https:\/\/i2.wp.com\/www.presstourism.ch\/wp-content\/uploads\/2023\/02\/perledudesert4.png?resize=600%2C955 600w, https:\/\/i2.wp.com\/www.presstourism.ch\/wp-content\/uploads\/2023\/02\/perledudesert4.png?w=781 781w\" sizes=\"(max-width: 584px) 100vw, 584px\" data-recalc-dims=\"1\" \/><\/a><figcaption>La course de dromadaires<\/figcaption><\/figure><\/div>\n\n\n\n<p>De son c\u00f4t\u00e9,&nbsp;<strong>Mohamed Cha\u00efb<\/strong>, expert en tourisme \u00e0 la t\u00eate de l\u2019agence de voyages&nbsp;<strong>Visa Travel<\/strong>, indique que \u00ab cet \u00e9v\u00e8nement a sign\u00e9 le retour du tourisme saharien et est porteur de grands espoirs: les efforts du minist\u00e8re de relancer l\u2019Alg\u00e9rie comme destination touristique et plus particuli\u00e8rement le Sud sont louables et ce festival est une des cl\u00e9s du succ\u00e8s attendu. Le choix de la ville de Gharda\u00efa n\u2019est pas fortuit non plus, puisque cela permettra la promotion du tourisme aussi bien au niveau r\u00e9gional que national et international, avec la mise en valeur du patrimoine mat\u00e9riel et immat\u00e9riel dont rec\u00e8le la r\u00e9gion \u00bb. Il est vrai que cette ville et sa r\u00e9gion sont riches d\u2019attraits historiques et touristiques.<\/p>\n\n\n\n<p><strong>Une grande oasis<\/strong><\/p>\n\n\n\n<p>Gharda\u00efa est situ\u00e9e \u00e0 600&nbsp;km au sud d\u2019Alger, au fond d\u2019une grande oasis qui regroupe \u00e9galement quatre autres villages fortifi\u00e9s, les Ksars comme on les appelle l\u00e0-bas: B\u00e9ni Isguen, Melika, El Atteuf et Bou Nouva.<\/p>\n\n\n\n<div class=\"wp-block-image\"><figure class=\"aligncenter size-full\"><a href=\"https:\/\/i0.wp.com\/www.presstourism.ch\/wp-content\/uploads\/2023\/02\/perledudesert5.png\"><img loading=\"lazy\" width=\"584\" height=\"529\" src=\"https:\/\/i0.wp.com\/www.presstourism.ch\/wp-content\/uploads\/2023\/02\/perledudesert5.png?resize=584%2C529\" alt=\"\" class=\"wp-image-8650\" srcset=\"https:\/\/i0.wp.com\/www.presstourism.ch\/wp-content\/uploads\/2023\/02\/perledudesert5.png?w=945 945w, https:\/\/i0.wp.com\/www.presstourism.ch\/wp-content\/uploads\/2023\/02\/perledudesert5.png?resize=300%2C272 300w, https:\/\/i0.wp.com\/www.presstourism.ch\/wp-content\/uploads\/2023\/02\/perledudesert5.png?resize=768%2C696 768w, https:\/\/i0.wp.com\/www.presstourism.ch\/wp-content\/uploads\/2023\/02\/perledudesert5.png?resize=600%2C543 600w, https:\/\/i0.wp.com\/www.presstourism.ch\/wp-content\/uploads\/2023\/02\/perledudesert5.png?resize=331%2C300 331w\" sizes=\"(max-width: 584px) 100vw, 584px\" data-recalc-dims=\"1\" \/><\/a><figcaption>Un enfant \u00e0 B\u00e9ni Isguen<\/figcaption><\/figure><\/div>\n\n\n\n<p>Tous sont situ\u00e9s dans cette grande palmeraie \u00e9tonnamment verte de la vall\u00e9e du M\u2019Zab.<\/p>\n\n\n\n<div class=\"wp-block-image\"><figure class=\"aligncenter size-large\"><a href=\"https:\/\/i2.wp.com\/www.presstourism.ch\/wp-content\/uploads\/2023\/02\/perledudesert6.png\"><img loading=\"lazy\" width=\"584\" height=\"779\" src=\"https:\/\/i2.wp.com\/www.presstourism.ch\/wp-content\/uploads\/2023\/02\/perledudesert6.png?resize=584%2C779\" alt=\"\" class=\"wp-image-8651\" srcset=\"https:\/\/i2.wp.com\/www.presstourism.ch\/wp-content\/uploads\/2023\/02\/perledudesert6.png?resize=768%2C1024 768w, https:\/\/i2.wp.com\/www.presstourism.ch\/wp-content\/uploads\/2023\/02\/perledudesert6.png?resize=225%2C300 225w, https:\/\/i2.wp.com\/www.presstourism.ch\/wp-content\/uploads\/2023\/02\/perledudesert6.png?resize=600%2C800 600w, https:\/\/i2.wp.com\/www.presstourism.ch\/wp-content\/uploads\/2023\/02\/perledudesert6.png?w=945 945w\" sizes=\"(max-width: 584px) 100vw, 584px\" data-recalc-dims=\"1\" \/><\/a><figcaption>L&rsquo;une des oasis<\/figcaption><\/figure><\/div>\n\n\n\n<p>La main de l\u2019homme a pu dompter l\u2019eau des oueds gr\u00e2ce \u00e0 des barrages de fortune qui la canalisent en cas de pluie vers des citernes enterr\u00e9es. Ailleurs, d\u2019ing\u00e9nieux forages pompent l\u2019eau pure de la nappe aquif\u00e8re. Se promener dans les ruelles de Gharda\u00efa est un v\u00e9ritable moment de bonheur pour sympathiser avec les habitants assis devant leurs maisons d\u2019argile pour certaines, de pierre pour d\u2019autres.<\/p>\n\n\n\n<figure class=\"wp-block-image size-full\"><a href=\"https:\/\/i0.wp.com\/www.presstourism.ch\/wp-content\/uploads\/2023\/02\/perledudesert7.png\"><img loading=\"lazy\" width=\"584\" height=\"399\" src=\"https:\/\/i0.wp.com\/www.presstourism.ch\/wp-content\/uploads\/2023\/02\/perledudesert7.png?resize=584%2C399\" alt=\"\" class=\"wp-image-8652\" srcset=\"https:\/\/i0.wp.com\/www.presstourism.ch\/wp-content\/uploads\/2023\/02\/perledudesert7.png?w=945 945w, https:\/\/i0.wp.com\/www.presstourism.ch\/wp-content\/uploads\/2023\/02\/perledudesert7.png?resize=300%2C205 300w, https:\/\/i0.wp.com\/www.presstourism.ch\/wp-content\/uploads\/2023\/02\/perledudesert7.png?resize=768%2C524 768w, https:\/\/i0.wp.com\/www.presstourism.ch\/wp-content\/uploads\/2023\/02\/perledudesert7.png?resize=600%2C410 600w, https:\/\/i0.wp.com\/www.presstourism.ch\/wp-content\/uploads\/2023\/02\/perledudesert7.png?resize=440%2C300 440w\" sizes=\"(max-width: 584px) 100vw, 584px\" data-recalc-dims=\"1\" \/><\/a><figcaption>Endants et ados se donnent aux joies du ballon m\u00eame s\u00eel n^y a pas de terrein de foot dans les parages.<\/figcaption><\/figure>\n\n\n\n<div class=\"wp-block-image\"><figure class=\"aligncenter size-full\"><a href=\"https:\/\/i0.wp.com\/www.presstourism.ch\/wp-content\/uploads\/2023\/02\/perledudesert8.png\"><img loading=\"lazy\" width=\"372\" height=\"495\" src=\"https:\/\/i0.wp.com\/www.presstourism.ch\/wp-content\/uploads\/2023\/02\/perledudesert8.png?resize=372%2C495\" alt=\"\" class=\"wp-image-8653\" srcset=\"https:\/\/i0.wp.com\/www.presstourism.ch\/wp-content\/uploads\/2023\/02\/perledudesert8.png?w=372 372w, https:\/\/i0.wp.com\/www.presstourism.ch\/wp-content\/uploads\/2023\/02\/perledudesert8.png?resize=225%2C300 225w\" sizes=\"(max-width: 372px) 100vw, 372px\" data-recalc-dims=\"1\" \/><\/a><figcaption>Le souk et les march\u00e9s sont bien entendu incontournables. Tout&nbsp;comme&nbsp;le sont&nbsp;la grande place avec ses boutiques d\u2019artisanat, de tapis et v\u00eatements aux couleurs de l\u2019Orient,&nbsp;et de bijoux.<\/figcaption><\/figure><\/div>\n\n\n\n<div class=\"wp-block-image\"><figure class=\"aligncenter size-full is-resized\"><a href=\"https:\/\/i0.wp.com\/www.presstourism.ch\/wp-content\/uploads\/2023\/02\/perledudesert9.png\"><img loading=\"lazy\" src=\"https:\/\/i0.wp.com\/www.presstourism.ch\/wp-content\/uploads\/2023\/02\/perledudesert9.png?resize=584%2C777\" alt=\"\" class=\"wp-image-8654\" width=\"584\" height=\"777\" srcset=\"https:\/\/i0.wp.com\/www.presstourism.ch\/wp-content\/uploads\/2023\/02\/perledudesert9.png?w=710 710w, https:\/\/i0.wp.com\/www.presstourism.ch\/wp-content\/uploads\/2023\/02\/perledudesert9.png?resize=225%2C300 225w, https:\/\/i0.wp.com\/www.presstourism.ch\/wp-content\/uploads\/2023\/02\/perledudesert9.png?resize=600%2C799 600w\" sizes=\"(max-width: 584px) 100vw, 584px\" data-recalc-dims=\"1\" \/><\/a><figcaption>A propos de bijoux, en voil\u00e0 un autre de bijou.<br><\/figcaption><\/figure><\/div>\n\n\n\n<p>Les dunes qui entourent la cit\u00e9, avec leur couleur ocre, exercent une attraction irr\u00e9sistible.<\/p>\n\n\n\n<div class=\"wp-block-image\"><figure class=\"aligncenter size-full\"><a href=\"https:\/\/i1.wp.com\/www.presstourism.ch\/wp-content\/uploads\/2023\/02\/perledudesert10.png\"><img loading=\"lazy\" width=\"584\" height=\"777\" src=\"https:\/\/i1.wp.com\/www.presstourism.ch\/wp-content\/uploads\/2023\/02\/perledudesert10.png?resize=584%2C777\" alt=\"\" class=\"wp-image-8655\" srcset=\"https:\/\/i1.wp.com\/www.presstourism.ch\/wp-content\/uploads\/2023\/02\/perledudesert10.png?w=710 710w, https:\/\/i1.wp.com\/www.presstourism.ch\/wp-content\/uploads\/2023\/02\/perledudesert10.png?resize=225%2C300 225w, https:\/\/i1.wp.com\/www.presstourism.ch\/wp-content\/uploads\/2023\/02\/perledudesert10.png?resize=600%2C799 600w\" sizes=\"(max-width: 584px) 100vw, 584px\" data-recalc-dims=\"1\" \/><\/a><figcaption>A dos de&nbsp;dromadaire,&nbsp;il est possible de faire&nbsp;de&nbsp;belles&nbsp;balades. De quoi&nbsp;\u00eatre&nbsp;litt\u00e9ralement&nbsp;envout\u00e9s par ces monticules de sable&nbsp;qui&nbsp;offrent de fantastiques&nbsp;images.&nbsp;Il est aussi possible d\u2019admirer&nbsp;de superbes coucher de soleil&nbsp;avant de&nbsp;dormir&nbsp;\u00e0 la belle \u00e9toile o\u00f9 sous une tente&nbsp;afin de vivre une&nbsp;exp\u00e9rience qui ravira&nbsp;les amateurs du d\u00e9sert.<\/figcaption><\/figure><\/div>\n\n\n\n<p><strong>D\u00e9dale de ruelles \u00e9troites<\/strong><\/p>\n\n\n\n<p>On trouvera \u00e9galement un cadre de r\u00eave \u00e0 Metlili Chaamba, domin\u00e9e par son imposante mosqu\u00e9e, et au Ksar de B\u00e9ni Isguen, perch\u00e9 sur la rive droite de l\u2019oued M\u2019Zab. Apr\u00e8s avoir franchi sa porte de l\u2019Est, on suit tout un d\u00e9dale de ruelles \u00e9troites et de traboules<a href=\"applewebdata:\/\/7DE3D770-285E-440F-8478-572C6A1826FA#_ftn1\"><sup>[1]<\/sup><\/a>&nbsp;pour monter les escaliers jusqu\u2019\u00e0 la tour de guet appel\u00e9e \u00abBoulilla\u00bb.<\/p>\n\n\n\n<hr class=\"wp-block-separator\"\/>\n\n\n\n<p><a href=\"applewebdata:\/\/7DE3D770-285E-440F-8478-572C6A1826FA#_ftnref1\"><sup>[1]<\/sup><\/a>&nbsp;Les traboules sont des&nbsp;raccourcis qui relient une rue \u00e0 l&rsquo;autre \u00e0 travers un ou plusieurs immeubles.<\/p>\n\n\n\n<figure class=\"wp-block-image size-full\"><a href=\"https:\/\/i0.wp.com\/www.presstourism.ch\/wp-content\/uploads\/2023\/02\/perledudesert11.png\"><img loading=\"lazy\" width=\"584\" height=\"438\" src=\"https:\/\/i0.wp.com\/www.presstourism.ch\/wp-content\/uploads\/2023\/02\/perledudesert11.png?resize=584%2C438\" alt=\"\" class=\"wp-image-8656\" srcset=\"https:\/\/i0.wp.com\/www.presstourism.ch\/wp-content\/uploads\/2023\/02\/perledudesert11.png?w=945 945w, https:\/\/i0.wp.com\/www.presstourism.ch\/wp-content\/uploads\/2023\/02\/perledudesert11.png?resize=300%2C225 300w, https:\/\/i0.wp.com\/www.presstourism.ch\/wp-content\/uploads\/2023\/02\/perledudesert11.png?resize=768%2C575 768w, https:\/\/i0.wp.com\/www.presstourism.ch\/wp-content\/uploads\/2023\/02\/perledudesert11.png?resize=600%2C450 600w, https:\/\/i0.wp.com\/www.presstourism.ch\/wp-content\/uploads\/2023\/02\/perledudesert11.png?resize=400%2C300 400w\" sizes=\"(max-width: 584px) 100vw, 584px\" data-recalc-dims=\"1\" \/><\/a><\/figure>\n\n\n\n<p>.<\/p>\n\n\n\n<p>D\u2019o\u00f9 la vue panoramique sur la palmeraie vous fait oublier l\u2019effort que vous avez fourni pour y parvenir\u2026 Au retour, il faut aller voir le petit mus\u00e9e situ\u00e9 dans l\u2019enceinte de la mairie de Beni-Isguen. Son architecture repr\u00e9sente le rez-de-chauss\u00e9e d\u2019une maison mozabite<a href=\"applewebdata:\/\/AB088E8B-9AAC-4E3C-9785-118CA0F21E81#_ftn1\"><sup>[1]<\/sup><\/a>&nbsp;o\u00f9 l\u2019on peut d\u00e9couvrir les produits de tissage traditionnel comme les tapis aux diff\u00e9rents motifs et couleurs, les ch\u00e2les, des objets en ferronnerie, ainsi que des ustensiles de cuisines d\u2019autrefois et une petite chambre nuptiale des ann\u00e9es 50\u2026<\/p>\n\n\n\n<hr class=\"wp-block-separator\"\/>\n\n\n\n<p><a href=\"applewebdata:\/\/AB088E8B-9AAC-4E3C-9785-118CA0F21E81#_ftnref1\"><sup>[1]<\/sup><\/a>&nbsp;Ce qui veut dire \u00eatre originaire du Mzab. Mzab signifie un groupe d&rsquo;oasis du Sahara septentrional.<\/p>\n\n\n\n<p>Gharda\u00efa et sa r\u00e9gion sont donc un point de d\u00e9part incontournable pour qui veut d\u00e9couvrir le Sahara alg\u00e9rien que ce soit vers l\u2019est et Timimoune, l\u2019ouest vers Janet ou le sud vers Tamanrasset.&nbsp;<\/p>\n\n\n\n<p>Dans notre prochain article, nous rejoindrons Timimoune puis Beni Abbes, Thajit et Bechar, en traversant d\u2019autres Ksar tout aussi pittoresques et accueillants sur la route saharienne. Dont on a parfois l\u2019impression qu\u2019elle n\u2019en finit pas.<\/p>\n\n\n\n<p><strong>Le sable crie<\/strong><\/p>\n\n\n\n<p>Je me souviens d\u2019avoir lu dans le magazine&nbsp;<em>G\u00e9o<\/em>&nbsp;que de nombreux voyageurs racontent qu\u2019ils ont entendu le sable crier. C\u2019est ce que l\u2019on nomme le chant des dunes. Les nomades attribuent ce tam-tam au g\u00e9nie des ergs (champs de dunes). Il s\u2019agit tout simplement du crissement des grains de sable qui, sous l\u2019action du vent, roulent sans cesse les uns contre les autres. Les creux des dunes forment des caisses de r\u00e9sonance. Dans le silence, le bruit enfle, se multiplie et se propage. Lors d\u2019une de nos \u00e9tapes, je l\u2019ai entendu crier, ce sable. Ce n\u2019\u00e9tait donc pas un mirage.&nbsp;<\/p>\n\n\n\n<p>Ecoutez et regardez:&nbsp;<\/p>\n\n\n\n<p><a href=\"https:\/\/cultea.fr\/avez-vous-deja-entendu-chanter-les-dunes.html\">Avez-vous d\u00e9j\u00e0 entendu chanter les dunes<\/a><\/p>\n\n\n\n<p>Mais tout compte fait, je pr\u00e9f\u00e8re encore le glouglou de la c\u00e9r\u00e9monie du th\u00e9.&nbsp;<\/p>\n\n\n\n<figure class=\"wp-block-image size-full\"><a href=\"https:\/\/i1.wp.com\/www.presstourism.ch\/wp-content\/uploads\/2023\/02\/perledudesert12.png\"><img loading=\"lazy\" width=\"584\" height=\"438\" src=\"https:\/\/i1.wp.com\/www.presstourism.ch\/wp-content\/uploads\/2023\/02\/perledudesert12.png?resize=584%2C438\" alt=\"\" class=\"wp-image-8657\" srcset=\"https:\/\/i1.wp.com\/www.presstourism.ch\/wp-content\/uploads\/2023\/02\/perledudesert12.png?w=945 945w, https:\/\/i1.wp.com\/www.presstourism.ch\/wp-content\/uploads\/2023\/02\/perledudesert12.png?resize=300%2C225 300w, https:\/\/i1.wp.com\/www.presstourism.ch\/wp-content\/uploads\/2023\/02\/perledudesert12.png?resize=768%2C575 768w, https:\/\/i1.wp.com\/www.presstourism.ch\/wp-content\/uploads\/2023\/02\/perledudesert12.png?resize=600%2C450 600w, https:\/\/i1.wp.com\/www.presstourism.ch\/wp-content\/uploads\/2023\/02\/perledudesert12.png?resize=400%2C300 400w\" sizes=\"(max-width: 584px) 100vw, 584px\" data-recalc-dims=\"1\" \/><\/a><figcaption>Un ancien caravans\u00e9rail est devenu un moderne h\u00f4tel B&amp;B<\/figcaption><\/figure>\n\n\n\n<div class=\"wp-block-image\"><figure class=\"aligncenter size-full\"><a href=\"https:\/\/i0.wp.com\/www.presstourism.ch\/wp-content\/uploads\/2023\/02\/perledudesert13.png\"><img loading=\"lazy\" width=\"502\" height=\"695\" src=\"https:\/\/i0.wp.com\/www.presstourism.ch\/wp-content\/uploads\/2023\/02\/perledudesert13.png?resize=502%2C695\" alt=\"\" class=\"wp-image-8658\" srcset=\"https:\/\/i0.wp.com\/www.presstourism.ch\/wp-content\/uploads\/2023\/02\/perledudesert13.png?w=502 502w, https:\/\/i0.wp.com\/www.presstourism.ch\/wp-content\/uploads\/2023\/02\/perledudesert13.png?resize=217%2C300 217w\" sizes=\"(max-width: 502px) 100vw, 502px\" data-recalc-dims=\"1\" \/><\/a><\/figure><\/div>\n\n\n\n<p>\u00e0 suivre&#8230;<\/p>\n","protected":false},"excerpt":{"rendered":"<p>Texte et photos Roger Juillerat Le tourisme alg\u00e9rien reprend des couleurs \u00e0&nbsp;Gharda\u00efa.&nbsp;Le signe est \u00e9vident et bienvenu. En organisant en d\u00e9cembre dernier le&nbsp;Festival international du tourisme saharien (FITS), l\u2019Alg\u00e9rie a d\u00e9montr\u00e9 qu\u2019elle \u00e9tait bel et bien d\u00e9cid\u00e9e \u00e0 s\u2019ouvrir de &hellip; <a href=\"http:\/\/www.presstourism.ch\/?page_id=8661\">Continuer la lecture <span class=\"meta-nav\">&rarr;<\/span><\/a><\/p>\n","protected":false},"author":1540,"featured_media":0,"parent":164,"menu_order":0,"comment_status":"closed","ping_status":"closed","template":"","meta":{"ngg_post_thumbnail":0,"spay_email":""},"jetpack_sharing_enabled":true,"jetpack_shortlink":"https:\/\/wp.me\/P468TV-2fH","_links":{"self":[{"href":"http:\/\/www.presstourism.ch\/index.php?rest_route=\/wp\/v2\/pages\/8661"}],"collection":[{"href":"http:\/\/www.presstourism.ch\/index.php?rest_route=\/wp\/v2\/pages"}],"about":[{"href":"http:\/\/www.presstourism.ch\/index.php?rest_route=\/wp\/v2\/types\/page"}],"author":[{"embeddable":true,"href":"http:\/\/www.presstourism.ch\/index.php?rest_route=\/wp\/v2\/users\/1540"}],"replies":[{"embeddable":true,"href":"http:\/\/www.presstourism.ch\/index.php?rest_route=%2Fwp%2Fv2%2Fcomments&post=8661"}],"version-history":[{"count":3,"href":"http:\/\/www.presstourism.ch\/index.php?rest_route=\/wp\/v2\/pages\/8661\/revisions"}],"predecessor-version":[{"id":8760,"href":"http:\/\/www.presstourism.ch\/index.php?rest_route=\/wp\/v2\/pages\/8661\/revisions\/8760"}],"up":[{"embeddable":true,"href":"http:\/\/www.presstourism.ch\/index.php?rest_route=\/wp\/v2\/pages\/164"}],"wp:attachment":[{"href":"http:\/\/www.presstourism.ch\/index.php?rest_route=%2Fwp%2Fv2%2Fmedia&parent=8661"}],"curies":[{"name":"wp","href":"https:\/\/api.w.org\/{rel}","templated":true}]}}