{"id":8597,"date":"2022-12-22T23:42:13","date_gmt":"2022-12-22T22:42:13","guid":{"rendered":"http:\/\/www.presstourism.ch\/WP_ALEX\/?page_id=8597"},"modified":"2024-04-13T11:49:05","modified_gmt":"2024-04-13T09:49:05","slug":"tempelman-orith","status":"publish","type":"page","link":"http:\/\/www.presstourism.ch\/?page_id=8597","title":{"rendered":"Tempelman Orith"},"content":{"rendered":"\n<figure class=\"wp-block-image size-large\"><a href=\"http:\/\/www.presstourism.ch\/WP_ALEX\/wp-content\/uploads\/2022\/12\/portrait_Orith.tif\"><img src=\"http:\/\/www.presstourism.ch\/wp-content\/uploads\/2022\/12\/portrait_Orith.tif\" alt=\"\"\/><\/a><\/figure>\n\n\n\n<p><strong>Quelques publications<\/strong>:<\/p>\n\n\n\n<p><a href=\"http:\/\/Un tr\u00e9sor du pass\u00e9 accessible aux visiteurs: l\u2019apothicairerie de Bourg-en-Bresse\">Un tr\u00e9sor du pass\u00e9 accessible aux visiteurs: l\u2019apothicairerie de Bourg-en-Bresse<\/a><\/p>\n\n\n\n<p><a href=\"http:\/\/www.presstourism.ch\/?page_id=8586\">Ein f\u00fcr Besucher zug\u00e4nglicher Schatz der Vergangenheit: Die Apothicairerie von Bourg-en-Bresse<\/a><\/p>\n\n\n\n<p><a href=\"http:\/\/www.presstourism.ch\/?page_id=8143\">Sainte-Sophie \u2013 Basilique \u2013 Mosqu\u00e9e \u2013 Mus\u00e9e \u2013 ?<\/a><\/p>\n\n\n\n<p><a href=\"http:\/\/www.presstourism.ch\/?page_id=8158\">Hagia Sophia \u2013 Basilika \u2013 Moschee \u2013 Museum \u2013 ?<\/a><\/p>\n\n\n\n<p><\/p>\n\n\n\n<p><\/p>\n\n\n\n<div class=\"wp-block-columns\">\n<div class=\"wp-block-column\">\n<div class=\"wp-block-columns\">\n<div class=\"wp-block-column\">\n<div class=\"wp-block-columns\">\n<div class=\"wp-block-column\">\n<figure class=\"wp-block-table\"><table><tbody><tr><td>Parkstrasse 14, 3800 Matten b. Interlaken<br>Tel. G. 033 826 56 51, P. 033 826 56 57,&nbsp;<br>Mobile: 079 649 25 21<br>E-Mail:&nbsp;<a href=\"mailto:Verlag@fatema.com\">Verlag@fatema.com<\/a><br>Funktion: Chefredaktorin, Verlegerin<br>Medien: Fatema Verlag,&nbsp;<a rel=\"noreferrer noopener\" href=\"http:\/\/www.fatema.com\/\" target=\"_blank\">Wendezeit<\/a>, Radio BeO, Berner Zeitung&nbsp;BZ, Berner Oberl\u00e4nder, Thuner Tagblatt<br>Sprachen: Deutsch, Franz\u00f6sisch, Hebr\u00e4isch, Englisch, Spanisch, Italienisch<\/td><\/tr><\/tbody><\/table><\/figure>\n<\/div>\n<\/div>\n<\/div>\n<\/div>\n<\/div>\n<\/div>\n\n\n\n<p><\/p>\n\n\n\n<p><\/p>\n","protected":false},"excerpt":{"rendered":"<p>Quelques publications: Un tr\u00e9sor du pass\u00e9 accessible aux visiteurs: l\u2019apothicairerie de Bourg-en-Bresse Ein f\u00fcr Besucher zug\u00e4nglicher Schatz der Vergangenheit: Die Apothicairerie von Bourg-en-Bresse Sainte-Sophie \u2013 Basilique \u2013 Mosqu\u00e9e \u2013 Mus\u00e9e \u2013 ? Hagia Sophia \u2013 Basilika \u2013 Moschee \u2013 Museum &hellip; <a href=\"http:\/\/www.presstourism.ch\/?page_id=8597\">Continuer la lecture <span class=\"meta-nav\">&rarr;<\/span><\/a><\/p>\n","protected":false},"author":1540,"featured_media":0,"parent":76,"menu_order":0,"comment_status":"closed","ping_status":"closed","template":"","meta":{"ngg_post_thumbnail":0,"spay_email":""},"jetpack_sharing_enabled":true,"jetpack_shortlink":"https:\/\/wp.me\/P468TV-2eF","_links":{"self":[{"href":"http:\/\/www.presstourism.ch\/index.php?rest_route=\/wp\/v2\/pages\/8597"}],"collection":[{"href":"http:\/\/www.presstourism.ch\/index.php?rest_route=\/wp\/v2\/pages"}],"about":[{"href":"http:\/\/www.presstourism.ch\/index.php?rest_route=\/wp\/v2\/types\/page"}],"author":[{"embeddable":true,"href":"http:\/\/www.presstourism.ch\/index.php?rest_route=\/wp\/v2\/users\/1540"}],"replies":[{"embeddable":true,"href":"http:\/\/www.presstourism.ch\/index.php?rest_route=%2Fwp%2Fv2%2Fcomments&post=8597"}],"version-history":[{"count":5,"href":"http:\/\/www.presstourism.ch\/index.php?rest_route=\/wp\/v2\/pages\/8597\/revisions"}],"predecessor-version":[{"id":9419,"href":"http:\/\/www.presstourism.ch\/index.php?rest_route=\/wp\/v2\/pages\/8597\/revisions\/9419"}],"up":[{"embeddable":true,"href":"http:\/\/www.presstourism.ch\/index.php?rest_route=\/wp\/v2\/pages\/76"}],"wp:attachment":[{"href":"http:\/\/www.presstourism.ch\/index.php?rest_route=%2Fwp%2Fv2%2Fmedia&parent=8597"}],"curies":[{"name":"wp","href":"https:\/\/api.w.org\/{rel}","templated":true}]}}