{"id":856,"date":"2014-06-02T12:48:52","date_gmt":"2014-06-02T11:48:52","guid":{"rendered":"http:\/\/www.presstourism.ch\/WP_ALEX\/?page_id=856"},"modified":"2014-06-02T12:54:02","modified_gmt":"2014-06-02T11:54:02","slug":"balade-maritime-en-istrie","status":"publish","type":"page","link":"http:\/\/www.presstourism.ch\/?page_id=856","title":{"rendered":"Balade maritime en Istrie"},"content":{"rendered":"<p>Entre plaisirs baln\u00e9aires, d\u00e9couvertes de lieux pittoresques charg\u00e9s d\u2019histoire, et gastronomie, l\u2019Istrie inscrit sur sa carte de visite nombre d\u2019atouts. Coups de c\u0153ur\u2026<\/p>\n<p style=\"text-align: center;\"><a href=\"https:\/\/i0.wp.com\/www.presstourism.ch\/WP_ALEX\/wp-content\/uploads\/2014\/06\/Istrie.jpg\"><img loading=\"lazy\" class=\"alignnone size-medium wp-image-858\" src=\"https:\/\/i1.wp.com\/www.presstourism.ch\/WP_ALEX\/wp-content\/uploads\/2014\/06\/Istrie-300x199.jpg?resize=300%2C199\" alt=\"Croatie-mai 2014 -  \u00a9Thierry Porchet\" width=\"300\" height=\"199\" srcset=\"https:\/\/i1.wp.com\/www.presstourism.ch\/wp-content\/uploads\/2014\/06\/Istrie.jpg?resize=300%2C199 300w, https:\/\/i1.wp.com\/www.presstourism.ch\/wp-content\/uploads\/2014\/06\/Istrie.jpg?w=586 586w\" sizes=\"(max-width: 300px) 100vw, 300px\" data-recalc-dims=\"1\" \/><\/a><\/p>\n<p>Annon\u00e7ant sur ses d\u00e9pliants touristiques pas moins de 2300 heures d\u2019ensoleillement annuel gr\u00e2ce \u00e0 un climat m\u00e9diterran\u00e9en, l\u2019Istrie aura jou\u00e9 de malchance \u00e0 la mi-mai. Pluie, vent et froid se sont invit\u00e9s au programme du 15 de ce mois-l\u00e0, consacr\u00e9 \u00e0 la d\u00e9couverte, en bateau, de son littoral. Pas de quoi assombrir une croisi\u00e8re qui se chargera alors d\u2019un petit air m\u00e9lancolique propice \u00e0 la r\u00eaverie.\u00a0Mariant contemplation et voyage int\u00e9rieur, les pens\u00e9es voguant d\u2019une rive joliment dentel\u00e9e \u00e0 une autre, mentale, au rythme alangui de la balade&#8230; Le regard rafra\u00eechi par les embruns et les rafales intermittentes&#8230;<\/p>\n<p><strong>Par Sonya Mermoud et Thierry Porchet<\/strong><\/p>\n<p><a href=\"http:\/\/www.presstourism.ch\/WP_ALEX\/wp-content\/uploads\/2014\/06\/p10-v3.pdf\">Lire la suite&#8230;<\/a><\/p>\n","protected":false},"excerpt":{"rendered":"<p>Entre plaisirs baln\u00e9aires, d\u00e9couvertes de lieux pittoresques charg\u00e9s d\u2019histoire, et gastronomie, l\u2019Istrie inscrit sur sa carte de visite nombre d\u2019atouts. Coups de c\u0153ur\u2026 Annon\u00e7ant sur ses d\u00e9pliants touristiques pas moins de 2300 heures d\u2019ensoleillement annuel gr\u00e2ce \u00e0 un climat m\u00e9diterran\u00e9en, &hellip; <a href=\"http:\/\/www.presstourism.ch\/?page_id=856\">Continuer la lecture <span class=\"meta-nav\">&rarr;<\/span><\/a><\/p>\n","protected":false},"author":1,"featured_media":0,"parent":208,"menu_order":0,"comment_status":"open","ping_status":"open","template":"","meta":{"ngg_post_thumbnail":0,"spay_email":""},"jetpack_sharing_enabled":true,"jetpack_shortlink":"https:\/\/wp.me\/P468TV-dO","_links":{"self":[{"href":"http:\/\/www.presstourism.ch\/index.php?rest_route=\/wp\/v2\/pages\/856"}],"collection":[{"href":"http:\/\/www.presstourism.ch\/index.php?rest_route=\/wp\/v2\/pages"}],"about":[{"href":"http:\/\/www.presstourism.ch\/index.php?rest_route=\/wp\/v2\/types\/page"}],"author":[{"embeddable":true,"href":"http:\/\/www.presstourism.ch\/index.php?rest_route=\/wp\/v2\/users\/1"}],"replies":[{"embeddable":true,"href":"http:\/\/www.presstourism.ch\/index.php?rest_route=%2Fwp%2Fv2%2Fcomments&post=856"}],"version-history":[{"count":3,"href":"http:\/\/www.presstourism.ch\/index.php?rest_route=\/wp\/v2\/pages\/856\/revisions"}],"predecessor-version":[{"id":861,"href":"http:\/\/www.presstourism.ch\/index.php?rest_route=\/wp\/v2\/pages\/856\/revisions\/861"}],"up":[{"embeddable":true,"href":"http:\/\/www.presstourism.ch\/index.php?rest_route=\/wp\/v2\/pages\/208"}],"wp:attachment":[{"href":"http:\/\/www.presstourism.ch\/index.php?rest_route=%2Fwp%2Fv2%2Fmedia&parent=856"}],"curies":[{"name":"wp","href":"https:\/\/api.w.org\/{rel}","templated":true}]}}