{"id":8460,"date":"2022-07-27T08:59:19","date_gmt":"2022-07-27T06:59:19","guid":{"rendered":"http:\/\/www.presstourism.ch\/WP_ALEX\/?page_id=8460"},"modified":"2022-10-24T00:29:51","modified_gmt":"2022-10-23T22:29:51","slug":"lassociation-decouvre-la-ville-de-troyes-et-son-superbe-patrimoine","status":"publish","type":"page","link":"http:\/\/www.presstourism.ch\/?page_id=8460","title":{"rendered":"L\u2019association d\u00e9couvre la ville de Troyes et son superbe patrimoine"},"content":{"rendered":"\n<p>Publi\u00e9 le&nbsp;<a href=\"http:\/\/www.presstourism.ch\/WP_ALEX\/?p=8414\"><time datetime=\"2022-07-09T11:09:05+01:00\">9 juillet 2022<\/time><\/a>&nbsp;par&nbsp;<a href=\"http:\/\/www.presstourism.ch\/WP_ALEX\/?author=1769\">Roger Juillerat<\/a><\/p>\n\n\n\n<p><strong>Textes et Photos: Georgika Aeby-Demeter et Roger Juillerat<\/strong><\/p>\n\n\n\n<figure class=\"wp-block-image\"><a href=\"https:\/\/i2.wp.com\/www.presstourism.ch\/WP_ALEX\/wp-content\/uploads\/2022\/07\/IMG_9403.jpg\"><img loading=\"lazy\" width=\"1543\" height=\"1018\" src=\"https:\/\/i2.wp.com\/www.presstourism.ch\/WP_ALEX\/wp-content\/uploads\/2022\/07\/IMG_9403.jpg?resize=584%2C386\" alt=\"\" class=\"wp-image-8419\" srcset=\"https:\/\/i0.wp.com\/www.presstourism.ch\/wp-content\/uploads\/2022\/07\/IMG_9403.jpg?w=1543 1543w, https:\/\/i0.wp.com\/www.presstourism.ch\/wp-content\/uploads\/2022\/07\/IMG_9403.jpg?resize=300%2C198 300w, https:\/\/i0.wp.com\/www.presstourism.ch\/wp-content\/uploads\/2022\/07\/IMG_9403.jpg?resize=1024%2C676 1024w, https:\/\/i0.wp.com\/www.presstourism.ch\/wp-content\/uploads\/2022\/07\/IMG_9403.jpg?resize=768%2C507 768w, https:\/\/i0.wp.com\/www.presstourism.ch\/wp-content\/uploads\/2022\/07\/IMG_9403.jpg?resize=600%2C396 600w, https:\/\/i0.wp.com\/www.presstourism.ch\/wp-content\/uploads\/2022\/07\/IMG_9403.jpg?resize=1536%2C1013 1536w, https:\/\/i0.wp.com\/www.presstourism.ch\/wp-content\/uploads\/2022\/07\/IMG_9403.jpg?resize=455%2C300 455w, https:\/\/i0.wp.com\/www.presstourism.ch\/wp-content\/uploads\/2022\/07\/IMG_9403.jpg?resize=1320%2C871 1320w, https:\/\/i0.wp.com\/www.presstourism.ch\/wp-content\/uploads\/2022\/07\/IMG_9403.jpg?w=1168 1168w\" sizes=\"(max-width: 584px) 100vw, 584px\" \/><\/a><\/figure>\n\n\n\n<p>L\u2019assembl\u00e9e g\u00e9n\u00e9rale de l\u2019Association des journalistes suisses du tourisme s\u2019est d\u00e9roul\u00e9e \u00e0 Troyes, dans l\u2019Aube, en Champagne. Avec sa fabuleuse collection de maisons \u00e0 pans de bois (dites aussi maisons \u00e0 colombages) qui font sa fiert\u00e9 et qu\u2019elle a remises au go\u00fbt du jour en les parant de mille couleurs. L\u2019eau aussi sur laquelle la ville fut \u00e9tablie et qui a \u00e9t\u00e9 replac\u00e9e au centre du jeu. Les quais de Seine en portent l\u2019\u00e9loquent t\u00e9moignage. Car il faut le savoir, le fleuve qui baigne Paris traverse d\u2019abord l\u2019ancienne capitale des comtes de Champagne\u2026<\/p>\n\n\n\n<p>Mais aussi sa cath\u00e9drale gothique Saint-Pierre et Saint-Paul et ses vitraux du 13e si\u00e8cle, ses petites ruelles dont celle des Chats o\u00f9 les maisons se joignent par les toits, l\u2019Eglise Sainte-Madeleine et son c\u00e9l\u00e8bre Jub\u00e9 de pierre, le mus\u00e9e d\u2019art moderne, ses restaurants sympas et leurs sp\u00e9cialit\u00e9s du terroir, ainsi que bon nombre d\u2019autres attraits\u2026<\/p>\n\n\n\n<figure class=\"wp-block-image\"><a href=\"https:\/\/i2.wp.com\/www.presstourism.ch\/WP_ALEX\/wp-content\/uploads\/2022\/07\/1TroyesCatheNuit-1.jpg\"><img loading=\"lazy\" width=\"1217\" height=\"1025\" src=\"https:\/\/i2.wp.com\/www.presstourism.ch\/WP_ALEX\/wp-content\/uploads\/2022\/07\/1TroyesCatheNuit-1.jpg?resize=584%2C492\" alt=\"\" class=\"wp-image-8421\" srcset=\"https:\/\/i2.wp.com\/www.presstourism.ch\/wp-content\/uploads\/2022\/07\/1TroyesCatheNuit-1.jpg?w=1217 1217w, https:\/\/i2.wp.com\/www.presstourism.ch\/wp-content\/uploads\/2022\/07\/1TroyesCatheNuit-1.jpg?resize=300%2C253 300w, https:\/\/i2.wp.com\/www.presstourism.ch\/wp-content\/uploads\/2022\/07\/1TroyesCatheNuit-1.jpg?resize=1024%2C862 1024w, https:\/\/i2.wp.com\/www.presstourism.ch\/wp-content\/uploads\/2022\/07\/1TroyesCatheNuit-1.jpg?resize=768%2C647 768w, https:\/\/i2.wp.com\/www.presstourism.ch\/wp-content\/uploads\/2022\/07\/1TroyesCatheNuit-1.jpg?resize=600%2C505 600w, https:\/\/i2.wp.com\/www.presstourism.ch\/wp-content\/uploads\/2022\/07\/1TroyesCatheNuit-1.jpg?resize=356%2C300 356w\" sizes=\"(max-width: 584px) 100vw, 584px\" \/><\/a><figcaption>En route vers la cath\u00e9drale\u2026<\/figcaption><\/figure>\n\n\n\n<p><em><strong>Sur les pas de Georgika Aeby-Demeter<\/strong><\/em><\/p>\n\n\n\n<p>Capitale des Comtes de Champagne et ville d\u2019art au riche patrimoine architectural et urbain, connu d\u00e8s les XIIe et XIIIe si\u00e8cles pour ses Grandes Foires, Troyes est un formidable centre d\u2019\u00e9changes commerciaux o\u00f9 se retrouvaient alors les marchands en provenance de tout l\u2019Occident.Un axe important de prosp\u00e9rit\u00e9 o\u00f9 r\u00e9gnait l\u2019ordre et la s\u00e9curit\u00e9 des voyageurs, le point de rencontre des affaires o\u00f9 bouillonnaient, non seulement le savoir-faire, mais \u00e9galement une effervescence intellectuelle et artistique \u00e0 nulle autre pareille. Troyes a gard\u00e9 des traces ind\u00e9l\u00e9biles de cette p\u00e9riode flamboyante, le visiteur les retrouve \u00e0 chaque coin de rue en centre-ville, au d\u00e9tour de ruelles abritant ses \u00e9difices \u00e0 colombages \u00e0 l\u2019or\u00e9e desquels se sont install\u00e9s d\u2019innombrables restaurants, caf\u00e9s et tavernes au charme in\u00e9puisable\u2026Entourant la Vieille Ville, des rues commer\u00e7antes et une enfilade de vitrines de grandes marques de mode et textile rappellent son glorieux pass\u00e9 de drapier. Quant \u00e0 l\u2019architecture sacr\u00e9e, pr\u00e9sente pratiquement \u00e0 chaque croisement, on ne se lasse pas d\u2019admirer ses nefs, tours et vitraux qu\u2019on retrouve sur l\u2019\u00c9glise Saint Jean au March\u00e9, celle de Saint R\u00e9mi ou Sainte Madeleine ou encore \u00e0 la Basilique Saint-Urbain\u2026 C\u2019est avec un immense plaisir que la petite \u00e9quipe a suivi \u2013 offerte par Troyes La Champagne Tourisme \u2013 la visite guid\u00e9e au c\u0153ur historique de la cit\u00e9, se poursuivant par la d\u00e9couverte des alentours de la Seine.Avec les vignobles \u00e0 quelques petites encablures et ses embl\u00e9matiques d\u00e9gustations de champagne, la proximit\u00e9 d\u2019un parc naturel r\u00e9gional, de plaines et \u00e9tendues vallonn\u00e9es et bois\u00e9es, outre la Seine offrant ici une auguste pr\u00e9sence, Troyes propose \u00e9galement un tourisme vert, o\u00f9 nature et d\u00e9tente \u2013 apr\u00e8s la culture et la gastronomie \u2013 sont des atouts tr\u00e8s appr\u00e9ci\u00e9s. \u00c0 d\u00e9couvrir sans tarder!<\/p>\n\n\n\n<p><a rel=\"noreferrer noopener\" href=\"http:\/\/www.troyeslachampagne.com\/?fbclid=IwAR2anBt68L0KL5Xd54373KyWyboqtRBdM-tVm8O9bGBn01UTbRprP27luMM\" target=\"_blank\">www.troyeslachampagne.com<\/a><\/p>\n\n\n\n<p><a rel=\"noreferrer noopener\" href=\"http:\/\/www.champagne-beaugrand.com\/?fbclid=IwAR2n1548V-nXMeNGXbpO_2nf53oSgG-bY1XqXf0oiXSsTc6WZLvx1pjdj_I\" target=\"_blank\">www.champagne-beaugrand.com<\/a><\/p>\n\n\n\n<p><a rel=\"noreferrer noopener\" href=\"http:\/\/www.presstourism.ch\/?fbclid=IwAR1qeqfPhIfOGHS3deMZmHfSAIT25a5KpUk7w7SRz1ZnefyvL3JKPZRO7dM\" target=\"_blank\">www.presstourism.ch<\/a><\/p>\n\n\n\n<figure class=\"wp-block-image\"><a href=\"https:\/\/i2.wp.com\/www.presstourism.ch\/WP_ALEX\/wp-content\/uploads\/2022\/07\/292260447_3278487882362621_5477240955303862263_n.jpeg\"><img loading=\"lazy\" width=\"533\" height=\"800\" src=\"https:\/\/i2.wp.com\/www.presstourism.ch\/WP_ALEX\/wp-content\/uploads\/2022\/07\/292260447_3278487882362621_5477240955303862263_n.jpeg?resize=533%2C800\" alt=\"\" class=\"wp-image-8426\" srcset=\"https:\/\/i1.wp.com\/www.presstourism.ch\/wp-content\/uploads\/2022\/07\/292260447_3278487882362621_5477240955303862263_n.jpeg?w=533 533w, https:\/\/i1.wp.com\/www.presstourism.ch\/wp-content\/uploads\/2022\/07\/292260447_3278487882362621_5477240955303862263_n.jpeg?resize=200%2C300 200w\" sizes=\"(max-width: 533px) 100vw, 533px\" \/><\/a><\/figure>\n\n\n\n<figure class=\"wp-block-image\"><a href=\"https:\/\/i0.wp.com\/www.presstourism.ch\/WP_ALEX\/wp-content\/uploads\/2022\/07\/1TroyesCathVitraux-copie-2.jpg\"><img loading=\"lazy\" width=\"558\" height=\"790\" src=\"https:\/\/i0.wp.com\/www.presstourism.ch\/WP_ALEX\/wp-content\/uploads\/2022\/07\/1TroyesCathVitraux-copie-2.jpg?resize=558%2C790\" alt=\"\" class=\"wp-image-8444\" srcset=\"https:\/\/i1.wp.com\/www.presstourism.ch\/wp-content\/uploads\/2022\/07\/1TroyesCathVitraux-copie-2.jpg?w=558 558w, https:\/\/i1.wp.com\/www.presstourism.ch\/wp-content\/uploads\/2022\/07\/1TroyesCathVitraux-copie-2.jpg?resize=212%2C300 212w\" sizes=\"(max-width: 558px) 100vw, 558px\" \/><\/a><\/figure>\n\n\n\n<h3>PARTAGER&nbsp;:<\/h3>\n","protected":false},"excerpt":{"rendered":"<p>Publi\u00e9 le&nbsp;9 juillet 2022&nbsp;par&nbsp;Roger Juillerat Textes et Photos: Georgika Aeby-Demeter et Roger Juillerat L\u2019assembl\u00e9e g\u00e9n\u00e9rale de l\u2019Association des journalistes suisses du tourisme s\u2019est d\u00e9roul\u00e9e \u00e0 Troyes, dans l\u2019Aube, en Champagne. Avec sa fabuleuse collection de maisons \u00e0 pans de bois &hellip; <a href=\"http:\/\/www.presstourism.ch\/?page_id=8460\">Continuer la lecture <span class=\"meta-nav\">&rarr;<\/span><\/a><\/p>\n","protected":false},"author":1540,"featured_media":0,"parent":279,"menu_order":0,"comment_status":"closed","ping_status":"closed","template":"","meta":{"ngg_post_thumbnail":0,"spay_email":""},"jetpack_sharing_enabled":true,"jetpack_shortlink":"https:\/\/wp.me\/P468TV-2cs","_links":{"self":[{"href":"http:\/\/www.presstourism.ch\/index.php?rest_route=\/wp\/v2\/pages\/8460"}],"collection":[{"href":"http:\/\/www.presstourism.ch\/index.php?rest_route=\/wp\/v2\/pages"}],"about":[{"href":"http:\/\/www.presstourism.ch\/index.php?rest_route=\/wp\/v2\/types\/page"}],"author":[{"embeddable":true,"href":"http:\/\/www.presstourism.ch\/index.php?rest_route=\/wp\/v2\/users\/1540"}],"replies":[{"embeddable":true,"href":"http:\/\/www.presstourism.ch\/index.php?rest_route=%2Fwp%2Fv2%2Fcomments&post=8460"}],"version-history":[{"count":1,"href":"http:\/\/www.presstourism.ch\/index.php?rest_route=\/wp\/v2\/pages\/8460\/revisions"}],"predecessor-version":[{"id":8461,"href":"http:\/\/www.presstourism.ch\/index.php?rest_route=\/wp\/v2\/pages\/8460\/revisions\/8461"}],"up":[{"embeddable":true,"href":"http:\/\/www.presstourism.ch\/index.php?rest_route=\/wp\/v2\/pages\/279"}],"wp:attachment":[{"href":"http:\/\/www.presstourism.ch\/index.php?rest_route=%2Fwp%2Fv2%2Fmedia&parent=8460"}],"curies":[{"name":"wp","href":"https:\/\/api.w.org\/{rel}","templated":true}]}}