{"id":840,"date":"2014-05-31T06:45:38","date_gmt":"2014-05-31T05:45:38","guid":{"rendered":"http:\/\/www.presstourism.ch\/WP_ALEX\/?page_id=840"},"modified":"2014-05-31T06:58:21","modified_gmt":"2014-05-31T05:58:21","slug":"drome","status":"publish","type":"page","link":"http:\/\/www.presstourism.ch\/?page_id=840","title":{"rendered":"Dr\u00f4me"},"content":{"rendered":"<p><a href=\"http:\/\/www.escapada.ch\/Chateau-de-Grignan-le-Versailles-du-Sud_a383.html\">Grignan, Versailles du Sud \/ Christine Ansermet<\/a><\/p>\n<p>\u00abIci, nos nuits sont plus belles que vos jours \u00bb : ce serait du ch\u00e2teau de Grignan que la Marquise de S\u00e9vign\u00e9 aurait adress\u00e9 ces mots devenus c\u00e9l\u00e8bres \u00e0 Jean Racine. Peut-\u00eatre en contemplant \u00ab les vues triomphantes \u00bb offertes par l\u2019immense terrasse de ce bijou Renaissance o\u00f9 se d\u00e9roulaient des f\u00eates fastueuses qui eurent finalement raison de la fortune de son propri\u00e9taire, le comte de Grignan.<\/p>\n<p><a href=\"http:\/\/i1.wp.com\/www.presstourism.ch\/WP_ALEX\/wp-content\/uploads\/2013\/11\/Grignan.jpg\"><img loading=\"lazy\" class=\"size-full wp-image-247 aligncenter\" src=\"http:\/\/i1.wp.com\/www.presstourism.ch\/WP_ALEX\/wp-content\/uploads\/2013\/11\/Grignan.jpg?resize=300%2C200\" alt=\"Grignan\" width=\"300\" height=\"200\" \/><\/a><\/p>\n<p><a href=\"http:\/\/s169196779.onlinehome.fr\/?page_id=3059\">La Dr\u00f4me comme une douce braise \/ Alex D\u00e9cotte<\/a><\/p>\n<p>Belle lurette que je n\u2019\u00e9tais plus revenu dans la Dr\u00f4me. J\u2019avais tort. Elle restait en moi comme une braise si douce et si tenace qu\u2019il me semblait inutile de la raviver. Peut-\u00eatre aurait-elle fini par s\u2019\u00e9teindre tout \u00e0 fait si le hasard ne m\u2019avait invit\u00e9 \u00e0 y souffler \u00e0 nouveau pendant quelques jours.<\/p>\n<p style=\"text-align: center;\"><a href=\"http:\/\/i1.wp.com\/www.presstourism.ch\/WP_ALEX\/wp-content\/uploads\/2013\/11\/FRADROw-Nyons-Picnic-P1000247w.jpg\"><img loading=\"lazy\" class=\"alignnone size-medium wp-image-248\" src=\"http:\/\/i1.wp.com\/www.presstourism.ch\/WP_ALEX\/wp-content\/uploads\/2013\/11\/FRADROw-Nyons-Picnic-P1000247w.jpg?resize=300%2C175\" alt=\"FRADROw-Nyons-Picnic-P1000247w\" width=\"300\" height=\"175\" srcset=\"https:\/\/i2.wp.com\/www.presstourism.ch\/wp-content\/uploads\/2013\/11\/FRADROw-Nyons-Picnic-P1000247w.jpg?w=640 640w, https:\/\/i2.wp.com\/www.presstourism.ch\/wp-content\/uploads\/2013\/11\/FRADROw-Nyons-Picnic-P1000247w.jpg?resize=300%2C175 300w\" sizes=\"(max-width: 300px) 100vw, 300px\" \/><\/a><\/p>\n<p>\u00a0<a href=\"http:\/\/www.presstourism.ch\/WP_ALEX\/wp-content\/uploads\/2014\/05\/CHEVALv3.pdf\">Le facteur Cheval ou l&rsquo;imaginaire d\u00e9brid\u00e9 (Sonya Mervoud\/Thierry Porchet)<\/a><\/p>\n<p>Improvis\u00e9 architecte et b\u00e2tisseur, le facteur Cheval a construit un extraordinaire palais qui suscite toujours autant la curiosit\u00e9. Entre la naissance d\u2019un r\u00eave et sa concr\u00e9tisation 33 ann\u00e9es se seront \u00e9coul\u00e9es. Un tiers de si\u00e8cle Durant lequel Ferdinand Cheval, facteur de sa profession, travaillera \u00e0 la construction de son Palais id\u00e9al\u2026.<\/p>\n<p><a href=\"http:\/\/www.presstourism.ch\/WP_ALEX\/wp-content\/uploads\/2014\/05\/Le-Facteur-cheval-ou-l\u2019imaginaire-d\u00e9brid\u00e9.docx\"><img loading=\"lazy\" class=\"size-medium wp-image-843 aligncenter\" src=\"https:\/\/i2.wp.com\/www.presstourism.ch\/WP_ALEX\/wp-content\/uploads\/2014\/05\/cheval-nb-200x300.jpg?resize=200%2C300\" alt=\"cheval nb\" width=\"200\" height=\"300\" srcset=\"https:\/\/i0.wp.com\/www.presstourism.ch\/wp-content\/uploads\/2014\/05\/cheval-nb.jpg?resize=200%2C300 200w, https:\/\/i0.wp.com\/www.presstourism.ch\/wp-content\/uploads\/2014\/05\/cheval-nb.jpg?w=340 340w\" sizes=\"(max-width: 200px) 100vw, 200px\" data-recalc-dims=\"1\" \/><\/a><a href=\"http:\/\/www.presstourism.ch\/WP_ALEX\/wp-content\/uploads\/2014\/05\/CHEVALv3.pdf\">Lire la suite&#8230;<\/a><\/p>\n<p>&nbsp;<\/p>\n","protected":false},"excerpt":{"rendered":"<p>Grignan, Versailles du Sud \/ Christine Ansermet \u00abIci, nos nuits sont plus belles que vos jours \u00bb : ce serait du ch\u00e2teau de Grignan que la Marquise de S\u00e9vign\u00e9 aurait adress\u00e9 ces mots devenus c\u00e9l\u00e8bres \u00e0 Jean Racine. Peut-\u00eatre en &hellip; <a href=\"http:\/\/www.presstourism.ch\/?page_id=840\">Continuer la lecture <span class=\"meta-nav\">&rarr;<\/span><\/a><\/p>\n","protected":false},"author":1,"featured_media":0,"parent":279,"menu_order":0,"comment_status":"open","ping_status":"open","template":"","meta":{"ngg_post_thumbnail":0,"spay_email":""},"jetpack_sharing_enabled":true,"jetpack_shortlink":"https:\/\/wp.me\/P468TV-dy","_links":{"self":[{"href":"http:\/\/www.presstourism.ch\/index.php?rest_route=\/wp\/v2\/pages\/840"}],"collection":[{"href":"http:\/\/www.presstourism.ch\/index.php?rest_route=\/wp\/v2\/pages"}],"about":[{"href":"http:\/\/www.presstourism.ch\/index.php?rest_route=\/wp\/v2\/types\/page"}],"author":[{"embeddable":true,"href":"http:\/\/www.presstourism.ch\/index.php?rest_route=\/wp\/v2\/users\/1"}],"replies":[{"embeddable":true,"href":"http:\/\/www.presstourism.ch\/index.php?rest_route=%2Fwp%2Fv2%2Fcomments&post=840"}],"version-history":[{"count":4,"href":"http:\/\/www.presstourism.ch\/index.php?rest_route=\/wp\/v2\/pages\/840\/revisions"}],"predecessor-version":[{"id":847,"href":"http:\/\/www.presstourism.ch\/index.php?rest_route=\/wp\/v2\/pages\/840\/revisions\/847"}],"up":[{"embeddable":true,"href":"http:\/\/www.presstourism.ch\/index.php?rest_route=\/wp\/v2\/pages\/279"}],"wp:attachment":[{"href":"http:\/\/www.presstourism.ch\/index.php?rest_route=%2Fwp%2Fv2%2Fmedia&parent=840"}],"curies":[{"name":"wp","href":"https:\/\/api.w.org\/{rel}","templated":true}]}}