{"id":8354,"date":"2022-04-04T15:27:39","date_gmt":"2022-04-04T14:27:39","guid":{"rendered":"http:\/\/www.presstourism.ch\/WP_ALEX\/?page_id=8354"},"modified":"2022-04-04T18:46:53","modified_gmt":"2022-04-04T17:46:53","slug":"liban-4-aout-2020-tragique-anniversaire","status":"publish","type":"page","link":"http:\/\/www.presstourism.ch\/?page_id=8354","title":{"rendered":"LIBAN 4 ao\u00fbt 2020 &#8211; Tragique anniversaire"},"content":{"rendered":"\n<p><strong><em>Tristesse et d\u00e9chirement<\/em><\/strong><\/p>\n\n\n\n<p>Texte et photos de Georgika Aeby-Demeter<\/p>\n\n\n\n<div class=\"wp-block-columns\">\n<div class=\"wp-block-column\">\n<figure class=\"wp-block-image size-full\"><a href=\"https:\/\/i1.wp.com\/www.presstourism.ch\/WP_ALEX\/wp-content\/uploads\/2022\/04\/1.-Souvenirs-et-nostalgie-Deflagration-Liban-4-aout-2020-c-Photo-AFP-3.jpg\"><img loading=\"lazy\" width=\"584\" height=\"389\" src=\"https:\/\/i1.wp.com\/www.presstourism.ch\/WP_ALEX\/wp-content\/uploads\/2022\/04\/1.-Souvenirs-et-nostalgie-Deflagration-Liban-4-aout-2020-c-Photo-AFP-3.jpg?resize=584%2C389\" alt=\"\" class=\"wp-image-8359\" srcset=\"https:\/\/i2.wp.com\/www.presstourism.ch\/wp-content\/uploads\/2022\/04\/1.-Souvenirs-et-nostalgie-Deflagration-Liban-4-aout-2020-c-Photo-AFP-3.jpg?w=900 900w, https:\/\/i2.wp.com\/www.presstourism.ch\/wp-content\/uploads\/2022\/04\/1.-Souvenirs-et-nostalgie-Deflagration-Liban-4-aout-2020-c-Photo-AFP-3.jpg?resize=300%2C200 300w, https:\/\/i2.wp.com\/www.presstourism.ch\/wp-content\/uploads\/2022\/04\/1.-Souvenirs-et-nostalgie-Deflagration-Liban-4-aout-2020-c-Photo-AFP-3.jpg?resize=768%2C512 768w, https:\/\/i2.wp.com\/www.presstourism.ch\/wp-content\/uploads\/2022\/04\/1.-Souvenirs-et-nostalgie-Deflagration-Liban-4-aout-2020-c-Photo-AFP-3.jpg?resize=600%2C400 600w, https:\/\/i2.wp.com\/www.presstourism.ch\/wp-content\/uploads\/2022\/04\/1.-Souvenirs-et-nostalgie-Deflagration-Liban-4-aout-2020-c-Photo-AFP-3.jpg?resize=450%2C300 450w\" sizes=\"(max-width: 584px) 100vw, 584px\" data-recalc-dims=\"1\" \/><\/a><figcaption>\u00a9 photos AFP<\/figcaption><\/figure>\n<\/div>\n\n\n\n<div class=\"wp-block-column\">\n<div class=\"wp-block-group\"><div class=\"wp-block-group__inner-container\">\n<figure class=\"wp-block-image size-full\"><a href=\"https:\/\/i0.wp.com\/www.presstourism.ch\/WP_ALEX\/wp-content\/uploads\/2022\/04\/2.-Souvenirs-et-nostalgie-Liban-4-aout-chantier-apres-lexplosion-CAFP-1.jpg\"><img loading=\"lazy\" width=\"584\" height=\"389\" src=\"https:\/\/i0.wp.com\/www.presstourism.ch\/WP_ALEX\/wp-content\/uploads\/2022\/04\/2.-Souvenirs-et-nostalgie-Liban-4-aout-chantier-apres-lexplosion-CAFP-1.jpg?resize=584%2C389\" alt=\"\" class=\"wp-image-8360\" srcset=\"https:\/\/i2.wp.com\/www.presstourism.ch\/wp-content\/uploads\/2022\/04\/2.-Souvenirs-et-nostalgie-Liban-4-aout-chantier-apres-lexplosion-CAFP-1.jpg?w=900 900w, https:\/\/i2.wp.com\/www.presstourism.ch\/wp-content\/uploads\/2022\/04\/2.-Souvenirs-et-nostalgie-Liban-4-aout-chantier-apres-lexplosion-CAFP-1.jpg?resize=300%2C200 300w, https:\/\/i2.wp.com\/www.presstourism.ch\/wp-content\/uploads\/2022\/04\/2.-Souvenirs-et-nostalgie-Liban-4-aout-chantier-apres-lexplosion-CAFP-1.jpg?resize=768%2C512 768w, https:\/\/i2.wp.com\/www.presstourism.ch\/wp-content\/uploads\/2022\/04\/2.-Souvenirs-et-nostalgie-Liban-4-aout-chantier-apres-lexplosion-CAFP-1.jpg?resize=600%2C400 600w, https:\/\/i2.wp.com\/www.presstourism.ch\/wp-content\/uploads\/2022\/04\/2.-Souvenirs-et-nostalgie-Liban-4-aout-chantier-apres-lexplosion-CAFP-1.jpg?resize=450%2C300 450w\" sizes=\"(max-width: 584px) 100vw, 584px\" data-recalc-dims=\"1\" \/><\/a><\/figure>\n<\/div><\/div>\n<\/div>\n<\/div>\n\n\n\n<p><strong>Le 4 ao\u00fbt, il y a un an, Beyrouth la capitale du Liban renouait avec la trag\u00e9die&nbsp;! Partie du port, une double explosion a saccag\u00e9 la ville qui s\u2019\u00e9tait obstin\u00e9ment relev\u00e9e de ses cendres apr\u00e8s 15 ans de guerre et des d\u00e9cennies de lutte pour se reconstruire\u2026 Ce 4 ao\u00fbt 2020, la sid\u00e9ration a \u00e9t\u00e9 immense et la stup\u00e9faction d\u00e9passant l\u2019entendement&nbsp;!&nbsp;&nbsp;Aujourd\u2019hui encore, touch\u00e9 au c\u0153ur, une ann\u00e9e apr\u00e8s, le Liban n\u2019a pas boucl\u00e9 son chemin de souffrance&nbsp;! Regards.<\/strong><\/p>\n\n\n\n<p><strong>L<\/strong>es Libanais sont \u00e0 pr\u00e9sent les otages d\u2019un quotidien qui leur \u00e9chappe inexorablement\u2026 Ce drame suppl\u00e9mentaire dans un pays en compl\u00e8te d\u00e9tresse \u00e9conomique, en une p\u00e9riode de grande crise politique et financi\u00e8re, plong\u00e9 dans une violente d\u00e9pr\u00e9ciation mon\u00e9taire, en plus de la pand\u00e9mie qui frappe le monde, c\u2019en est trop&nbsp;! Et le cyclone qui a saccag\u00e9 les immeubles, bris\u00e9 les vitres et d\u00e9vast\u00e9 des vies n\u2019en finit pas de souffler\u2026 A l\u2019instar de L\u2019Orient-Le Jour, le quotidien de langue fran\u00e7aise enjoignant la population \u00e0 r\u00e9agir, dans un m\u00eame \u00e9lan, les Libanais avaient d\u00e9blay\u00e9, nettoy\u00e9, balay\u00e9 les gravats et, clam\u00e9 haut et fort leur volont\u00e9 de rester debout&nbsp;! Las, face aux adversit\u00e9s, la r\u00e9silience vacille, s\u2019estompe, perd pied graduellement. Si le panier de la m\u00e9nag\u00e8re peine \u00e0 se remplir et les rayons des pharmacies manquent de m\u00e9dicaments, priv\u00e9s d\u2019essence, d\u2019\u00e9lectricit\u00e9 \u2026 ran\u00e7onn\u00e9s de toutes parts, o\u00f9 puiser cette force dont les Libanais ont toujours fait preuve&nbsp;? Les jeunes quittent le pays pour tenter de se forger un avenir et, les autres, d\u00e9tenteurs d\u2019un dipl\u00f4me \u00e0 faire valoir \u00e0 l\u2019\u00e9tranger &#8211; notamment, dans le domaine de la sant\u00e9 &#8211;&nbsp;font de m\u00eame&nbsp;!&nbsp;<\/p>\n\n\n\n<div class=\"wp-block-columns\">\n<div class=\"wp-block-column\">\n<figure class=\"wp-block-image size-full is-style-default\"><a href=\"https:\/\/i1.wp.com\/www.presstourism.ch\/WP_ALEX\/wp-content\/uploads\/2022\/04\/3.-Centre-ville-vers-lEglise-des-Capucins-et-fouilles-de-vestiges-anciens-c-GAD.jpg\"><img loading=\"lazy\" width=\"584\" height=\"389\" src=\"https:\/\/i1.wp.com\/www.presstourism.ch\/WP_ALEX\/wp-content\/uploads\/2022\/04\/3.-Centre-ville-vers-lEglise-des-Capucins-et-fouilles-de-vestiges-anciens-c-GAD.jpg?resize=584%2C389\" alt=\"\" class=\"wp-image-8361\" srcset=\"https:\/\/i0.wp.com\/www.presstourism.ch\/wp-content\/uploads\/2022\/04\/3.-Centre-ville-vers-lEglise-des-Capucins-et-fouilles-de-vestiges-anciens-c-GAD.jpg?w=900 900w, https:\/\/i0.wp.com\/www.presstourism.ch\/wp-content\/uploads\/2022\/04\/3.-Centre-ville-vers-lEglise-des-Capucins-et-fouilles-de-vestiges-anciens-c-GAD.jpg?resize=300%2C200 300w, https:\/\/i0.wp.com\/www.presstourism.ch\/wp-content\/uploads\/2022\/04\/3.-Centre-ville-vers-lEglise-des-Capucins-et-fouilles-de-vestiges-anciens-c-GAD.jpg?resize=768%2C512 768w, https:\/\/i0.wp.com\/www.presstourism.ch\/wp-content\/uploads\/2022\/04\/3.-Centre-ville-vers-lEglise-des-Capucins-et-fouilles-de-vestiges-anciens-c-GAD.jpg?resize=600%2C400 600w, https:\/\/i0.wp.com\/www.presstourism.ch\/wp-content\/uploads\/2022\/04\/3.-Centre-ville-vers-lEglise-des-Capucins-et-fouilles-de-vestiges-anciens-c-GAD.jpg?resize=450%2C300 450w\" sizes=\"(max-width: 584px) 100vw, 584px\" data-recalc-dims=\"1\" \/><\/a><\/figure>\n<\/div>\n\n\n\n<div class=\"wp-block-column\">\n<figure class=\"wp-block-image size-full\"><a href=\"https:\/\/i0.wp.com\/www.presstourism.ch\/WP_ALEX\/wp-content\/uploads\/2022\/04\/4.-Quartier-fleuri-vers-le-parlement-c-GAD.jpg\"><img loading=\"lazy\" width=\"584\" height=\"389\" src=\"https:\/\/i0.wp.com\/www.presstourism.ch\/WP_ALEX\/wp-content\/uploads\/2022\/04\/4.-Quartier-fleuri-vers-le-parlement-c-GAD.jpg?resize=584%2C389\" alt=\"\" class=\"wp-image-8362\" srcset=\"https:\/\/i2.wp.com\/www.presstourism.ch\/wp-content\/uploads\/2022\/04\/4.-Quartier-fleuri-vers-le-parlement-c-GAD.jpg?w=900 900w, https:\/\/i2.wp.com\/www.presstourism.ch\/wp-content\/uploads\/2022\/04\/4.-Quartier-fleuri-vers-le-parlement-c-GAD.jpg?resize=300%2C200 300w, https:\/\/i2.wp.com\/www.presstourism.ch\/wp-content\/uploads\/2022\/04\/4.-Quartier-fleuri-vers-le-parlement-c-GAD.jpg?resize=768%2C512 768w, https:\/\/i2.wp.com\/www.presstourism.ch\/wp-content\/uploads\/2022\/04\/4.-Quartier-fleuri-vers-le-parlement-c-GAD.jpg?resize=600%2C400 600w, https:\/\/i2.wp.com\/www.presstourism.ch\/wp-content\/uploads\/2022\/04\/4.-Quartier-fleuri-vers-le-parlement-c-GAD.jpg?resize=450%2C300 450w\" sizes=\"(max-width: 584px) 100vw, 584px\" data-recalc-dims=\"1\" \/><\/a><\/figure>\n<\/div>\n\n\n\n<div class=\"wp-block-column\">\n<figure class=\"wp-block-image size-full\"><a href=\"https:\/\/i0.wp.com\/www.presstourism.ch\/WP_ALEX\/wp-content\/uploads\/2022\/04\/5.-Beyrouth-Elegant-quartier-residentiel-en-ville-c-GAD.jpg\"><img loading=\"lazy\" width=\"584\" height=\"389\" src=\"https:\/\/i0.wp.com\/www.presstourism.ch\/WP_ALEX\/wp-content\/uploads\/2022\/04\/5.-Beyrouth-Elegant-quartier-residentiel-en-ville-c-GAD.jpg?resize=584%2C389\" alt=\"\" class=\"wp-image-8363\" srcset=\"https:\/\/i0.wp.com\/www.presstourism.ch\/wp-content\/uploads\/2022\/04\/5.-Beyrouth-Elegant-quartier-residentiel-en-ville-c-GAD.jpg?w=900 900w, https:\/\/i0.wp.com\/www.presstourism.ch\/wp-content\/uploads\/2022\/04\/5.-Beyrouth-Elegant-quartier-residentiel-en-ville-c-GAD.jpg?resize=300%2C200 300w, https:\/\/i0.wp.com\/www.presstourism.ch\/wp-content\/uploads\/2022\/04\/5.-Beyrouth-Elegant-quartier-residentiel-en-ville-c-GAD.jpg?resize=768%2C512 768w, https:\/\/i0.wp.com\/www.presstourism.ch\/wp-content\/uploads\/2022\/04\/5.-Beyrouth-Elegant-quartier-residentiel-en-ville-c-GAD.jpg?resize=600%2C400 600w, https:\/\/i0.wp.com\/www.presstourism.ch\/wp-content\/uploads\/2022\/04\/5.-Beyrouth-Elegant-quartier-residentiel-en-ville-c-GAD.jpg?resize=450%2C300 450w\" sizes=\"(max-width: 584px) 100vw, 584px\" data-recalc-dims=\"1\" \/><\/a><\/figure>\n<\/div>\n<\/div>\n\n\n\n<p><strong>P<\/strong>artout dans le monde les images avaient d\u00e9ferl\u00e9, ce 4 ao\u00fbt, incroyables, puissantes, d\u00e9vastatrices, le chaos \u00e9tait dantesque ! En l\u2019espace de quelques petites minutes, le Liban s\u2019\u00e9tait transform\u00e9 en un chantier de cauchemar. En un espace d\u2019horreur. L\u2019enfer, c\u2019est ici.&nbsp;Le pays qui chante le Cantique des Cantiques, celui dont les anc\u00eatres ont invent\u00e9 la pourpre, l\u2019alphabet et la navigation, qui, \u00e0 l\u2019ombre des c\u00e8dres l\u00e9gendaires, a pouss\u00e9 l\u2019art de l\u2019accueil \u00e0 la perfection et cultive l\u2019hospitalit\u00e9 comme une vertu, le Liban des paysages bibliques, des montagnes, du lait et des l\u00e9gendes n\u2019est pas fait pour cette d\u00e9solation. Il ramassera les d\u00e9bris de sa vie pour retrouver sous les d\u00e9combres ce qu\u2019on appelait, jadis, le miracle libanais. Encore une fois, encore et encore&nbsp;! On y croit. Toujours.<\/p>\n\n\n\n<div class=\"wp-block-group\"><div class=\"wp-block-group__inner-container\">\n<div class=\"wp-block-columns\">\n<div class=\"wp-block-column\">\n<figure class=\"wp-block-image size-full\"><a href=\"https:\/\/i2.wp.com\/www.presstourism.ch\/WP_ALEX\/wp-content\/uploads\/2022\/04\/6.-Balcon-aux-fenetre-aux-arcades-ajourees-c-GAD-1.jpg\"><img loading=\"lazy\" width=\"584\" height=\"389\" src=\"https:\/\/i2.wp.com\/www.presstourism.ch\/WP_ALEX\/wp-content\/uploads\/2022\/04\/6.-Balcon-aux-fenetre-aux-arcades-ajourees-c-GAD-1.jpg?resize=584%2C389\" alt=\"\" class=\"wp-image-8366\" srcset=\"https:\/\/i0.wp.com\/www.presstourism.ch\/wp-content\/uploads\/2022\/04\/6.-Balcon-aux-fenetre-aux-arcades-ajourees-c-GAD-1.jpg?w=900 900w, https:\/\/i0.wp.com\/www.presstourism.ch\/wp-content\/uploads\/2022\/04\/6.-Balcon-aux-fenetre-aux-arcades-ajourees-c-GAD-1.jpg?resize=300%2C200 300w, https:\/\/i0.wp.com\/www.presstourism.ch\/wp-content\/uploads\/2022\/04\/6.-Balcon-aux-fenetre-aux-arcades-ajourees-c-GAD-1.jpg?resize=768%2C512 768w, https:\/\/i0.wp.com\/www.presstourism.ch\/wp-content\/uploads\/2022\/04\/6.-Balcon-aux-fenetre-aux-arcades-ajourees-c-GAD-1.jpg?resize=600%2C400 600w, https:\/\/i0.wp.com\/www.presstourism.ch\/wp-content\/uploads\/2022\/04\/6.-Balcon-aux-fenetre-aux-arcades-ajourees-c-GAD-1.jpg?resize=450%2C300 450w\" sizes=\"(max-width: 584px) 100vw, 584px\" data-recalc-dims=\"1\" \/><\/a><\/figure>\n<\/div>\n\n\n\n<div class=\"wp-block-column\">\n<figure class=\"wp-block-image size-full\"><a href=\"https:\/\/i2.wp.com\/www.presstourism.ch\/WP_ALEX\/wp-content\/uploads\/2022\/04\/5.-Beyrouth-Elegant-quartier-residentiel-en-ville-c-GAD-1.jpg\"><img loading=\"lazy\" width=\"584\" height=\"389\" src=\"https:\/\/i2.wp.com\/www.presstourism.ch\/WP_ALEX\/wp-content\/uploads\/2022\/04\/5.-Beyrouth-Elegant-quartier-residentiel-en-ville-c-GAD-1.jpg?resize=584%2C389\" alt=\"\" class=\"wp-image-8367\" srcset=\"https:\/\/i1.wp.com\/www.presstourism.ch\/wp-content\/uploads\/2022\/04\/5.-Beyrouth-Elegant-quartier-residentiel-en-ville-c-GAD-1.jpg?w=900 900w, https:\/\/i1.wp.com\/www.presstourism.ch\/wp-content\/uploads\/2022\/04\/5.-Beyrouth-Elegant-quartier-residentiel-en-ville-c-GAD-1.jpg?resize=300%2C200 300w, https:\/\/i1.wp.com\/www.presstourism.ch\/wp-content\/uploads\/2022\/04\/5.-Beyrouth-Elegant-quartier-residentiel-en-ville-c-GAD-1.jpg?resize=768%2C512 768w, https:\/\/i1.wp.com\/www.presstourism.ch\/wp-content\/uploads\/2022\/04\/5.-Beyrouth-Elegant-quartier-residentiel-en-ville-c-GAD-1.jpg?resize=600%2C400 600w, https:\/\/i1.wp.com\/www.presstourism.ch\/wp-content\/uploads\/2022\/04\/5.-Beyrouth-Elegant-quartier-residentiel-en-ville-c-GAD-1.jpg?resize=450%2C300 450w\" sizes=\"(max-width: 584px) 100vw, 584px\" data-recalc-dims=\"1\" \/><\/a><\/figure>\n<\/div>\n\n\n\n<div class=\"wp-block-column\">\n<figure class=\"wp-block-image size-full\"><a href=\"https:\/\/i0.wp.com\/www.presstourism.ch\/WP_ALEX\/wp-content\/uploads\/2022\/04\/8.-Arcades-fer-forge-petits-balcons-Immeuble-refait-a-lancienne-c-GAD.jpg\"><img loading=\"lazy\" width=\"584\" height=\"389\" src=\"https:\/\/i0.wp.com\/www.presstourism.ch\/WP_ALEX\/wp-content\/uploads\/2022\/04\/8.-Arcades-fer-forge-petits-balcons-Immeuble-refait-a-lancienne-c-GAD.jpg?resize=584%2C389\" alt=\"\" class=\"wp-image-8368\" srcset=\"https:\/\/i0.wp.com\/www.presstourism.ch\/wp-content\/uploads\/2022\/04\/8.-Arcades-fer-forge-petits-balcons-Immeuble-refait-a-lancienne-c-GAD.jpg?w=900 900w, https:\/\/i0.wp.com\/www.presstourism.ch\/wp-content\/uploads\/2022\/04\/8.-Arcades-fer-forge-petits-balcons-Immeuble-refait-a-lancienne-c-GAD.jpg?resize=300%2C200 300w, https:\/\/i0.wp.com\/www.presstourism.ch\/wp-content\/uploads\/2022\/04\/8.-Arcades-fer-forge-petits-balcons-Immeuble-refait-a-lancienne-c-GAD.jpg?resize=768%2C512 768w, https:\/\/i0.wp.com\/www.presstourism.ch\/wp-content\/uploads\/2022\/04\/8.-Arcades-fer-forge-petits-balcons-Immeuble-refait-a-lancienne-c-GAD.jpg?resize=600%2C400 600w, https:\/\/i0.wp.com\/www.presstourism.ch\/wp-content\/uploads\/2022\/04\/8.-Arcades-fer-forge-petits-balcons-Immeuble-refait-a-lancienne-c-GAD.jpg?resize=450%2C300 450w\" sizes=\"(max-width: 584px) 100vw, 584px\" data-recalc-dims=\"1\" \/><\/a><\/figure>\n<\/div>\n<\/div>\n<\/div><\/div>\n\n\n\n<p><strong>E<\/strong>ntre mer et montagne, si le Liban poss\u00e8de une multitude de curiosit\u00e9s touristiques, historiques et culturelles, son meilleur atout reste sa population qui charme et s\u00e9duit par une fibre g\u00e9n\u00e9reuse et passionn\u00e9e et sa poursuite tr\u00e9pidante aux plaisirs gourmands, mondains, et nocturnes qu\u2019elle seule a su cr\u00e9er. Des plages comme en Floride, des palaces, des enseignes de marque\u2026 restaurants, pubs, night-clubs ne se comptent pas. D\u2019inspiration locale ou \u00e0 la pointe des tendances, ils sont toujours complets et, ici, on vous sert \u00e0 toute heure&nbsp;! De Monot \u00e0 Gemmayz\u00e9, en passant par Verdun et Hamra ou, au centre-ville, Beyrouth c\u2019est la f\u00eate&nbsp;! Pour le reste, les femmes sont \u00e9l\u00e9gantes et les hommes flamboyants, la circulation d\u00e9mente, Beyrouth est&nbsp;<em>too much<\/em>&nbsp;et on adore&nbsp;! On n\u2019a jamais cess\u00e9 de flamber, mais aujourd\u2019hui, les larmes cach\u00e9es remplacent la l\u00e9g\u00e8ret\u00e9 ! Si les lieux festifs sont bond\u00e9s &#8211; pour conjurer le sort on sort et on se rassemble &#8211; m\u00eame si le c\u0153ur n\u2019y est pas, pour donner le change&nbsp;!&nbsp;&nbsp;Le Liban reste debout&nbsp;! Envers et contre tous.&nbsp;&nbsp;<\/p>\n\n\n\n<div class=\"wp-block-columns\">\n<div class=\"wp-block-column\">\n<figure class=\"wp-block-image size-full\"><a href=\"https:\/\/i0.wp.com\/www.presstourism.ch\/WP_ALEX\/wp-content\/uploads\/2022\/04\/9.-Byblos-une-des-villes-les-plus-anciennes-du-monde-c-GAD.jpg\"><img loading=\"lazy\" width=\"584\" height=\"389\" src=\"https:\/\/i0.wp.com\/www.presstourism.ch\/WP_ALEX\/wp-content\/uploads\/2022\/04\/9.-Byblos-une-des-villes-les-plus-anciennes-du-monde-c-GAD.jpg?resize=584%2C389\" alt=\"\" class=\"wp-image-8369\" srcset=\"https:\/\/i1.wp.com\/www.presstourism.ch\/wp-content\/uploads\/2022\/04\/9.-Byblos-une-des-villes-les-plus-anciennes-du-monde-c-GAD.jpg?w=900 900w, https:\/\/i1.wp.com\/www.presstourism.ch\/wp-content\/uploads\/2022\/04\/9.-Byblos-une-des-villes-les-plus-anciennes-du-monde-c-GAD.jpg?resize=300%2C200 300w, https:\/\/i1.wp.com\/www.presstourism.ch\/wp-content\/uploads\/2022\/04\/9.-Byblos-une-des-villes-les-plus-anciennes-du-monde-c-GAD.jpg?resize=768%2C512 768w, https:\/\/i1.wp.com\/www.presstourism.ch\/wp-content\/uploads\/2022\/04\/9.-Byblos-une-des-villes-les-plus-anciennes-du-monde-c-GAD.jpg?resize=600%2C400 600w, https:\/\/i1.wp.com\/www.presstourism.ch\/wp-content\/uploads\/2022\/04\/9.-Byblos-une-des-villes-les-plus-anciennes-du-monde-c-GAD.jpg?resize=450%2C300 450w\" sizes=\"(max-width: 584px) 100vw, 584px\" data-recalc-dims=\"1\" \/><\/a><\/figure>\n<\/div>\n\n\n\n<div class=\"wp-block-column\">\n<figure class=\"wp-block-image size-full\"><a href=\"https:\/\/i1.wp.com\/www.presstourism.ch\/WP_ALEX\/wp-content\/uploads\/2022\/04\/10.-Byblos-et-son-petit-port-legendaire-c-GAD.jpg\"><img loading=\"lazy\" width=\"584\" height=\"389\" src=\"https:\/\/i1.wp.com\/www.presstourism.ch\/WP_ALEX\/wp-content\/uploads\/2022\/04\/10.-Byblos-et-son-petit-port-legendaire-c-GAD.jpg?resize=584%2C389\" alt=\"\" class=\"wp-image-8370\" srcset=\"https:\/\/i0.wp.com\/www.presstourism.ch\/wp-content\/uploads\/2022\/04\/10.-Byblos-et-son-petit-port-legendaire-c-GAD.jpg?w=900 900w, https:\/\/i0.wp.com\/www.presstourism.ch\/wp-content\/uploads\/2022\/04\/10.-Byblos-et-son-petit-port-legendaire-c-GAD.jpg?resize=300%2C200 300w, https:\/\/i0.wp.com\/www.presstourism.ch\/wp-content\/uploads\/2022\/04\/10.-Byblos-et-son-petit-port-legendaire-c-GAD.jpg?resize=768%2C512 768w, https:\/\/i0.wp.com\/www.presstourism.ch\/wp-content\/uploads\/2022\/04\/10.-Byblos-et-son-petit-port-legendaire-c-GAD.jpg?resize=600%2C400 600w, https:\/\/i0.wp.com\/www.presstourism.ch\/wp-content\/uploads\/2022\/04\/10.-Byblos-et-son-petit-port-legendaire-c-GAD.jpg?resize=450%2C300 450w\" sizes=\"(max-width: 584px) 100vw, 584px\" data-recalc-dims=\"1\" \/><\/a><\/figure>\n<\/div>\n<\/div>\n\n\n\n<p> <\/p>\n","protected":false},"excerpt":{"rendered":"<p>Tristesse et d\u00e9chirement Texte et photos de Georgika Aeby-Demeter Le 4 ao\u00fbt, il y a un an, Beyrouth la capitale du Liban renouait avec la trag\u00e9die&nbsp;! Partie du port, une double explosion a saccag\u00e9 la ville qui s\u2019\u00e9tait obstin\u00e9ment relev\u00e9e &hellip; <a href=\"http:\/\/www.presstourism.ch\/?page_id=8354\">Continuer la lecture <span class=\"meta-nav\">&rarr;<\/span><\/a><\/p>\n","protected":false},"author":1540,"featured_media":0,"parent":8380,"menu_order":0,"comment_status":"closed","ping_status":"closed","template":"","meta":{"ngg_post_thumbnail":0,"spay_email":""},"jetpack_sharing_enabled":true,"jetpack_shortlink":"https:\/\/wp.me\/P468TV-2aK","_links":{"self":[{"href":"http:\/\/www.presstourism.ch\/index.php?rest_route=\/wp\/v2\/pages\/8354"}],"collection":[{"href":"http:\/\/www.presstourism.ch\/index.php?rest_route=\/wp\/v2\/pages"}],"about":[{"href":"http:\/\/www.presstourism.ch\/index.php?rest_route=\/wp\/v2\/types\/page"}],"author":[{"embeddable":true,"href":"http:\/\/www.presstourism.ch\/index.php?rest_route=\/wp\/v2\/users\/1540"}],"replies":[{"embeddable":true,"href":"http:\/\/www.presstourism.ch\/index.php?rest_route=%2Fwp%2Fv2%2Fcomments&post=8354"}],"version-history":[{"count":2,"href":"http:\/\/www.presstourism.ch\/index.php?rest_route=\/wp\/v2\/pages\/8354\/revisions"}],"predecessor-version":[{"id":8373,"href":"http:\/\/www.presstourism.ch\/index.php?rest_route=\/wp\/v2\/pages\/8354\/revisions\/8373"}],"up":[{"embeddable":true,"href":"http:\/\/www.presstourism.ch\/index.php?rest_route=\/wp\/v2\/pages\/8380"}],"wp:attachment":[{"href":"http:\/\/www.presstourism.ch\/index.php?rest_route=%2Fwp%2Fv2%2Fmedia&parent=8354"}],"curies":[{"name":"wp","href":"https:\/\/api.w.org\/{rel}","templated":true}]}}