{"id":8334,"date":"2022-03-18T15:47:12","date_gmt":"2022-03-18T14:47:12","guid":{"rendered":"http:\/\/www.presstourism.ch\/WP_ALEX\/?page_id=8334"},"modified":"2022-04-04T15:54:53","modified_gmt":"2022-04-04T14:54:53","slug":"sommets-blancs-cocooning","status":"publish","type":"page","link":"http:\/\/www.presstourism.ch\/?page_id=8334","title":{"rendered":"SOMMETS BLANCS &#038; COCOONING"},"content":{"rendered":"\n<p>Georgika Aeby-Demeter<\/p>\n\n\n\n<p><strong>Val Thorens joyau du ski europ\u00e9en&nbsp;<\/strong><\/p>\n\n\n\n<p><em>La saison d\u2019hiver est repartie en beaut\u00e9<\/em><\/p>\n\n\n\n<p><strong>D\u00e8s les premiers jours de la saison, Val Thorens au sommet des 3 Vall\u00e9es dans les Alpes fran\u00e7aises, le plus vaste domaine skiable du monde, accueillait ses fans empress\u00e9s de retrouver l\u2019incomparable enchantement. C\u2019est avec une passion intacte que les inconditionnels ont pu regagner la station et ses mythiques pistes rest\u00e9es ferm\u00e9es l\u2019an dernier pour cause de pand\u00e9mie. Magie des retrouvailles en beaut\u00e9&nbsp;!&nbsp;&nbsp;Panorama.<\/strong><\/p>\n\n\n\n<figure class=\"wp-block-image size-large\"><a href=\"https:\/\/i1.wp.com\/www.presstourism.ch\/WP_ALEX\/wp-content\/uploads\/2022\/03\/Bildschirmfoto-2022-03-18-um-15.27.31.png\"><img loading=\"lazy\" width=\"584\" height=\"193\" src=\"https:\/\/i0.wp.com\/www.presstourism.ch\/WP_ALEX\/wp-content\/uploads\/2022\/03\/Bildschirmfoto-2022-03-18-um-15.27.31-1024x339.png?resize=584%2C193\" alt=\"\" class=\"wp-image-8335\" srcset=\"https:\/\/i1.wp.com\/www.presstourism.ch\/wp-content\/uploads\/2022\/03\/Bildschirmfoto-2022-03-18-um-15.27.31.png?resize=1024%2C339 1024w, https:\/\/i1.wp.com\/www.presstourism.ch\/wp-content\/uploads\/2022\/03\/Bildschirmfoto-2022-03-18-um-15.27.31.png?resize=300%2C99 300w, https:\/\/i1.wp.com\/www.presstourism.ch\/wp-content\/uploads\/2022\/03\/Bildschirmfoto-2022-03-18-um-15.27.31.png?resize=768%2C254 768w, https:\/\/i1.wp.com\/www.presstourism.ch\/wp-content\/uploads\/2022\/03\/Bildschirmfoto-2022-03-18-um-15.27.31.png?resize=600%2C199 600w, https:\/\/i1.wp.com\/www.presstourism.ch\/wp-content\/uploads\/2022\/03\/Bildschirmfoto-2022-03-18-um-15.27.31.png?resize=500%2C165 500w, https:\/\/i1.wp.com\/www.presstourism.ch\/wp-content\/uploads\/2022\/03\/Bildschirmfoto-2022-03-18-um-15.27.31.png?w=1124 1124w\" sizes=\"(max-width: 584px) 100vw, 584px\" data-recalc-dims=\"1\" \/><\/a><\/figure>\n\n\n\n<p><strong>C<\/strong>hausser ses skis, s\u2019\u00e9lancer sur les pentes ou savourer le spectacle des pics enneig\u00e9s, c\u2019est le retour d\u2019une \u00e9motion sans nom&nbsp;! Station phare des sportifs inv\u00e9t\u00e9r\u00e9s, des familles comme des amateurs de grand air, de bien-\u00eatre ou de gastronomie, Val Thorens offre mille perspectives ! Aux 600 km de pistes am\u00e9nag\u00e9es, aux 334 pistes balis\u00e9es et 200 remont\u00e9es m\u00e9caniques, les responsables, l\u2019Office de Tourisme en t\u00eate, apportent chaque saison de nouveaux d\u00e9veloppements. Des t\u00e9l\u00e9cabines aux voies d\u2019accessibilit\u00e9s, des liaisons et ouvertures vers d\u2019autres plaisirs\u2026 d\u2019autres conforts&nbsp;! Tr\u00e8s attendu, par ailleurs, le prochain centre sportif&nbsp;innovant et modulable&nbsp;!&nbsp;&nbsp;Pour m\u00e9moire,&nbsp;si Val Thorens demeure la capitale du ski et la plus haute station d\u2019Europe, elle a \u00e9t\u00e9, successivement en 2017-2018 et 2019, sacr\u00e9e Meilleure Station de France et du Monde aux&nbsp;<em>World Ski Awards<\/em>&nbsp;!<\/p>\n\n\n\n<figure class=\"wp-block-image size-large\"><a href=\"https:\/\/i1.wp.com\/www.presstourism.ch\/WP_ALEX\/wp-content\/uploads\/2022\/03\/Bildschirmfoto-2022-03-18-um-15.29.00.png\"><img loading=\"lazy\" width=\"584\" height=\"194\" src=\"https:\/\/i0.wp.com\/www.presstourism.ch\/WP_ALEX\/wp-content\/uploads\/2022\/03\/Bildschirmfoto-2022-03-18-um-15.29.00-1024x341.png?resize=584%2C194\" alt=\"\" class=\"wp-image-8336\" srcset=\"https:\/\/i0.wp.com\/www.presstourism.ch\/wp-content\/uploads\/2022\/03\/Bildschirmfoto-2022-03-18-um-15.29.00.png?resize=1024%2C341 1024w, https:\/\/i0.wp.com\/www.presstourism.ch\/wp-content\/uploads\/2022\/03\/Bildschirmfoto-2022-03-18-um-15.29.00.png?resize=300%2C100 300w, https:\/\/i0.wp.com\/www.presstourism.ch\/wp-content\/uploads\/2022\/03\/Bildschirmfoto-2022-03-18-um-15.29.00.png?resize=768%2C256 768w, https:\/\/i0.wp.com\/www.presstourism.ch\/wp-content\/uploads\/2022\/03\/Bildschirmfoto-2022-03-18-um-15.29.00.png?resize=600%2C200 600w, https:\/\/i0.wp.com\/www.presstourism.ch\/wp-content\/uploads\/2022\/03\/Bildschirmfoto-2022-03-18-um-15.29.00.png?resize=500%2C167 500w, https:\/\/i0.wp.com\/www.presstourism.ch\/wp-content\/uploads\/2022\/03\/Bildschirmfoto-2022-03-18-um-15.29.00.png?w=1140 1140w\" sizes=\"(max-width: 584px) 100vw, 584px\" data-recalc-dims=\"1\" \/><\/a><\/figure>\n\n\n\n<p><strong>A<\/strong>vec un panorama \u00e0 2 300m d\u2019altitude embrassant 1 000 sommets des Alpes fran\u00e7aises, suisses ou italiennes, une vue sur 6 glaciers et autant de cimes \u00e9quip\u00e9s d\u00e9passant 3 000m, Val Thorens jouit d\u2019une qualit\u00e9 de neige exceptionnelle offrant aux fanatiques de glisse un plateau praticable de novembre \u00e0 mai. La station pr\u00e9sente une panoplie de plaisirs infinis, ski alpin, nordique, rando, snowboard ou raquettes et, pur frisson, une descente de 6km, sur la plus longue piste de luge en Europe&nbsp;! Pour le fun, les top tendances,&nbsp;<em>snowpark<\/em>,&nbsp;<em>boardercross<\/em>&nbsp;ou&nbsp;<em>fatbike\u2026<\/em>&nbsp;ne sont pas en reste. Avec cela, ambiance, convivialit\u00e9 et accueil, autant de qualit\u00e9s irrempla\u00e7ables qui scellent une notori\u00e9t\u00e9. Et, superlatif au tableau, un ensoleillement des plus appr\u00e9ci\u00e9s\u2026<\/p>\n\n\n\n<figure class=\"wp-block-image size-large\"><a href=\"https:\/\/i1.wp.com\/www.presstourism.ch\/WP_ALEX\/wp-content\/uploads\/2022\/03\/Bildschirmfoto-2022-03-18-um-15.30.01.png\"><img loading=\"lazy\" width=\"584\" height=\"194\" src=\"https:\/\/i1.wp.com\/www.presstourism.ch\/WP_ALEX\/wp-content\/uploads\/2022\/03\/Bildschirmfoto-2022-03-18-um-15.30.01-1024x341.png?resize=584%2C194\" alt=\"\" class=\"wp-image-8338\" srcset=\"https:\/\/i0.wp.com\/www.presstourism.ch\/wp-content\/uploads\/2022\/03\/Bildschirmfoto-2022-03-18-um-15.30.01.png?resize=1024%2C341 1024w, https:\/\/i0.wp.com\/www.presstourism.ch\/wp-content\/uploads\/2022\/03\/Bildschirmfoto-2022-03-18-um-15.30.01.png?resize=300%2C100 300w, https:\/\/i0.wp.com\/www.presstourism.ch\/wp-content\/uploads\/2022\/03\/Bildschirmfoto-2022-03-18-um-15.30.01.png?resize=768%2C256 768w, https:\/\/i0.wp.com\/www.presstourism.ch\/wp-content\/uploads\/2022\/03\/Bildschirmfoto-2022-03-18-um-15.30.01.png?resize=600%2C200 600w, https:\/\/i0.wp.com\/www.presstourism.ch\/wp-content\/uploads\/2022\/03\/Bildschirmfoto-2022-03-18-um-15.30.01.png?resize=500%2C166 500w, https:\/\/i0.wp.com\/www.presstourism.ch\/wp-content\/uploads\/2022\/03\/Bildschirmfoto-2022-03-18-um-15.30.01.png?w=1142 1142w\" sizes=\"(max-width: 584px) 100vw, 584px\" data-recalc-dims=\"1\" \/><\/a><\/figure>\n\n\n\n<p><strong>N<\/strong>\u00e9e de la vision d\u2019un collectif avis\u00e9, il y a bient\u00f4t 50 ans, Val Thorens-Village suit un sch\u00e9ma semi-pi\u00e9tonnier o\u00f9, pour stationner, les voitures ont l\u2019obligation d\u2019utiliser les parkings existants afin de respecter le passage de dameuses et autres engins de d\u00e9blaiements. En termes de s\u00e9curit\u00e9, la station est pionni\u00e8re avec&nbsp;<em>Snow Sat<\/em>, une technologie au service d\u2019un tourisme durable permettant d\u2019\u00e9valuer l\u2019\u00e9paisseur du manteau neigeux \u00e0 partir d\u2019un GPS install\u00e9 sur les \u00e9quipements. Dans un m\u00eame souci, dot\u00e9 de cam\u00e9ras &#8211; dont une grossissante &#8211; un drone surveille l\u2019\u00e9volution du domaine skiable 24h\/24. Pr\u00e9venant dangers et avalanches, il ira jusqu\u2019\u00e0 d\u00e9tecter des individus ensevelis\u2026 Autrement, pratique en diable, tous les h\u00e9bergements, h\u00f4tels ou appartements sont au pied des pistes et les navettes gratuites mises \u00e0 disposition sont utilis\u00e9es essentiellement pour les d\u00e9placements au centre du village. Tous ces efforts conjugu\u00e9s font de Val Thorens un v\u00e9ritable&nbsp;<em>Smart Ski Resort<\/em>&nbsp;!&nbsp;<\/p>\n\n\n\n<figure class=\"wp-block-image size-large\"><a href=\"https:\/\/i1.wp.com\/www.presstourism.ch\/WP_ALEX\/wp-content\/uploads\/2022\/03\/Bildschirmfoto-2022-03-18-um-15.31.41.png\"><img loading=\"lazy\" width=\"584\" height=\"190\" src=\"https:\/\/i1.wp.com\/www.presstourism.ch\/WP_ALEX\/wp-content\/uploads\/2022\/03\/Bildschirmfoto-2022-03-18-um-15.31.41-1024x333.png?resize=584%2C190\" alt=\"\" class=\"wp-image-8339\" srcset=\"https:\/\/i2.wp.com\/www.presstourism.ch\/wp-content\/uploads\/2022\/03\/Bildschirmfoto-2022-03-18-um-15.31.41.png?resize=1024%2C333 1024w, https:\/\/i2.wp.com\/www.presstourism.ch\/wp-content\/uploads\/2022\/03\/Bildschirmfoto-2022-03-18-um-15.31.41.png?resize=300%2C98 300w, https:\/\/i2.wp.com\/www.presstourism.ch\/wp-content\/uploads\/2022\/03\/Bildschirmfoto-2022-03-18-um-15.31.41.png?resize=768%2C250 768w, https:\/\/i2.wp.com\/www.presstourism.ch\/wp-content\/uploads\/2022\/03\/Bildschirmfoto-2022-03-18-um-15.31.41.png?resize=600%2C195 600w, https:\/\/i2.wp.com\/www.presstourism.ch\/wp-content\/uploads\/2022\/03\/Bildschirmfoto-2022-03-18-um-15.31.41.png?resize=500%2C163 500w, https:\/\/i2.wp.com\/www.presstourism.ch\/wp-content\/uploads\/2022\/03\/Bildschirmfoto-2022-03-18-um-15.31.41.png?w=1124 1124w\" sizes=\"(max-width: 584px) 100vw, 584px\" data-recalc-dims=\"1\" \/><\/a><\/figure>\n\n\n\n<p><strong>L<\/strong>es atouts de Val Thorens inspirent les embl\u00e9matiques h\u00f4tels de la station o\u00f9, les nombreux 4 et 5***** c\u00f4toient le charme des adresses plus confidentielles, r\u00e9sidences ou villages-vacances. Uniquement en activit\u00e9 en saison d\u2019hiver, on ne saurait manquer l\u2019exceptionnel Boutique Hotel Design&nbsp;<em>Altapura<\/em>&nbsp;qui vient de conna\u00eetre une profonde transformation apr\u00e8s avoir chang\u00e9 de mains. D\u00e9sormais sous l\u2019\u00e9gide d\u2019EODEN &amp; Beyond Places reprenant l\u2019\u00e9tablissement apr\u00e8s le groupe Sibuet<em>, Altapura<\/em>&nbsp;est le Must de la station&nbsp;! Une nouvelle mani\u00e8re de vivre la montagne, une autre fa\u00e7on de renouveler son exp\u00e9rience des sports d\u2019hiver&nbsp;! Ici l\u2019ambiance palace se love dans les d\u00e9tails clins d\u2019\u0153il, les volumes et les mat\u00e9riaux nobles flirtant avec le grand style d\u2019un&nbsp;<em>street art<\/em>&nbsp;des sommets revisit\u00e9&nbsp;! Avec conciergerie et Kid\u2019s Club, parking et garage privatifs\u2026<\/p>\n\n\n\n<figure class=\"wp-block-image size-large\"><a href=\"https:\/\/i0.wp.com\/www.presstourism.ch\/WP_ALEX\/wp-content\/uploads\/2022\/03\/Bildschirmfoto-2022-03-18-um-15.32.43.png\"><img loading=\"lazy\" width=\"584\" height=\"194\" src=\"https:\/\/i0.wp.com\/www.presstourism.ch\/WP_ALEX\/wp-content\/uploads\/2022\/03\/Bildschirmfoto-2022-03-18-um-15.32.43-1024x340.png?resize=584%2C194\" alt=\"\" class=\"wp-image-8340\" srcset=\"https:\/\/i2.wp.com\/www.presstourism.ch\/wp-content\/uploads\/2022\/03\/Bildschirmfoto-2022-03-18-um-15.32.43.png?resize=1024%2C340 1024w, https:\/\/i2.wp.com\/www.presstourism.ch\/wp-content\/uploads\/2022\/03\/Bildschirmfoto-2022-03-18-um-15.32.43.png?resize=300%2C99 300w, https:\/\/i2.wp.com\/www.presstourism.ch\/wp-content\/uploads\/2022\/03\/Bildschirmfoto-2022-03-18-um-15.32.43.png?resize=768%2C255 768w, https:\/\/i2.wp.com\/www.presstourism.ch\/wp-content\/uploads\/2022\/03\/Bildschirmfoto-2022-03-18-um-15.32.43.png?resize=600%2C199 600w, https:\/\/i2.wp.com\/www.presstourism.ch\/wp-content\/uploads\/2022\/03\/Bildschirmfoto-2022-03-18-um-15.32.43.png?resize=500%2C166 500w, https:\/\/i2.wp.com\/www.presstourism.ch\/wp-content\/uploads\/2022\/03\/Bildschirmfoto-2022-03-18-um-15.32.43.png?w=1140 1140w\" sizes=\"(max-width: 584px) 100vw, 584px\" data-recalc-dims=\"1\" \/><\/a><\/figure>\n\n\n\n<p><strong>I<\/strong>ntimes et somptueuses, 88 chambres et suites plongent au moyen de leurs larges baies vitr\u00e9es sur les Alpes d\u00e9couvrant sur les pistes une perspective grandiose. La d\u00e9coration est simple, douceur et lignes d\u2019inspiration nordique, cocooning chic et authentique avec ces bois blanchis et ces pierres comme r\u00e9cup\u00e9r\u00e9es d\u2019une falaise. En contraste, au bar, un mur de vieux skis patin\u00e9s raconte la l\u00e9gende occulte de la station et, dans la m\u00eame veine, au bar de la terrasse, d\u2019anciennes bottes de ski, continuent la saga de leur c\u00f4t\u00e9\u2026 A c\u00f4t\u00e9 de ce joyeux d\u00e9bordement,&nbsp;<em>Altapura<\/em>&nbsp;ne manque pas d\u2019offrir les nouvelles technologies tels des \u00e9crans tactiles ou Mac Mini en chambre.&nbsp;Confort supr\u00eame, on se chausse ici depuis la boutique&nbsp;<em>Skishop By Goitschel<\/em>&nbsp;pour s\u2019\u00e9lancer fin pr\u00eat en direct ion des pistes\u2026 Avec un moniteur de ski&nbsp;et de snowboard de l\u2019Ecole&nbsp;Oxyg\u00e8ne<strong>&nbsp;<\/strong>implant\u00e9e partout dans les Alpes fran\u00e7aises, dont l\u2019exp\u00e9rience et l\u2019attention port\u00e9es au bien-\u00eatre des clients sont absolument remarquables&nbsp;! Un instructeur pourrait m\u00eame vous faire d\u00e9couvrir les hauteurs de la station en\u2026parapente&nbsp;!<\/p>\n\n\n\n<figure class=\"wp-block-image size-large\"><a href=\"https:\/\/i0.wp.com\/www.presstourism.ch\/WP_ALEX\/wp-content\/uploads\/2022\/03\/Bildschirmfoto-2022-03-18-um-15.33.39.png\"><img loading=\"lazy\" width=\"584\" height=\"192\" src=\"https:\/\/i1.wp.com\/www.presstourism.ch\/WP_ALEX\/wp-content\/uploads\/2022\/03\/Bildschirmfoto-2022-03-18-um-15.33.39-1024x336.png?resize=584%2C192\" alt=\"\" class=\"wp-image-8341\" srcset=\"https:\/\/i1.wp.com\/www.presstourism.ch\/wp-content\/uploads\/2022\/03\/Bildschirmfoto-2022-03-18-um-15.33.39.png?resize=1024%2C336 1024w, https:\/\/i1.wp.com\/www.presstourism.ch\/wp-content\/uploads\/2022\/03\/Bildschirmfoto-2022-03-18-um-15.33.39.png?resize=300%2C99 300w, https:\/\/i1.wp.com\/www.presstourism.ch\/wp-content\/uploads\/2022\/03\/Bildschirmfoto-2022-03-18-um-15.33.39.png?resize=768%2C252 768w, https:\/\/i1.wp.com\/www.presstourism.ch\/wp-content\/uploads\/2022\/03\/Bildschirmfoto-2022-03-18-um-15.33.39.png?resize=600%2C197 600w, https:\/\/i1.wp.com\/www.presstourism.ch\/wp-content\/uploads\/2022\/03\/Bildschirmfoto-2022-03-18-um-15.33.39.png?resize=500%2C164 500w, https:\/\/i1.wp.com\/www.presstourism.ch\/wp-content\/uploads\/2022\/03\/Bildschirmfoto-2022-03-18-um-15.33.39.png?w=1120 1120w\" sizes=\"(max-width: 584px) 100vw, 584px\" data-recalc-dims=\"1\" \/><\/a><\/figure>\n\n\n\n<p><strong>A<\/strong>u chapitre de la restauration, avec un souffle inspir\u00e9 des grandes maisons, un nouveau chef peaufine l\u2019offre gourmande. Formule skieur ou carte traditionnelle, au 2.Mille.3 les tendances varient avec panache et, le soir, au buffet, r\u00f4tisserie, viandes grill\u00e9es et fromages \u00e0 l\u2019envi\u2026 revigorent les sportifs quand ils ne sont pas \u00e0 La Laiterie, tent\u00e9s par une bonne fondue. De rigueur&nbsp;! Sous les conseils attentifs du sommelier, en partenariat avec un ma\u00eetre fromager, on propose ici une harmonie mets-vins \u00e0 ne pas rater. Plaisirs raffin\u00e9s typiquement italiens \u00e0 la Casa Alta o\u00f9 la s\u00e9lection prend l\u2019accent du soleil avec les sp\u00e9cialit\u00e9s de p\u00e2tes. Risotto de homard, calamars \u00e0 l\u2019a\u00efoli de laitue et fines herbes, une d\u00e9licieuse symphonie accompagn\u00e9e de truffe, de jambon San Daniele et, de parmesan\u2026 Exceptionnels.<\/p>\n\n\n\n<figure class=\"wp-block-image size-large\"><a href=\"https:\/\/i1.wp.com\/www.presstourism.ch\/WP_ALEX\/wp-content\/uploads\/2022\/03\/Bildschirmfoto-2022-03-18-um-15.34.29.png\"><img loading=\"lazy\" width=\"584\" height=\"193\" src=\"https:\/\/i1.wp.com\/www.presstourism.ch\/WP_ALEX\/wp-content\/uploads\/2022\/03\/Bildschirmfoto-2022-03-18-um-15.34.29-1024x338.png?resize=584%2C193\" alt=\"\" class=\"wp-image-8342\" srcset=\"https:\/\/i2.wp.com\/www.presstourism.ch\/wp-content\/uploads\/2022\/03\/Bildschirmfoto-2022-03-18-um-15.34.29.png?resize=1024%2C338 1024w, https:\/\/i2.wp.com\/www.presstourism.ch\/wp-content\/uploads\/2022\/03\/Bildschirmfoto-2022-03-18-um-15.34.29.png?resize=300%2C99 300w, https:\/\/i2.wp.com\/www.presstourism.ch\/wp-content\/uploads\/2022\/03\/Bildschirmfoto-2022-03-18-um-15.34.29.png?resize=768%2C254 768w, https:\/\/i2.wp.com\/www.presstourism.ch\/wp-content\/uploads\/2022\/03\/Bildschirmfoto-2022-03-18-um-15.34.29.png?resize=600%2C198 600w, https:\/\/i2.wp.com\/www.presstourism.ch\/wp-content\/uploads\/2022\/03\/Bildschirmfoto-2022-03-18-um-15.34.29.png?resize=500%2C165 500w, https:\/\/i2.wp.com\/www.presstourism.ch\/wp-content\/uploads\/2022\/03\/Bildschirmfoto-2022-03-18-um-15.34.29.png?w=1144 1144w\" sizes=\"(max-width: 584px) 100vw, 584px\" data-recalc-dims=\"1\" \/><\/a><\/figure>\n\n\n\n<p><strong>P<\/strong>our la d\u00e9tente et le bien-\u00eatre&nbsp;<em>after ski<\/em>, d\u00e9velopp\u00e9 sp\u00e9cialement pour r\u00e9pondre aux besoins des sportifs, les soins et rituels Pure Altitude dispens\u00e9s au Spa Igloo. Une ambiance de grand large au sein d\u2019une for\u00eat de bouleaux, un brin viking, totalement nordique, s\u2019inspire de ces r\u00e9gions \u00e9loign\u00e9es o\u00f9 soulager et assouplir est plus qu\u2019un art, une tradition \u2026&nbsp;&nbsp;Essayer \u00e0 tout prix le traitement signature&nbsp;<em>Le secret du Skieur<\/em>&nbsp;alternant dans une&nbsp;<em>spirale nordique,<\/em>&nbsp;chaleur s\u00e8che et humide, douches froides et, une friction de glace pil\u00e9e. Magique&nbsp;! Sur 1000m2 de surface, avec piscines int\u00e9rieur-ext\u00e9rieur et jacuzzi, outre les cabines de soins avec lumi\u00e8res sensorielles et luminoth\u00e9rapie, se trouvent les saunas, hammam, tepidarium\u2026 Un espace fitness attenant, avec les appareils Technogym de la derni\u00e8re g\u00e9n\u00e9ration, donnent encore ici, la possibilit\u00e9 de poursuivre le processus de remise en forme&nbsp;! Altapura est, d\u00e9cid\u00e9ment, bien cet unique&nbsp;<em>Friendly Luxury Sport H\u00f4tel<\/em>&nbsp;!&nbsp;&nbsp;<\/p>\n\n\n\n<figure class=\"wp-block-image size-large\"><a href=\"https:\/\/i0.wp.com\/www.presstourism.ch\/WP_ALEX\/wp-content\/uploads\/2022\/03\/Bildschirmfoto-2022-03-18-um-15.36.13.png\"><img loading=\"lazy\" width=\"584\" height=\"205\" src=\"https:\/\/i0.wp.com\/www.presstourism.ch\/WP_ALEX\/wp-content\/uploads\/2022\/03\/Bildschirmfoto-2022-03-18-um-15.36.13-1024x360.png?resize=584%2C205\" alt=\"\" class=\"wp-image-8343\" srcset=\"https:\/\/i0.wp.com\/www.presstourism.ch\/wp-content\/uploads\/2022\/03\/Bildschirmfoto-2022-03-18-um-15.36.13.png?resize=1024%2C360 1024w, https:\/\/i0.wp.com\/www.presstourism.ch\/wp-content\/uploads\/2022\/03\/Bildschirmfoto-2022-03-18-um-15.36.13.png?resize=300%2C105 300w, https:\/\/i0.wp.com\/www.presstourism.ch\/wp-content\/uploads\/2022\/03\/Bildschirmfoto-2022-03-18-um-15.36.13.png?resize=768%2C270 768w, https:\/\/i0.wp.com\/www.presstourism.ch\/wp-content\/uploads\/2022\/03\/Bildschirmfoto-2022-03-18-um-15.36.13.png?resize=600%2C211 600w, https:\/\/i0.wp.com\/www.presstourism.ch\/wp-content\/uploads\/2022\/03\/Bildschirmfoto-2022-03-18-um-15.36.13.png?resize=500%2C176 500w, https:\/\/i0.wp.com\/www.presstourism.ch\/wp-content\/uploads\/2022\/03\/Bildschirmfoto-2022-03-18-um-15.36.13.png?w=1144 1144w\" sizes=\"(max-width: 584px) 100vw, 584px\" data-recalc-dims=\"1\" \/><\/a><\/figure>\n\n\n\n<p>Cr\u00e9dits photos&nbsp;:&nbsp;Altapura&nbsp;\/&nbsp;L. Di Orio, L. Brandajs DR, OT Val Thorens et GAD <\/p>\n\n\n\n<p>Bandeau sup\u00e9rieur Val Thorens la nuit (c)&nbsp;&#8211;&nbsp;T.Loubere OT Val Thorens<\/p>\n\n\n\n<p>Site officiel <a href=\"http:\/\/www.valthorens.com\/fr\/\">www.valthorens.com\/fr\/<\/a><br>Site officiel <a href=\"http:\/\/www.altapura.fr\/\">www.altapura.fr\/<\/a><br>Site officiel <a href=\"http:\/\/www.oxygene.ski\/fr\/ecole-ski-val-thorens\/\">www.oxygene.ski\/fr\/ecole-ski-val-thorens\/<\/a><\/p>\n","protected":false},"excerpt":{"rendered":"<p>Georgika Aeby-Demeter Val Thorens joyau du ski europ\u00e9en&nbsp; La saison d\u2019hiver est repartie en beaut\u00e9 D\u00e8s les premiers jours de la saison, Val Thorens au sommet des 3 Vall\u00e9es dans les Alpes fran\u00e7aises, le plus vaste domaine skiable du monde, &hellip; <a href=\"http:\/\/www.presstourism.ch\/?page_id=8334\">Continuer la lecture <span class=\"meta-nav\">&rarr;<\/span><\/a><\/p>\n","protected":false},"author":1540,"featured_media":0,"parent":279,"menu_order":0,"comment_status":"closed","ping_status":"closed","template":"","meta":{"ngg_post_thumbnail":0,"spay_email":""},"jetpack_sharing_enabled":true,"jetpack_shortlink":"https:\/\/wp.me\/P468TV-2aq","_links":{"self":[{"href":"http:\/\/www.presstourism.ch\/index.php?rest_route=\/wp\/v2\/pages\/8334"}],"collection":[{"href":"http:\/\/www.presstourism.ch\/index.php?rest_route=\/wp\/v2\/pages"}],"about":[{"href":"http:\/\/www.presstourism.ch\/index.php?rest_route=\/wp\/v2\/types\/page"}],"author":[{"embeddable":true,"href":"http:\/\/www.presstourism.ch\/index.php?rest_route=\/wp\/v2\/users\/1540"}],"replies":[{"embeddable":true,"href":"http:\/\/www.presstourism.ch\/index.php?rest_route=%2Fwp%2Fv2%2Fcomments&post=8334"}],"version-history":[{"count":2,"href":"http:\/\/www.presstourism.ch\/index.php?rest_route=\/wp\/v2\/pages\/8334\/revisions"}],"predecessor-version":[{"id":8347,"href":"http:\/\/www.presstourism.ch\/index.php?rest_route=\/wp\/v2\/pages\/8334\/revisions\/8347"}],"up":[{"embeddable":true,"href":"http:\/\/www.presstourism.ch\/index.php?rest_route=\/wp\/v2\/pages\/279"}],"wp:attachment":[{"href":"http:\/\/www.presstourism.ch\/index.php?rest_route=%2Fwp%2Fv2%2Fmedia&parent=8334"}],"curies":[{"name":"wp","href":"https:\/\/api.w.org\/{rel}","templated":true}]}}