{"id":833,"date":"2014-05-21T15:37:20","date_gmt":"2014-05-21T14:37:20","guid":{"rendered":"http:\/\/www.presstourism.ch\/WP_ALEX\/?page_id=833"},"modified":"2014-05-21T15:37:20","modified_gmt":"2014-05-21T14:37:20","slug":"listrie-de-sonia","status":"publish","type":"page","link":"http:\/\/www.presstourism.ch\/?page_id=833","title":{"rendered":"L\u2019Istrie de Sonia"},"content":{"rendered":"<p style=\"text-align: center;\"><a href=\"https:\/\/i2.wp.com\/www.presstourism.ch\/WP_ALEX\/wp-content\/uploads\/2014\/05\/Rovinj-mer-P1000772.jpg\"><img loading=\"lazy\" class=\"alignnone size-medium wp-image-834\" src=\"https:\/\/i0.wp.com\/www.presstourism.ch\/WP_ALEX\/wp-content\/uploads\/2014\/05\/Rovinj-mer-P1000772-300x225.jpg?resize=300%2C225\" alt=\"Rovinj mer P1000772\" width=\"300\" height=\"225\" srcset=\"https:\/\/i0.wp.com\/www.presstourism.ch\/wp-content\/uploads\/2014\/05\/Rovinj-mer-P1000772.jpg?resize=300%2C225 300w, https:\/\/i0.wp.com\/www.presstourism.ch\/wp-content\/uploads\/2014\/05\/Rovinj-mer-P1000772.jpg?w=1024 1024w\" sizes=\"(max-width: 300px) 100vw, 300px\" data-recalc-dims=\"1\" \/><\/a><\/p>\n<p>Nous avons pos\u00e9 le pied dans les ruelles de Hum, le plus petit village du monde\u00a0; vu la plus grosse truffe du monde et chass\u00e9 les plus petites, embarqu\u00e9 sur le rafiot reliant Porec \u00e0 Rovinj via le canal de Limski\u00a0; observ\u00e9 la fronti\u00e8re slov\u00e8ne du haut du Kastel de Buje\u00a0; appr\u00e9ci\u00e9 le savoureux poisson d\u2019Adriatique, d\u00e9gust\u00e9 une huile d\u2019olive au v\u00e9ritable go\u00fbt d\u2019olives, fait glisser sur notre langue le Malvoisie blanc et le Teran rouge.<\/p>\n<p>Bref, en quatre jours d\u2019Istrie, nous avons fait un beau bout de chemin et r\u00e9colt\u00e9 un joli fagot de surprises mais notre plus belle d\u00e9couverte restera Sonia.<\/p>\n<p style=\"text-align: center;\">\u00a0<a href=\"https:\/\/i1.wp.com\/www.presstourism.ch\/WP_ALEX\/wp-content\/uploads\/2014\/05\/Sonia-DSC_0041sm.jpg\"><img loading=\"lazy\" class=\"alignnone size-medium wp-image-835\" src=\"https:\/\/i2.wp.com\/www.presstourism.ch\/WP_ALEX\/wp-content\/uploads\/2014\/05\/Sonia-DSC_0041sm-267x300.jpg?resize=267%2C300\" alt=\"Sonia DSC_0041sm\" width=\"267\" height=\"300\" srcset=\"https:\/\/i2.wp.com\/www.presstourism.ch\/wp-content\/uploads\/2014\/05\/Sonia-DSC_0041sm.jpg?resize=267%2C300 267w, https:\/\/i2.wp.com\/www.presstourism.ch\/wp-content\/uploads\/2014\/05\/Sonia-DSC_0041sm.jpg?w=685 685w\" sizes=\"(max-width: 267px) 100vw, 267px\" data-recalc-dims=\"1\" \/><\/a><\/p>\n<p>Sonia est jeune, tr\u00e8s jeune, puisqu\u2019elle a l\u2019\u00e2ge de son regard, de son sourire et de son enthousiasme. Mais elle a aussi l&rsquo;exp\u00e9rience des ann\u00e9es puisqu&rsquo;elle a en elle la s\u00e9r\u00e9nit\u00e9 et la connaissance des vieux sages. Son Istrie, elle la conna\u00eet sur le bout du doigt et la fait d\u2019autant mieux partager qu\u2019elle la porte au c\u0153ur comme un diamant sauvage.<\/p>\n<p>Pourtant, Sonia n\u2019est pas n\u00e9e en Istrie, ni m\u00eame en Croatie, mais b\u00eatement \u00e0 Paris. Ses parents y avaient \u00e9migr\u00e9 \u00e0 une \u00e9poque o\u00f9 la vie \u00e9tait difficile dans ce grand pays qui se nommait encore la Yougoslavie. Elle a appris le fran\u00e7ais \u00e0 l\u2019\u00e9cole, bien s\u00fbr, mais avec ses parents, c\u2019est le croate qu\u2019elle parlait. Et la Croatie \u2013 mieux encore, l\u2019Istrie &#8211; qu\u2019elle cultivait dans ses r\u00eaves.<\/p>\n<p>Adolescence, \u00e9tudes, dipl\u00f4me, premier travail. Un poste enviable. Des activit\u00e9s th\u00e9\u00e2trales en parall\u00e8le. Rencontre. Mariage. Il est fran\u00e7ais. Leurs deux enfants le seront aussi. Et pourtant\u2026<\/p>\n<p>Pourtant, un jour, elle franchit le pas. Ou plut\u00f4t, ils le franchissent ensemble. Les voil\u00e0 partis \u00e0 quatre pour ce pays qui redevenait le sien et devenait le leur. Aussit\u00f4t, les enfants ont fleuri, se sont \u00e9panouis. Ouverts. Le mari de Sonia ne parlait pas croate, il lui a fallu apprendre avant de d\u00e9crocher le job qu\u2019il vient enfin de trouver. Quant \u00e0 Sonia, elle a si bien red\u00e9couvert son pays de toujours, l\u2019a tant aim\u00e9, qu\u2019il lui a sembl\u00e9 \u00e9vident de l\u2019offrir \u00e0 son tour \u00e0 ceux qui y viennent pour la mer et le soleil en ignorant trop souvent, h\u00e9las, les richesses historiques, les qualit\u00e9s humaines et les plaisirs gustatifs qui se cachent derri\u00e8re les collines. D\u00e9sormais, ils savent ce qui leur reste \u00e0 faire\u00a0: deux ou trois jours dans les terres avant leur semaine pr\u00e9vue semaine sur la plage.<\/p>\n<p>Voyageur, j\u2019\u00e9vitais g\u00e9n\u00e9ralement de recourir aux services de guides qui, trop souvent, d\u00e9bitaient leur la\u00efus sans amour et sans \u00e2me. J\u2019aurais aim\u00e9 que Sonia m\u2019accueille \u00e0 chaque \u00e9tape de mes <a href=\"http:\/\/www.bourlingue.net\">bourlingues<\/a> sur la plan\u00e8te bleue. H\u00e9las, si elle a presque tous les dons, elle n\u2019a pas celui d\u2019ubiquit\u00e9. Vous ne la rencontrerez donc qu\u2019entre Pula, Umag, Rovinj et Hum, dans l\u2019Istrie de son c\u0153ur. En \u00e9change de quelques picaillons bien m\u00e9rit\u00e9s, elle vous ouvrira les portes de son pays. C\u2019est son m\u00e9tier. Mais c\u2019est aussi sa passion et son honneur.<\/p>\n<p>Sonia m\u2019a autoris\u00e9 \u00e0 vous communiquer son contact. Le voici. Bon voyage\u00a0!<\/p>\n<p>Sonia Boucaux Basic <a href=\"mailto:sonia.basic@hotmail.fr\">sonia.basic@hotmail.fr<\/a><\/p>\n<p style=\"text-align: right;\">\u00a0Alex D\u00e9cotte<\/p>\n<p>&nbsp;<\/p>\n<p>&nbsp;<\/p>\n","protected":false},"excerpt":{"rendered":"<p>Nous avons pos\u00e9 le pied dans les ruelles de Hum, le plus petit village du monde\u00a0; vu la plus grosse truffe du monde et chass\u00e9 les plus petites, embarqu\u00e9 sur le rafiot reliant Porec \u00e0 Rovinj via le canal de &hellip; <a href=\"http:\/\/www.presstourism.ch\/?page_id=833\">Continuer la lecture <span class=\"meta-nav\">&rarr;<\/span><\/a><\/p>\n","protected":false},"author":1,"featured_media":0,"parent":208,"menu_order":0,"comment_status":"open","ping_status":"open","template":"","meta":{"ngg_post_thumbnail":0,"spay_email":""},"jetpack_sharing_enabled":true,"jetpack_shortlink":"https:\/\/wp.me\/P468TV-dr","_links":{"self":[{"href":"http:\/\/www.presstourism.ch\/index.php?rest_route=\/wp\/v2\/pages\/833"}],"collection":[{"href":"http:\/\/www.presstourism.ch\/index.php?rest_route=\/wp\/v2\/pages"}],"about":[{"href":"http:\/\/www.presstourism.ch\/index.php?rest_route=\/wp\/v2\/types\/page"}],"author":[{"embeddable":true,"href":"http:\/\/www.presstourism.ch\/index.php?rest_route=\/wp\/v2\/users\/1"}],"replies":[{"embeddable":true,"href":"http:\/\/www.presstourism.ch\/index.php?rest_route=%2Fwp%2Fv2%2Fcomments&post=833"}],"version-history":[{"count":1,"href":"http:\/\/www.presstourism.ch\/index.php?rest_route=\/wp\/v2\/pages\/833\/revisions"}],"predecessor-version":[{"id":836,"href":"http:\/\/www.presstourism.ch\/index.php?rest_route=\/wp\/v2\/pages\/833\/revisions\/836"}],"up":[{"embeddable":true,"href":"http:\/\/www.presstourism.ch\/index.php?rest_route=\/wp\/v2\/pages\/208"}],"wp:attachment":[{"href":"http:\/\/www.presstourism.ch\/index.php?rest_route=%2Fwp%2Fv2%2Fmedia&parent=833"}],"curies":[{"name":"wp","href":"https:\/\/api.w.org\/{rel}","templated":true}]}}