{"id":8304,"date":"2022-03-02T10:09:11","date_gmt":"2022-03-02T09:09:11","guid":{"rendered":"http:\/\/www.presstourism.ch\/WP_ALEX\/?page_id=8304"},"modified":"2022-03-02T10:09:12","modified_gmt":"2022-03-02T09:09:12","slug":"vienne-lart-en-heritage-capitale-de-toutes-les-splendeurs","status":"publish","type":"page","link":"http:\/\/www.presstourism.ch\/?page_id=8304","title":{"rendered":"Vienne, l\u2019Art en h\u00e9ritage        Capitale de toutes les splendeurs"},"content":{"rendered":"\n<p>Texte Georgika Aeby-Demeter, photos courtoisie Wien Tourismus<\/p>\n\n\n\n<p><strong>Bless\u00e9e, attaqu\u00e9e dans sa chair, Vienne reste une capitale resplendissante, un carrefour d\u2019histoire et d\u2019art de vivre qui force l\u2019admiration par ses hauts faits \u00e0 multiples facettes. Nous avons souhait\u00e9 rendre hommage \u00e0 la cit\u00e9 intemporelle et \u00e0 sa m\u00e9moire.&nbsp;&nbsp;<\/strong><\/p>\n\n\n\n<figure class=\"wp-block-image size-full\"><a href=\"https:\/\/i0.wp.com\/www.presstourism.ch\/WP_ALEX\/wp-content\/uploads\/2022\/03\/1.-Perspectives-sur-Vienne-.jpg\"><img loading=\"lazy\" width=\"584\" height=\"389\" src=\"https:\/\/i0.wp.com\/www.presstourism.ch\/WP_ALEX\/wp-content\/uploads\/2022\/03\/1.-Perspectives-sur-Vienne-.jpg?resize=584%2C389\" alt=\"\" class=\"wp-image-8290\" srcset=\"https:\/\/i1.wp.com\/www.presstourism.ch\/wp-content\/uploads\/2022\/03\/1.-Perspectives-sur-Vienne-.jpg?w=900 900w, https:\/\/i1.wp.com\/www.presstourism.ch\/wp-content\/uploads\/2022\/03\/1.-Perspectives-sur-Vienne-.jpg?resize=300%2C200 300w, https:\/\/i1.wp.com\/www.presstourism.ch\/wp-content\/uploads\/2022\/03\/1.-Perspectives-sur-Vienne-.jpg?resize=768%2C512 768w, https:\/\/i1.wp.com\/www.presstourism.ch\/wp-content\/uploads\/2022\/03\/1.-Perspectives-sur-Vienne-.jpg?resize=600%2C400 600w, https:\/\/i1.wp.com\/www.presstourism.ch\/wp-content\/uploads\/2022\/03\/1.-Perspectives-sur-Vienne-.jpg?resize=450%2C300 450w\" sizes=\"(max-width: 584px) 100vw, 584px\" data-recalc-dims=\"1\" \/><\/a><figcaption>Perspectives sur Vienne<\/figcaption><\/figure>\n\n\n\n<figure class=\"wp-block-image size-full\"><a href=\"https:\/\/i1.wp.com\/www.presstourism.ch\/WP_ALEX\/wp-content\/uploads\/2022\/03\/2.-Vienne-sanime-c-Christian-Stemper-40369.jpg\"><img loading=\"lazy\" width=\"584\" height=\"389\" src=\"https:\/\/i1.wp.com\/www.presstourism.ch\/WP_ALEX\/wp-content\/uploads\/2022\/03\/2.-Vienne-sanime-c-Christian-Stemper-40369.jpg?resize=584%2C389\" alt=\"\" class=\"wp-image-8298\" srcset=\"https:\/\/i0.wp.com\/www.presstourism.ch\/wp-content\/uploads\/2022\/03\/2.-Vienne-sanime-c-Christian-Stemper-40369.jpg?w=900 900w, https:\/\/i0.wp.com\/www.presstourism.ch\/wp-content\/uploads\/2022\/03\/2.-Vienne-sanime-c-Christian-Stemper-40369.jpg?resize=300%2C200 300w, https:\/\/i0.wp.com\/www.presstourism.ch\/wp-content\/uploads\/2022\/03\/2.-Vienne-sanime-c-Christian-Stemper-40369.jpg?resize=768%2C512 768w, https:\/\/i0.wp.com\/www.presstourism.ch\/wp-content\/uploads\/2022\/03\/2.-Vienne-sanime-c-Christian-Stemper-40369.jpg?resize=600%2C400 600w, https:\/\/i0.wp.com\/www.presstourism.ch\/wp-content\/uploads\/2022\/03\/2.-Vienne-sanime-c-Christian-Stemper-40369.jpg?resize=450%2C300 450w\" sizes=\"(max-width: 584px) 100vw, 584px\" data-recalc-dims=\"1\" \/><\/a><figcaption>Vienne s&rsquo;anime \u00a9 Christian Stemper<\/figcaption><\/figure>\n\n\n\n<p><strong>A<\/strong>vec ses \u00e9difices spectaculaires, la capitale autrichienne figure r\u00e9guli\u00e8rement aux premiers rangs des classements c\u00e9l\u00e9brant la qualit\u00e9 de vie des m\u00e9tropoles. Centre historique et culturel reconnu, carrefour politique majeur, lieu de signature de trait\u00e9s importants, Vienne a durant de nombreuses ann\u00e9es \u00e9t\u00e9 la premi\u00e8re destination mondiale pour les conventions et congr\u00e8s &#8230; Cette s\u00e9rieuse r\u00e9f\u00e9rence ne l\u2019emp\u00eache pas de rester une ville souriante \u00e0 l\u2019accueil bienveillant, fi\u00e8re de son pass\u00e9, pr\u00eate \u00e0 partager son riche h\u00e9ritage. Un tourisme organis\u00e9 avec intelligence, des transports efficaces, des mus\u00e9es et monuments \u00e0 port\u00e9e de pas et, partout, ces petites haltes gourmandes, ces caf\u00e9s traditionnels o\u00f9 d\u00e9guster des mets de brasseries ou autres viennoiseries.<\/p>\n\n\n\n<figure class=\"wp-block-image size-full\"><a href=\"https:\/\/i1.wp.com\/www.presstourism.ch\/WP_ALEX\/wp-content\/uploads\/2022\/03\/3.-Sur-les-toits-de-Vienne-c-Christian-Stemper.jpg\"><img loading=\"lazy\" width=\"584\" height=\"389\" src=\"https:\/\/i1.wp.com\/www.presstourism.ch\/WP_ALEX\/wp-content\/uploads\/2022\/03\/3.-Sur-les-toits-de-Vienne-c-Christian-Stemper.jpg?resize=584%2C389\" alt=\"\" class=\"wp-image-8300\" srcset=\"https:\/\/i2.wp.com\/www.presstourism.ch\/wp-content\/uploads\/2022\/03\/3.-Sur-les-toits-de-Vienne-c-Christian-Stemper.jpg?w=900 900w, https:\/\/i2.wp.com\/www.presstourism.ch\/wp-content\/uploads\/2022\/03\/3.-Sur-les-toits-de-Vienne-c-Christian-Stemper.jpg?resize=300%2C200 300w, https:\/\/i2.wp.com\/www.presstourism.ch\/wp-content\/uploads\/2022\/03\/3.-Sur-les-toits-de-Vienne-c-Christian-Stemper.jpg?resize=768%2C512 768w, https:\/\/i2.wp.com\/www.presstourism.ch\/wp-content\/uploads\/2022\/03\/3.-Sur-les-toits-de-Vienne-c-Christian-Stemper.jpg?resize=600%2C400 600w, https:\/\/i2.wp.com\/www.presstourism.ch\/wp-content\/uploads\/2022\/03\/3.-Sur-les-toits-de-Vienne-c-Christian-Stemper.jpg?resize=450%2C300 450w\" sizes=\"(max-width: 584px) 100vw, 584px\" data-recalc-dims=\"1\" \/><\/a><figcaption>Sur les toits de Vienne \u00a9 Christian Stemper.<\/figcaption><\/figure>\n\n\n\n<figure class=\"wp-block-image size-full\"><a href=\"https:\/\/i2.wp.com\/www.presstourism.ch\/WP_ALEX\/wp-content\/uploads\/2022\/03\/5.-Le-dome-de-St.-Stephen-c-Peter-Rigaud.jpg\"><img loading=\"lazy\" width=\"584\" height=\"389\" src=\"https:\/\/i2.wp.com\/www.presstourism.ch\/WP_ALEX\/wp-content\/uploads\/2022\/03\/5.-Le-dome-de-St.-Stephen-c-Peter-Rigaud.jpg?resize=584%2C389\" alt=\"\" class=\"wp-image-8295\" srcset=\"https:\/\/i1.wp.com\/www.presstourism.ch\/wp-content\/uploads\/2022\/03\/5.-Le-dome-de-St.-Stephen-c-Peter-Rigaud.jpg?w=900 900w, https:\/\/i1.wp.com\/www.presstourism.ch\/wp-content\/uploads\/2022\/03\/5.-Le-dome-de-St.-Stephen-c-Peter-Rigaud.jpg?resize=300%2C200 300w, https:\/\/i1.wp.com\/www.presstourism.ch\/wp-content\/uploads\/2022\/03\/5.-Le-dome-de-St.-Stephen-c-Peter-Rigaud.jpg?resize=768%2C512 768w, https:\/\/i1.wp.com\/www.presstourism.ch\/wp-content\/uploads\/2022\/03\/5.-Le-dome-de-St.-Stephen-c-Peter-Rigaud.jpg?resize=600%2C400 600w, https:\/\/i1.wp.com\/www.presstourism.ch\/wp-content\/uploads\/2022\/03\/5.-Le-dome-de-St.-Stephen-c-Peter-Rigaud.jpg?resize=450%2C300 450w\" sizes=\"(max-width: 584px) 100vw, 584px\" data-recalc-dims=\"1\" \/><\/a><figcaption>Le d\u00f4me de St. Stephan \u00a9 Peter Rigaud<\/figcaption><\/figure>\n\n\n\n<figure class=\"wp-block-image size-full\"><a href=\"https:\/\/i0.wp.com\/www.presstourism.ch\/WP_ALEX\/wp-content\/uploads\/2022\/03\/12.-Detail-facade-Eglise-Steinhof-par-Otto-Wagner-c-Christian-Stemper-.jpg\"><img loading=\"lazy\" width=\"584\" height=\"389\" src=\"https:\/\/i0.wp.com\/www.presstourism.ch\/WP_ALEX\/wp-content\/uploads\/2022\/03\/12.-Detail-facade-Eglise-Steinhof-par-Otto-Wagner-c-Christian-Stemper-.jpg?resize=584%2C389\" alt=\"\" class=\"wp-image-8302\" srcset=\"https:\/\/i2.wp.com\/www.presstourism.ch\/wp-content\/uploads\/2022\/03\/12.-Detail-facade-Eglise-Steinhof-par-Otto-Wagner-c-Christian-Stemper-.jpg?w=900 900w, https:\/\/i2.wp.com\/www.presstourism.ch\/wp-content\/uploads\/2022\/03\/12.-Detail-facade-Eglise-Steinhof-par-Otto-Wagner-c-Christian-Stemper-.jpg?resize=300%2C200 300w, https:\/\/i2.wp.com\/www.presstourism.ch\/wp-content\/uploads\/2022\/03\/12.-Detail-facade-Eglise-Steinhof-par-Otto-Wagner-c-Christian-Stemper-.jpg?resize=768%2C512 768w, https:\/\/i2.wp.com\/www.presstourism.ch\/wp-content\/uploads\/2022\/03\/12.-Detail-facade-Eglise-Steinhof-par-Otto-Wagner-c-Christian-Stemper-.jpg?resize=600%2C400 600w, https:\/\/i2.wp.com\/www.presstourism.ch\/wp-content\/uploads\/2022\/03\/12.-Detail-facade-Eglise-Steinhof-par-Otto-Wagner-c-Christian-Stemper-.jpg?resize=450%2C300 450w\" sizes=\"(max-width: 584px) 100vw, 584px\" data-recalc-dims=\"1\" \/><\/a><figcaption>D\u00e9tail fa\u00e7ade Eglise Steinhof par Otto Wagner \u00a9 Christian Stemper<\/figcaption><\/figure>\n\n\n\n<p><strong>R<\/strong>assembl\u00e9s sur un proche p\u00e9rim\u00e8tre, si le tr\u00e8s populaire&nbsp;<em>Mus\u00e9e Sissi<\/em>&nbsp;&#8211; Elisabeth Imp\u00e9ratrice d\u2019Autriche &#8211; ses souvenirs et autres tr\u00e9sors de cour sont log\u00e9s au&nbsp;<em>Hofburg<\/em>, juste \u00e0 proximit\u00e9, les&nbsp;<em>Mus\u00e9e de l\u2019Histoire de l\u2019art<\/em>&nbsp;et&nbsp;<em>l\u2019Histoire naturelle de Vienne<\/em>&nbsp;ne manquent pas d\u2019attraits. Ils donnent directement acc\u00e8s au&nbsp;<em>Museumsquartier<\/em>, un ensemble mus\u00e9al incontournable abritant, entre autres, le&nbsp;<em>Mus\u00e9e Leopold<\/em>&nbsp;o\u00f9, \u00e0 c\u00f4t\u00e9 des \u0153uvres de la S\u00e9cession viennoise, se tiennent d\u2019importantes expositions temporaires. A visiter imp\u00e9rativement, le&nbsp;<em>Palais de la S\u00e9cession<\/em>, qui rallie autour de Klimt les artistes adh\u00e9rant \u00e0 son nouveau manifeste artistique&nbsp;!&nbsp;Avec un m\u00eame go\u00fbt prononc\u00e9 pour la fonctionnalit\u00e9, ils r\u00e9v\u00e8lent ici ce qui, jadis, \u00e9tait cach\u00e9 et s\u2019attachent \u00e0 rendre l\u2019utile, beau !&nbsp;Chefs de file de cette tendance, bousculant les habitudes esth\u00e9tiques alors en faveur, ces trublions de g\u00e9nie imposent une autre vision \u2026 le modernisme&nbsp;viennois !<\/p>\n\n\n\n<figure class=\"wp-block-image size-full\"><a href=\"https:\/\/i2.wp.com\/www.presstourism.ch\/WP_ALEX\/wp-content\/uploads\/2022\/03\/7.-Les-toits-de-la-Cathedrale-St.-Stephen-c-Wien-Tourismus.-Lois-Lammerhuber-31364.jpg\"><img loading=\"lazy\" width=\"584\" height=\"509\" src=\"https:\/\/i2.wp.com\/www.presstourism.ch\/WP_ALEX\/wp-content\/uploads\/2022\/03\/7.-Les-toits-de-la-Cathedrale-St.-Stephen-c-Wien-Tourismus.-Lois-Lammerhuber-31364.jpg?resize=584%2C509\" alt=\"\" class=\"wp-image-8288\" srcset=\"https:\/\/i2.wp.com\/www.presstourism.ch\/wp-content\/uploads\/2022\/03\/7.-Les-toits-de-la-Cathedrale-St.-Stephen-c-Wien-Tourismus.-Lois-Lammerhuber-31364.jpg?w=900 900w, https:\/\/i2.wp.com\/www.presstourism.ch\/wp-content\/uploads\/2022\/03\/7.-Les-toits-de-la-Cathedrale-St.-Stephen-c-Wien-Tourismus.-Lois-Lammerhuber-31364.jpg?resize=300%2C261 300w, https:\/\/i2.wp.com\/www.presstourism.ch\/wp-content\/uploads\/2022\/03\/7.-Les-toits-de-la-Cathedrale-St.-Stephen-c-Wien-Tourismus.-Lois-Lammerhuber-31364.jpg?resize=768%2C669 768w, https:\/\/i2.wp.com\/www.presstourism.ch\/wp-content\/uploads\/2022\/03\/7.-Les-toits-de-la-Cathedrale-St.-Stephen-c-Wien-Tourismus.-Lois-Lammerhuber-31364.jpg?resize=600%2C523 600w, https:\/\/i2.wp.com\/www.presstourism.ch\/wp-content\/uploads\/2022\/03\/7.-Les-toits-de-la-Cathedrale-St.-Stephen-c-Wien-Tourismus.-Lois-Lammerhuber-31364.jpg?resize=344%2C300 344w\" sizes=\"(max-width: 584px) 100vw, 584px\" data-recalc-dims=\"1\" \/><\/a><figcaption>Les toits de la Cathedrale St. Stephan \u00a9 Wien Tourismus &#8211; Lois-Lammerhuber<\/figcaption><\/figure>\n\n\n\n<figure class=\"wp-block-image size-full\"><a href=\"https:\/\/i0.wp.com\/www.presstourism.ch\/WP_ALEX\/wp-content\/uploads\/2022\/03\/6.-Vue-sur-les-toits-de-Vienne-c-Christian-Stemper.jpg\"><img loading=\"lazy\" width=\"584\" height=\"509\" src=\"https:\/\/i0.wp.com\/www.presstourism.ch\/WP_ALEX\/wp-content\/uploads\/2022\/03\/6.-Vue-sur-les-toits-de-Vienne-c-Christian-Stemper.jpg?resize=584%2C509\" alt=\"\" class=\"wp-image-8286\" srcset=\"https:\/\/i0.wp.com\/www.presstourism.ch\/wp-content\/uploads\/2022\/03\/6.-Vue-sur-les-toits-de-Vienne-c-Christian-Stemper.jpg?w=900 900w, https:\/\/i0.wp.com\/www.presstourism.ch\/wp-content\/uploads\/2022\/03\/6.-Vue-sur-les-toits-de-Vienne-c-Christian-Stemper.jpg?resize=300%2C261 300w, https:\/\/i0.wp.com\/www.presstourism.ch\/wp-content\/uploads\/2022\/03\/6.-Vue-sur-les-toits-de-Vienne-c-Christian-Stemper.jpg?resize=768%2C669 768w, https:\/\/i0.wp.com\/www.presstourism.ch\/wp-content\/uploads\/2022\/03\/6.-Vue-sur-les-toits-de-Vienne-c-Christian-Stemper.jpg?resize=600%2C523 600w, https:\/\/i0.wp.com\/www.presstourism.ch\/wp-content\/uploads\/2022\/03\/6.-Vue-sur-les-toits-de-Vienne-c-Christian-Stemper.jpg?resize=344%2C300 344w\" sizes=\"(max-width: 584px) 100vw, 584px\" data-recalc-dims=\"1\" \/><\/a><figcaption>Vue sur les toits de Vienne \u00a9 Christian-Stemper<\/figcaption><\/figure>\n\n\n\n<h2>Chefs de file<\/h2>\n\n\n\n<div class=\"wp-block-columns\">\n<div class=\"wp-block-column\">\n<figure class=\"wp-block-image size-full\"><a href=\"https:\/\/i1.wp.com\/www.presstourism.ch\/WP_ALEX\/wp-content\/uploads\/2022\/03\/Musee-du-Belvedere-Le-Baiser-de-Klimt-.jpg\"><img loading=\"lazy\" width=\"584\" height=\"670\" src=\"https:\/\/i1.wp.com\/www.presstourism.ch\/WP_ALEX\/wp-content\/uploads\/2022\/03\/Musee-du-Belvedere-Le-Baiser-de-Klimt-.jpg?resize=584%2C670\" alt=\"\" class=\"wp-image-8294\" srcset=\"https:\/\/i2.wp.com\/www.presstourism.ch\/wp-content\/uploads\/2022\/03\/Musee-du-Belvedere-Le-Baiser-de-Klimt-.jpg?w=784 784w, https:\/\/i2.wp.com\/www.presstourism.ch\/wp-content\/uploads\/2022\/03\/Musee-du-Belvedere-Le-Baiser-de-Klimt-.jpg?resize=261%2C300 261w, https:\/\/i2.wp.com\/www.presstourism.ch\/wp-content\/uploads\/2022\/03\/Musee-du-Belvedere-Le-Baiser-de-Klimt-.jpg?resize=768%2C882 768w, https:\/\/i2.wp.com\/www.presstourism.ch\/wp-content\/uploads\/2022\/03\/Musee-du-Belvedere-Le-Baiser-de-Klimt-.jpg?resize=600%2C689 600w\" sizes=\"(max-width: 584px) 100vw, 584px\" data-recalc-dims=\"1\" \/><\/a><figcaption>Mus\u00e9e du Belv\u00e9d\u00e8re &#8211; Le baiser, Gustav Klimt<\/figcaption><\/figure>\n<\/div>\n\n\n\n<div class=\"wp-block-column\">\n<p><strong>I<\/strong>ls ont disparu en cette m\u00eame ann\u00e9e 1918&nbsp;! Gustav Klimt, Egon Schiele, Koloman Moser et Otto Wagner, les principaux acteurs de ce mouvement viennois qui a \u00e9branl\u00e9 les arts portant au sommet un esth\u00e9tisme qui s\u2019est propag\u00e9 en Europe avant la Premi\u00e8re Guerre mondiale. Pr\u00e9curseurs et figures militantes d\u2019un \u00e9lan global d\u2019avant-garde, ils ont marqu\u00e9 l\u2019histoire autrichienne entre 1890 et 1918 avec, en commun, cette fibre qui les porte vers l\u2019exc\u00e8s. Une tendance au bouillonnement inspir\u00e9e par l\u2019Art nouveau et son classicisme foisonnant. En m\u00eame temps, s\u2019ils excellent dans ces courants, se plaisant \u00e0 quitter les sentiers battus, ils innovent, \u0153uvrent et entreprennent avec passion. Mariant formes et mat\u00e9riaux, la nouvelle vague s\u2019adonne \u00e0 une recherche m\u00ealant gr\u00e2ce et technique. Abandonnant l\u2019Olympe et ses dieux,&nbsp;elle&nbsp;pr\u00f4ne une nudit\u00e9 plus r\u00e9aliste que po\u00e9tique\u2026 Et choque admirablement!<\/p>\n<\/div>\n<\/div>\n\n\n\n<div class=\"wp-block-columns\">\n<div class=\"wp-block-column\">\n<div class=\"wp-block-image\"><figure class=\"aligncenter size-full is-resized\"><a href=\"https:\/\/i1.wp.com\/www.presstourism.ch\/WP_ALEX\/wp-content\/uploads\/2022\/03\/11.-Detail-Musee-Ernst-Fuchs-Ancienne-villa-dOtto-Wagner-c-Christian-Stemper-.jpg\"><img loading=\"lazy\" src=\"https:\/\/i1.wp.com\/www.presstourism.ch\/WP_ALEX\/wp-content\/uploads\/2022\/03\/11.-Detail-Musee-Ernst-Fuchs-Ancienne-villa-dOtto-Wagner-c-Christian-Stemper-.jpg?resize=225%2C150\" alt=\"\" class=\"wp-image-8291\" width=\"225\" height=\"150\" srcset=\"https:\/\/i1.wp.com\/www.presstourism.ch\/wp-content\/uploads\/2022\/03\/11.-Detail-Musee-Ernst-Fuchs-Ancienne-villa-dOtto-Wagner-c-Christian-Stemper-.jpg?w=900 900w, https:\/\/i1.wp.com\/www.presstourism.ch\/wp-content\/uploads\/2022\/03\/11.-Detail-Musee-Ernst-Fuchs-Ancienne-villa-dOtto-Wagner-c-Christian-Stemper-.jpg?resize=300%2C200 300w, https:\/\/i1.wp.com\/www.presstourism.ch\/wp-content\/uploads\/2022\/03\/11.-Detail-Musee-Ernst-Fuchs-Ancienne-villa-dOtto-Wagner-c-Christian-Stemper-.jpg?resize=768%2C512 768w, https:\/\/i1.wp.com\/www.presstourism.ch\/wp-content\/uploads\/2022\/03\/11.-Detail-Musee-Ernst-Fuchs-Ancienne-villa-dOtto-Wagner-c-Christian-Stemper-.jpg?resize=600%2C400 600w, https:\/\/i1.wp.com\/www.presstourism.ch\/wp-content\/uploads\/2022\/03\/11.-Detail-Musee-Ernst-Fuchs-Ancienne-villa-dOtto-Wagner-c-Christian-Stemper-.jpg?resize=450%2C300 450w\" sizes=\"(max-width: 225px) 100vw, 225px\" data-recalc-dims=\"1\" \/><\/a><figcaption>D\u00e9tail Mus\u00e9e Ernst Fuchs Ancienne   villa d&rsquo;Otto Wagner \u00a9 C. Stemper<\/figcaption><\/figure><\/div>\n<\/div>\n\n\n\n<div class=\"wp-block-column\">\n<div class=\"wp-block-image\"><figure class=\"aligncenter size-full is-resized\"><a href=\"https:\/\/i2.wp.com\/www.presstourism.ch\/WP_ALEX\/wp-content\/uploads\/2022\/03\/14.-Otto-Wagner-Facade-Art-Nouveau-c-Christian-Stemper.jpg\"><img loading=\"lazy\" src=\"https:\/\/i2.wp.com\/www.presstourism.ch\/WP_ALEX\/wp-content\/uploads\/2022\/03\/14.-Otto-Wagner-Facade-Art-Nouveau-c-Christian-Stemper.jpg?resize=225%2C150\" alt=\"\" class=\"wp-image-8296\" width=\"225\" height=\"150\" srcset=\"https:\/\/i1.wp.com\/www.presstourism.ch\/wp-content\/uploads\/2022\/03\/14.-Otto-Wagner-Facade-Art-Nouveau-c-Christian-Stemper.jpg?w=900 900w, https:\/\/i1.wp.com\/www.presstourism.ch\/wp-content\/uploads\/2022\/03\/14.-Otto-Wagner-Facade-Art-Nouveau-c-Christian-Stemper.jpg?resize=300%2C200 300w, https:\/\/i1.wp.com\/www.presstourism.ch\/wp-content\/uploads\/2022\/03\/14.-Otto-Wagner-Facade-Art-Nouveau-c-Christian-Stemper.jpg?resize=768%2C512 768w, https:\/\/i1.wp.com\/www.presstourism.ch\/wp-content\/uploads\/2022\/03\/14.-Otto-Wagner-Facade-Art-Nouveau-c-Christian-Stemper.jpg?resize=600%2C400 600w, https:\/\/i1.wp.com\/www.presstourism.ch\/wp-content\/uploads\/2022\/03\/14.-Otto-Wagner-Facade-Art-Nouveau-c-Christian-Stemper.jpg?resize=450%2C300 450w\" sizes=\"(max-width: 225px) 100vw, 225px\" data-recalc-dims=\"1\" \/><\/a><figcaption>Otto Wagner Fa\u00e7ade Art Nouveau        \u00a9 Christian Stemper<\/figcaption><\/figure><\/div>\n<\/div>\n\n\n\n<div class=\"wp-block-column\">\n<figure class=\"wp-block-image size-full is-resized\"><a href=\"https:\/\/i2.wp.com\/www.presstourism.ch\/WP_ALEX\/wp-content\/uploads\/2022\/03\/9.-Arrivee-de-la-Gare-Centrale-par-Otto-Wagner-Copier.jpg\"><img loading=\"lazy\" src=\"https:\/\/i2.wp.com\/www.presstourism.ch\/WP_ALEX\/wp-content\/uploads\/2022\/03\/9.-Arrivee-de-la-Gare-Centrale-par-Otto-Wagner-Copier.jpg?resize=225%2C144\" alt=\"\" class=\"wp-image-8297\" width=\"225\" height=\"144\" srcset=\"https:\/\/i1.wp.com\/www.presstourism.ch\/wp-content\/uploads\/2022\/03\/9.-Arrivee-de-la-Gare-Centrale-par-Otto-Wagner-Copier.jpg?zoom=2&amp;resize=225%2C144 450w, https:\/\/i1.wp.com\/www.presstourism.ch\/wp-content\/uploads\/2022\/03\/9.-Arrivee-de-la-Gare-Centrale-par-Otto-Wagner-Copier.jpg?zoom=3&amp;resize=225%2C144 675w\" sizes=\"(max-width: 225px) 100vw, 225px\" data-recalc-dims=\"1\" \/><\/a><figcaption>Entr\u00e9e de la Gare Centrale par Otto Wagner<\/figcaption><\/figure>\n<\/div>\n<\/div>\n\n\n\n<p><strong>G<\/strong>ravant une empreinte ind\u00e9l\u00e9bile, ils laiss\u00e8rent des oeuvres innombrables et significatives. Ils ont quitt\u00e9 un monde qui s\u2019\u00e9croulait au lendemain de la Premi\u00e8re Guerre mondiale \u00e0 l\u2019or\u00e9e de grands bouleversements soci\u00e9taux et la disparition de l\u2019Empire des Habsbourg&nbsp;! Si Wagner s\u2019en est all\u00e9 \u00e0 76 ans, Moser et Klimt \u00e0 50 et 55 ans, dernier \u00e0 dispara\u00eetre, Schiele n\u2019avait que 28 ans en 1918. L\u2019\u0153uvre la plus connue de Klimt &#8211; un des premiers artistes \u00e0 faire dissidence avec la S\u00e9cession &#8211; Le Baiser se trouve au&nbsp;<em>Palais du Belv\u00e9d\u00e8re<\/em>, tandis que le&nbsp;<em>Mus\u00e9e L\u00e9opold&nbsp;<\/em>pr\u00e9sente une vari\u00e9t\u00e9 de ses paysages, dessins \u00e9rotiques et peintures de grandes bourgeoises\u2026 En 2012, Vienne avait c\u00e9l\u00e9br\u00e9 avec faste les 150 ans de son artiste f\u00e9tiche et comm\u00e9mor\u00e9 en 2018, par une exceptionnelle exposition anniversaire, ses grands maitres du modernisme !<\/p>\n\n\n\n<div class=\"wp-block-columns\">\n<div class=\"wp-block-column\" style=\"flex-basis:66.66%\">\n<p><strong>Un art riche et vari\u00e9<\/strong><\/p>\n\n\n\n<p><em>Le Mus\u00e9e L\u00e9opold<\/em>&nbsp;poss\u00e8de \u00e9galement&nbsp;la plus importante collection d\u2019Egon Schiele,&nbsp;on peut y voir expos\u00e9s de nombreux&nbsp;tableaux, croquis et autres objets intimes de l\u2019artiste en compagnie d\u2019\u0153uvres occasionnellement pr\u00eat\u00e9es en provenance de diverses collections internationales. Ecorch\u00e9 vif, audacieux par son style, ses sujets et son&nbsp;<em>moi<\/em>&nbsp;obs\u00e9dant, l\u2019expression artistique de Schiele &#8211; ses portraits comme ses paysages &#8211; est loin des tendances de son temps qu\u2019il \u00e9gratigne consciencieusement.&nbsp;Si, \u00e0 premi\u00e8re vue, son appartenance \u00e0 la S\u00e9cession est peu perceptible, au gr\u00e9 de la d\u00e9couverte, l\u2019affiliation s\u2019impose nettement. Au registre du design et des arts d\u00e9coratifs &#8211; compl\u00e8tement r\u00e9volutionnaires &#8211; on ne peut oublier Koloman Moser, le fondateur de la&nbsp;<em>Wiener Werkst\u00e4tte<\/em>&nbsp;&#8211; l\u2019Atelier viennois, dont le parcours, \u00e9galement pr\u00e9sent\u00e9 en 2018 au&nbsp;<em>Mus\u00e9e des arts appliqu\u00e9s<\/em>&nbsp;MAK avec les ma\u00eetres du modernisme, est largement repr\u00e9sent\u00e9 en&nbsp;&nbsp;divers lieux \u00e0 Vienne.&nbsp;<\/p>\n<\/div>\n\n\n\n<div class=\"wp-block-column is-vertically-aligned-center\" style=\"flex-basis:33.33%\">\n<div class=\"wp-block-columns\">\n<div class=\"wp-block-column\" style=\"flex-basis:100%\">\n<figure class=\"wp-block-image size-full\"><a href=\"https:\/\/i0.wp.com\/www.presstourism.ch\/WP_ALEX\/wp-content\/uploads\/2022\/03\/8.-Egon-Schiele-.jpg\"><img loading=\"lazy\" width=\"584\" height=\"509\" src=\"https:\/\/i0.wp.com\/www.presstourism.ch\/WP_ALEX\/wp-content\/uploads\/2022\/03\/8.-Egon-Schiele-.jpg?resize=584%2C509\" alt=\"\" class=\"wp-image-8289\" srcset=\"https:\/\/i1.wp.com\/www.presstourism.ch\/wp-content\/uploads\/2022\/03\/8.-Egon-Schiele-.jpg?w=900 900w, https:\/\/i1.wp.com\/www.presstourism.ch\/wp-content\/uploads\/2022\/03\/8.-Egon-Schiele-.jpg?resize=300%2C261 300w, https:\/\/i1.wp.com\/www.presstourism.ch\/wp-content\/uploads\/2022\/03\/8.-Egon-Schiele-.jpg?resize=768%2C669 768w, https:\/\/i1.wp.com\/www.presstourism.ch\/wp-content\/uploads\/2022\/03\/8.-Egon-Schiele-.jpg?resize=600%2C523 600w, https:\/\/i1.wp.com\/www.presstourism.ch\/wp-content\/uploads\/2022\/03\/8.-Egon-Schiele-.jpg?resize=344%2C300 344w\" sizes=\"(max-width: 584px) 100vw, 584px\" data-recalc-dims=\"1\" \/><\/a><figcaption>Egon Schiele<\/figcaption><\/figure>\n<\/div>\n<\/div>\n<\/div>\n<\/div>\n\n\n\n<figure class=\"wp-block-image size-full\"><a href=\"https:\/\/i1.wp.com\/www.presstourism.ch\/WP_ALEX\/wp-content\/uploads\/2022\/03\/13.-Karlsplatz-Pavillon-par-Otto-Wagner-c-Christian-Stemper.jpg\"><img loading=\"lazy\" width=\"584\" height=\"389\" src=\"https:\/\/i1.wp.com\/www.presstourism.ch\/WP_ALEX\/wp-content\/uploads\/2022\/03\/13.-Karlsplatz-Pavillon-par-Otto-Wagner-c-Christian-Stemper.jpg?resize=584%2C389\" alt=\"\" class=\"wp-image-8293\" srcset=\"https:\/\/i1.wp.com\/www.presstourism.ch\/wp-content\/uploads\/2022\/03\/13.-Karlsplatz-Pavillon-par-Otto-Wagner-c-Christian-Stemper.jpg?w=600 600w, https:\/\/i1.wp.com\/www.presstourism.ch\/wp-content\/uploads\/2022\/03\/13.-Karlsplatz-Pavillon-par-Otto-Wagner-c-Christian-Stemper.jpg?resize=300%2C200 300w, https:\/\/i1.wp.com\/www.presstourism.ch\/wp-content\/uploads\/2022\/03\/13.-Karlsplatz-Pavillon-par-Otto-Wagner-c-Christian-Stemper.jpg?resize=450%2C300 450w\" sizes=\"(max-width: 584px) 100vw, 584px\" data-recalc-dims=\"1\" \/><\/a><figcaption>Karlsplatz &#8211; Pavillon par Otto Wagner \u00a9 Christian Stemper<\/figcaption><\/figure>\n\n\n\n<p><strong>L<\/strong>\u2019\u0153uvre d\u2019Otto Wagner se d\u00e9couvre en d\u00e9ambulant dans les rues de Vienne, en levant la t\u00eate et en s\u2019approchant des portails&nbsp;! La ville doit, entre autres, \u00e0 cet architecte aux id\u00e9es nouvelles et g\u00e9nie de l\u2019urbanisme, ses stations et \u00e9difices du r\u00e9seau urbain, la Maison des m\u00e9daillons, celle des majoliques, l\u2019Eglise Am Steinhof, l\u2019in\u00e9galable Postsparkasse et la fa\u00e7ade en aluminium du journal Die Zeit. Unique&nbsp;! Si Wagner s\u2019est bri\u00e8vement inspir\u00e9 de l\u2019art nouveau et du mani\u00e9risme, il pr\u00f4ne la fonctionnalit\u00e9, les lignes droites, et l\u2019utilisation des mat\u00e9riaux modernes. Sans sacrifier l\u2019esth\u00e9tique, il s\u2019est attach\u00e9 \u00e0 glorifier la technique, \u00e0 d\u00e9voiler et magnifier les d\u00e9tails\u2026Voyant grand, bousculant les id\u00e9es pr\u00e9con\u00e7ues, il redessinait Vienne, r\u00eavant d\u2019une capitale moderne. Visionnaire, ses premi\u00e8res r\u00e9alisations le rendirent c\u00e9l\u00e8bre, avant de d\u00e9plaire par ses audaces&nbsp;! Mais sa touche reste, encore aujourd\u2019hui, ind\u00e9l\u00e9bile&nbsp;!&nbsp;<\/p>\n","protected":false},"excerpt":{"rendered":"<p>Texte Georgika Aeby-Demeter, photos courtoisie Wien Tourismus Bless\u00e9e, attaqu\u00e9e dans sa chair, Vienne reste une capitale resplendissante, un carrefour d\u2019histoire et d\u2019art de vivre qui force l\u2019admiration par ses hauts faits \u00e0 multiples facettes. Nous avons souhait\u00e9 rendre hommage \u00e0 &hellip; <a href=\"http:\/\/www.presstourism.ch\/?page_id=8304\">Continuer la lecture <span class=\"meta-nav\">&rarr;<\/span><\/a><\/p>\n","protected":false},"author":1540,"featured_media":0,"parent":1624,"menu_order":0,"comment_status":"closed","ping_status":"closed","template":"","meta":{"ngg_post_thumbnail":0,"spay_email":""},"jetpack_sharing_enabled":true,"jetpack_shortlink":"https:\/\/wp.me\/P468TV-29W","_links":{"self":[{"href":"http:\/\/www.presstourism.ch\/index.php?rest_route=\/wp\/v2\/pages\/8304"}],"collection":[{"href":"http:\/\/www.presstourism.ch\/index.php?rest_route=\/wp\/v2\/pages"}],"about":[{"href":"http:\/\/www.presstourism.ch\/index.php?rest_route=\/wp\/v2\/types\/page"}],"author":[{"embeddable":true,"href":"http:\/\/www.presstourism.ch\/index.php?rest_route=\/wp\/v2\/users\/1540"}],"replies":[{"embeddable":true,"href":"http:\/\/www.presstourism.ch\/index.php?rest_route=%2Fwp%2Fv2%2Fcomments&post=8304"}],"version-history":[{"count":2,"href":"http:\/\/www.presstourism.ch\/index.php?rest_route=\/wp\/v2\/pages\/8304\/revisions"}],"predecessor-version":[{"id":8309,"href":"http:\/\/www.presstourism.ch\/index.php?rest_route=\/wp\/v2\/pages\/8304\/revisions\/8309"}],"up":[{"embeddable":true,"href":"http:\/\/www.presstourism.ch\/index.php?rest_route=\/wp\/v2\/pages\/1624"}],"wp:attachment":[{"href":"http:\/\/www.presstourism.ch\/index.php?rest_route=%2Fwp%2Fv2%2Fmedia&parent=8304"}],"curies":[{"name":"wp","href":"https:\/\/api.w.org\/{rel}","templated":true}]}}