{"id":83,"date":"2013-11-14T12:21:18","date_gmt":"2013-11-14T11:21:18","guid":{"rendered":"http:\/\/www.presstourism.ch\/WP_ALEX\/?page_id=83"},"modified":"2023-06-09T20:21:28","modified_gmt":"2023-06-09T18:21:28","slug":"blanc-erika","status":"publish","type":"page","link":"http:\/\/www.presstourism.ch\/?page_id=83","title":{"rendered":"Blanc Erika"},"content":{"rendered":"\n<figure class=\"wp-block-image size-full\"><a href=\"https:\/\/i2.wp.com\/www.presstourism.ch\/wp-content\/uploads\/2013\/11\/Blanc-Erika.jpg\"><img loading=\"lazy\" width=\"113\" height=\"148\" src=\"https:\/\/i2.wp.com\/www.presstourism.ch\/wp-content\/uploads\/2013\/11\/Blanc-Erika.jpg?resize=113%2C148\" alt=\"\" class=\"wp-image-31\" data-recalc-dims=\"1\"\/><\/a><\/figure>\n\n\n<p><strong><a href=\"http:\/\/www.jepars.ch\/magazine\/\">Je pars, le magazine francophone des voyages<\/a><\/strong><\/p>\n<p>Quelques autres publications:<\/p>\n<p><a href=\"http:\/\/www.jepars.ch\/magazine\/?p=10595\">Santorin, perle de l&rsquo;Eg\u00e9e<\/a><\/p>\n<p><a href=\"http:\/\/www.jepars.ch\/magazine\/?p=10754\">La Sardaigne : d\u2019Alghero \u00e0 Castelsardo<\/a><\/p>\n<p><a href=\"http:\/\/www.presstourism.ch\/WP_ALEX\/?page_id=3774\">Croisi\u00e8re sur le Yangzi Explorer<\/a><\/p>\n<p><a title=\"Lien permanent vers La Cr\u00e8te entre douceur de vivre et longue histoire\" href=\"http:\/\/www.jepars.ch\/magazine\/?p=12218\" rel=\"bookmark\">La Cr\u00e8te entre douceur de vivre et longue histoire <\/a><\/p>\n<p class=\"art-postheader\"><a title=\"Lien permanent vers Mille et une ferveurs en Inde\" href=\"http:\/\/www.jepars.ch\/magazine\/?p=1164\" rel=\"bookmark\">Mille et une ferveurs en Inde <\/a><\/p>\n<p><a href=\"http:\/\/www.jepars.ch\/magazine\/?p=10595\">Santorin, perle de l&rsquo;Eg\u00e9e<\/a><\/p>\n<p><a href=\"http:\/\/sb4-1.infomaniak.ch\/sites\/c4\/c493c95f91125629724acfd1fee9774f\/attachments\/File\/BlancEPologne_Je_pars_22.pdf\">Pologne<br><\/a><a href=\"http:\/\/sb4-1.infomaniak.ch\/sites\/c4\/c493c95f91125629724acfd1fee9774f\/attachments\/File\/BlancEPologne_Je_pars_22.pdf\"><br><\/a><a href=\"http:\/\/sb4-1.infomaniak.ch\/sites\/c4\/c493c95f91125629724acfd1fee9774f\/attachments\/File\/BlancEKiev_Je_pars_23.pdf\">Kiev<\/a><\/p>\n<p><a href=\"http:\/\/www.jepars.ch\/magazine\/?s=nuits+de+bourgogne&amp;search=Recherche\">Nuits de Bourgogne<\/a><\/p>\n<p><a href=\"http:\/\/sb4-1.infomaniak.ch\/sites\/c4\/c493c95f91125629724acfd1fee9774f\/attachments\/File\/BlancEHurons_Je_pars_23.pdf\">Hurons du Qu\u00e9bec<\/a><\/p>\n<p><a href=\"http:\/\/www.jepars.ch\/magazine\/?s=florence&amp;search=Recherche\">Florence, le rendez-vous des artistes<\/a><a href=\"http:\/\/www.jepars.ch\/magazine\/?p=5790\"><br><\/a><a href=\"http:\/\/www.jepars.ch\/magazine\/?p=5790\"><br><\/a><a href=\"http:\/\/www.jepars.ch\/magazine\/?p=5790\">Carlsbad et Marienbad, les stations thermales<\/a><a href=\"http:\/\/www.jepars.ch\/magazine\/?p=5790\"> tch\u00e8ques<\/a><\/p>\n<p>Praia do Forte, le bronzage \u00e0 la br\u00e9silienne<\/p>\n<p><a href=\"http:\/\/www.jepars.ch\/magazine\/?p=5151\">Midi-Pyr\u00e9n\u00e9es&nbsp;: le fief des comtes de Toulouse<\/a><a href=\"http:\/\/www.jepars.ch\/magazine\/?p=5151\"><br><\/a><a href=\"http:\/\/www.jepars.ch\/magazine\/\"><em><br><\/em><\/a><br>BLANC, Erika<br>ch. de Montremoen 33<br>1023 Crissier<br>T\u00e9l. 021 634 86 86, fax 021 351 17 94, mobile: 076 370 03 72<br>Internet: <a href=\"http:\/\/www.travelmarket.ch\/\">www.je<\/a><a href=\"http:\/\/www.presstourism.ch\/WP_ALEX\/wp-content\/uploads\/2013\/11\/Je-pars.ch-l-Le-e-magazine-francophone-des-voyages.htm\">Je pars.ch l Le e-magazine francophone des voyages<\/a><a href=\"http:\/\/www.travelmarket.ch\/\">pars.ch<\/a><br>Email: <a href=\"mailto:erikablanc2@gmail.com\">erikablanc2@gmail.com<\/a><br>Fonction: Correspondante<br>M\u00e9dias: Gefic Presse, Je pars\u2026, www.jepars.ch<br>Langues: Fran\u00e7ais, allemand, anglais<strong><br><\/strong><\/p>","protected":false},"excerpt":{"rendered":"<p>Je pars, le magazine francophone des voyages Quelques autres publications: Santorin, perle de l&rsquo;Eg\u00e9e La Sardaigne : d\u2019Alghero \u00e0 Castelsardo Croisi\u00e8re sur le Yangzi Explorer La Cr\u00e8te entre douceur de vivre et longue histoire Mille et une ferveurs en Inde &hellip; <a href=\"http:\/\/www.presstourism.ch\/?page_id=83\">Continuer la lecture <span class=\"meta-nav\">&rarr;<\/span><\/a><\/p>\n","protected":false},"author":1,"featured_media":0,"parent":76,"menu_order":0,"comment_status":"open","ping_status":"open","template":"","meta":{"ngg_post_thumbnail":0,"spay_email":""},"jetpack_sharing_enabled":true,"jetpack_shortlink":"https:\/\/wp.me\/P468TV-1l","_links":{"self":[{"href":"http:\/\/www.presstourism.ch\/index.php?rest_route=\/wp\/v2\/pages\/83"}],"collection":[{"href":"http:\/\/www.presstourism.ch\/index.php?rest_route=\/wp\/v2\/pages"}],"about":[{"href":"http:\/\/www.presstourism.ch\/index.php?rest_route=\/wp\/v2\/types\/page"}],"author":[{"embeddable":true,"href":"http:\/\/www.presstourism.ch\/index.php?rest_route=\/wp\/v2\/users\/1"}],"replies":[{"embeddable":true,"href":"http:\/\/www.presstourism.ch\/index.php?rest_route=%2Fwp%2Fv2%2Fcomments&post=83"}],"version-history":[{"count":9,"href":"http:\/\/www.presstourism.ch\/index.php?rest_route=\/wp\/v2\/pages\/83\/revisions"}],"predecessor-version":[{"id":9150,"href":"http:\/\/www.presstourism.ch\/index.php?rest_route=\/wp\/v2\/pages\/83\/revisions\/9150"}],"up":[{"embeddable":true,"href":"http:\/\/www.presstourism.ch\/index.php?rest_route=\/wp\/v2\/pages\/76"}],"wp:attachment":[{"href":"http:\/\/www.presstourism.ch\/index.php?rest_route=%2Fwp%2Fv2%2Fmedia&parent=83"}],"curies":[{"name":"wp","href":"https:\/\/api.w.org\/{rel}","templated":true}]}}