{"id":8125,"date":"2022-01-25T16:34:06","date_gmt":"2022-01-25T15:34:06","guid":{"rendered":"http:\/\/www.presstourism.ch\/WP_ALEX\/?page_id=8125"},"modified":"2022-01-25T16:35:28","modified_gmt":"2022-01-25T15:35:28","slug":"rivieres-a-sec","status":"publish","type":"page","link":"http:\/\/www.presstourism.ch\/?page_id=8125","title":{"rendered":"Rivi\u00e8res \u00e0 sec"},"content":{"rendered":"\n<div class=\"wp-block-image\"><figure class=\"aligncenter size-full\"><a href=\"https:\/\/i1.wp.com\/www.presstourism.ch\/WP_ALEX\/wp-content\/uploads\/2022\/01\/Flu\u0308sse2.jpg\"><img loading=\"lazy\" width=\"340\" height=\"454\" src=\"https:\/\/i1.wp.com\/www.presstourism.ch\/WP_ALEX\/wp-content\/uploads\/2022\/01\/Flu\u0308sse2.jpg?resize=340%2C454\" alt=\"\" class=\"wp-image-8126\" srcset=\"https:\/\/i2.wp.com\/www.presstourism.ch\/wp-content\/uploads\/2022\/01\/Flu\u0308sse2.jpg?w=340 340w, https:\/\/i2.wp.com\/www.presstourism.ch\/wp-content\/uploads\/2022\/01\/Flu\u0308sse2.jpg?resize=225%2C300 225w\" sizes=\"(max-width: 340px) 100vw, 340px\" data-recalc-dims=\"1\" \/><\/a><figcaption>L&rsquo;Urselbach en Hesse en juillet 2020 &#8211; un exemple local des cours d&rsquo;eau qui s&rsquo;ass\u00e8chent au moins un jour par an.             <br>\u00a9 Senckenberg\/Babitsch<\/figcaption><\/figure><\/div>\n\n\n\n<p><strong>60% des rivi\u00e8res du monde sont temporairement \u00e0 sec &#8211; tendance \u00e0 la hausse<\/strong><\/p>\n\n\n\n<p>Judith J\u00f6rdens<\/p>\n\n\n\n<p>Une \u00e9quipe internationale de chercheurs, dont le directeur g\u00e9n\u00e9ral de Senckenberg Klement Tockner, a pour la premi\u00e8re fois recens\u00e9 et quantifi\u00e9 tous les fleuves du monde qui s&rsquo;ass\u00e8chent temporairement. Ils montrent que 60% des cours d&rsquo;eau mondiaux s&rsquo;ass\u00e8chent au moins un jour par an &#8211; sur tous les continents et dans toutes les zones climatiques. Dans l&rsquo;\u00e9tude r\u00e9alis\u00e9e sous la direction de Mathis Messager de l&rsquo;Universit\u00e9 McGill de Montr\u00e9al au Canada et publi\u00e9e aujourd&rsquo;hui dans la c\u00e9l\u00e8bre revue sp\u00e9cialis\u00e9e \u00ab\u00a0Nature\u00a0\u00bb, les chercheurs montrent que plus de la moiti\u00e9 de la population mondiale vit \u00e0 proximit\u00e9 de ces rivi\u00e8res temporairement \u00e0 sec &#8211; et la tendance est \u00e0 la hausse.<\/p>\n\n\n\n<p>Depuis des mill\u00e9naires, les hommes se sont install\u00e9s de pr\u00e9f\u00e9rence \u00e0 proximit\u00e9 des cours d&rsquo;eau. Les rivi\u00e8res font partie du cycle global de l&rsquo;eau, constituent un habitat important pour de nombreuses esp\u00e8ces, sont un facteur \u00e9conomique, une voie de transport, un fournisseur d&rsquo;\u00e9nergie et un lieu de d\u00e9tente. Mais ce sont justement les ruisseaux et les rivi\u00e8res qui souffrent \u00e9norm\u00e9ment du changement climatique mondial, de l&rsquo;utilisation intensive des terres et de la consommation des ressources. \u00ab\u00a0Actuellement, la recherche et les mesures de protection qui en d\u00e9coulent se concentrent principalement sur les cours d&rsquo;eau qui ont de l&rsquo;eau en permanence\u00a0\u00bb, explique le professeur Klement Tockner, sp\u00e9cialiste de l&rsquo;\u00e9cologie aquatique et directeur g\u00e9n\u00e9ral de la soci\u00e9t\u00e9 Senckenberg pour la recherche sur la nature, ainsi que professeur \u00e0 l&rsquo;universit\u00e9 Goethe de Francfort, avant de poursuivre : \u00ab\u00a0Mais m\u00eame de grands fleuves charismatiques, comme par exemple le Nil, le fleuve Jaune en Chine ou le Rio Grande en Am\u00e9rique du Nord, sont d\u00e9j\u00e0 compl\u00e8tement \u00e0 sec. Cela peut rendre l&rsquo;acc\u00e8s \u00e0 l&rsquo;eau plus difficile pour des millions de personnes et a un impact profond sur l&rsquo;\u00e9cosyst\u00e8me fluvial\u00a0\u00bb.<\/p>\n\n\n\n<p>Sous la direction du doctorant Mathis Messager, de l&rsquo;Universit\u00e9 McGill \u00e0 Montr\u00e9al, Tockner et ses coll\u00e8gues internationaux montrent dans l&rsquo;\u00e9tude Nature publi\u00e9e aujourd&rsquo;hui que dans le monde entier, 51 \u00e0 60 pour cent des rivi\u00e8res ne sont pas aliment\u00e9es en eau pendant au moins un jour par an. Dans les r\u00e9gions particuli\u00e8rement s\u00e8ches du globe, comme en Inde, en Australie occidentale ou dans la zone africaine du Sahel, ce chiffre atteint m\u00eame 99 pour cent des cours d&rsquo;eau, selon les mod\u00e9lisations. \u00ab\u00a0Mais m\u00eame dans les zones climatiques temp\u00e9r\u00e9es fra\u00eeches et humides, pr\u00e8s de 30 pour cent des cours d&rsquo;eau s&rsquo;ass\u00e8chent r\u00e9guli\u00e8rement. Si l&rsquo;on tient compte des petits ruisseaux, cela repr\u00e9sente m\u00eame plus de la moiti\u00e9 des cours d&rsquo;eau. En d&rsquo;autres termes, les rivi\u00e8res qui s&rsquo;ass\u00e8chent &#8211; au moins temporairement &#8211; sont plut\u00f4t la r\u00e8gle que l&rsquo;exception sur terre\u00a0\u00bb, ajoute l&rsquo;\u00e9cologue aquatique. Des exemples r\u00e9gionaux sont l&rsquo;Urselbach, un cours d&rsquo;eau d&rsquo;environ 16 kilom\u00e8tres de long qui prend sa source dans le Vordertaunus et traverse Francfort, ainsi que la Weil, un affluent de la Lahn, qui se sont ass\u00e9ch\u00e9s l&rsquo;\u00e9t\u00e9 dernier. Tockner ajoute : \u00ab\u00a0Les cours d&rsquo;eau qui s&rsquo;ass\u00e8chent naturellement sont des habitats pr\u00e9cieux et uniques, mais si un ruisseau ou une rivi\u00e8re en permanence en eau s&rsquo;ass\u00e8che, cela a un impact massif sur la nature et finalement sur l&rsquo;homme\u00a0\u00bb.<\/p>\n\n\n\n<p>En se basant sur les donn\u00e9es hydrologiques, climatiques, p\u00e9dologiques et g\u00e9ologiques de 5615 stations de mesure\u00ad, les chercheurs ont pu montrer que les rivi\u00e8res qui s&rsquo;ass\u00e8chent sont pr\u00e9sentes sur tous les continents et dans toutes les zones climatiques. \u00ab\u00a0Cela a des cons\u00e9quences importantes pour l&rsquo;\u00e9tude et la protection des cours d&rsquo;eau\u00a0\u00bb, explique Tockner, qui poursuit : \u00ab\u00a0Pour pouvoir comprendre les effets futurs des changements climatiques et paysagers sur ces \u00e9cosyst\u00e8mes et leurs esp\u00e8ces, nous devons consid\u00e9rer l&rsquo;ass\u00e8chement\u00ad des rivi\u00e8res comme un param\u00e8tre central\u00a0\u00bb. A l&rsquo;avenir, selon les chercheurs, ce ne sont pas seulement les crues qui augmenteront, mais aussi et surtout l&rsquo;ass\u00e8chement des cours d&rsquo;eau.<\/p>\n\n\n\n<p>Selon l&rsquo;\u00e9tude, pour 52 pour cent de la population mondiale, le ruisseau ou la rivi\u00e8re le plus proche n&rsquo;est pas aliment\u00e9 en eau de mani\u00e8re continue. L&rsquo;\u00e9cologue aquatique est certain que les nouveaux r\u00e9sultats aideront \u00e0 g\u00e9rer les rivi\u00e8res de mani\u00e8re plus durable et donc \u00e0 prot\u00e9ger les personnes qui d\u00e9pendent directement de ces \u00e9cosyst\u00e8mes pour leur subsistance et leur culture. \u00ab\u00a0Nous pouvons maintenant montrer o\u00f9 et que les cours d&rsquo;eau ne coulent pas toujours. Dans une prochaine \u00e9tape, nous aimerions \u00e9tudier quand et pendant combien de temps ces p\u00e9riodes de s\u00e9cheresse se produisent aujourd&rsquo;hui et \u00e0 l&rsquo;avenir, et quelles en sont les cons\u00e9quences pour la nature et l&rsquo;homme\u00a0\u00bb, donne Tockner en perspective.<\/p>\n","protected":false},"excerpt":{"rendered":"<p>60% des rivi\u00e8res du monde sont temporairement \u00e0 sec &#8211; tendance \u00e0 la hausse Judith J\u00f6rdens Une \u00e9quipe internationale de chercheurs, dont le directeur g\u00e9n\u00e9ral de Senckenberg Klement Tockner, a pour la premi\u00e8re fois recens\u00e9 et quantifi\u00e9 tous les fleuves &hellip; <a href=\"http:\/\/www.presstourism.ch\/?page_id=8125\">Continuer la lecture <span class=\"meta-nav\">&rarr;<\/span><\/a><\/p>\n","protected":false},"author":1540,"featured_media":0,"parent":166,"menu_order":0,"comment_status":"closed","ping_status":"closed","template":"","meta":{"ngg_post_thumbnail":0,"spay_email":""},"jetpack_sharing_enabled":true,"jetpack_shortlink":"https:\/\/wp.me\/P468TV-273","_links":{"self":[{"href":"http:\/\/www.presstourism.ch\/index.php?rest_route=\/wp\/v2\/pages\/8125"}],"collection":[{"href":"http:\/\/www.presstourism.ch\/index.php?rest_route=\/wp\/v2\/pages"}],"about":[{"href":"http:\/\/www.presstourism.ch\/index.php?rest_route=\/wp\/v2\/types\/page"}],"author":[{"embeddable":true,"href":"http:\/\/www.presstourism.ch\/index.php?rest_route=\/wp\/v2\/users\/1540"}],"replies":[{"embeddable":true,"href":"http:\/\/www.presstourism.ch\/index.php?rest_route=%2Fwp%2Fv2%2Fcomments&post=8125"}],"version-history":[{"count":1,"href":"http:\/\/www.presstourism.ch\/index.php?rest_route=\/wp\/v2\/pages\/8125\/revisions"}],"predecessor-version":[{"id":8127,"href":"http:\/\/www.presstourism.ch\/index.php?rest_route=\/wp\/v2\/pages\/8125\/revisions\/8127"}],"up":[{"embeddable":true,"href":"http:\/\/www.presstourism.ch\/index.php?rest_route=\/wp\/v2\/pages\/166"}],"wp:attachment":[{"href":"http:\/\/www.presstourism.ch\/index.php?rest_route=%2Fwp%2Fv2%2Fmedia&parent=8125"}],"curies":[{"name":"wp","href":"https:\/\/api.w.org\/{rel}","templated":true}]}}