{"id":7954,"date":"2021-07-10T09:50:11","date_gmt":"2021-07-10T08:50:11","guid":{"rendered":"http:\/\/www.presstourism.ch\/WP_ALEX\/?page_id=7954"},"modified":"2021-07-10T09:53:49","modified_gmt":"2021-07-10T08:53:49","slug":"acces-reserve","status":"publish","type":"page","link":"http:\/\/www.presstourism.ch\/?page_id=7954","title":{"rendered":"Acc\u00e8s r\u00e9serv\u00e9"},"content":{"rendered":"\n<p>Certaines informations sont r\u00e9serv\u00e9e aux membres su comit\u00e9 ou \u00e0 des partenaires sp\u00e9cifiques. Ces pages ne sont accessible que par mot de passe.<\/p>\n","protected":false},"excerpt":{"rendered":"<p>Certaines informations sont r\u00e9serv\u00e9e aux membres su comit\u00e9 ou \u00e0 des partenaires sp\u00e9cifiques. Ces pages ne sont accessible que par mot de passe.<\/p>\n","protected":false},"author":1,"featured_media":0,"parent":0,"menu_order":6,"comment_status":"open","ping_status":"closed","template":"","meta":{"ngg_post_thumbnail":0,"spay_email":""},"jetpack_sharing_enabled":true,"jetpack_shortlink":"https:\/\/wp.me\/P468TV-24i","_links":{"self":[{"href":"http:\/\/www.presstourism.ch\/index.php?rest_route=\/wp\/v2\/pages\/7954"}],"collection":[{"href":"http:\/\/www.presstourism.ch\/index.php?rest_route=\/wp\/v2\/pages"}],"about":[{"href":"http:\/\/www.presstourism.ch\/index.php?rest_route=\/wp\/v2\/types\/page"}],"author":[{"embeddable":true,"href":"http:\/\/www.presstourism.ch\/index.php?rest_route=\/wp\/v2\/users\/1"}],"replies":[{"embeddable":true,"href":"http:\/\/www.presstourism.ch\/index.php?rest_route=%2Fwp%2Fv2%2Fcomments&post=7954"}],"version-history":[{"count":1,"href":"http:\/\/www.presstourism.ch\/index.php?rest_route=\/wp\/v2\/pages\/7954\/revisions"}],"predecessor-version":[{"id":7955,"href":"http:\/\/www.presstourism.ch\/index.php?rest_route=\/wp\/v2\/pages\/7954\/revisions\/7955"}],"wp:attachment":[{"href":"http:\/\/www.presstourism.ch\/index.php?rest_route=%2Fwp%2Fv2%2Fmedia&parent=7954"}],"curies":[{"name":"wp","href":"https:\/\/api.w.org\/{rel}","templated":true}]}}