{"id":76,"date":"2013-11-14T12:01:00","date_gmt":"2013-11-14T11:01:00","guid":{"rendered":"http:\/\/www.presstourism.ch\/WP_ALEX\/?page_id=76"},"modified":"2022-02-20T11:15:54","modified_gmt":"2022-02-20T10:15:54","slug":"auteurs","status":"publish","type":"page","link":"http:\/\/www.presstourism.ch\/?page_id=76","title":{"rendered":"Auteurs"},"content":{"rendered":"<p>Nous pr\u00e9sentons dans la colonne de droite ceux de nos membres nous ayant communiqu\u00e9 une ou plusieurs de leurs publications. Si vous connaissez le nom de l&rsquo;auteur dont vous souhaitez consulter les publications, il vous suffit de taper son nom dans la case recherche, en page d&rsquo;accueil.<\/p>\n<p>Vous pouvez aussi acc\u00e9der ci-dessous \u00e0 la liste actualis\u00e9e de tous nos membres:<\/p>\n<p><a href=\"https:\/\/www.presstourism.info\/mitglieder\/index\">Membres actifs<\/a><\/p>\n<p><a href=\"https:\/\/www.presstourism.info\/mitglieder\/passivmitglieder\">Membres passifs<\/a><\/p>\n<p>&nbsp;<\/p>\n","protected":false},"excerpt":{"rendered":"<p>Nous pr\u00e9sentons dans la colonne de droite ceux de nos membres nous ayant communiqu\u00e9 une ou plusieurs de leurs publications. Si vous connaissez le nom de l&rsquo;auteur dont vous souhaitez consulter les publications, il vous suffit de taper son nom &hellip; <a href=\"http:\/\/www.presstourism.ch\/?page_id=76\">Continuer la lecture <span class=\"meta-nav\">&rarr;<\/span><\/a><\/p>\n","protected":false},"author":1,"featured_media":0,"parent":0,"menu_order":4,"comment_status":"open","ping_status":"open","template":"","meta":{"ngg_post_thumbnail":0,"spay_email":""},"jetpack_sharing_enabled":true,"jetpack_shortlink":"https:\/\/wp.me\/P468TV-1e","_links":{"self":[{"href":"http:\/\/www.presstourism.ch\/index.php?rest_route=\/wp\/v2\/pages\/76"}],"collection":[{"href":"http:\/\/www.presstourism.ch\/index.php?rest_route=\/wp\/v2\/pages"}],"about":[{"href":"http:\/\/www.presstourism.ch\/index.php?rest_route=\/wp\/v2\/types\/page"}],"author":[{"embeddable":true,"href":"http:\/\/www.presstourism.ch\/index.php?rest_route=\/wp\/v2\/users\/1"}],"replies":[{"embeddable":true,"href":"http:\/\/www.presstourism.ch\/index.php?rest_route=%2Fwp%2Fv2%2Fcomments&post=76"}],"version-history":[{"count":5,"href":"http:\/\/www.presstourism.ch\/index.php?rest_route=\/wp\/v2\/pages\/76\/revisions"}],"predecessor-version":[{"id":8253,"href":"http:\/\/www.presstourism.ch\/index.php?rest_route=\/wp\/v2\/pages\/76\/revisions\/8253"}],"wp:attachment":[{"href":"http:\/\/www.presstourism.ch\/index.php?rest_route=%2Fwp%2Fv2%2Fmedia&parent=76"}],"curies":[{"name":"wp","href":"https:\/\/api.w.org\/{rel}","templated":true}]}}