{"id":753,"date":"2014-05-06T15:10:22","date_gmt":"2014-05-06T14:10:22","guid":{"rendered":"http:\/\/www.presstourism.ch\/WP_ALEX\/?page_id=753"},"modified":"2016-06-28T11:15:37","modified_gmt":"2016-06-28T10:15:37","slug":"2014-assemblee-generale","status":"publish","type":"page","link":"http:\/\/www.presstourism.ch\/?page_id=753","title":{"rendered":"2014 Assembl\u00e9e g\u00e9n\u00e9rale Croatie"},"content":{"rendered":"<p>Ci-dessous les documents concernant l&rsquo;assembl\u00e9e g\u00e9n\u00e9rale de 2014 en Croatie.<\/p>\n<p><a href=\"http:\/\/www.presstourism.ch\/WP_ALEX\/wp-content\/uploads\/2014\/05\/AG-2014-PV.pdf\">2014 AG Proc\u00e8s verbal<\/a><\/p>\n<p><a href=\"http:\/\/www.presstourism.ch\/WP_ALEX\/wp-content\/uploads\/2014\/05\/2014-AG-Bulletin-dinscription.doc\">2014 AG Bulletin d&rsquo;inscription<\/a><\/p>\n<p><a href=\"http:\/\/www.presstourism.ch\/WP_ALEX\/wp-content\/uploads\/2014\/05\/2014-Programme-Croatie-2014.pdf\">2014 Programme Croatie 2014<\/a><\/p>\n<p><a href=\"http:\/\/www.presstourism.ch\/WP_ALEX\/wp-content\/uploads\/2014\/05\/2014-Programme-tourisme-croate.pdf\">2014 Programme OTC (en anglais)<\/a><\/p>\n<p><a href=\"http:\/\/www.presstourism.ch\/WP_ALEX\/wp-content\/uploads\/2014\/05\/2014-AG-Ordre-du-jour.pdf\">2014 AG Ordre du jour<\/a><\/p>\n","protected":false},"excerpt":{"rendered":"<p>Ci-dessous les documents concernant l&rsquo;assembl\u00e9e g\u00e9n\u00e9rale de 2014 en Croatie. 2014 AG Proc\u00e8s verbal 2014 AG Bulletin d&rsquo;inscription 2014 Programme Croatie 2014 2014 Programme OTC (en anglais) 2014 AG Ordre du jour<\/p>\n","protected":false},"author":1,"featured_media":0,"parent":490,"menu_order":0,"comment_status":"open","ping_status":"open","template":"","meta":{"ngg_post_thumbnail":0,"spay_email":""},"jetpack_sharing_enabled":true,"jetpack_shortlink":"https:\/\/wp.me\/P468TV-c9","_links":{"self":[{"href":"http:\/\/www.presstourism.ch\/index.php?rest_route=\/wp\/v2\/pages\/753"}],"collection":[{"href":"http:\/\/www.presstourism.ch\/index.php?rest_route=\/wp\/v2\/pages"}],"about":[{"href":"http:\/\/www.presstourism.ch\/index.php?rest_route=\/wp\/v2\/types\/page"}],"author":[{"embeddable":true,"href":"http:\/\/www.presstourism.ch\/index.php?rest_route=\/wp\/v2\/users\/1"}],"replies":[{"embeddable":true,"href":"http:\/\/www.presstourism.ch\/index.php?rest_route=%2Fwp%2Fv2%2Fcomments&post=753"}],"version-history":[{"count":4,"href":"http:\/\/www.presstourism.ch\/index.php?rest_route=\/wp\/v2\/pages\/753\/revisions"}],"predecessor-version":[{"id":2667,"href":"http:\/\/www.presstourism.ch\/index.php?rest_route=\/wp\/v2\/pages\/753\/revisions\/2667"}],"up":[{"embeddable":true,"href":"http:\/\/www.presstourism.ch\/index.php?rest_route=\/wp\/v2\/pages\/490"}],"wp:attachment":[{"href":"http:\/\/www.presstourism.ch\/index.php?rest_route=%2Fwp%2Fv2%2Fmedia&parent=753"}],"curies":[{"name":"wp","href":"https:\/\/api.w.org\/{rel}","templated":true}]}}