{"id":744,"date":"2014-05-06T14:09:04","date_gmt":"2014-05-06T13:09:04","guid":{"rendered":"http:\/\/www.presstourism.ch\/WP_ALEX\/?page_id=744"},"modified":"2016-06-28T11:13:08","modified_gmt":"2016-06-28T10:13:08","slug":"2012-assemblee-generale","status":"publish","type":"page","link":"http:\/\/www.presstourism.ch\/?page_id=744","title":{"rendered":"2012 Assembl\u00e9e g\u00e9n\u00e9rale Douz"},"content":{"rendered":"<p>Ci-dessous l&rsquo;acc\u00e8s aux documents et comptes-rendu de l&rsquo;assembl\u00e9e g\u00e9n\u00e9rale 2012 \u00e0 Douz (Tunisie).<\/p>\n<p><a href=\"http:\/\/www.presstourism.ch\/WP_ALEX\/wp-content\/uploads\/2014\/05\/2012-AG-Ordre-du-jour.pdf\">2012 AG Ordre du jour<\/a><\/p>\n<p><a href=\"http:\/\/www.presstourism.ch\/WP_ALEX\/wp-content\/uploads\/2014\/05\/2012-PV-PTCH-Douz.pdf\">2012 AG Proc\u00e8s-verbal<\/a><\/p>\n<p>&nbsp;<\/p>\n","protected":false},"excerpt":{"rendered":"<p>Ci-dessous l&rsquo;acc\u00e8s aux documents et comptes-rendu de l&rsquo;assembl\u00e9e g\u00e9n\u00e9rale 2012 \u00e0 Douz (Tunisie). 2012 AG Ordre du jour 2012 AG Proc\u00e8s-verbal &nbsp;<\/p>\n","protected":false},"author":1,"featured_media":0,"parent":490,"menu_order":0,"comment_status":"open","ping_status":"open","template":"","meta":{"ngg_post_thumbnail":0,"spay_email":""},"jetpack_sharing_enabled":true,"jetpack_shortlink":"https:\/\/wp.me\/P468TV-c0","_links":{"self":[{"href":"http:\/\/www.presstourism.ch\/index.php?rest_route=\/wp\/v2\/pages\/744"}],"collection":[{"href":"http:\/\/www.presstourism.ch\/index.php?rest_route=\/wp\/v2\/pages"}],"about":[{"href":"http:\/\/www.presstourism.ch\/index.php?rest_route=\/wp\/v2\/types\/page"}],"author":[{"embeddable":true,"href":"http:\/\/www.presstourism.ch\/index.php?rest_route=\/wp\/v2\/users\/1"}],"replies":[{"embeddable":true,"href":"http:\/\/www.presstourism.ch\/index.php?rest_route=%2Fwp%2Fv2%2Fcomments&post=744"}],"version-history":[{"count":4,"href":"http:\/\/www.presstourism.ch\/index.php?rest_route=\/wp\/v2\/pages\/744\/revisions"}],"predecessor-version":[{"id":2665,"href":"http:\/\/www.presstourism.ch\/index.php?rest_route=\/wp\/v2\/pages\/744\/revisions\/2665"}],"up":[{"embeddable":true,"href":"http:\/\/www.presstourism.ch\/index.php?rest_route=\/wp\/v2\/pages\/490"}],"wp:attachment":[{"href":"http:\/\/www.presstourism.ch\/index.php?rest_route=%2Fwp%2Fv2%2Fmedia&parent=744"}],"curies":[{"name":"wp","href":"https:\/\/api.w.org\/{rel}","templated":true}]}}