{"id":7401,"date":"2021-06-09T07:44:53","date_gmt":"2021-06-09T06:44:53","guid":{"rendered":"http:\/\/www.presstourism.ch\/WP_ALEX\/?page_id=7401"},"modified":"2021-06-09T08:57:42","modified_gmt":"2021-06-09T07:57:42","slug":"merveilleuse-armenie","status":"publish","type":"page","link":"http:\/\/www.presstourism.ch\/?page_id=7401","title":{"rendered":"Merveilleuse Arm\u00e9nie"},"content":{"rendered":"\nngg_shortcode_0_placeholder\n\n\n\n<p>Merveilleuse Arm\u00e9nie&#8230;Une d\u00e9couverte d\u2019exception effectu\u00e9e il y a 15 jours&#8230; Il y a tellement de belles choses \u00e0 faire au d\u00e9part de la capitale Erevan. Je vous pr\u00e9sente quelques lieux \u00e0 voir absolument lors de votre voyage&#8230;Le monast\u00e8re de Saghmiosavank, la Forteresse d\u2019Amberd, Alphabet Arm\u00e9nien (site en plein air) visite et d\u00e9gustation dans les caves d\u2019Armas dont les vins sont absolument d\u00e9licieux dans tout le pays. Ne pas manquer \u00e9galement le Lac Sevan et son Monast\u00e8re. Ses sp\u00e9cialit\u00e9s culinaires et artisanales. Et pour clore le tout, une population de 3 millions d\u2019habitants d\u2019une hospitalit\u00e9 qui restera grav\u00e9e dans nos c\u0153urs \u00e0 JAMAIS&#8230;<\/p>\n\n\n\n<p class=\"has-text-align-right\">Roland Zufferey<\/p>\n","protected":false},"excerpt":{"rendered":"<p>Merveilleuse Arm\u00e9nie&#8230;Une d\u00e9couverte d\u2019exception effectu\u00e9e il y a 15 jours&#8230; Il y a tellement de belles choses \u00e0 faire au d\u00e9part de la capitale Erevan. Je vous pr\u00e9sente quelques lieux \u00e0 voir absolument lors de votre voyage&#8230;Le monast\u00e8re de Saghmiosavank, &hellip; <a href=\"http:\/\/www.presstourism.ch\/?page_id=7401\">Continuer la lecture <span class=\"meta-nav\">&rarr;<\/span><\/a><\/p>\n","protected":false},"author":1,"featured_media":0,"parent":713,"menu_order":0,"comment_status":"open","ping_status":"closed","template":"","meta":{"ngg_post_thumbnail":0,"spay_email":""},"jetpack_sharing_enabled":true,"jetpack_shortlink":"https:\/\/wp.me\/P468TV-1Vn","_links":{"self":[{"href":"http:\/\/www.presstourism.ch\/index.php?rest_route=\/wp\/v2\/pages\/7401"}],"collection":[{"href":"http:\/\/www.presstourism.ch\/index.php?rest_route=\/wp\/v2\/pages"}],"about":[{"href":"http:\/\/www.presstourism.ch\/index.php?rest_route=\/wp\/v2\/types\/page"}],"author":[{"embeddable":true,"href":"http:\/\/www.presstourism.ch\/index.php?rest_route=\/wp\/v2\/users\/1"}],"replies":[{"embeddable":true,"href":"http:\/\/www.presstourism.ch\/index.php?rest_route=%2Fwp%2Fv2%2Fcomments&post=7401"}],"version-history":[{"count":4,"href":"http:\/\/www.presstourism.ch\/index.php?rest_route=\/wp\/v2\/pages\/7401\/revisions"}],"predecessor-version":[{"id":7824,"href":"http:\/\/www.presstourism.ch\/index.php?rest_route=\/wp\/v2\/pages\/7401\/revisions\/7824"}],"up":[{"embeddable":true,"href":"http:\/\/www.presstourism.ch\/index.php?rest_route=\/wp\/v2\/pages\/713"}],"wp:attachment":[{"href":"http:\/\/www.presstourism.ch\/index.php?rest_route=%2Fwp%2Fv2%2Fmedia&parent=7401"}],"curies":[{"name":"wp","href":"https:\/\/api.w.org\/{rel}","templated":true}]}}