{"id":739,"date":"2014-05-06T14:04:23","date_gmt":"2014-05-06T13:04:23","guid":{"rendered":"http:\/\/www.presstourism.ch\/WP_ALEX\/?page_id=739"},"modified":"2016-06-28T11:11:52","modified_gmt":"2016-06-28T10:11:52","slug":"2011-assemblee-generale","status":"publish","type":"page","link":"http:\/\/www.presstourism.ch\/?page_id=739","title":{"rendered":"2011 Assembl\u00e9e g\u00e9n\u00e9rale Toulouse"},"content":{"rendered":"<p>Ci-dessous l&rsquo;acc\u00e8s aux documents et comptes-rendu de l&rsquo;assembl\u00e9e g\u00e9n\u00e9rale 2011 tenue \u00e0 Toulouse.<\/p>\n<p><a href=\"http:\/\/www.presstourism.ch\/WP_ALEX\/wp-content\/uploads\/2014\/05\/2011-Toulouse.pdf\">2011 Toulouse<\/a><\/p>\n","protected":false},"excerpt":{"rendered":"<p>Ci-dessous l&rsquo;acc\u00e8s aux documents et comptes-rendu de l&rsquo;assembl\u00e9e g\u00e9n\u00e9rale 2011 tenue \u00e0 Toulouse. 2011 Toulouse<\/p>\n","protected":false},"author":1,"featured_media":0,"parent":490,"menu_order":0,"comment_status":"open","ping_status":"open","template":"","meta":{"ngg_post_thumbnail":0,"spay_email":""},"jetpack_sharing_enabled":true,"jetpack_shortlink":"https:\/\/wp.me\/P468TV-bV","_links":{"self":[{"href":"http:\/\/www.presstourism.ch\/index.php?rest_route=\/wp\/v2\/pages\/739"}],"collection":[{"href":"http:\/\/www.presstourism.ch\/index.php?rest_route=\/wp\/v2\/pages"}],"about":[{"href":"http:\/\/www.presstourism.ch\/index.php?rest_route=\/wp\/v2\/types\/page"}],"author":[{"embeddable":true,"href":"http:\/\/www.presstourism.ch\/index.php?rest_route=\/wp\/v2\/users\/1"}],"replies":[{"embeddable":true,"href":"http:\/\/www.presstourism.ch\/index.php?rest_route=%2Fwp%2Fv2%2Fcomments&post=739"}],"version-history":[{"count":3,"href":"http:\/\/www.presstourism.ch\/index.php?rest_route=\/wp\/v2\/pages\/739\/revisions"}],"predecessor-version":[{"id":2664,"href":"http:\/\/www.presstourism.ch\/index.php?rest_route=\/wp\/v2\/pages\/739\/revisions\/2664"}],"up":[{"embeddable":true,"href":"http:\/\/www.presstourism.ch\/index.php?rest_route=\/wp\/v2\/pages\/490"}],"wp:attachment":[{"href":"http:\/\/www.presstourism.ch\/index.php?rest_route=%2Fwp%2Fv2%2Fmedia&parent=739"}],"curies":[{"name":"wp","href":"https:\/\/api.w.org\/{rel}","templated":true}]}}