{"id":716,"date":"2014-04-23T13:28:20","date_gmt":"2014-04-23T12:28:20","guid":{"rendered":"http:\/\/www.presstourism.ch\/WP_ALEX\/?page_id=716"},"modified":"2019-05-30T21:57:15","modified_gmt":"2019-05-30T20:57:15","slug":"les-ailes-de-tatev","status":"publish","type":"page","link":"http:\/\/www.presstourism.ch\/?page_id=716","title":{"rendered":"Les ailes de Tatev"},"content":{"rendered":"<h6 style=\"text-align: center;\"><\/h6>\n<h6 style=\"text-align: center;\"><\/h6>\n<h6 style=\"text-align: center;\"><a href=\"https:\/\/i0.wp.com\/www.presstourism.ch\/WP_ALEX\/wp-content\/uploads\/2014\/04\/1T\u00e9l\u00e9ph\u00e9riqueArm\u00e9nie-Tatev1.jpg\"><img loading=\"lazy\" class=\"aligncenter wp-image-717 size-full\" src=\"https:\/\/i0.wp.com\/www.presstourism.ch\/WP_ALEX\/wp-content\/uploads\/2014\/04\/1T\u00e9l\u00e9ph\u00e9riqueArm\u00e9nie-Tatev1.jpg?resize=584%2C390\" alt=\"Arm\u008enie, avril 2014\" width=\"584\" height=\"390\" srcset=\"https:\/\/i2.wp.com\/www.presstourism.ch\/wp-content\/uploads\/2014\/04\/1T\u00e9l\u00e9ph\u00e9riqueArm\u00e9nie-Tatev1.jpg?w=1000 1000w, https:\/\/i2.wp.com\/www.presstourism.ch\/wp-content\/uploads\/2014\/04\/1T\u00e9l\u00e9ph\u00e9riqueArm\u00e9nie-Tatev1.jpg?resize=300%2C200 300w\" sizes=\"(max-width: 584px) 100vw, 584px\" data-recalc-dims=\"1\" \/><\/a><\/h6>\n<h6 style=\"text-align: center;\">Long de presque six kilom\u00e8tres, \u00e0 double voie et sans freins de chariot, le t\u00e9l\u00e9ph\u00e9rique suisse d\u2019Arm\u00e9nie a permis de tisser des liens \u00e9conomique entre les deux pays.<\/h6>\n<p>Les \u00abAiles de Tatev\u00bb sont une fiert\u00e9 suisse. Construit par la maison Garaventa-Doppelmayr \u00e0 Goldau, dans le canton de Schwytz, le t\u00e9l\u00e9ph\u00e9rique baptis\u00e9 \u00abAiles de Tatev\u00bb est le plus long de la plan\u00e8te avec ses 5,7\u00a0km. Il permet de rejoindre une des richesses historiques du pays dans un d\u00e9cor de r\u00eave.<\/p>\n<h6 style=\"text-align: center;\">\u00a0<a href=\"https:\/\/i2.wp.com\/www.presstourism.ch\/WP_ALEX\/wp-content\/uploads\/2014\/04\/5T\u00e9l\u00e9ph\u00e9riqueArm\u00e9nieTatev5.jpg\"><img loading=\"lazy\" class=\"alignnone wp-image-718 size-full\" src=\"https:\/\/i2.wp.com\/www.presstourism.ch\/WP_ALEX\/wp-content\/uploads\/2014\/04\/5T\u00e9l\u00e9ph\u00e9riqueArm\u00e9nieTatev5.jpg?resize=584%2C389\" alt=\"Arm\u008enie, avril 2014\" width=\"584\" height=\"389\" srcset=\"https:\/\/i0.wp.com\/www.presstourism.ch\/wp-content\/uploads\/2014\/04\/5T\u00e9l\u00e9ph\u00e9riqueArm\u00e9nieTatev5.jpg?w=900 900w, https:\/\/i0.wp.com\/www.presstourism.ch\/wp-content\/uploads\/2014\/04\/5T\u00e9l\u00e9ph\u00e9riqueArm\u00e9nieTatev5.jpg?resize=300%2C200 300w\" sizes=\"(max-width: 584px) 100vw, 584px\" data-recalc-dims=\"1\" \/><\/a><\/h6>\n<h6 style=\"text-align: center;\">L\u2019arriv\u00e9e du t\u00e9l\u00e9ph\u00e9rique \u00e0 la station de Tatev<\/h6>\n<p>Savez-vous o\u00f9 se trouve le plus long t\u00e9l\u00e9ph\u00e9rique du monde? Ce ne sont ni la Suisse, la France ou l\u2019Autriche, ou encore les Etats-Unis ou la Chine qui le poss\u00e8dent puisqu\u2019il se trouve en Arm\u00e9nie. Baptis\u00e9 \u00abAiles de Tatev\u00bb, il permet de relier les villages de Halidzor et de Tatev, o\u00f9 se trouve un monast\u00e8re du 11<sup>e<\/sup> si\u00e8cle qui est un des \u00e9difices les plus anciens, les plus beaux et les plus \u00e9lev\u00e9s du pays.<\/p>\n<h6 style=\"text-align: center;\"><a href=\"https:\/\/i1.wp.com\/www.presstourism.ch\/WP_ALEX\/wp-content\/uploads\/2014\/04\/6T\u00e9l\u00e9ph\u00e9riqueArm\u00e9nieTatev6.jpg\"><img loading=\"lazy\" class=\"alignnone wp-image-720 size-large\" src=\"https:\/\/i1.wp.com\/www.presstourism.ch\/WP_ALEX\/wp-content\/uploads\/2014\/04\/6T\u00e9l\u00e9ph\u00e9riqueArm\u00e9nieTatev6-682x1024.jpg?resize=584%2C877\" alt=\"Arm\u008enie, avril 2014\" width=\"584\" height=\"877\" srcset=\"https:\/\/i2.wp.com\/www.presstourism.ch\/wp-content\/uploads\/2014\/04\/6T\u00e9l\u00e9ph\u00e9riqueArm\u00e9nieTatev6.jpg?resize=682%2C1024 682w, https:\/\/i2.wp.com\/www.presstourism.ch\/wp-content\/uploads\/2014\/04\/6T\u00e9l\u00e9ph\u00e9riqueArm\u00e9nieTatev6.jpg?resize=200%2C300 200w, https:\/\/i2.wp.com\/www.presstourism.ch\/wp-content\/uploads\/2014\/04\/6T\u00e9l\u00e9ph\u00e9riqueArm\u00e9nieTatev6.jpg?w=800 800w\" sizes=\"(max-width: 584px) 100vw, 584px\" data-recalc-dims=\"1\" \/><\/a><\/h6>\n<h6 style=\"text-align: center;\">Le monast\u00e8re sous la montagne encore enneig\u00e9e et dominant les gorges de la rivi\u00e8re Vorotan<\/h6>\n<p>\u00c0 une quinzaine de km de Goris, la principale ville du sud-est de l\u2019Arm\u00e9nie, le t\u00e9l\u00e9ph\u00e9rique a une longueur de 5,7 km et franchit les profondes et spectaculaires gorges de la rivi\u00e8re Vorotan. Il a fallu onze mois \u00e0 la soci\u00e9t\u00e9 helv\u00e9tico-autrichienne Garaventa-Doppelmayr, dans le canton de Schwytz, pour mener \u00e0 bien les travaux, avec entre autres l\u2019utilisation d\u2019un h\u00e9licopt\u00e8re de l\u2019arm\u00e9e suisse. Son inauguration a eu lieu le 16 octobre 2010 et les cloches du fameux monast\u00e8re, un des lieux sacr\u00e9s les plus importants d\u2019Arm\u00e9nie, sonnaient \u00e0 toute vol\u00e9e. Situ\u00e9 \u00e0 1537\u00a0m\u00e8tres d\u2019altitude, ce dernier est un des lieux les plus pris\u00e9s par les touristes dans une Arm\u00e9nie qui se situe encore hors des sentiers battus dans ce secteur, mais qui va sans doute conna\u00eetre un essor ces prochaines ann\u00e9es. Les deux cabines aller-retour du t\u00e9l\u00e9ph\u00e9rique peuvent transporter jusqu\u2019\u00e0 25 passagers chacune, \u00e0 la vitesse de 37 km\/h et pour douze minutes de parcours entre 230 et 400 m\u00e8tres de distance au sol.<\/p>\n<h6 style=\"text-align: center;\"><a href=\"https:\/\/i0.wp.com\/www.presstourism.ch\/WP_ALEX\/wp-content\/uploads\/2014\/04\/2BT\u00e9l\u00e9ph\u00e9riqueArm\u00e9nieTatev2B.jpg\"><img loading=\"lazy\" class=\"alignnone wp-image-719 size-full\" src=\"https:\/\/i0.wp.com\/www.presstourism.ch\/WP_ALEX\/wp-content\/uploads\/2014\/04\/2BT\u00e9l\u00e9ph\u00e9riqueArm\u00e9nieTatev2B.jpg?resize=584%2C390\" alt=\"Arm\u008enie, avril 2014\" width=\"584\" height=\"390\" srcset=\"https:\/\/i1.wp.com\/www.presstourism.ch\/wp-content\/uploads\/2014\/04\/2BT\u00e9l\u00e9ph\u00e9riqueArm\u00e9nieTatev2B.jpg?w=1000 1000w, https:\/\/i1.wp.com\/www.presstourism.ch\/wp-content\/uploads\/2014\/04\/2BT\u00e9l\u00e9ph\u00e9riqueArm\u00e9nieTatev2B.jpg?resize=300%2C200 300w\" sizes=\"(max-width: 584px) 100vw, 584px\" data-recalc-dims=\"1\" \/><\/a><\/h6>\n<h6 style=\"text-align: center;\">Le monast\u00e8re de Tatev est un lieu majeur pour le d\u00e9veloppement touristique arm\u00e9nien. En haut, la station sup\u00e9rieure du t\u00e9l\u00e9ph\u00e9rique<\/h6>\n<p>Au bout de cet \u00abenvol\u00bb impressionnant, on d\u00e9couvre donc ce monast\u00e8re de Tatev, qui a jou\u00e9 un r\u00f4le important dans l\u2019histoire de l\u2019Arm\u00e9nie puisqu\u2019il abritait une universit\u00e9. Class\u00e9 au Patrimoine Mondial de l\u2019Unesco en 1995, il \u00e9tait tr\u00e8s difficile d\u2019acc\u00e8s avant que ne soit achev\u00e9 la construction du t\u00e9l\u00e9ph\u00e9rique dont le co\u00fbt des travaux a atteint quelque 25 millions de francs suisses. Pays pauvre ayant des fronti\u00e8res avec la Turquie, l&rsquo;Iran, l&rsquo;Azerba\u00efdjan et la G\u00e9orgie, l&rsquo;Arm\u00e9nie cherche \u00e0 d\u00e9velopper son tourisme, notamment gr\u00e2ce \u00e0 son riche patrimoine historique.<\/p>\n<p><strong>Roger Juillerat<\/strong><\/p>\n<p style=\"text-align: center;\"><a href=\"https:\/\/i2.wp.com\/www.presstourism.ch\/WP_ALEX\/wp-content\/uploads\/2014\/04\/4T\u00e9l\u00e9ph\u00e9riqueArm\u00e9nie-Tatev4.jpg\"><img loading=\"lazy\" class=\"aligncenter wp-image-721 size-full\" src=\"https:\/\/i2.wp.com\/www.presstourism.ch\/WP_ALEX\/wp-content\/uploads\/2014\/04\/4T\u00e9l\u00e9ph\u00e9riqueArm\u00e9nie-Tatev4.jpg?resize=584%2C389\" alt=\"Arm\u008enie, avril 2014\" width=\"584\" height=\"389\" srcset=\"https:\/\/i2.wp.com\/www.presstourism.ch\/wp-content\/uploads\/2014\/04\/4T\u00e9l\u00e9ph\u00e9riqueArm\u00e9nie-Tatev4.jpg?w=900 900w, https:\/\/i2.wp.com\/www.presstourism.ch\/wp-content\/uploads\/2014\/04\/4T\u00e9l\u00e9ph\u00e9riqueArm\u00e9nie-Tatev4.jpg?resize=300%2C200 300w\" sizes=\"(max-width: 584px) 100vw, 584px\" data-recalc-dims=\"1\" \/><\/a><\/p>\n<h6 style=\"text-align: center;\">Au pied du monast\u00e8re, une paysanne de Tatev travaille la terre pour la plantation des oignons et des pommes de terre<\/h6>\n<p>\u00a9Photos: Roger Juillerat<\/p>\n<p><strong>Pour toutes infos sur l\u2019Arm\u00e9nie:<\/strong> Agence Aratours Travel Services \u00e0 Fribourg (026 322\u00a077\u00a077), <a href=\"http:\/\/www.aratours.travel\/\">www.aratours.travel<\/a>. Vols possibles depuis Gen\u00e8ve avec avec la compagnie UIA, via Kiev, <a href=\"http:\/\/www.flyuia.com\/\">www.flyuia.com<\/a><\/p>\n","protected":false},"excerpt":{"rendered":"<p>Long de presque six kilom\u00e8tres, \u00e0 double voie et sans freins de chariot, le t\u00e9l\u00e9ph\u00e9rique suisse d\u2019Arm\u00e9nie a permis de tisser des liens \u00e9conomique entre les deux pays. Les \u00abAiles de Tatev\u00bb sont une fiert\u00e9 suisse. Construit par la maison &hellip; <a href=\"http:\/\/www.presstourism.ch\/?page_id=716\">Continuer la lecture <span class=\"meta-nav\">&rarr;<\/span><\/a><\/p>\n","protected":false},"author":1,"featured_media":0,"parent":713,"menu_order":0,"comment_status":"open","ping_status":"open","template":"","meta":{"ngg_post_thumbnail":0,"spay_email":""},"jetpack_sharing_enabled":true,"jetpack_shortlink":"https:\/\/wp.me\/P468TV-by","_links":{"self":[{"href":"http:\/\/www.presstourism.ch\/index.php?rest_route=\/wp\/v2\/pages\/716"}],"collection":[{"href":"http:\/\/www.presstourism.ch\/index.php?rest_route=\/wp\/v2\/pages"}],"about":[{"href":"http:\/\/www.presstourism.ch\/index.php?rest_route=\/wp\/v2\/types\/page"}],"author":[{"embeddable":true,"href":"http:\/\/www.presstourism.ch\/index.php?rest_route=\/wp\/v2\/users\/1"}],"replies":[{"embeddable":true,"href":"http:\/\/www.presstourism.ch\/index.php?rest_route=%2Fwp%2Fv2%2Fcomments&post=716"}],"version-history":[{"count":3,"href":"http:\/\/www.presstourism.ch\/index.php?rest_route=\/wp\/v2\/pages\/716\/revisions"}],"predecessor-version":[{"id":5501,"href":"http:\/\/www.presstourism.ch\/index.php?rest_route=\/wp\/v2\/pages\/716\/revisions\/5501"}],"up":[{"embeddable":true,"href":"http:\/\/www.presstourism.ch\/index.php?rest_route=\/wp\/v2\/pages\/713"}],"wp:attachment":[{"href":"http:\/\/www.presstourism.ch\/index.php?rest_route=%2Fwp%2Fv2%2Fmedia&parent=716"}],"curies":[{"name":"wp","href":"https:\/\/api.w.org\/{rel}","templated":true}]}}