{"id":713,"date":"2014-04-23T13:10:23","date_gmt":"2014-04-23T12:10:23","guid":{"rendered":"http:\/\/www.presstourism.ch\/WP_ALEX\/?page_id=713"},"modified":"2019-06-02T16:01:27","modified_gmt":"2019-06-02T15:01:27","slug":"armenie","status":"publish","type":"page","link":"http:\/\/www.presstourism.ch\/?page_id=713","title":{"rendered":"Arm\u00e9nie"},"content":{"rendered":"\n<figure class=\"wp-block-image\"><img loading=\"lazy\" width=\"1113\" height=\"740\" src=\"https:\/\/i0.wp.com\/www.presstourism.ch\/WP_ALEX\/wp-content\/uploads\/2019\/05\/Arm\u00e9nie-carte.png?fit=640%2C426\" alt=\"\" class=\"wp-image-5502\" srcset=\"https:\/\/i2.wp.com\/www.presstourism.ch\/wp-content\/uploads\/2019\/05\/Arm\u00e9nie-carte.png?w=1113 1113w, https:\/\/i2.wp.com\/www.presstourism.ch\/wp-content\/uploads\/2019\/05\/Arm\u00e9nie-carte.png?resize=300%2C199 300w, https:\/\/i2.wp.com\/www.presstourism.ch\/wp-content\/uploads\/2019\/05\/Arm\u00e9nie-carte.png?resize=768%2C511 768w, https:\/\/i2.wp.com\/www.presstourism.ch\/wp-content\/uploads\/2019\/05\/Arm\u00e9nie-carte.png?resize=1024%2C681 1024w, https:\/\/i2.wp.com\/www.presstourism.ch\/wp-content\/uploads\/2019\/05\/Arm\u00e9nie-carte.png?resize=600%2C399 600w\" sizes=\"(max-width: 584px) 100vw, 584px\" \/><\/figure>\n\n\n\n<p> L&rsquo;Arm\u00e9nie est situ\u00e9e dans la r\u00e9gion montagneuse du Caucase, entre l&rsquo;Asie et l&rsquo;Europe. Comptant parmi les premi\u00e8res civilisations chr\u00e9tiennes, l&rsquo;Arm\u00e9nie se distingue par ses sites religieux, tels que le temple gr\u00e9co-romain de Garni ou la cath\u00e9drale d&rsquo;Etchmiadzin, si\u00e8ge de l&rsquo;\u00c9glise arm\u00e9nienne. Le monast\u00e8re de Khor Virap est un lieu de p\u00e8lerinage situ\u00e9 pr\u00e8s du mont Ararat, un volcan endormi situ\u00e9 juste au-del\u00e0 de la fronti\u00e8re avec la Turquie.<\/p>\n\n\n\n<p style=\"text-align:right\"><em>Source: Wikipedia<\/em><\/p>\n\n\n\n<p style=\"text-align:center\">_____________________________________________________________<\/p>\n\n\n\n<p style=\"text-align:center\" class=\"has-large-font-size\">Voyage en Arm\u00e9nie, mai 2019<\/p>\n\n\n\n<p>En mai 2019, seize membres de notre association se sont rendus pour quelques jours en Arm\u00e9nie. A l&rsquo;invitation des autorit\u00e9s arm\u00e9niennes, nous y avons d&rsquo;abord tenu notre assembl\u00e9e g\u00e9n\u00e9rale annuelle avant de partir, en trois groupes distincts, \u00e0 la d\u00e9couverte de ce pays si beau, si profond, si attachant.<\/p>\n\n\n\n<p>Ce voyage fera naturellement l&rsquo;objet de nombreuses publications, dans la presse suisse et \u00e9trang\u00e8re, sur divers blogs et sur notre propre site, www.presstourism.ch . Nous vous rendrons compte de ces futurs articles au fur et \u00e0 mesure de leur parution. Si vous souhaitez en \u00eatre pr\u00e9venus en temps et heure, n&rsquo;oubliez pas de vous abonner (gratuitement) sur notre page d&rsquo;accueil, dans la case situ\u00e9e en haut \u00e0 droite.<\/p>\n\n\n\n<p><\/p>\n\n\n\n<p><\/p>\n","protected":false},"excerpt":{"rendered":"<p>L&rsquo;Arm\u00e9nie est situ\u00e9e dans la r\u00e9gion montagneuse du Caucase, entre l&rsquo;Asie et l&rsquo;Europe. Comptant parmi les premi\u00e8res civilisations chr\u00e9tiennes, l&rsquo;Arm\u00e9nie se distingue par ses sites religieux, tels que le temple gr\u00e9co-romain de Garni ou la cath\u00e9drale d&rsquo;Etchmiadzin, si\u00e8ge de l&rsquo;\u00c9glise &hellip; <a href=\"http:\/\/www.presstourism.ch\/?page_id=713\">Continuer la lecture <span class=\"meta-nav\">&rarr;<\/span><\/a><\/p>\n","protected":false},"author":1,"featured_media":0,"parent":2222,"menu_order":0,"comment_status":"open","ping_status":"open","template":"","meta":{"ngg_post_thumbnail":0,"spay_email":""},"jetpack_sharing_enabled":true,"jetpack_shortlink":"https:\/\/wp.me\/P468TV-bv","_links":{"self":[{"href":"http:\/\/www.presstourism.ch\/index.php?rest_route=\/wp\/v2\/pages\/713"}],"collection":[{"href":"http:\/\/www.presstourism.ch\/index.php?rest_route=\/wp\/v2\/pages"}],"about":[{"href":"http:\/\/www.presstourism.ch\/index.php?rest_route=\/wp\/v2\/types\/page"}],"author":[{"embeddable":true,"href":"http:\/\/www.presstourism.ch\/index.php?rest_route=\/wp\/v2\/users\/1"}],"replies":[{"embeddable":true,"href":"http:\/\/www.presstourism.ch\/index.php?rest_route=%2Fwp%2Fv2%2Fcomments&post=713"}],"version-history":[{"count":6,"href":"http:\/\/www.presstourism.ch\/index.php?rest_route=\/wp\/v2\/pages\/713\/revisions"}],"predecessor-version":[{"id":5510,"href":"http:\/\/www.presstourism.ch\/index.php?rest_route=\/wp\/v2\/pages\/713\/revisions\/5510"}],"up":[{"embeddable":true,"href":"http:\/\/www.presstourism.ch\/index.php?rest_route=\/wp\/v2\/pages\/2222"}],"wp:attachment":[{"href":"http:\/\/www.presstourism.ch\/index.php?rest_route=%2Fwp%2Fv2%2Fmedia&parent=713"}],"curies":[{"name":"wp","href":"https:\/\/api.w.org\/{rel}","templated":true}]}}