{"id":7076,"date":"2021-05-13T10:12:00","date_gmt":"2021-05-13T09:12:00","guid":{"rendered":"http:\/\/www.presstourism.ch\/WP_ALEX\/?page_id=7076"},"modified":"2021-05-13T10:26:49","modified_gmt":"2021-05-13T09:26:49","slug":"lardeche-avec-point-voyages","status":"publish","type":"page","link":"http:\/\/www.presstourism.ch\/?page_id=7076","title":{"rendered":"L&rsquo;Ard\u00e8che avec Point-Voyages"},"content":{"rendered":"\n<div class=\"wp-block-image\"><figure class=\"aligncenter size-large\"><img loading=\"lazy\" width=\"550\" height=\"314\" src=\"https:\/\/i1.wp.com\/www.presstourism.ch\/WP_ALEX\/wp-content\/uploads\/2021\/05\/997dc6126cdda708dc5b5d4da0ce93bce482b070f40f416349badb6b4c6e28b9.jpg?resize=550%2C314\" alt=\"\" class=\"wp-image-7079\" srcset=\"https:\/\/i1.wp.com\/www.presstourism.ch\/wp-content\/uploads\/2021\/05\/997dc6126cdda708dc5b5d4da0ce93bce482b070f40f416349badb6b4c6e28b9.jpg?w=550 550w, https:\/\/i1.wp.com\/www.presstourism.ch\/wp-content\/uploads\/2021\/05\/997dc6126cdda708dc5b5d4da0ce93bce482b070f40f416349badb6b4c6e28b9.jpg?resize=300%2C171 300w\" sizes=\"(max-width: 550px) 100vw, 550px\" data-recalc-dims=\"1\" \/><\/figure><\/div>\n\n\n\n<p>Si nous \u00e9voquons ce titre \u00ab&nbsp;<a href=\"http:\/\/r.email.point-voyages.com\/mk\/cl\/f\/ChknVYvw5xDVgVjDppoR947FfSJE6B5YVH8DgN3658rgdLO9iYoylQTxkiGYmCCCG8_kSh92a7CUtomLmHjyzBwY6M9w8VJts7mPHdrt-Dd3n6pCGn7WBGetTIzHA1bguLCsZba5qZGHgYtiCcChECGgnoQpGq5QoBBiy_nVOai61p271wZea-fave9fXgIsVgvBxEZ3aKXwAS_nJaNgF1AbyiPdmtPXOJPmIOwt6ZQw7p69M58SImzdTYciTlBlYDfpQKQSKf-s7JNgf7UcsYc3uUOvVS4p0eMVofgpp9_5WoVw8klDGdNtuG0tgUanu1Nq\" target=\"_blank\" rel=\"noreferrer noopener\"><strong>Si loin, si proche<\/strong><\/a>&nbsp;\u00bb ; ce n\u2019est pas seulement pour faire allusion \u00e0 la tr\u00e8s belle \u00e9mission radiophonique produite par C\u00e9line Develay-Mazurelle sur RFI, mais davantage pour d\u00e9crire un monde qui nous parait familier et qui nous est pourtant, partiellement inconnu ! Ou parfois\u2026 Pourquoi partir si loin quand l\u2019int\u00e9r\u00eat est si proche ?!<\/p>\n\n\n\n<div class=\"wp-block-image\"><figure class=\"aligncenter size-large\"><img loading=\"lazy\" width=\"550\" height=\"247\" src=\"https:\/\/i1.wp.com\/www.presstourism.ch\/WP_ALEX\/wp-content\/uploads\/2021\/05\/863fc52db253a4c6dc72ec6b0f593edee8de21c71718ffb907e3f8a9bc4b233a.jpg?resize=550%2C247\" alt=\"\" class=\"wp-image-7080\" srcset=\"https:\/\/i2.wp.com\/www.presstourism.ch\/wp-content\/uploads\/2021\/05\/863fc52db253a4c6dc72ec6b0f593edee8de21c71718ffb907e3f8a9bc4b233a.jpg?w=550 550w, https:\/\/i2.wp.com\/www.presstourism.ch\/wp-content\/uploads\/2021\/05\/863fc52db253a4c6dc72ec6b0f593edee8de21c71718ffb907e3f8a9bc4b233a.jpg?resize=300%2C135 300w\" sizes=\"(max-width: 550px) 100vw, 550px\" data-recalc-dims=\"1\" \/><\/figure><\/div>\n\n\n\n<p>Cette pand\u00e9mie nous aura donn\u00e9 l\u2019occasion de nous pencher sur un territoire g\u00e9ographique que nous ne proposions pas jusqu\u2019alors :\u00a0<a rel=\"noreferrer noopener\" href=\"http:\/\/r.email.point-voyages.com\/mk\/cl\/f\/l7Wjm0GHijjs6MjAOW7BvWiffpiQVOZ_fZxP2bhI8L7f3ERfsvxJ_o5lhCZo_V0sBCnGSXkb0ekxbzOnoBPGEalWcfpMAHrEGBABnURtRDH5oZKo0vxNBDTCcHKGPWuznv2ettcPxGDZtccrZgzVLrpwQwMCuR90jP9BYzVarYC569N-Ztmk_gjKwq6LTDUOVYgXxrctkodv3EN2gtRpyv0Gbk-QbNPeOOjbMgcOeYOi_SUjlthrzebuuSUYjZlp0tFdd0JufPFHggXhDXCK8Powvs5gwMr1Q_QULMjt883fQqS5RFg2r7nGN112b1sxNb1znb78PnZeKRh_GPT4K63wHsC9I1lYgkbj1ymwYXa8hpX4\" target=\"_blank\"><strong>la France<\/strong><\/a>.<\/p>\n\n\n\n<div class=\"wp-block-image\"><figure class=\"aligncenter size-large\"><img loading=\"lazy\" width=\"550\" height=\"247\" src=\"https:\/\/i1.wp.com\/www.presstourism.ch\/WP_ALEX\/wp-content\/uploads\/2021\/05\/9295c6a679b773c6b6cfade2dc6cfebfc62b33ac86b793009bcf17648f9b52b1.jpg?resize=550%2C247\" alt=\"\" class=\"wp-image-7081\" srcset=\"https:\/\/i0.wp.com\/www.presstourism.ch\/wp-content\/uploads\/2021\/05\/9295c6a679b773c6b6cfade2dc6cfebfc62b33ac86b793009bcf17648f9b52b1.jpg?w=550 550w, https:\/\/i0.wp.com\/www.presstourism.ch\/wp-content\/uploads\/2021\/05\/9295c6a679b773c6b6cfade2dc6cfebfc62b33ac86b793009bcf17648f9b52b1.jpg?resize=300%2C135 300w\" sizes=\"(max-width: 550px) 100vw, 550px\" data-recalc-dims=\"1\" \/><\/figure><\/div>\n\n\n\n<p><br>Et pour commencer cette \u00e9pop\u00e9e, quoi de mieux que l\u2019Ard\u00e8che ; cette terre qui nous accueille depuis le d\u00e9but des ann\u00e9es 2000 et qui nous offre un cadre de vie merveilleux ?<br>En effet, si nous avons quitt\u00e9 la capitale et sa fr\u00e9n\u00e9sie urbaine, pour installer nos bureaux en Ard\u00e8che ; c\u2019est notamment pour l\u2019environnement naturel incroyable que nous avons d\u00e9couvert dans ce d\u00e9partement rural magnifique mais globalement m\u00e9connu.<\/p>\n\n\n\n<div class=\"wp-block-image\"><figure class=\"aligncenter size-large\"><img loading=\"lazy\" width=\"550\" height=\"247\" src=\"https:\/\/i0.wp.com\/www.presstourism.ch\/WP_ALEX\/wp-content\/uploads\/2021\/05\/6d3154d4a4cab6eeb520b49b4f8fd8967f9158a2a031b887c623fa51c2221168.jpg?resize=550%2C247\" alt=\"\" class=\"wp-image-7082\" srcset=\"https:\/\/i2.wp.com\/www.presstourism.ch\/wp-content\/uploads\/2021\/05\/6d3154d4a4cab6eeb520b49b4f8fd8967f9158a2a031b887c623fa51c2221168.jpg?w=550 550w, https:\/\/i2.wp.com\/www.presstourism.ch\/wp-content\/uploads\/2021\/05\/6d3154d4a4cab6eeb520b49b4f8fd8967f9158a2a031b887c623fa51c2221168.jpg?resize=300%2C135 300w\" sizes=\"(max-width: 550px) 100vw, 550px\" data-recalc-dims=\"1\" \/><\/figure><\/div>\n\n\n\n<p>Aussi, il nous paraissait logique de vous proposer des s\u00e9jours ard\u00e9chois, \u00e0 la d\u00e9couverte des patrimoines naturel, culturel et humain, \u00e0 travers une programmation estivale, susceptible de vous faire tomber sous le charme d\u2019une terre qui a conquis notre c\u0153ur il y a 20 ans d\u00e9sormais.<\/p>\n\n\n\n<div class=\"wp-block-image\"><figure class=\"aligncenter size-large\"><img loading=\"lazy\" width=\"550\" height=\"247\" src=\"https:\/\/i2.wp.com\/www.presstourism.ch\/WP_ALEX\/wp-content\/uploads\/2021\/05\/3017a05f0164c9d7acfed3885ab09ed03d7077c1a76ec1f22bb64b896c6bbf77.jpg?resize=550%2C247\" alt=\"\" class=\"wp-image-7083\" srcset=\"https:\/\/i2.wp.com\/www.presstourism.ch\/wp-content\/uploads\/2021\/05\/3017a05f0164c9d7acfed3885ab09ed03d7077c1a76ec1f22bb64b896c6bbf77.jpg?w=550 550w, https:\/\/i2.wp.com\/www.presstourism.ch\/wp-content\/uploads\/2021\/05\/3017a05f0164c9d7acfed3885ab09ed03d7077c1a76ec1f22bb64b896c6bbf77.jpg?resize=300%2C135 300w\" sizes=\"(max-width: 550px) 100vw, 550px\" data-recalc-dims=\"1\" \/><\/figure><\/div>\n\n\n\n<p>Sur\u00a0<a rel=\"noreferrer noopener\" href=\"http:\/\/r.email.point-voyages.com\/mk\/cl\/f\/32uxOIzfK8eJfa4MkEMXHrCe_15_h3Vo1a1ghMjbL_kHxVFFaxf5-Adb0m3POuvulr9KrHDLsDzH2e1wfvieUJXw09yyp_yGQ8Wn9kKeIvIBusLjfZ59VBFStC8IaNrImEg3EnIAYU6WMGu_Y8yuxe2kjx_UmnZIQukGq-okbcXNefLbcPISa6nxD_Ew6cWMZ_vLuyZZNZ28by7bdohR805wVZipI_gAVCKvHlOhSs_OFW9Yr4pOEzpsBSxNQtwNXb4fLVssWnHyghV9k9EI85dKr1NoWiRF7QZyL0eRW1QKaK4OebJaAwJpVrxwbGwuV0UdCSyqq5I7iOKZ_CNHv8itAz88dE-pC3s1iQQr7pQHGy5icJEYS01Cn2OwJJs4jrHdXkBsR6FrV16POT0\" target=\"_blank\"><strong>les hauts plateaux ard\u00e9chois<\/strong><\/a>\u00a0(avec\u00a0<a rel=\"noreferrer noopener\" href=\"http:\/\/r.email.point-voyages.com\/mk\/cl\/f\/lpytXMWLjaMsBPhUS-oNL-viFVpoWQfKpwFoB6R9ZOrj_VTOAmGnsjHJ3o-YloRK--0rVFpkAnHcg4PN_9ZiHHNHCWKEsMzWW54kKa4QLjwMBvIIPos_MKvOY4sSqhQyyGCMKz3dj4FVywFJ9VF08JjEoWpCnp_hzFeifh2_nkt7RgYFqtLaVHUQ56u3w_tVCyYlJZXRgOdfdjyHTsb83gBOmuwGt8geC97XWMZXi0AaTdphndPfWpNs87slTifPZJp_PK7dt1ajzvKXsk8I3-VW9jKJjFxMuFXOvjP8JE7-5a3WnSd32buygj7AZXhflICQ_ttMNJcSYerOiGXML7fwfzNy9Ac_ZXezZa1AbMYadymyhB7D4U62CCv3e8Wu1T3wfVu0zallhhGjXd0RjlM\" target=\"_blank\"><strong>un \u00e2ne<\/strong>,\u00a0<strong>en \u00ab jo\u00eblette \u00bb<\/strong><\/a>\u00a0ou sous forme de <a rel=\"noreferrer noopener\" href=\"http:\/\/r.email.point-voyages.com\/mk\/cl\/f\/S2q83XNVxaxocIJHJYoeHs4T9RhcEgw9TZmvLBoe_6ZJzwKTXOi4W2YZv_AV_W-T_elqOyPWbh6s9SLBMuKWteVWLtxXS34sbjqMhPf0wuX4wnirezuFw1ST6B29ciDN3c6zNNM2PNMt2-WBuYRnwR3Ojj51IrCMFG0yoctNdtExDNkKwXlQkRCgxYAZWZRN3AVTHAgmNjuIU2ahI0cPA6afD_xJ0lPA_UGi7LBfwmGlTfsK_JPtednDo0TfMYN3ONrEdP2shRK8PSBZAlN2e0V3oEmVr9VS73ZeVFZd_oZ_LBfmiRJsOUW_pgy4G7siCL9FhvmSF1-kqC7bzZ3MGOhYABquWlNcYI-xceOCZKrXxpb_q3ylgLIY_90quTjtpfNel1Go25WVpZs\" target=\"_blank\"><strong>\u00ab randos-rencontres \u00bb<\/strong><\/a>) ; sur\u00a0<a rel=\"noreferrer noopener\" href=\"http:\/\/r.email.point-voyages.com\/mk\/cl\/f\/MVXwi7iSED3npo2vmuFnIS8iKuUNUlss4tpOqv2OAA1GxxgTgAaG30QrHM06-o8IstYRkx1HdHYAHsi_A_z2grRHRDU_-_PRXbXZ-Ni7rhVaDHHDqkx1Tacge9XeeOIwlKGBXXhRmWlSAYaidRnoa3OUMWtQsmiGAY6weIAFZiAacrWPLmxId1ZNrXsjonmtxYwU22M9OZTuXGScuS1JjEszUkHfpfiC7CaYipF9cd75bi818GmlgFYMawGzOsOMqrlv2502oXcraiEzn2P1-rkJzLgy-UONol4sv4lI_ahXItSoDCYryrn5_kD8ZwCCISvt3ydiSzc7NC12RzpuKeojROU-14i4ntWNKZ0iZjHTZZEPFSXB1Q4ev8xzwBwIkCzfNo_geJVf_3zyf33jbKjKSjsxNayI\" target=\"_blank\"><strong>la ligne de partage des Eaux<\/strong><\/a>\u00a0; dans sa partie\u00a0<a rel=\"noreferrer noopener\" href=\"http:\/\/r.email.point-voyages.com\/mk\/cl\/f\/1m-UpSGG0A0MUm5vpi5xOKZCVtnUuzbj6pVrheaRHEuPgxDZPgcWjsg4_W38f4NBguA8_29Hp8g_QBuuwe7NB3Jgr44WouwrU-V08put8mG54WfN5mryE8F4aMRoKddq8phEtCUzDiBgrTfuOb6KF4ELLgZt1N8izKr2X6iQlwPR7_el3CXChJ2o0ompTAGpnI3nmnOqiN4crHOF2Vo4k6Lx9ot00zgpfa5u1qe3AyMPNKCtiwfLLlEgr6M8C-5aT0NAmClmwfltWrHcyu525ePjB4nQL4Z4Fdis1IO3BmZ-1jDY6vnSH7OFkuYs9Bsdg0iBTjKGRPTMrfDeIqaTxxzP7UeiuArcsNfn8GIFiiOTcOmGEL-hppjQXIz1JD3Mh97iV5Chuf3QzS7kNVkN3MhEPJm2FqDsgAikrLcwgNGPMw\" target=\"_blank\"><strong>m\u00e9ridionale<\/strong><\/a>\u00a0ou\u00a0<a rel=\"noreferrer noopener\" href=\"http:\/\/r.email.point-voyages.com\/mk\/cl\/f\/TG5q-6wliZWCaIF1jD2TORZ_vg14F4a3D_iI8y7IVUTMW2xOABro39eSri2sbzKiUMfFnOJFgJJxZK4m08LE7uxcSosUWq7GUu286OYpBDfvM0dw5M_ckfC04-VP2m5O4kohF60AjICpqckaA14O5b5HiHDkXKPveKwEK55VH400yonmvPJ5w60DeKOf21NV4sq-fQIxBLbT31Owwy21BVwpczDf2EO0efggWE6WaHi5gkVTXo9YGTbtHc87YYvQetfXZhxvvpNTpIUxjhzkqcEwU2q6rBSK2-squigLLPEL-ooz8iNrGt4Q4OICMUaOTx4Aozk1149PybUFHhuSK12ACbzHKczEHszxYsTUXQVoJf-vi-mOZfLNVTY3kBGid-OnejMfPXU0Dg8hDKriSgr36kAJOA\" target=\"_blank\"><strong>c\u00e9venole<\/strong><\/a>, nous abordons un terroir riche en diversit\u00e9s.<\/p>\n\n\n\n<div class=\"wp-block-image\"><figure class=\"aligncenter size-large\"><img loading=\"lazy\" width=\"550\" height=\"247\" src=\"https:\/\/i0.wp.com\/www.presstourism.ch\/WP_ALEX\/wp-content\/uploads\/2021\/05\/cf8eef8eb07234476ca1bb4e9000e195c81f7af10782bd959304f57c528979f3.jpg?resize=550%2C247\" alt=\"\" class=\"wp-image-7084\" srcset=\"https:\/\/i2.wp.com\/www.presstourism.ch\/wp-content\/uploads\/2021\/05\/cf8eef8eb07234476ca1bb4e9000e195c81f7af10782bd959304f57c528979f3.jpg?w=550 550w, https:\/\/i2.wp.com\/www.presstourism.ch\/wp-content\/uploads\/2021\/05\/cf8eef8eb07234476ca1bb4e9000e195c81f7af10782bd959304f57c528979f3.jpg?resize=300%2C135 300w\" sizes=\"(max-width: 550px) 100vw, 550px\" data-recalc-dims=\"1\" \/><\/figure><\/div>\n\n\n\n<p>Alors si vous aussi, souhaitez (re)-d\u00e9couvrir l\u2019Ard\u00e8che\u2026 rien de plus simple ; Pour r\u00e9server ou avoir plus de renseignements (fiche d\u00e9taill\u00e9e des circuits, informations pratiques), nous contacter en cliquant sur : <a rel=\"noreferrer noopener\" href=\"http:\/\/r.email.point-voyages.com\/mk\/cl\/f\/qo3bcRT3lcvbIGtSydE3gQ01quWazQ8sLzAv_SHyx1sRra3vJv7xZbglsqeBVUPOGPB_LufNpmVg36MA1KoYIFw9G1hmdRN48xK_7r7rvrXeAh32Hp9n4MEH3xkyqnT3GO_OIR3aZZW0ilxk8dD1yEx2Q2F9T5Falv1aEiQ-8YTKsOS8ho_MAWBSFtIP_xp1Kua5ZaerDBlD_p8Nt6hglFT9Y5ULxUsnZOS2NX9ptmjBenHiT8J4eYBpFt6WrsnzEF6QEvwVR5bAxGN07B8wOcvSb_lgmhrl8O4EFg\" target=\"_blank\"><strong>www.point-voyages.com<\/strong><\/a><\/p>\n\n\n\n<div class=\"wp-block-image\"><figure class=\"aligncenter size-large\"><img loading=\"lazy\" width=\"550\" height=\"247\" src=\"https:\/\/i0.wp.com\/www.presstourism.ch\/WP_ALEX\/wp-content\/uploads\/2021\/05\/539cc2cb820ba337ab7b83759537873587901a0823e5e37b2d5bd35838a65c45.jpg?resize=550%2C247\" alt=\"\" class=\"wp-image-7085\" srcset=\"https:\/\/i1.wp.com\/www.presstourism.ch\/wp-content\/uploads\/2021\/05\/539cc2cb820ba337ab7b83759537873587901a0823e5e37b2d5bd35838a65c45.jpg?w=550 550w, https:\/\/i1.wp.com\/www.presstourism.ch\/wp-content\/uploads\/2021\/05\/539cc2cb820ba337ab7b83759537873587901a0823e5e37b2d5bd35838a65c45.jpg?resize=300%2C135 300w\" sizes=\"(max-width: 550px) 100vw, 550px\" data-recalc-dims=\"1\" \/><\/figure><\/div>\n\n\n\n<div class=\"wp-block-image\"><figure class=\"aligncenter size-large\"><img loading=\"lazy\" width=\"550\" height=\"247\" src=\"https:\/\/i2.wp.com\/www.presstourism.ch\/WP_ALEX\/wp-content\/uploads\/2021\/05\/06143cc9ac30332745c32cf7a54a9bd53d009ec8304e29ce84d5c3cb60433cee.jpg?resize=550%2C247\" alt=\"\" class=\"wp-image-7086\" srcset=\"https:\/\/i0.wp.com\/www.presstourism.ch\/wp-content\/uploads\/2021\/05\/06143cc9ac30332745c32cf7a54a9bd53d009ec8304e29ce84d5c3cb60433cee.jpg?w=550 550w, https:\/\/i0.wp.com\/www.presstourism.ch\/wp-content\/uploads\/2021\/05\/06143cc9ac30332745c32cf7a54a9bd53d009ec8304e29ce84d5c3cb60433cee.jpg?resize=300%2C135 300w\" sizes=\"(max-width: 550px) 100vw, 550px\" data-recalc-dims=\"1\" \/><\/figure><\/div>\n\n\n\n<div class=\"wp-block-image\"><figure class=\"aligncenter size-large\"><img loading=\"lazy\" width=\"550\" height=\"247\" src=\"https:\/\/i2.wp.com\/www.presstourism.ch\/WP_ALEX\/wp-content\/uploads\/2021\/05\/62d8ea85d0abe11dac6a99f81b5793f70d65a951c15f9b91fbbe095261e20fd5.jpg?resize=550%2C247\" alt=\"\" class=\"wp-image-7087\" srcset=\"https:\/\/i1.wp.com\/www.presstourism.ch\/wp-content\/uploads\/2021\/05\/62d8ea85d0abe11dac6a99f81b5793f70d65a951c15f9b91fbbe095261e20fd5.jpg?w=550 550w, https:\/\/i1.wp.com\/www.presstourism.ch\/wp-content\/uploads\/2021\/05\/62d8ea85d0abe11dac6a99f81b5793f70d65a951c15f9b91fbbe095261e20fd5.jpg?resize=300%2C135 300w\" sizes=\"(max-width: 550px) 100vw, 550px\" data-recalc-dims=\"1\" \/><\/figure><\/div>\n\n\n\n<p class=\"has-text-align-right\">Extrait d&rsquo;un communiqu\u00e9 de presse de Point-Voyages, mai 2021<\/p>\n","protected":false},"excerpt":{"rendered":"<p>Si nous \u00e9voquons ce titre \u00ab&nbsp;Si loin, si proche&nbsp;\u00bb ; ce n\u2019est pas seulement pour faire allusion \u00e0 la tr\u00e8s belle \u00e9mission radiophonique produite par C\u00e9line Develay-Mazurelle sur RFI, mais davantage pour d\u00e9crire un monde qui nous parait familier et &hellip; <a href=\"http:\/\/www.presstourism.ch\/?page_id=7076\">Continuer la lecture <span class=\"meta-nav\">&rarr;<\/span><\/a><\/p>\n","protected":false},"author":1,"featured_media":0,"parent":7071,"menu_order":0,"comment_status":"open","ping_status":"closed","template":"","meta":{"ngg_post_thumbnail":0,"spay_email":""},"jetpack_sharing_enabled":true,"jetpack_shortlink":"https:\/\/wp.me\/P468TV-1Q8","_links":{"self":[{"href":"http:\/\/www.presstourism.ch\/index.php?rest_route=\/wp\/v2\/pages\/7076"}],"collection":[{"href":"http:\/\/www.presstourism.ch\/index.php?rest_route=\/wp\/v2\/pages"}],"about":[{"href":"http:\/\/www.presstourism.ch\/index.php?rest_route=\/wp\/v2\/types\/page"}],"author":[{"embeddable":true,"href":"http:\/\/www.presstourism.ch\/index.php?rest_route=\/wp\/v2\/users\/1"}],"replies":[{"embeddable":true,"href":"http:\/\/www.presstourism.ch\/index.php?rest_route=%2Fwp%2Fv2%2Fcomments&post=7076"}],"version-history":[{"count":2,"href":"http:\/\/www.presstourism.ch\/index.php?rest_route=\/wp\/v2\/pages\/7076\/revisions"}],"predecessor-version":[{"id":7088,"href":"http:\/\/www.presstourism.ch\/index.php?rest_route=\/wp\/v2\/pages\/7076\/revisions\/7088"}],"up":[{"embeddable":true,"href":"http:\/\/www.presstourism.ch\/index.php?rest_route=\/wp\/v2\/pages\/7071"}],"wp:attachment":[{"href":"http:\/\/www.presstourism.ch\/index.php?rest_route=%2Fwp%2Fv2%2Fmedia&parent=7076"}],"curies":[{"name":"wp","href":"https:\/\/api.w.org\/{rel}","templated":true}]}}