{"id":7066,"date":"2021-05-07T11:19:21","date_gmt":"2021-05-07T10:19:21","guid":{"rendered":"http:\/\/www.presstourism.ch\/WP_ALEX\/?page_id=7066"},"modified":"2021-05-27T14:33:58","modified_gmt":"2021-05-27T13:33:58","slug":"7066-2","status":"publish","type":"page","link":"http:\/\/www.presstourism.ch\/?page_id=7066","title":{"rendered":"Tout de jaune v\u00eatu"},"content":{"rendered":"\n<p>Par Roger Juillerat, mai 2021 <a href=\"http:\/\/www.rogerjuillerat.ch\">http:\/\/www.rogerjuillerat.ch<\/a><a href=\"https:\/\/rogerjuillerat.ch\/tout-de-jaune-vetu\/#respond\"><\/a><\/p>\n\n\n\n<p><strong>Quand les champs de colza illuminent la campagne<\/strong>&nbsp;<strong>du Nord vaudois et d\u2019ailleurs\u2026<\/strong><\/p>\n\n\n\n<figure class=\"wp-block-image\"><img src=\"https:\/\/i0.wp.com\/rogerjuillerat.ch\/wp-content\/uploads\/2021\/05\/IMG_1873-1024x768.jpg?resize=584%2C438&#038;ssl=1\" alt=\"\" class=\"wp-image-29415\" data-recalc-dims=\"1\"\/><figcaption>Du c\u00f4t\u00e9 de Pomy-Chevressy, entre Yverdon et Thierrens<\/figcaption><\/figure>\n\n\n\n<p>Il forment partout des tableaux lumineux et repr\u00e9sentent en quelque sorte des \u0153uvres d\u2019art avec leur voisinage, mettant en exergue les villages, les for\u00eats bois\u00e9es et les monuments historiques qu\u2019ils c\u00f4toient. Particuli\u00e8rement nombreux cette ann\u00e9e, les champs de colza r\u00e9chauffent et illuminent le Nord vaudois. Impossible de ne pas en longer ou en contourner lors d\u2019une randonn\u00e9e et se rappeler que ces derniers ne font pas seulement notre bonheur, mais aussi celui de nombreux insectes. Les abeilles les appr\u00e9cient particuli\u00e8rement, car ils constituent une source alimentaire int\u00e9ressante pour elles.<\/p>\n\n\n\n<figure class=\"wp-block-image\"><img src=\"https:\/\/i1.wp.com\/rogerjuillerat.ch\/wp-content\/uploads\/2021\/05\/IMG_1905-1-1024x768.jpg?resize=584%2C438&#038;ssl=1\" alt=\"\" class=\"wp-image-29436\" data-recalc-dims=\"1\"\/><figcaption>Le ch\u00e2teau de Champvent<\/figcaption><\/figure>\n\n\n\n<p>Le colza fait partie de la famille des Brassicac\u00e9es (anciennement appel\u00e9e Crucif\u00e8res). Les choux et les navets font partie de la m\u00eame esp\u00e8ce. Sem\u00e9 la derni\u00e8re semaine d\u2019ao\u00fbt, et r\u00e9colt\u00e9 en juillet de l\u2019ann\u00e9e suivante, il est une des plantes qui occupe le plus longtemps les parcelles agricoles et favorise la biodiversit\u00e9 en Suisse. Comme il est devenu la principale source d\u2019huile comestible du pays au cours de ces derni\u00e8res ann\u00e9es. La surface cultiv\u00e9e en Suisse s\u2019\u00e9l\u00e8ve \u00e0 quelque 25&nbsp;000 hectares, ce qui \u00e9quivaut \u00e0 pr\u00e8s de 30 000 terrains de football.<\/p>\n\n\n\n<p><em><strong>Roger Juillerat<\/strong><\/em>&nbsp;(article et photos parus dans la R\u00e9gion Nord vaudois du mardi 4 mai 2021)<\/p>\n\n\n\n<p><strong>Ci-dessous, photos&nbsp;<\/strong>pr\u00e8s de Chavannes-le-Ch\u00eane avec les alpes, Ni\u00e9dens, le village de Cronay domin\u00e9 par son \u00e9glise et le temple de Ch\u00eane-P\u00e2quier. Il date de 1667 et, de forme ovale, il est surmont\u00e9 d\u2019un toit conique et d\u2019une tour carr\u00e9e. C\u2019est l\u2019un des seuls survivants de la toute premi\u00e8re architecture sp\u00e9cifiquement protestante et il se trouve tout pr\u00e8s de la Tour Saint-Martin. Haute de 22m et b\u00e2tie vers 1240, cette derni\u00e8re surplombe le Vallon des Vaux et offre \u00e0 l\u2019observateur une magnifique vue. Avec quelques vestiges de l\u2019enceinte, elle est la seule rescap\u00e9e d\u2019un important bourg m\u00e9di\u00e9val, si\u00e8ge d\u2019une importante seigneurie au 13\u00e8me si\u00e8cle.<\/p>\n\n\n\n<figure class=\"wp-block-image\"><img src=\"https:\/\/i1.wp.com\/rogerjuillerat.ch\/wp-content\/uploads\/2021\/05\/P1002905-1.jpg?ssl=1\" alt=\"\"\/><\/figure>\n\n\n\n<figure class=\"wp-block-image\"><img src=\"https:\/\/i1.wp.com\/rogerjuillerat.ch\/wp-content\/uploads\/2021\/05\/P1002884-1.jpg?ssl=1\" alt=\"\"\/><\/figure>\n\n\n\n<figure class=\"wp-block-image\"><img src=\"https:\/\/i1.wp.com\/rogerjuillerat.ch\/wp-content\/uploads\/2021\/05\/IMG_1888-1.jpg?ssl=1\" alt=\"\"\/><\/figure>\n\n\n\n<figure class=\"wp-block-image\"><img src=\"https:\/\/i2.wp.com\/rogerjuillerat.ch\/wp-content\/uploads\/2021\/05\/P1002877-1.jpg?ssl=1\" alt=\"\"\/><\/figure>\n\n\n\n<figure class=\"wp-block-image\"><img src=\"https:\/\/i2.wp.com\/rogerjuillerat.ch\/wp-content\/uploads\/2021\/05\/IMG_1899-1.jpg?ssl=1\" alt=\"\"\/><\/figure>\n\n\n\n<figure class=\"wp-block-image\"><img src=\"https:\/\/i1.wp.com\/rogerjuillerat.ch\/wp-content\/uploads\/2021\/05\/5ColzaNVDChevressyJPG-copie.jpg?ssl=1\" alt=\"\"\/><\/figure>\n\n\n\n<figure class=\"wp-block-image\"><img src=\"https:\/\/i1.wp.com\/rogerjuillerat.ch\/wp-content\/uploads\/2021\/05\/IMG_1884-Copie.jpg?ssl=1\" alt=\"\"\/><\/figure>\n\n\n\n<figure class=\"wp-block-image\"><img src=\"https:\/\/i1.wp.com\/rogerjuillerat.ch\/wp-content\/uploads\/2021\/05\/IMG_1913.jpg?ssl=1\" alt=\"\"\/><\/figure>\n\n\n\n<figure class=\"wp-block-image\"><img src=\"https:\/\/i1.wp.com\/rogerjuillerat.ch\/wp-content\/uploads\/2021\/05\/P1002891.jpg?ssl=1\" alt=\"\"\/><\/figure>\n\n\n\n<figure class=\"wp-block-image\"><img src=\"https:\/\/i0.wp.com\/rogerjuillerat.ch\/wp-content\/uploads\/2021\/05\/P1002902.jpg?ssl=1\" alt=\"\"\/><\/figure>\n\n\n\n<h3>Merci de jeter un coup d&rsquo;oeil sur mon site: www.rogerjuillerat.ch<\/h3>\n\n\n\n<p><\/p>\n","protected":false},"excerpt":{"rendered":"<p>Par Roger Juillerat, mai 2021 http:\/\/www.rogerjuillerat.ch Quand les champs de colza illuminent la campagne&nbsp;du Nord vaudois et d\u2019ailleurs\u2026 Il forment partout des tableaux lumineux et repr\u00e9sentent en quelque sorte des \u0153uvres d\u2019art avec leur voisinage, mettant en exergue les villages, &hellip; <a href=\"http:\/\/www.presstourism.ch\/?page_id=7066\">Continuer la lecture <span class=\"meta-nav\">&rarr;<\/span><\/a><\/p>\n","protected":false},"author":1,"featured_media":0,"parent":341,"menu_order":0,"comment_status":"open","ping_status":"closed","template":"","meta":{"ngg_post_thumbnail":0,"spay_email":""},"jetpack_sharing_enabled":true,"jetpack_shortlink":"https:\/\/wp.me\/P468TV-1PY","_links":{"self":[{"href":"http:\/\/www.presstourism.ch\/index.php?rest_route=\/wp\/v2\/pages\/7066"}],"collection":[{"href":"http:\/\/www.presstourism.ch\/index.php?rest_route=\/wp\/v2\/pages"}],"about":[{"href":"http:\/\/www.presstourism.ch\/index.php?rest_route=\/wp\/v2\/types\/page"}],"author":[{"embeddable":true,"href":"http:\/\/www.presstourism.ch\/index.php?rest_route=\/wp\/v2\/users\/1"}],"replies":[{"embeddable":true,"href":"http:\/\/www.presstourism.ch\/index.php?rest_route=%2Fwp%2Fv2%2Fcomments&post=7066"}],"version-history":[{"count":7,"href":"http:\/\/www.presstourism.ch\/index.php?rest_route=\/wp\/v2\/pages\/7066\/revisions"}],"predecessor-version":[{"id":7365,"href":"http:\/\/www.presstourism.ch\/index.php?rest_route=\/wp\/v2\/pages\/7066\/revisions\/7365"}],"up":[{"embeddable":true,"href":"http:\/\/www.presstourism.ch\/index.php?rest_route=\/wp\/v2\/pages\/341"}],"wp:attachment":[{"href":"http:\/\/www.presstourism.ch\/index.php?rest_route=%2Fwp%2Fv2%2Fmedia&parent=7066"}],"curies":[{"name":"wp","href":"https:\/\/api.w.org\/{rel}","templated":true}]}}