{"id":6951,"date":"2020-05-31T15:50:00","date_gmt":"2020-05-31T14:50:00","guid":{"rendered":"http:\/\/www.presstourism.ch\/WP_ALEX\/?page_id=6951"},"modified":"2020-05-31T16:53:00","modified_gmt":"2020-05-31T15:53:00","slug":"sous-la-banniere-de-lorient-express","status":"publish","type":"page","link":"http:\/\/www.presstourism.ch\/?page_id=6951","title":{"rendered":"Sous la banni\u00e8re de l\u2019Orient-Express"},"content":{"rendered":"\n<figure class=\"wp-block-image size-large\"><img loading=\"lazy\" width=\"584\" height=\"438\" src=\"https:\/\/i0.wp.com\/www.presstourism.ch\/WP_ALEX\/wp-content\/uploads\/2020\/05\/3.4.-Une-architecture-inspir\u00e9e-des-habitations-locales.jpg?resize=584%2C438\" alt=\"\" class=\"wp-image-6966\" srcset=\"https:\/\/i0.wp.com\/www.presstourism.ch\/wp-content\/uploads\/2020\/05\/3.4.-Une-architecture-inspir\u00e9e-des-habitations-locales.jpg?w=900 900w, https:\/\/i0.wp.com\/www.presstourism.ch\/wp-content\/uploads\/2020\/05\/3.4.-Une-architecture-inspir\u00e9e-des-habitations-locales.jpg?resize=300%2C225 300w, https:\/\/i0.wp.com\/www.presstourism.ch\/wp-content\/uploads\/2020\/05\/3.4.-Une-architecture-inspir\u00e9e-des-habitations-locales.jpg?resize=768%2C576 768w, https:\/\/i0.wp.com\/www.presstourism.ch\/wp-content\/uploads\/2020\/05\/3.4.-Une-architecture-inspir\u00e9e-des-habitations-locales.jpg?resize=600%2C450 600w\" sizes=\"(max-width: 584px) 100vw, 584px\" data-recalc-dims=\"1\" \/><figcaption>Une architecture inspir\u00e9e des habitations locales<\/figcaption><\/figure>\n\n\n\n<p><strong>H\u00f4tel La R\u00e9sidence d\u2019Angkor<\/strong><\/p>\n\n\n\n<p><strong>Longeant la rivi\u00e8re Siem Reap, au c\u0153ur de la cit\u00e9 cambodgienne, \u00e0 10 minutes des c\u00e9l\u00e8bres temples, la R\u00e9sidence d\u2019Angkor est un \u00ab&nbsp;boutique-h\u00f4tel&nbsp;\u00bb sous la banni\u00e8re de l\u2019Orient-Express. Prot\u00e9g\u00e9e par des murailles anciennes, la propri\u00e9t\u00e9 a su pr\u00e9server son cadre de verdure et s\u2019installer au sein de cette nature luxuriante qui fait partie int\u00e9grante des lieux. Les arbres sont ici chez eux et la direction y veille scrupuleusement. Palmiers, bougainvilliers, frangipaniers entourent la piscine et dessinent en une caresse sans fin ces ombres de dentelles frissonnant sur la surface de l\u2019eau\u2026<\/strong><\/p>\n\n\n\n<figure class=\"wp-block-gallery columns-3 is-cropped\"><ul class=\"blocks-gallery-grid\"><li class=\"blocks-gallery-item\"><figure><img loading=\"lazy\" width=\"584\" height=\"779\" src=\"https:\/\/i2.wp.com\/www.presstourism.ch\/WP_ALEX\/wp-content\/uploads\/2020\/05\/3.5.-Au-coeur-dune-v\u00e9g\u00e9tation-dense-la-R\u00e9sidence-dAngkor-\u00e0-Siem-Reap-.jpg?resize=584%2C779\" alt=\"\" data-id=\"6967\" data-full-url=\"https:\/\/i2.wp.com\/www.presstourism.ch\/WP_ALEX\/wp-content\/uploads\/2020\/05\/3.5.-Au-coeur-dune-v\u00e9g\u00e9tation-dense-la-R\u00e9sidence-dAngkor-\u00e0-Siem-Reap-.jpg?resize=584%2C779\" data-link=\"http:\/\/www.presstourism.ch\/WP_ALEX\/?attachment_id=6967\" class=\"wp-image-6967\" srcset=\"https:\/\/i0.wp.com\/www.presstourism.ch\/wp-content\/uploads\/2020\/05\/3.5.-Au-coeur-dune-v\u00e9g\u00e9tation-dense-la-R\u00e9sidence-dAngkor-\u00e0-Siem-Reap-.jpg?w=675 675w, https:\/\/i0.wp.com\/www.presstourism.ch\/wp-content\/uploads\/2020\/05\/3.5.-Au-coeur-dune-v\u00e9g\u00e9tation-dense-la-R\u00e9sidence-dAngkor-\u00e0-Siem-Reap-.jpg?resize=225%2C300 225w, https:\/\/i0.wp.com\/www.presstourism.ch\/wp-content\/uploads\/2020\/05\/3.5.-Au-coeur-dune-v\u00e9g\u00e9tation-dense-la-R\u00e9sidence-dAngkor-\u00e0-Siem-Reap-.jpg?resize=600%2C800 600w\" sizes=\"(max-width: 584px) 100vw, 584px\" data-recalc-dims=\"1\" \/><\/figure><\/li><li class=\"blocks-gallery-item\"><figure><img loading=\"lazy\" width=\"584\" height=\"438\" src=\"https:\/\/i1.wp.com\/www.presstourism.ch\/WP_ALEX\/wp-content\/uploads\/2020\/05\/3.2.-Un-bord-de-piscine-confortable-et-ombrag\u00e9.jpg?resize=584%2C438\" alt=\"\" data-id=\"6964\" data-full-url=\"https:\/\/i1.wp.com\/www.presstourism.ch\/WP_ALEX\/wp-content\/uploads\/2020\/05\/3.2.-Un-bord-de-piscine-confortable-et-ombrag\u00e9.jpg?resize=584%2C438\" data-link=\"http:\/\/www.presstourism.ch\/WP_ALEX\/?attachment_id=6964\" class=\"wp-image-6964\" srcset=\"https:\/\/i1.wp.com\/www.presstourism.ch\/wp-content\/uploads\/2020\/05\/3.2.-Un-bord-de-piscine-confortable-et-ombrag\u00e9.jpg?w=900 900w, https:\/\/i1.wp.com\/www.presstourism.ch\/wp-content\/uploads\/2020\/05\/3.2.-Un-bord-de-piscine-confortable-et-ombrag\u00e9.jpg?resize=300%2C225 300w, https:\/\/i1.wp.com\/www.presstourism.ch\/wp-content\/uploads\/2020\/05\/3.2.-Un-bord-de-piscine-confortable-et-ombrag\u00e9.jpg?resize=768%2C576 768w, https:\/\/i1.wp.com\/www.presstourism.ch\/wp-content\/uploads\/2020\/05\/3.2.-Un-bord-de-piscine-confortable-et-ombrag\u00e9.jpg?resize=600%2C450 600w\" sizes=\"(max-width: 584px) 100vw, 584px\" data-recalc-dims=\"1\" \/><\/figure><\/li><li class=\"blocks-gallery-item\"><figure><img loading=\"lazy\" width=\"584\" height=\"779\" src=\"https:\/\/i2.wp.com\/www.presstourism.ch\/WP_ALEX\/wp-content\/uploads\/2020\/05\/2.4.-R\u00e9sidence-dAngkor-vue-de-la-chambre.jpg?resize=584%2C779\" alt=\"\" data-id=\"6961\" data-full-url=\"https:\/\/i2.wp.com\/www.presstourism.ch\/WP_ALEX\/wp-content\/uploads\/2020\/05\/2.4.-R\u00e9sidence-dAngkor-vue-de-la-chambre.jpg?resize=584%2C779\" data-link=\"http:\/\/www.presstourism.ch\/WP_ALEX\/?attachment_id=6961\" class=\"wp-image-6961\" srcset=\"https:\/\/i0.wp.com\/www.presstourism.ch\/wp-content\/uploads\/2020\/05\/2.4.-R\u00e9sidence-dAngkor-vue-de-la-chambre.jpg?w=675 675w, https:\/\/i0.wp.com\/www.presstourism.ch\/wp-content\/uploads\/2020\/05\/2.4.-R\u00e9sidence-dAngkor-vue-de-la-chambre.jpg?resize=225%2C300 225w, https:\/\/i0.wp.com\/www.presstourism.ch\/wp-content\/uploads\/2020\/05\/2.4.-R\u00e9sidence-dAngkor-vue-de-la-chambre.jpg?resize=600%2C800 600w\" sizes=\"(max-width: 584px) 100vw, 584px\" data-recalc-dims=\"1\" \/><\/figure><\/li><li class=\"blocks-gallery-item\"><figure><img loading=\"lazy\" width=\"584\" height=\"388\" src=\"https:\/\/i0.wp.com\/www.presstourism.ch\/WP_ALEX\/wp-content\/uploads\/2020\/05\/2.1.-Entr\u00e9e-de-la-R\u00e9sidence-dAngkor-\u00e0-Siem-Reap-.jpg?resize=584%2C388\" alt=\"\" data-id=\"6958\" data-full-url=\"https:\/\/i0.wp.com\/www.presstourism.ch\/WP_ALEX\/wp-content\/uploads\/2020\/05\/2.1.-Entr\u00e9e-de-la-R\u00e9sidence-dAngkor-\u00e0-Siem-Reap-.jpg?resize=584%2C388\" data-link=\"http:\/\/www.presstourism.ch\/WP_ALEX\/?attachment_id=6958\" class=\"wp-image-6958\" srcset=\"https:\/\/i1.wp.com\/www.presstourism.ch\/wp-content\/uploads\/2020\/05\/2.1.-Entr\u00e9e-de-la-R\u00e9sidence-dAngkor-\u00e0-Siem-Reap-.jpg?w=900 900w, https:\/\/i1.wp.com\/www.presstourism.ch\/wp-content\/uploads\/2020\/05\/2.1.-Entr\u00e9e-de-la-R\u00e9sidence-dAngkor-\u00e0-Siem-Reap-.jpg?resize=300%2C199 300w, https:\/\/i1.wp.com\/www.presstourism.ch\/wp-content\/uploads\/2020\/05\/2.1.-Entr\u00e9e-de-la-R\u00e9sidence-dAngkor-\u00e0-Siem-Reap-.jpg?resize=768%2C510 768w, https:\/\/i1.wp.com\/www.presstourism.ch\/wp-content\/uploads\/2020\/05\/2.1.-Entr\u00e9e-de-la-R\u00e9sidence-dAngkor-\u00e0-Siem-Reap-.jpg?resize=600%2C399 600w\" sizes=\"(max-width: 584px) 100vw, 584px\" data-recalc-dims=\"1\" \/><\/figure><\/li><li class=\"blocks-gallery-item\"><figure><img loading=\"lazy\" width=\"584\" height=\"438\" src=\"https:\/\/i0.wp.com\/www.presstourism.ch\/WP_ALEX\/wp-content\/uploads\/2020\/05\/3.4.-Une-architecture-inspir\u00e9e-des-habitations-locales.jpg?resize=584%2C438\" alt=\"\" data-id=\"6966\" data-full-url=\"https:\/\/i0.wp.com\/www.presstourism.ch\/WP_ALEX\/wp-content\/uploads\/2020\/05\/3.4.-Une-architecture-inspir\u00e9e-des-habitations-locales.jpg?resize=584%2C438\" data-link=\"http:\/\/www.presstourism.ch\/WP_ALEX\/?attachment_id=6966\" class=\"wp-image-6966\" srcset=\"https:\/\/i0.wp.com\/www.presstourism.ch\/wp-content\/uploads\/2020\/05\/3.4.-Une-architecture-inspir\u00e9e-des-habitations-locales.jpg?w=900 900w, https:\/\/i0.wp.com\/www.presstourism.ch\/wp-content\/uploads\/2020\/05\/3.4.-Une-architecture-inspir\u00e9e-des-habitations-locales.jpg?resize=300%2C225 300w, https:\/\/i0.wp.com\/www.presstourism.ch\/wp-content\/uploads\/2020\/05\/3.4.-Une-architecture-inspir\u00e9e-des-habitations-locales.jpg?resize=768%2C576 768w, https:\/\/i0.wp.com\/www.presstourism.ch\/wp-content\/uploads\/2020\/05\/3.4.-Une-architecture-inspir\u00e9e-des-habitations-locales.jpg?resize=600%2C450 600w\" sizes=\"(max-width: 584px) 100vw, 584px\" data-recalc-dims=\"1\" \/><\/figure><\/li><li class=\"blocks-gallery-item\"><figure><img loading=\"lazy\" width=\"584\" height=\"779\" src=\"https:\/\/i0.wp.com\/www.presstourism.ch\/WP_ALEX\/wp-content\/uploads\/2020\/05\/3.3.-Service-cocktails-et-raffra\u00eechissements-\u00e0-toute-heures-.jpg?resize=584%2C779\" alt=\"\" data-id=\"6965\" data-full-url=\"https:\/\/i0.wp.com\/www.presstourism.ch\/WP_ALEX\/wp-content\/uploads\/2020\/05\/3.3.-Service-cocktails-et-raffra\u00eechissements-\u00e0-toute-heures-.jpg?resize=584%2C779\" data-link=\"http:\/\/www.presstourism.ch\/WP_ALEX\/?attachment_id=6965\" class=\"wp-image-6965\" srcset=\"https:\/\/i0.wp.com\/www.presstourism.ch\/wp-content\/uploads\/2020\/05\/3.3.-Service-cocktails-et-raffra\u00eechissements-\u00e0-toute-heures-.jpg?w=675 675w, https:\/\/i0.wp.com\/www.presstourism.ch\/wp-content\/uploads\/2020\/05\/3.3.-Service-cocktails-et-raffra\u00eechissements-\u00e0-toute-heures-.jpg?resize=225%2C300 225w, https:\/\/i0.wp.com\/www.presstourism.ch\/wp-content\/uploads\/2020\/05\/3.3.-Service-cocktails-et-raffra\u00eechissements-\u00e0-toute-heures-.jpg?resize=600%2C800 600w\" sizes=\"(max-width: 584px) 100vw, 584px\" data-recalc-dims=\"1\" \/><\/figure><\/li><li class=\"blocks-gallery-item\"><figure><img loading=\"lazy\" width=\"584\" height=\"779\" src=\"https:\/\/i1.wp.com\/www.presstourism.ch\/WP_ALEX\/wp-content\/uploads\/2020\/05\/3.1.-Des-jardins-luxuriants-entourent-la-R\u00e9sidence.jpg?resize=584%2C779\" alt=\"\" data-id=\"6963\" data-full-url=\"https:\/\/i1.wp.com\/www.presstourism.ch\/WP_ALEX\/wp-content\/uploads\/2020\/05\/3.1.-Des-jardins-luxuriants-entourent-la-R\u00e9sidence.jpg?resize=584%2C779\" data-link=\"http:\/\/www.presstourism.ch\/WP_ALEX\/?attachment_id=6963\" class=\"wp-image-6963\" srcset=\"https:\/\/i1.wp.com\/www.presstourism.ch\/wp-content\/uploads\/2020\/05\/3.1.-Des-jardins-luxuriants-entourent-la-R\u00e9sidence.jpg?w=675 675w, https:\/\/i1.wp.com\/www.presstourism.ch\/wp-content\/uploads\/2020\/05\/3.1.-Des-jardins-luxuriants-entourent-la-R\u00e9sidence.jpg?resize=225%2C300 225w, https:\/\/i1.wp.com\/www.presstourism.ch\/wp-content\/uploads\/2020\/05\/3.1.-Des-jardins-luxuriants-entourent-la-R\u00e9sidence.jpg?resize=600%2C800 600w\" sizes=\"(max-width: 584px) 100vw, 584px\" data-recalc-dims=\"1\" \/><\/figure><\/li><li class=\"blocks-gallery-item\"><figure><img loading=\"lazy\" width=\"584\" height=\"779\" src=\"https:\/\/i0.wp.com\/www.presstourism.ch\/WP_ALEX\/wp-content\/uploads\/2020\/05\/2.5.-Un-espace-confortable-et-douillet-.jpg?resize=584%2C779\" alt=\"\" data-id=\"6962\" data-full-url=\"https:\/\/i0.wp.com\/www.presstourism.ch\/WP_ALEX\/wp-content\/uploads\/2020\/05\/2.5.-Un-espace-confortable-et-douillet-.jpg?resize=584%2C779\" data-link=\"http:\/\/www.presstourism.ch\/WP_ALEX\/?attachment_id=6962\" class=\"wp-image-6962\" srcset=\"https:\/\/i0.wp.com\/www.presstourism.ch\/wp-content\/uploads\/2020\/05\/2.5.-Un-espace-confortable-et-douillet-.jpg?w=675 675w, https:\/\/i0.wp.com\/www.presstourism.ch\/wp-content\/uploads\/2020\/05\/2.5.-Un-espace-confortable-et-douillet-.jpg?resize=225%2C300 225w, https:\/\/i0.wp.com\/www.presstourism.ch\/wp-content\/uploads\/2020\/05\/2.5.-Un-espace-confortable-et-douillet-.jpg?resize=600%2C800 600w\" sizes=\"(max-width: 584px) 100vw, 584px\" data-recalc-dims=\"1\" \/><\/figure><\/li><li class=\"blocks-gallery-item\"><figure><img loading=\"lazy\" width=\"584\" height=\"438\" src=\"https:\/\/i0.wp.com\/www.presstourism.ch\/WP_ALEX\/wp-content\/uploads\/2020\/05\/2.3.-Dans-lintimit\u00e9-feutr\u00e9e-du-lounge-de-la-R\u00e9sidence.jpg?resize=584%2C438\" alt=\"\" data-id=\"6960\" data-full-url=\"https:\/\/i0.wp.com\/www.presstourism.ch\/WP_ALEX\/wp-content\/uploads\/2020\/05\/2.3.-Dans-lintimit\u00e9-feutr\u00e9e-du-lounge-de-la-R\u00e9sidence.jpg?resize=584%2C438\" data-link=\"http:\/\/www.presstourism.ch\/WP_ALEX\/?attachment_id=6960\" class=\"wp-image-6960\" srcset=\"https:\/\/i0.wp.com\/www.presstourism.ch\/wp-content\/uploads\/2020\/05\/2.3.-Dans-lintimit\u00e9-feutr\u00e9e-du-lounge-de-la-R\u00e9sidence.jpg?w=900 900w, https:\/\/i0.wp.com\/www.presstourism.ch\/wp-content\/uploads\/2020\/05\/2.3.-Dans-lintimit\u00e9-feutr\u00e9e-du-lounge-de-la-R\u00e9sidence.jpg?resize=300%2C225 300w, https:\/\/i0.wp.com\/www.presstourism.ch\/wp-content\/uploads\/2020\/05\/2.3.-Dans-lintimit\u00e9-feutr\u00e9e-du-lounge-de-la-R\u00e9sidence.jpg?resize=768%2C576 768w, https:\/\/i0.wp.com\/www.presstourism.ch\/wp-content\/uploads\/2020\/05\/2.3.-Dans-lintimit\u00e9-feutr\u00e9e-du-lounge-de-la-R\u00e9sidence.jpg?resize=600%2C450 600w\" sizes=\"(max-width: 584px) 100vw, 584px\" data-recalc-dims=\"1\" \/><\/figure><\/li><li class=\"blocks-gallery-item\"><figure><img loading=\"lazy\" width=\"584\" height=\"779\" src=\"https:\/\/i0.wp.com\/www.presstourism.ch\/WP_ALEX\/wp-content\/uploads\/2020\/05\/2.2.-Le-Lobby-accueillant-de-la-R\u00e9sidence-dAngkor.jpg?resize=584%2C779\" alt=\"\" data-id=\"6959\" data-full-url=\"https:\/\/i0.wp.com\/www.presstourism.ch\/WP_ALEX\/wp-content\/uploads\/2020\/05\/2.2.-Le-Lobby-accueillant-de-la-R\u00e9sidence-dAngkor.jpg?resize=584%2C779\" data-link=\"http:\/\/www.presstourism.ch\/WP_ALEX\/?attachment_id=6959\" class=\"wp-image-6959\" srcset=\"https:\/\/i0.wp.com\/www.presstourism.ch\/wp-content\/uploads\/2020\/05\/2.2.-Le-Lobby-accueillant-de-la-R\u00e9sidence-dAngkor.jpg?w=675 675w, https:\/\/i0.wp.com\/www.presstourism.ch\/wp-content\/uploads\/2020\/05\/2.2.-Le-Lobby-accueillant-de-la-R\u00e9sidence-dAngkor.jpg?resize=225%2C300 225w, https:\/\/i0.wp.com\/www.presstourism.ch\/wp-content\/uploads\/2020\/05\/2.2.-Le-Lobby-accueillant-de-la-R\u00e9sidence-dAngkor.jpg?resize=600%2C800 600w\" sizes=\"(max-width: 584px) 100vw, 584px\" data-recalc-dims=\"1\" \/><\/figure><\/li><\/ul><\/figure>\n\n\n\n<p>Siem Reap &#8211; \u00e0 environ 314km de la capitale Phnom Penh &#8211; se veut une ville de style colonial et chinois, m\u00eame si, un quartier entier t\u00e9moigne toujours de l\u2019influence fran\u00e7aise autour du Vieux March\u00e9.&nbsp; Depuis la fin des hostilit\u00e9s arm\u00e9es, la cit\u00e9 s\u2019ouvre au tourisme avec ses h\u00f4tels et ses nouvelles infrastructures. Tout autant que les vestiges d\u2019Angkor, &nbsp;d\u00e9sormais march\u00e9s flottants, festivals de danses locales\u2026 attirent ici les touristes de m\u00eame que les villages de p\u00eacheurs, habitations sur pilotis, rizi\u00e8res et le lac Tonl\u00e9 Sap, avec son sanctuaire d\u2019oiseaux, ach\u00e8vent de s\u00e9duire en total d\u00e9paysement&nbsp;! <strong><\/strong><\/p>\n\n\n\n<figure class=\"wp-block-gallery columns-3 is-cropped\"><ul class=\"blocks-gallery-grid\"><li class=\"blocks-gallery-item\"><figure><img loading=\"lazy\" width=\"584\" height=\"438\" src=\"https:\/\/i1.wp.com\/www.presstourism.ch\/WP_ALEX\/wp-content\/uploads\/2020\/05\/1.4.-Habitations-et-jardins-flottants-o\u00f9-poussent-des-l\u00e9gumes.jpg?resize=584%2C438\" alt=\"\" data-id=\"6956\" data-full-url=\"https:\/\/i1.wp.com\/www.presstourism.ch\/WP_ALEX\/wp-content\/uploads\/2020\/05\/1.4.-Habitations-et-jardins-flottants-o\u00f9-poussent-des-l\u00e9gumes.jpg?resize=584%2C438\" data-link=\"http:\/\/www.presstourism.ch\/WP_ALEX\/?attachment_id=6956\" class=\"wp-image-6956\" srcset=\"https:\/\/i0.wp.com\/www.presstourism.ch\/wp-content\/uploads\/2020\/05\/1.4.-Habitations-et-jardins-flottants-o\u00f9-poussent-des-l\u00e9gumes.jpg?w=900 900w, https:\/\/i0.wp.com\/www.presstourism.ch\/wp-content\/uploads\/2020\/05\/1.4.-Habitations-et-jardins-flottants-o\u00f9-poussent-des-l\u00e9gumes.jpg?resize=300%2C225 300w, https:\/\/i0.wp.com\/www.presstourism.ch\/wp-content\/uploads\/2020\/05\/1.4.-Habitations-et-jardins-flottants-o\u00f9-poussent-des-l\u00e9gumes.jpg?resize=768%2C576 768w, https:\/\/i0.wp.com\/www.presstourism.ch\/wp-content\/uploads\/2020\/05\/1.4.-Habitations-et-jardins-flottants-o\u00f9-poussent-des-l\u00e9gumes.jpg?resize=600%2C450 600w\" sizes=\"(max-width: 584px) 100vw, 584px\" data-recalc-dims=\"1\" \/><\/figure><\/li><li class=\"blocks-gallery-item\"><figure><img loading=\"lazy\" width=\"584\" height=\"779\" src=\"https:\/\/i2.wp.com\/www.presstourism.ch\/WP_ALEX\/wp-content\/uploads\/2020\/05\/1.3.-Habitation-sur-pilotis.jpg?resize=584%2C779\" alt=\"\" data-id=\"6955\" data-full-url=\"https:\/\/i2.wp.com\/www.presstourism.ch\/WP_ALEX\/wp-content\/uploads\/2020\/05\/1.3.-Habitation-sur-pilotis.jpg?resize=584%2C779\" data-link=\"http:\/\/www.presstourism.ch\/WP_ALEX\/?attachment_id=6955\" class=\"wp-image-6955\" srcset=\"https:\/\/i0.wp.com\/www.presstourism.ch\/wp-content\/uploads\/2020\/05\/1.3.-Habitation-sur-pilotis.jpg?w=675 675w, https:\/\/i0.wp.com\/www.presstourism.ch\/wp-content\/uploads\/2020\/05\/1.3.-Habitation-sur-pilotis.jpg?resize=225%2C300 225w, https:\/\/i0.wp.com\/www.presstourism.ch\/wp-content\/uploads\/2020\/05\/1.3.-Habitation-sur-pilotis.jpg?resize=600%2C800 600w\" sizes=\"(max-width: 584px) 100vw, 584px\" data-recalc-dims=\"1\" \/><\/figure><\/li><li class=\"blocks-gallery-item\"><figure><img loading=\"lazy\" width=\"584\" height=\"438\" src=\"https:\/\/i2.wp.com\/www.presstourism.ch\/WP_ALEX\/wp-content\/uploads\/2020\/05\/1.1.-Siem-Reap-Embarcation-sur-lac-Tonl\u00e9-Sap.jpg?resize=584%2C438\" alt=\"\" data-id=\"6953\" data-full-url=\"https:\/\/i2.wp.com\/www.presstourism.ch\/WP_ALEX\/wp-content\/uploads\/2020\/05\/1.1.-Siem-Reap-Embarcation-sur-lac-Tonl\u00e9-Sap.jpg?resize=584%2C438\" data-link=\"http:\/\/www.presstourism.ch\/WP_ALEX\/?attachment_id=6953\" class=\"wp-image-6953\" srcset=\"https:\/\/i0.wp.com\/www.presstourism.ch\/wp-content\/uploads\/2020\/05\/1.1.-Siem-Reap-Embarcation-sur-lac-Tonl\u00e9-Sap.jpg?w=900 900w, https:\/\/i0.wp.com\/www.presstourism.ch\/wp-content\/uploads\/2020\/05\/1.1.-Siem-Reap-Embarcation-sur-lac-Tonl\u00e9-Sap.jpg?resize=300%2C225 300w, https:\/\/i0.wp.com\/www.presstourism.ch\/wp-content\/uploads\/2020\/05\/1.1.-Siem-Reap-Embarcation-sur-lac-Tonl\u00e9-Sap.jpg?resize=768%2C576 768w, https:\/\/i0.wp.com\/www.presstourism.ch\/wp-content\/uploads\/2020\/05\/1.1.-Siem-Reap-Embarcation-sur-lac-Tonl\u00e9-Sap.jpg?resize=600%2C450 600w\" sizes=\"(max-width: 584px) 100vw, 584px\" data-recalc-dims=\"1\" \/><\/figure><\/li><li class=\"blocks-gallery-item\"><figure><img loading=\"lazy\" width=\"584\" height=\"779\" src=\"https:\/\/i2.wp.com\/www.presstourism.ch\/WP_ALEX\/wp-content\/uploads\/2020\/05\/1.2.-Aux-alentours-de-Siem-Reap-la-vie-sorganise-sur-leau.jpg?resize=584%2C779\" alt=\"\" data-id=\"6954\" data-full-url=\"https:\/\/i2.wp.com\/www.presstourism.ch\/WP_ALEX\/wp-content\/uploads\/2020\/05\/1.2.-Aux-alentours-de-Siem-Reap-la-vie-sorganise-sur-leau.jpg?resize=584%2C779\" data-link=\"http:\/\/www.presstourism.ch\/WP_ALEX\/?attachment_id=6954\" class=\"wp-image-6954\" srcset=\"https:\/\/i1.wp.com\/www.presstourism.ch\/wp-content\/uploads\/2020\/05\/1.2.-Aux-alentours-de-Siem-Reap-la-vie-sorganise-sur-leau.jpg?w=675 675w, https:\/\/i1.wp.com\/www.presstourism.ch\/wp-content\/uploads\/2020\/05\/1.2.-Aux-alentours-de-Siem-Reap-la-vie-sorganise-sur-leau.jpg?resize=225%2C300 225w, https:\/\/i1.wp.com\/www.presstourism.ch\/wp-content\/uploads\/2020\/05\/1.2.-Aux-alentours-de-Siem-Reap-la-vie-sorganise-sur-leau.jpg?resize=600%2C800 600w\" sizes=\"(max-width: 584px) 100vw, 584px\" data-recalc-dims=\"1\" \/><\/figure><\/li><li class=\"blocks-gallery-item\"><figure><img loading=\"lazy\" width=\"584\" height=\"438\" src=\"https:\/\/i1.wp.com\/www.presstourism.ch\/WP_ALEX\/wp-content\/uploads\/2020\/05\/1.5.-Transport-vers-les-villages-sur-pilotis.jpg?resize=584%2C438\" alt=\"\" data-id=\"6957\" data-full-url=\"https:\/\/i1.wp.com\/www.presstourism.ch\/WP_ALEX\/wp-content\/uploads\/2020\/05\/1.5.-Transport-vers-les-villages-sur-pilotis.jpg?resize=584%2C438\" data-link=\"http:\/\/www.presstourism.ch\/WP_ALEX\/?attachment_id=6957\" class=\"wp-image-6957\" srcset=\"https:\/\/i2.wp.com\/www.presstourism.ch\/wp-content\/uploads\/2020\/05\/1.5.-Transport-vers-les-villages-sur-pilotis.jpg?w=900 900w, https:\/\/i2.wp.com\/www.presstourism.ch\/wp-content\/uploads\/2020\/05\/1.5.-Transport-vers-les-villages-sur-pilotis.jpg?resize=300%2C225 300w, https:\/\/i2.wp.com\/www.presstourism.ch\/wp-content\/uploads\/2020\/05\/1.5.-Transport-vers-les-villages-sur-pilotis.jpg?resize=768%2C576 768w, https:\/\/i2.wp.com\/www.presstourism.ch\/wp-content\/uploads\/2020\/05\/1.5.-Transport-vers-les-villages-sur-pilotis.jpg?resize=600%2C450 600w\" sizes=\"(max-width: 584px) 100vw, 584px\" data-recalc-dims=\"1\" \/><\/figure><\/li><\/ul><\/figure>\n\n\n\n<p><strong>D\u00e9tails et raffinement<\/strong><\/p>\n\n\n\n<p>Pour acc\u00e9der aux chambres de la R\u00e9sidence d\u2019Angkor, &nbsp;depuis l\u2019entr\u00e9e principale, on traverse un petit pont enjambant une d\u00e9licate mare de lotus\u2026 54 chambres spacieuses et \u00e9l\u00e9gantes ont toutes un balcon avec vue sur la piscine ou la rivi\u00e8re. Sculptures, statuettes, tissus et soieries, sp\u00e9cialement choisis, cr\u00e9\u00e9s et tiss\u00e9s pour ce boutique h\u00f4tel, dressent ici un d\u00e9cor raffin\u00e9 \u00e0 l\u2019exotisme bien pens\u00e9. Rideaux, jet\u00e9s de lits, coussins\u2026 les d\u00e9tails sont sobres, harmonieux, dans cette d\u00e9licatesse asiatique \u00e0 nulle autre pareille. Et les salles de bains, \u00e0 elles seules, sont un r\u00eave d\u2019espace et de confort.<\/p>\n\n\n\n<p>Afin de mieux savourer encore le calme et la d\u00e9tente, les suites de la R\u00e9sidence d\u2019 Angkor sont situ\u00e9es dans l\u2019aile nouvelle de la propri\u00e9t\u00e9, au-dessus du Spa. Construites dans la tradition de l\u2019architecture Khm\u00e8re, elles offrent un espace de 90 \u00e0 100m2 de luxe raffin\u00e9 et, certaines d\u2019entre elles, poss\u00e8dent m\u00eame un jardin privatif o\u00f9 il fait bon d\u00eener le soir au frais\u2026 Toutes les chambres b\u00e9n\u00e9ficient des &nbsp;avantages du confort moderne, air conditionn\u00e9,&nbsp; innombrables cha\u00eenes de t\u00e9l\u00e9vision, stations IPod\u2026<\/p>\n\n\n\n<p><strong>Rites et rythmes traditionnels<\/strong><\/p>\n\n\n\n<p>Cuisine Khm\u00e8re &#8211; avec des recettes de la famille royale du Cambodge &#8211; ou internationale, les propositions sont vari\u00e9es. En plein air ou en salle agr\u00e9ablement air conditionn\u00e9e, menus l\u00e9gers, snacks et s\u00e9lection de viandes et de poissons sur grill, ainsi que les d\u00e9lices de la table Teppanyaki ne manquent pas de s\u00e9duire les palais. Pour la couleur locale, trois fois par semaine avec les gracieuses danseuses \u00ab&nbsp;Apsara&nbsp;\u00bb,&nbsp; les soir\u00e9es rappellent la magie de l\u2019Asie. Cependant que sous le signe de l\u2019oiseau du paradis, le centre Kong Kea Spa est, v\u00e9ritablement, une promesse paradisiaque. Une exp\u00e9rience sensorielle et sensuelle qui touche l\u2019\u00e2me et le corps en pr\u00e9sence de l\u2019eau que l\u2019on retrouve partout ici. Kong Kea signifie \u00ab&nbsp;eau pour dieu ou pour le roi&nbsp;\u00bb. Une plong\u00e9e harmonieuse en d\u00e9tente pure &nbsp;avec soi-m\u00eame, \u00e0 l\u2019aide de traitements utilisant &nbsp;\u00e9galement les huiles essentielles et les herbes. En tout point divins&nbsp;! <\/p>\n\n\n\n<p><\/p>\n\n\n\n<p><strong><em>Texte et photos \u00a9 Georgika Aeby-Demeter et courtoisie La R\u00e9sidence d\u2019Angkor Siem Reap, aujourd\u2019hui sous l\u2019enseigne Belmond<\/em><\/strong><\/p>\n","protected":false},"excerpt":{"rendered":"<p>H\u00f4tel La R\u00e9sidence d\u2019Angkor Longeant la rivi\u00e8re Siem Reap, au c\u0153ur de la cit\u00e9 cambodgienne, \u00e0 10 minutes des c\u00e9l\u00e8bres temples, la R\u00e9sidence d\u2019Angkor est un \u00ab&nbsp;boutique-h\u00f4tel&nbsp;\u00bb sous la banni\u00e8re de l\u2019Orient-Express. Prot\u00e9g\u00e9e par des murailles anciennes, la propri\u00e9t\u00e9 a &hellip; <a href=\"http:\/\/www.presstourism.ch\/?page_id=6951\">Continuer la lecture <span class=\"meta-nav\">&rarr;<\/span><\/a><\/p>\n","protected":false},"author":1,"featured_media":0,"parent":184,"menu_order":0,"comment_status":"closed","ping_status":"closed","template":"","meta":{"ngg_post_thumbnail":0,"spay_email":""},"jetpack_sharing_enabled":true,"jetpack_shortlink":"https:\/\/wp.me\/P468TV-1O7","_links":{"self":[{"href":"http:\/\/www.presstourism.ch\/index.php?rest_route=\/wp\/v2\/pages\/6951"}],"collection":[{"href":"http:\/\/www.presstourism.ch\/index.php?rest_route=\/wp\/v2\/pages"}],"about":[{"href":"http:\/\/www.presstourism.ch\/index.php?rest_route=\/wp\/v2\/types\/page"}],"author":[{"embeddable":true,"href":"http:\/\/www.presstourism.ch\/index.php?rest_route=\/wp\/v2\/users\/1"}],"replies":[{"embeddable":true,"href":"http:\/\/www.presstourism.ch\/index.php?rest_route=%2Fwp%2Fv2%2Fcomments&post=6951"}],"version-history":[{"count":4,"href":"http:\/\/www.presstourism.ch\/index.php?rest_route=\/wp\/v2\/pages\/6951\/revisions"}],"predecessor-version":[{"id":6972,"href":"http:\/\/www.presstourism.ch\/index.php?rest_route=\/wp\/v2\/pages\/6951\/revisions\/6972"}],"up":[{"embeddable":true,"href":"http:\/\/www.presstourism.ch\/index.php?rest_route=\/wp\/v2\/pages\/184"}],"wp:attachment":[{"href":"http:\/\/www.presstourism.ch\/index.php?rest_route=%2Fwp%2Fv2%2Fmedia&parent=6951"}],"curies":[{"name":"wp","href":"https:\/\/api.w.org\/{rel}","templated":true}]}}