{"id":6926,"date":"2020-05-28T18:01:22","date_gmt":"2020-05-28T17:01:22","guid":{"rendered":"http:\/\/www.presstourism.ch\/WP_ALEX\/?page_id=6926"},"modified":"2020-05-29T14:10:03","modified_gmt":"2020-05-29T13:10:03","slug":"la-8e-merveille-du-monde","status":"publish","type":"page","link":"http:\/\/www.presstourism.ch\/?page_id=6926","title":{"rendered":"La 8e merveille du monde"},"content":{"rendered":"\n<p><strong>Angkor, m\u00e9moire du peuple Kmer<\/strong><\/p>\n\n\n\n<figure class=\"wp-block-image size-large\"><img loading=\"lazy\" width=\"584\" height=\"438\" src=\"https:\/\/i1.wp.com\/www.presstourism.ch\/WP_ALEX\/wp-content\/uploads\/2020\/05\/1.2.-Angkor-Vat-des-edifices-\u00e9rig\u00e9s-\u00e0-la-gloire-des-dieux-et-des-rois.jpg?resize=584%2C438\" alt=\"\" class=\"wp-image-6929\" srcset=\"https:\/\/i0.wp.com\/www.presstourism.ch\/wp-content\/uploads\/2020\/05\/1.2.-Angkor-Vat-des-edifices-\u00e9rig\u00e9s-\u00e0-la-gloire-des-dieux-et-des-rois.jpg?w=900 900w, https:\/\/i0.wp.com\/www.presstourism.ch\/wp-content\/uploads\/2020\/05\/1.2.-Angkor-Vat-des-edifices-\u00e9rig\u00e9s-\u00e0-la-gloire-des-dieux-et-des-rois.jpg?resize=300%2C225 300w, https:\/\/i0.wp.com\/www.presstourism.ch\/wp-content\/uploads\/2020\/05\/1.2.-Angkor-Vat-des-edifices-\u00e9rig\u00e9s-\u00e0-la-gloire-des-dieux-et-des-rois.jpg?resize=768%2C576 768w, https:\/\/i0.wp.com\/www.presstourism.ch\/wp-content\/uploads\/2020\/05\/1.2.-Angkor-Vat-des-edifices-\u00e9rig\u00e9s-\u00e0-la-gloire-des-dieux-et-des-rois.jpg?resize=600%2C450 600w\" sizes=\"(max-width: 584px) 100vw, 584px\" data-recalc-dims=\"1\" \/><figcaption>AngkorVat,des \u00e9difices \u00e9rig\u00e9s \u00e0 la gloire des dieux et des rois.<\/figcaption><\/figure>\n\n\n\n<p><strong>Profitant du s\u00e9jour \u00e0 Bangkok en Orient Express, les voyageurs peuvent \u00e9galement s\u2019offrir une autre immersion dans l\u2019Asie du Sud-Est et visiter au Cambodge,<\/strong><strong> Angkor et ses temples consid\u00e9r\u00e9s comme la 8<sup>e<\/sup> merveille du monde&nbsp;! Longtemps abandonn\u00e9e, plong\u00e9e dans les t\u00e9n\u00e8bres d\u2019une politique r\u00e9pressive, Angkor est l\u2019\u00e2me du royaume Kmer, sa fiert\u00e9 nationale \u00e0 la beaut\u00e9 grave et somptueuse\u2026 Une l\u00e9gende enfin red\u00e9couverte&nbsp;!<\/strong><\/p>\n\n\n\n<figure class=\"wp-block-gallery columns-3 is-cropped\"><ul class=\"blocks-gallery-grid\"><li class=\"blocks-gallery-item\"><figure><img loading=\"lazy\" width=\"584\" height=\"438\" src=\"https:\/\/i0.wp.com\/www.presstourism.ch\/WP_ALEX\/wp-content\/uploads\/2020\/05\/1.3.-Bassins-et-plans-deau-entourent-les-vestiges-historiques.jpg?resize=584%2C438\" alt=\"\" data-id=\"6930\" data-full-url=\"https:\/\/i0.wp.com\/www.presstourism.ch\/WP_ALEX\/wp-content\/uploads\/2020\/05\/1.3.-Bassins-et-plans-deau-entourent-les-vestiges-historiques.jpg?resize=584%2C438\" data-link=\"http:\/\/www.presstourism.ch\/WP_ALEX\/?attachment_id=6930\" class=\"wp-image-6930\" srcset=\"https:\/\/i0.wp.com\/www.presstourism.ch\/wp-content\/uploads\/2020\/05\/1.3.-Bassins-et-plans-deau-entourent-les-vestiges-historiques.jpg?w=900 900w, https:\/\/i0.wp.com\/www.presstourism.ch\/wp-content\/uploads\/2020\/05\/1.3.-Bassins-et-plans-deau-entourent-les-vestiges-historiques.jpg?resize=300%2C225 300w, https:\/\/i0.wp.com\/www.presstourism.ch\/wp-content\/uploads\/2020\/05\/1.3.-Bassins-et-plans-deau-entourent-les-vestiges-historiques.jpg?resize=768%2C576 768w, https:\/\/i0.wp.com\/www.presstourism.ch\/wp-content\/uploads\/2020\/05\/1.3.-Bassins-et-plans-deau-entourent-les-vestiges-historiques.jpg?resize=600%2C450 600w\" sizes=\"(max-width: 584px) 100vw, 584px\" data-recalc-dims=\"1\" \/><\/figure><\/li><li class=\"blocks-gallery-item\"><figure><img loading=\"lazy\" width=\"584\" height=\"438\" src=\"https:\/\/i0.wp.com\/www.presstourism.ch\/WP_ALEX\/wp-content\/uploads\/2020\/05\/1.1.-Angkor-Vat-lensemble-s\u00e9tend-sur-400km2.jpg?resize=584%2C438\" alt=\"\" data-id=\"6928\" data-full-url=\"https:\/\/i0.wp.com\/www.presstourism.ch\/WP_ALEX\/wp-content\/uploads\/2020\/05\/1.1.-Angkor-Vat-lensemble-s\u00e9tend-sur-400km2.jpg?resize=584%2C438\" data-link=\"http:\/\/www.presstourism.ch\/WP_ALEX\/?attachment_id=6928\" class=\"wp-image-6928\" srcset=\"https:\/\/i2.wp.com\/www.presstourism.ch\/wp-content\/uploads\/2020\/05\/1.1.-Angkor-Vat-lensemble-s\u00e9tend-sur-400km2.jpg?w=900 900w, https:\/\/i2.wp.com\/www.presstourism.ch\/wp-content\/uploads\/2020\/05\/1.1.-Angkor-Vat-lensemble-s\u00e9tend-sur-400km2.jpg?resize=300%2C225 300w, https:\/\/i2.wp.com\/www.presstourism.ch\/wp-content\/uploads\/2020\/05\/1.1.-Angkor-Vat-lensemble-s\u00e9tend-sur-400km2.jpg?resize=768%2C576 768w, https:\/\/i2.wp.com\/www.presstourism.ch\/wp-content\/uploads\/2020\/05\/1.1.-Angkor-Vat-lensemble-s\u00e9tend-sur-400km2.jpg?resize=600%2C450 600w\" sizes=\"(max-width: 584px) 100vw, 584px\" data-recalc-dims=\"1\" \/><\/figure><\/li><li class=\"blocks-gallery-item\"><figure><img loading=\"lazy\" width=\"584\" height=\"438\" src=\"https:\/\/i0.wp.com\/www.presstourism.ch\/WP_ALEX\/wp-content\/uploads\/2020\/05\/1.5.-Monuments-et-statues-gigantesques-se-suivent-\u00e0-perte-de-vue.jpg?resize=584%2C438\" alt=\"\" data-id=\"6932\" data-full-url=\"https:\/\/i0.wp.com\/www.presstourism.ch\/WP_ALEX\/wp-content\/uploads\/2020\/05\/1.5.-Monuments-et-statues-gigantesques-se-suivent-\u00e0-perte-de-vue.jpg?resize=584%2C438\" data-link=\"http:\/\/www.presstourism.ch\/WP_ALEX\/?attachment_id=6932\" class=\"wp-image-6932\" srcset=\"https:\/\/i0.wp.com\/www.presstourism.ch\/wp-content\/uploads\/2020\/05\/1.5.-Monuments-et-statues-gigantesques-se-suivent-\u00e0-perte-de-vue.jpg?w=900 900w, https:\/\/i0.wp.com\/www.presstourism.ch\/wp-content\/uploads\/2020\/05\/1.5.-Monuments-et-statues-gigantesques-se-suivent-\u00e0-perte-de-vue.jpg?resize=300%2C225 300w, https:\/\/i0.wp.com\/www.presstourism.ch\/wp-content\/uploads\/2020\/05\/1.5.-Monuments-et-statues-gigantesques-se-suivent-\u00e0-perte-de-vue.jpg?resize=768%2C576 768w, https:\/\/i0.wp.com\/www.presstourism.ch\/wp-content\/uploads\/2020\/05\/1.5.-Monuments-et-statues-gigantesques-se-suivent-\u00e0-perte-de-vue.jpg?resize=600%2C450 600w\" sizes=\"(max-width: 584px) 100vw, 584px\" data-recalc-dims=\"1\" \/><\/figure><\/li><li class=\"blocks-gallery-item\"><figure><img loading=\"lazy\" width=\"584\" height=\"438\" src=\"https:\/\/i2.wp.com\/www.presstourism.ch\/WP_ALEX\/wp-content\/uploads\/2020\/05\/1.4.-En-attendant-le-lever-du-soleil-panorama-sur-le-site-dAngkor-Vat.jpg?resize=584%2C438\" alt=\"\" data-id=\"6931\" data-full-url=\"https:\/\/i2.wp.com\/www.presstourism.ch\/WP_ALEX\/wp-content\/uploads\/2020\/05\/1.4.-En-attendant-le-lever-du-soleil-panorama-sur-le-site-dAngkor-Vat.jpg?resize=584%2C438\" data-link=\"http:\/\/www.presstourism.ch\/WP_ALEX\/?attachment_id=6931\" class=\"wp-image-6931\" srcset=\"https:\/\/i1.wp.com\/www.presstourism.ch\/wp-content\/uploads\/2020\/05\/1.4.-En-attendant-le-lever-du-soleil-panorama-sur-le-site-dAngkor-Vat.jpg?w=900 900w, https:\/\/i1.wp.com\/www.presstourism.ch\/wp-content\/uploads\/2020\/05\/1.4.-En-attendant-le-lever-du-soleil-panorama-sur-le-site-dAngkor-Vat.jpg?resize=300%2C225 300w, https:\/\/i1.wp.com\/www.presstourism.ch\/wp-content\/uploads\/2020\/05\/1.4.-En-attendant-le-lever-du-soleil-panorama-sur-le-site-dAngkor-Vat.jpg?resize=768%2C576 768w, https:\/\/i1.wp.com\/www.presstourism.ch\/wp-content\/uploads\/2020\/05\/1.4.-En-attendant-le-lever-du-soleil-panorama-sur-le-site-dAngkor-Vat.jpg?resize=600%2C450 600w\" sizes=\"(max-width: 584px) 100vw, 584px\" data-recalc-dims=\"1\" \/><\/figure><\/li><\/ul><\/figure>\n\n\n\n<p>Situ\u00e9 seulement \u00e0 7 kilom\u00e8tres de la ville de Siem Reap et de son a\u00e9roport&nbsp; &#8211; avec connexion directe depuis Bangkok o\u00f9 arrive l\u2019Orient Express &#8211; l\u2019ensemble des vestiges historiques d\u2019Angkor Vat pr\u00e9sente une architecture in\u00e9gal\u00e9e, \u00e9rig\u00e9e \u00e0 la gloire des dieux et des rois. C\u2019est un parc immense regroupant pas moins de 287 temples pour lesquels tous les superlatifs sont permis&nbsp;! Admir\u00e9 pour sa beaut\u00e9 et sa taille impressionnante, Angkor est class\u00e9 au Patrimoine mondial de l\u2019UNESCO. B\u00e2ti en gradins sur un tertre artificiel, le plus imposant site arch\u00e9ologique du monde fut construit entre les IXe et XIIIe si\u00e8cles\u2026 Symbole du style classique de l&rsquo;<a href=\"about:blank\">architecture khm\u00e8re<\/a>, l\u2019effigie des douves d\u2019Angkor Vat &#8211; le plus grand des temples et le mieux pr\u00e9serv\u00e9 \u2013 figure sur le drapeau cambodgien.<strong><\/strong><\/p>\n\n\n\n<p><strong>Capitale et lieu de culte hindou et bouddhiste<\/strong><\/p>\n\n\n\n<figure class=\"wp-block-image size-large\"><img loading=\"lazy\" width=\"584\" height=\"438\" src=\"https:\/\/i0.wp.com\/www.presstourism.ch\/WP_ALEX\/wp-content\/uploads\/2020\/05\/2.2.-Angkor-Vat-lieu-de-culte-jadis-Hindouiste-et-Bouddhiste.jpg?resize=584%2C438\" alt=\"\" class=\"wp-image-6934\" srcset=\"https:\/\/i0.wp.com\/www.presstourism.ch\/wp-content\/uploads\/2020\/05\/2.2.-Angkor-Vat-lieu-de-culte-jadis-Hindouiste-et-Bouddhiste.jpg?w=900 900w, https:\/\/i0.wp.com\/www.presstourism.ch\/wp-content\/uploads\/2020\/05\/2.2.-Angkor-Vat-lieu-de-culte-jadis-Hindouiste-et-Bouddhiste.jpg?resize=300%2C225 300w, https:\/\/i0.wp.com\/www.presstourism.ch\/wp-content\/uploads\/2020\/05\/2.2.-Angkor-Vat-lieu-de-culte-jadis-Hindouiste-et-Bouddhiste.jpg?resize=768%2C576 768w, https:\/\/i0.wp.com\/www.presstourism.ch\/wp-content\/uploads\/2020\/05\/2.2.-Angkor-Vat-lieu-de-culte-jadis-Hindouiste-et-Bouddhiste.jpg?resize=600%2C450 600w\" sizes=\"(max-width: 584px) 100vw, 584px\" data-recalc-dims=\"1\" \/><\/figure>\n\n\n\n<figure class=\"wp-block-gallery columns-3 is-cropped\"><ul class=\"blocks-gallery-grid\"><li class=\"blocks-gallery-item\"><figure><img loading=\"lazy\" width=\"584\" height=\"438\" src=\"https:\/\/i2.wp.com\/www.presstourism.ch\/WP_ALEX\/wp-content\/uploads\/2020\/05\/2.1.-Angkor-Vat-un-parc-immense-de-287-temples.jpg?resize=584%2C438\" alt=\"\" data-id=\"6933\" data-full-url=\"https:\/\/i2.wp.com\/www.presstourism.ch\/WP_ALEX\/wp-content\/uploads\/2020\/05\/2.1.-Angkor-Vat-un-parc-immense-de-287-temples.jpg?resize=584%2C438\" data-link=\"http:\/\/www.presstourism.ch\/WP_ALEX\/?attachment_id=6933\" class=\"wp-image-6933\" srcset=\"https:\/\/i1.wp.com\/www.presstourism.ch\/wp-content\/uploads\/2020\/05\/2.1.-Angkor-Vat-un-parc-immense-de-287-temples.jpg?w=900 900w, https:\/\/i1.wp.com\/www.presstourism.ch\/wp-content\/uploads\/2020\/05\/2.1.-Angkor-Vat-un-parc-immense-de-287-temples.jpg?resize=300%2C225 300w, https:\/\/i1.wp.com\/www.presstourism.ch\/wp-content\/uploads\/2020\/05\/2.1.-Angkor-Vat-un-parc-immense-de-287-temples.jpg?resize=768%2C576 768w, https:\/\/i1.wp.com\/www.presstourism.ch\/wp-content\/uploads\/2020\/05\/2.1.-Angkor-Vat-un-parc-immense-de-287-temples.jpg?resize=600%2C450 600w\" sizes=\"(max-width: 584px) 100vw, 584px\" data-recalc-dims=\"1\" \/><\/figure><\/li><li class=\"blocks-gallery-item\"><figure><img loading=\"lazy\" width=\"584\" height=\"438\" src=\"https:\/\/i0.wp.com\/www.presstourism.ch\/WP_ALEX\/wp-content\/uploads\/2020\/05\/2.3.-D\u00e9tail-de-sculptures-Angkor-Vat.jpg?resize=584%2C438\" alt=\"\" data-id=\"6935\" data-full-url=\"https:\/\/i0.wp.com\/www.presstourism.ch\/WP_ALEX\/wp-content\/uploads\/2020\/05\/2.3.-D\u00e9tail-de-sculptures-Angkor-Vat.jpg?resize=584%2C438\" data-link=\"http:\/\/www.presstourism.ch\/WP_ALEX\/?attachment_id=6935\" class=\"wp-image-6935\" srcset=\"https:\/\/i1.wp.com\/www.presstourism.ch\/wp-content\/uploads\/2020\/05\/2.3.-D\u00e9tail-de-sculptures-Angkor-Vat.jpg?w=900 900w, https:\/\/i1.wp.com\/www.presstourism.ch\/wp-content\/uploads\/2020\/05\/2.3.-D\u00e9tail-de-sculptures-Angkor-Vat.jpg?resize=300%2C225 300w, https:\/\/i1.wp.com\/www.presstourism.ch\/wp-content\/uploads\/2020\/05\/2.3.-D\u00e9tail-de-sculptures-Angkor-Vat.jpg?resize=768%2C576 768w, https:\/\/i1.wp.com\/www.presstourism.ch\/wp-content\/uploads\/2020\/05\/2.3.-D\u00e9tail-de-sculptures-Angkor-Vat.jpg?resize=600%2C450 600w\" sizes=\"(max-width: 584px) 100vw, 584px\" data-recalc-dims=\"1\" \/><\/figure><\/li><li class=\"blocks-gallery-item\"><figure><img loading=\"lazy\" width=\"584\" height=\"438\" src=\"https:\/\/i0.wp.com\/www.presstourism.ch\/WP_ALEX\/wp-content\/uploads\/2020\/05\/2.4.-Partout-les-restes-dune-impressionnante-architecture.jpg?resize=584%2C438\" alt=\"\" data-id=\"6936\" data-full-url=\"https:\/\/i0.wp.com\/www.presstourism.ch\/WP_ALEX\/wp-content\/uploads\/2020\/05\/2.4.-Partout-les-restes-dune-impressionnante-architecture.jpg?resize=584%2C438\" data-link=\"http:\/\/www.presstourism.ch\/WP_ALEX\/?attachment_id=6936\" class=\"wp-image-6936\" srcset=\"https:\/\/i0.wp.com\/www.presstourism.ch\/wp-content\/uploads\/2020\/05\/2.4.-Partout-les-restes-dune-impressionnante-architecture.jpg?w=900 900w, https:\/\/i0.wp.com\/www.presstourism.ch\/wp-content\/uploads\/2020\/05\/2.4.-Partout-les-restes-dune-impressionnante-architecture.jpg?resize=300%2C225 300w, https:\/\/i0.wp.com\/www.presstourism.ch\/wp-content\/uploads\/2020\/05\/2.4.-Partout-les-restes-dune-impressionnante-architecture.jpg?resize=768%2C576 768w, https:\/\/i0.wp.com\/www.presstourism.ch\/wp-content\/uploads\/2020\/05\/2.4.-Partout-les-restes-dune-impressionnante-architecture.jpg?resize=600%2C450 600w\" sizes=\"(max-width: 584px) 100vw, 584px\" data-recalc-dims=\"1\" \/><\/figure><\/li><li class=\"blocks-gallery-item\"><figure><img loading=\"lazy\" width=\"584\" height=\"438\" src=\"https:\/\/i1.wp.com\/www.presstourism.ch\/WP_ALEX\/wp-content\/uploads\/2020\/05\/2.5.-La-force-de-la-nature-reprend-ici-ses-droits.jpg?resize=584%2C438\" alt=\"\" data-id=\"6937\" data-full-url=\"https:\/\/i1.wp.com\/www.presstourism.ch\/WP_ALEX\/wp-content\/uploads\/2020\/05\/2.5.-La-force-de-la-nature-reprend-ici-ses-droits.jpg?resize=584%2C438\" data-link=\"http:\/\/www.presstourism.ch\/WP_ALEX\/?attachment_id=6937\" class=\"wp-image-6937\" srcset=\"https:\/\/i0.wp.com\/www.presstourism.ch\/wp-content\/uploads\/2020\/05\/2.5.-La-force-de-la-nature-reprend-ici-ses-droits.jpg?w=900 900w, https:\/\/i0.wp.com\/www.presstourism.ch\/wp-content\/uploads\/2020\/05\/2.5.-La-force-de-la-nature-reprend-ici-ses-droits.jpg?resize=300%2C225 300w, https:\/\/i0.wp.com\/www.presstourism.ch\/wp-content\/uploads\/2020\/05\/2.5.-La-force-de-la-nature-reprend-ici-ses-droits.jpg?resize=768%2C576 768w, https:\/\/i0.wp.com\/www.presstourism.ch\/wp-content\/uploads\/2020\/05\/2.5.-La-force-de-la-nature-reprend-ici-ses-droits.jpg?resize=600%2C450 600w\" sizes=\"(max-width: 584px) 100vw, 584px\" data-recalc-dims=\"1\" \/><\/figure><\/li><\/ul><\/figure>\n\n\n\n<p>D\u00e9couvert par un moine portugais en 1586, Angkor n\u2019a v\u00e9ritablement \u00e9t\u00e9 connu en Europe qu\u2019au XIXe si\u00e8cle. S\u2019\u00e9tendant sur 400 km2, le complexe s\u2019exprime dans le grandiose avec la parade des statues g\u00e9antes, des constructions tout en hauteur et des mat\u00e9riaux &#8211; principalement des gr\u00e8s de diff\u00e9rentes couleurs &#8211; d\u00e9coup\u00e9s en \u00e9normes blocs assembl\u00e9s sans ciment. Partout, la repr\u00e9sentation des dieux, statues humaines et animales foisonne et remplit l\u2019espace, les d\u00e9corations florales \u00e9tant r\u00e9serv\u00e9es aux moulures et aux chapiteaux cependant que les combats et l\u00e9gendes se d\u00e9roulent sur de vastes bas reliefs\u2026 Etonnement, les architectes de l\u2019\u00e9difice, les ma\u00eetres visionnaires de cette \u0153uvre stup\u00e9fiante, demeurent totalement inconnus&nbsp;!<\/p>\n\n\n\n<figure class=\"wp-block-image size-large\"><img loading=\"lazy\" width=\"584\" height=\"779\" src=\"https:\/\/i1.wp.com\/www.presstourism.ch\/WP_ALEX\/wp-content\/uploads\/2020\/05\/3.5.-Sculpture-de-divinit\u00e9.jpg?resize=584%2C779\" alt=\"\" class=\"wp-image-6942\" srcset=\"https:\/\/i2.wp.com\/www.presstourism.ch\/wp-content\/uploads\/2020\/05\/3.5.-Sculpture-de-divinit\u00e9.jpg?w=675 675w, https:\/\/i2.wp.com\/www.presstourism.ch\/wp-content\/uploads\/2020\/05\/3.5.-Sculpture-de-divinit\u00e9.jpg?resize=225%2C300 225w, https:\/\/i2.wp.com\/www.presstourism.ch\/wp-content\/uploads\/2020\/05\/3.5.-Sculpture-de-divinit\u00e9.jpg?resize=600%2C800 600w\" sizes=\"(max-width: 584px) 100vw, 584px\" data-recalc-dims=\"1\" \/><\/figure>\n\n\n\n<p>Hindouiste lors de sa construction &#8211; d\u00e9di\u00e9 \u00e0 Vishnou &#8211; et, bouddhiste par la suite entre le XIV et le XVe si\u00e8cle, Angkor Vat est le temple le plus visit\u00e9 du complexe monumental d&rsquo;<a href=\"about:blank\">Angkor<\/a>. Edifi\u00e9 au XIIe si\u00e8cle par le roi <a href=\"about:blank\">Suryavarman II<\/a>, il fut en m\u00eame temps capitale et lieu de culte et reste, encore aujourd\u2019hui, un important centre religieux. Apr\u00e8s la guerre civile qui a secou\u00e9 le pays entre 1970 et 1980, de consid\u00e9rables efforts de restauration ont \u00e9t\u00e9 entrepris. La v\u00e9g\u00e9tation envahissante et l\u2019\u00e9rosion du climat ont caus\u00e9 &#8211; et causent toujours &#8211; davantage de d\u00e9g\u00e2ts \u00e0 Angkor Vat que les vols et la destruction durant les ann\u00e9es de conflits. Un site myst\u00e9rieux qui n\u2019a pas fini de fasciner. <\/p>\n\n\n\n<figure class=\"wp-block-gallery columns-3 is-cropped\"><ul class=\"blocks-gallery-grid\"><li class=\"blocks-gallery-item\"><figure><img loading=\"lazy\" width=\"584\" height=\"438\" src=\"https:\/\/i2.wp.com\/www.presstourism.ch\/WP_ALEX\/wp-content\/uploads\/2020\/05\/3.4.-Un-ensemble-unique-de-t\u00eates-Kmer.jpg?resize=584%2C438\" alt=\"\" data-id=\"6941\" data-full-url=\"https:\/\/i2.wp.com\/www.presstourism.ch\/WP_ALEX\/wp-content\/uploads\/2020\/05\/3.4.-Un-ensemble-unique-de-t\u00eates-Kmer.jpg?resize=584%2C438\" data-link=\"http:\/\/www.presstourism.ch\/WP_ALEX\/?attachment_id=6941\" class=\"wp-image-6941\" srcset=\"https:\/\/i2.wp.com\/www.presstourism.ch\/wp-content\/uploads\/2020\/05\/3.4.-Un-ensemble-unique-de-t\u00eates-Kmer.jpg?w=900 900w, https:\/\/i2.wp.com\/www.presstourism.ch\/wp-content\/uploads\/2020\/05\/3.4.-Un-ensemble-unique-de-t\u00eates-Kmer.jpg?resize=300%2C225 300w, https:\/\/i2.wp.com\/www.presstourism.ch\/wp-content\/uploads\/2020\/05\/3.4.-Un-ensemble-unique-de-t\u00eates-Kmer.jpg?resize=768%2C576 768w, https:\/\/i2.wp.com\/www.presstourism.ch\/wp-content\/uploads\/2020\/05\/3.4.-Un-ensemble-unique-de-t\u00eates-Kmer.jpg?resize=600%2C450 600w\" sizes=\"(max-width: 584px) 100vw, 584px\" data-recalc-dims=\"1\" \/><\/figure><\/li><li class=\"blocks-gallery-item\"><figure><img loading=\"lazy\" width=\"584\" height=\"779\" src=\"https:\/\/i2.wp.com\/www.presstourism.ch\/WP_ALEX\/wp-content\/uploads\/2020\/05\/3.3.-Imposante-t\u00eate-symbole-de-la-puissance-Kmer.jpg?resize=584%2C779\" alt=\"\" data-id=\"6940\" data-full-url=\"https:\/\/i2.wp.com\/www.presstourism.ch\/WP_ALEX\/wp-content\/uploads\/2020\/05\/3.3.-Imposante-t\u00eate-symbole-de-la-puissance-Kmer.jpg?resize=584%2C779\" data-link=\"http:\/\/www.presstourism.ch\/WP_ALEX\/?attachment_id=6940\" class=\"wp-image-6940\" srcset=\"https:\/\/i1.wp.com\/www.presstourism.ch\/wp-content\/uploads\/2020\/05\/3.3.-Imposante-t\u00eate-symbole-de-la-puissance-Kmer.jpg?w=675 675w, https:\/\/i1.wp.com\/www.presstourism.ch\/wp-content\/uploads\/2020\/05\/3.3.-Imposante-t\u00eate-symbole-de-la-puissance-Kmer.jpg?resize=225%2C300 225w, https:\/\/i1.wp.com\/www.presstourism.ch\/wp-content\/uploads\/2020\/05\/3.3.-Imposante-t\u00eate-symbole-de-la-puissance-Kmer.jpg?resize=600%2C800 600w\" sizes=\"(max-width: 584px) 100vw, 584px\" data-recalc-dims=\"1\" \/><\/figure><\/li><li class=\"blocks-gallery-item\"><figure><img loading=\"lazy\" width=\"584\" height=\"779\" src=\"https:\/\/i0.wp.com\/www.presstourism.ch\/WP_ALEX\/wp-content\/uploads\/2020\/05\/3.2.-Ruines-et-majest\u00e9-sur-le-site-d-Angkor-Vat.jpg?resize=584%2C779\" alt=\"\" data-id=\"6939\" data-full-url=\"https:\/\/i0.wp.com\/www.presstourism.ch\/WP_ALEX\/wp-content\/uploads\/2020\/05\/3.2.-Ruines-et-majest\u00e9-sur-le-site-d-Angkor-Vat.jpg?resize=584%2C779\" data-link=\"http:\/\/www.presstourism.ch\/WP_ALEX\/?attachment_id=6939\" class=\"wp-image-6939\" srcset=\"https:\/\/i2.wp.com\/www.presstourism.ch\/wp-content\/uploads\/2020\/05\/3.2.-Ruines-et-majest\u00e9-sur-le-site-d-Angkor-Vat.jpg?w=675 675w, https:\/\/i2.wp.com\/www.presstourism.ch\/wp-content\/uploads\/2020\/05\/3.2.-Ruines-et-majest\u00e9-sur-le-site-d-Angkor-Vat.jpg?resize=225%2C300 225w, https:\/\/i2.wp.com\/www.presstourism.ch\/wp-content\/uploads\/2020\/05\/3.2.-Ruines-et-majest\u00e9-sur-le-site-d-Angkor-Vat.jpg?resize=600%2C800 600w\" sizes=\"(max-width: 584px) 100vw, 584px\" data-recalc-dims=\"1\" \/><\/figure><\/li><li class=\"blocks-gallery-item\"><figure><img loading=\"lazy\" width=\"584\" height=\"779\" src=\"https:\/\/i1.wp.com\/www.presstourism.ch\/WP_ALEX\/wp-content\/uploads\/2020\/05\/3.1.-G\u00e9ante-t\u00eate-Kmer-typique-des-\u00e9difices-d-Angkor-Vat.jpg?resize=584%2C779\" alt=\"\" data-id=\"6938\" data-full-url=\"https:\/\/i1.wp.com\/www.presstourism.ch\/WP_ALEX\/wp-content\/uploads\/2020\/05\/3.1.-G\u00e9ante-t\u00eate-Kmer-typique-des-\u00e9difices-d-Angkor-Vat.jpg?resize=584%2C779\" data-link=\"http:\/\/www.presstourism.ch\/WP_ALEX\/?attachment_id=6938\" class=\"wp-image-6938\" srcset=\"https:\/\/i1.wp.com\/www.presstourism.ch\/wp-content\/uploads\/2020\/05\/3.1.-G\u00e9ante-t\u00eate-Kmer-typique-des-\u00e9difices-d-Angkor-Vat.jpg?w=675 675w, https:\/\/i1.wp.com\/www.presstourism.ch\/wp-content\/uploads\/2020\/05\/3.1.-G\u00e9ante-t\u00eate-Kmer-typique-des-\u00e9difices-d-Angkor-Vat.jpg?resize=225%2C300 225w, https:\/\/i1.wp.com\/www.presstourism.ch\/wp-content\/uploads\/2020\/05\/3.1.-G\u00e9ante-t\u00eate-Kmer-typique-des-\u00e9difices-d-Angkor-Vat.jpg?resize=600%2C800 600w\" sizes=\"(max-width: 584px) 100vw, 584px\" data-recalc-dims=\"1\" \/><\/figure><\/li><\/ul><\/figure>\n\n\n\n<p><strong>Texte et photos \u00a9 Georgika Aeby-Demeter<\/strong><\/p>\n","protected":false},"excerpt":{"rendered":"<p>Angkor, m\u00e9moire du peuple Kmer Profitant du s\u00e9jour \u00e0 Bangkok en Orient Express, les voyageurs peuvent \u00e9galement s\u2019offrir une autre immersion dans l\u2019Asie du Sud-Est et visiter au Cambodge, Angkor et ses temples consid\u00e9r\u00e9s comme la 8e merveille du monde&nbsp;! &hellip; <a href=\"http:\/\/www.presstourism.ch\/?page_id=6926\">Continuer la lecture <span class=\"meta-nav\">&rarr;<\/span><\/a><\/p>\n","protected":false},"author":1,"featured_media":0,"parent":184,"menu_order":0,"comment_status":"closed","ping_status":"closed","template":"","meta":{"ngg_post_thumbnail":0,"spay_email":""},"jetpack_sharing_enabled":true,"jetpack_shortlink":"https:\/\/wp.me\/P468TV-1NI","_links":{"self":[{"href":"http:\/\/www.presstourism.ch\/index.php?rest_route=\/wp\/v2\/pages\/6926"}],"collection":[{"href":"http:\/\/www.presstourism.ch\/index.php?rest_route=\/wp\/v2\/pages"}],"about":[{"href":"http:\/\/www.presstourism.ch\/index.php?rest_route=\/wp\/v2\/types\/page"}],"author":[{"embeddable":true,"href":"http:\/\/www.presstourism.ch\/index.php?rest_route=\/wp\/v2\/users\/1"}],"replies":[{"embeddable":true,"href":"http:\/\/www.presstourism.ch\/index.php?rest_route=%2Fwp%2Fv2%2Fcomments&post=6926"}],"version-history":[{"count":3,"href":"http:\/\/www.presstourism.ch\/index.php?rest_route=\/wp\/v2\/pages\/6926\/revisions"}],"predecessor-version":[{"id":6946,"href":"http:\/\/www.presstourism.ch\/index.php?rest_route=\/wp\/v2\/pages\/6926\/revisions\/6946"}],"up":[{"embeddable":true,"href":"http:\/\/www.presstourism.ch\/index.php?rest_route=\/wp\/v2\/pages\/184"}],"wp:attachment":[{"href":"http:\/\/www.presstourism.ch\/index.php?rest_route=%2Fwp%2Fv2%2Fmedia&parent=6926"}],"curies":[{"name":"wp","href":"https:\/\/api.w.org\/{rel}","templated":true}]}}