{"id":691,"date":"2014-04-21T17:36:16","date_gmt":"2014-04-21T16:36:16","guid":{"rendered":"http:\/\/www.presstourism.ch\/WP_ALEX\/?page_id=691"},"modified":"2019-06-04T08:58:04","modified_gmt":"2019-06-04T07:58:04","slug":"sirdey-robert","status":"publish","type":"page","link":"http:\/\/www.presstourism.ch\/?page_id=691","title":{"rendered":"Sirdey Robert"},"content":{"rendered":"<p><a href=\"https:\/\/i2.wp.com\/www.presstourism.ch\/WP_ALEX\/wp-content\/uploads\/2014\/04\/Robert-Sirdey.jpg\"><img loading=\"lazy\" class=\"alignnone wp-image-693\" src=\"https:\/\/i1.wp.com\/www.presstourism.ch\/WP_ALEX\/wp-content\/uploads\/2014\/04\/Robert-Sirdey-219x300.jpg?resize=143%2C196\" alt=\"Robert Sirdey\" width=\"143\" height=\"196\" srcset=\"https:\/\/i0.wp.com\/www.presstourism.ch\/wp-content\/uploads\/2014\/04\/Robert-Sirdey.jpg?resize=219%2C300 219w, https:\/\/i0.wp.com\/www.presstourism.ch\/wp-content\/uploads\/2014\/04\/Robert-Sirdey.jpg?w=468 468w\" sizes=\"(max-width: 143px) 100vw, 143px\" data-recalc-dims=\"1\" \/><\/a><\/p>\n<p>Quelques publications<\/p>\n<blockquote class=\"wp-embedded-content\" data-secret=\"4vCRvXEGkD\"><p><a href=\"http:\/\/www.presstourism.ch\/WP_ALEX\/?page_id=5528\">Rallye A\u00e9rien International<\/a><\/p><\/blockquote>\n<p><iframe title=\"\u00ab\u00a0Rallye A\u00e9rien International\u00a0\u00bb &#8212; presstourism.ch\" class=\"wp-embedded-content\" sandbox=\"allow-scripts\" security=\"restricted\" style=\"position: absolute; clip: rect(1px, 1px, 1px, 1px);\" src=\"http:\/\/www.presstourism.ch\/WP_ALEX\/?page_id=5528&#038;embed=true#?secret=4vCRvXEGkD\" data-secret=\"4vCRvXEGkD\" width=\"584\" height=\"329\" frameborder=\"0\" marginwidth=\"0\" marginheight=\"0\" scrolling=\"no\"><\/iframe><\/p>\n<blockquote class=\"wp-embedded-content\" data-secret=\"SuhYwsdGEc\"><p><a href=\"http:\/\/www.presstourism.ch\/WP_ALEX\/?page_id=5537\">Malaisie : l\u2019Asie rassembl\u00e9e<\/a><\/p><\/blockquote>\n<p><iframe title=\"\u00ab\u00a0Malaisie : l\u2019Asie rassembl\u00e9e\u00a0\u00bb &#8212; presstourism.ch\" class=\"wp-embedded-content\" sandbox=\"allow-scripts\" security=\"restricted\" style=\"position: absolute; clip: rect(1px, 1px, 1px, 1px);\" src=\"http:\/\/www.presstourism.ch\/WP_ALEX\/?page_id=5537&#038;embed=true#?secret=SuhYwsdGEc\" data-secret=\"SuhYwsdGEc\" width=\"584\" height=\"329\" frameborder=\"0\" marginwidth=\"0\" marginheight=\"0\" scrolling=\"no\"><\/iframe><\/p>\n<blockquote class=\"wp-embedded-content\" data-secret=\"qBcKOHinKG\"><p><a href=\"http:\/\/www.presstourism.ch\/WP_ALEX\/?page_id=5515\">Chili : le d\u00e9sert d\u2019Atacama<\/a><\/p><\/blockquote>\n<p><iframe title=\"\u00ab\u00a0Chili : le d\u00e9sert d\u2019Atacama\u00a0\u00bb &#8212; presstourism.ch\" class=\"wp-embedded-content\" sandbox=\"allow-scripts\" security=\"restricted\" style=\"position: absolute; clip: rect(1px, 1px, 1px, 1px);\" src=\"http:\/\/www.presstourism.ch\/WP_ALEX\/?page_id=5515&#038;embed=true#?secret=qBcKOHinKG\" data-secret=\"qBcKOHinKG\" width=\"584\" height=\"329\" frameborder=\"0\" marginwidth=\"0\" marginheight=\"0\" scrolling=\"no\"><\/iframe><\/p>\n<p><a href=\"http:\/\/www.presstourism.ch\/WP_ALEX\/wp-content\/uploads\/2017\/03\/036-049-Rally-copie.pdf\">Canada: Rallye a\u00e9rien 2016<\/a><\/p>\n<p><a href=\"http:\/\/www.presstourism.ch\/WP_ALEX\/wp-content\/uploads\/2014\/10\/Brel-.pdf\">Gen\u00e8ve: Brel \u00e9l\u00e8ve pilote<\/a><\/p>\n<p><a href=\"http:\/\/www.presstourism.ch\/WP_ALEX\/wp-content\/uploads\/2013\/11\/Art-11-BASE-F-corrig\u00e9-pour-mail.pdf\">Martinique<\/a><\/p>\n<p><a href=\"http:\/\/www.presstourism.ch\/WP_ALEX\/wp-content\/uploads\/2014\/04\/Rallye-a\u00e9rien-au-Canada.pdf\">Canada: rallye a\u00e9rien 2007<\/a><\/p>\n<p><a href=\"http:\/\/www.presstourism.ch\/WP_ALEX\/wp-content\/uploads\/2014\/04\/Avions-daffaires.pdf\">Avions d&rsquo;affaires<\/a><\/p>\n","protected":false},"excerpt":{"rendered":"<p>Quelques publications Rallye A\u00e9rien International Malaisie : l\u2019Asie rassembl\u00e9e Chili : le d\u00e9sert d\u2019Atacama Canada: Rallye a\u00e9rien 2016 Gen\u00e8ve: Brel \u00e9l\u00e8ve pilote Martinique Canada: rallye a\u00e9rien 2007 Avions d&rsquo;affaires<\/p>\n","protected":false},"author":1,"featured_media":0,"parent":76,"menu_order":0,"comment_status":"open","ping_status":"open","template":"","meta":{"ngg_post_thumbnail":0,"spay_email":""},"jetpack_sharing_enabled":true,"jetpack_shortlink":"https:\/\/wp.me\/P468TV-b9","_links":{"self":[{"href":"http:\/\/www.presstourism.ch\/index.php?rest_route=\/wp\/v2\/pages\/691"}],"collection":[{"href":"http:\/\/www.presstourism.ch\/index.php?rest_route=\/wp\/v2\/pages"}],"about":[{"href":"http:\/\/www.presstourism.ch\/index.php?rest_route=\/wp\/v2\/types\/page"}],"author":[{"embeddable":true,"href":"http:\/\/www.presstourism.ch\/index.php?rest_route=\/wp\/v2\/users\/1"}],"replies":[{"embeddable":true,"href":"http:\/\/www.presstourism.ch\/index.php?rest_route=%2Fwp%2Fv2%2Fcomments&post=691"}],"version-history":[{"count":8,"href":"http:\/\/www.presstourism.ch\/index.php?rest_route=\/wp\/v2\/pages\/691\/revisions"}],"predecessor-version":[{"id":5546,"href":"http:\/\/www.presstourism.ch\/index.php?rest_route=\/wp\/v2\/pages\/691\/revisions\/5546"}],"up":[{"embeddable":true,"href":"http:\/\/www.presstourism.ch\/index.php?rest_route=\/wp\/v2\/pages\/76"}],"wp:attachment":[{"href":"http:\/\/www.presstourism.ch\/index.php?rest_route=%2Fwp%2Fv2%2Fmedia&parent=691"}],"curies":[{"name":"wp","href":"https:\/\/api.w.org\/{rel}","templated":true}]}}