{"id":6714,"date":"2020-05-06T14:36:24","date_gmt":"2020-05-06T13:36:24","guid":{"rendered":"http:\/\/www.presstourism.ch\/WP_ALEX\/?page_id=6714"},"modified":"2020-05-06T14:36:25","modified_gmt":"2020-05-06T13:36:25","slug":"belfast-la-seconde-vie-du-titanic","status":"publish","type":"page","link":"http:\/\/www.presstourism.ch\/?page_id=6714","title":{"rendered":"Belfast, la seconde vie du Titanic"},"content":{"rendered":"\n<figure class=\"wp-block-image size-large\"><img loading=\"lazy\" width=\"1716\" height=\"1595\" src=\"https:\/\/i2.wp.com\/www.presstourism.ch\/WP_ALEX\/wp-content\/uploads\/2020\/05\/Life_Titanic_F-marina-online-a-1.jpg?fit=640%2C595\" alt=\"\" class=\"wp-image-6715\" srcset=\"https:\/\/i2.wp.com\/www.presstourism.ch\/wp-content\/uploads\/2020\/05\/Life_Titanic_F-marina-online-a-1.jpg?w=1716 1716w, https:\/\/i2.wp.com\/www.presstourism.ch\/wp-content\/uploads\/2020\/05\/Life_Titanic_F-marina-online-a-1.jpg?resize=300%2C279 300w, https:\/\/i2.wp.com\/www.presstourism.ch\/wp-content\/uploads\/2020\/05\/Life_Titanic_F-marina-online-a-1.jpg?resize=1024%2C952 1024w, https:\/\/i2.wp.com\/www.presstourism.ch\/wp-content\/uploads\/2020\/05\/Life_Titanic_F-marina-online-a-1.jpg?resize=768%2C714 768w, https:\/\/i2.wp.com\/www.presstourism.ch\/wp-content\/uploads\/2020\/05\/Life_Titanic_F-marina-online-a-1.jpg?resize=600%2C558 600w, https:\/\/i2.wp.com\/www.presstourism.ch\/wp-content\/uploads\/2020\/05\/Life_Titanic_F-marina-online-a-1.jpg?resize=1536%2C1428 1536w, https:\/\/i2.wp.com\/www.presstourism.ch\/wp-content\/uploads\/2020\/05\/Life_Titanic_F-marina-online-a-1.jpg?resize=1320%2C1227 1320w, https:\/\/i2.wp.com\/www.presstourism.ch\/wp-content\/uploads\/2020\/05\/Life_Titanic_F-marina-online-a-1.jpg?w=1168 1168w\" sizes=\"(max-width: 584px) 100vw, 584px\" \/><\/figure>\n\n\n\n<p>En 2012, cent ans apr\u00e8s la catastrophe du Titanic construit \u00e0 Belfast, en Irlande du nord, la ville a d\u00e9cid\u00e9 de cr\u00e9er un quartier \u00e0 la m\u00e9moire de ses constructeurs visionnaires.&nbsp; &nbsp;<\/p>\n\n\n\n<p>Il est peu avant minuit, ce sinistre 14 avril 1912 lorsque, dans les eaux glac\u00e9es de l&rsquo;oc\u00e9an Atlantique, le RMS Titanic heurte de travers un iceberg au large de Terre-Neuve. La collision emporte dans la mort 1517 des 2223 passagers et membres d&rsquo;\u00e9quipages mont\u00e9s \u00e0 son bord pour le voyage inaugural du paquebot de tous les superlatifs.<\/p>\n\n\n\n<p class=\"has-text-align-right\">Un reportage de Marguerite Martinoli<\/p>\n\n\n\n<div class=\"wp-block-file\"><a href=\"http:\/\/www.presstourism.ch\/WP_ALEX\/wp-content\/uploads\/2020\/05\/Life_Titanic_F-marina-online.ch_-2.pdf\">Titanic<\/a><a href=\"http:\/\/www.presstourism.ch\/WP_ALEX\/wp-content\/uploads\/2020\/05\/Life_Titanic_F-marina-online.ch_-2.pdf\" class=\"wp-block-file__button\" download>T\u00e9l\u00e9charger<\/a><\/div>\n\n\n\n<p><\/p>\n","protected":false},"excerpt":{"rendered":"<p>En 2012, cent ans apr\u00e8s la catastrophe du Titanic construit \u00e0 Belfast, en Irlande du nord, la ville a d\u00e9cid\u00e9 de cr\u00e9er un quartier \u00e0 la m\u00e9moire de ses constructeurs visionnaires.&nbsp; &nbsp; Il est peu avant minuit, ce sinistre 14 &hellip; <a href=\"http:\/\/www.presstourism.ch\/?page_id=6714\">Continuer la lecture <span class=\"meta-nav\">&rarr;<\/span><\/a><\/p>\n","protected":false},"author":1,"featured_media":0,"parent":400,"menu_order":0,"comment_status":"closed","ping_status":"closed","template":"","meta":{"ngg_post_thumbnail":0,"spay_email":""},"jetpack_sharing_enabled":true,"jetpack_shortlink":"https:\/\/wp.me\/P468TV-1Ki","_links":{"self":[{"href":"http:\/\/www.presstourism.ch\/index.php?rest_route=\/wp\/v2\/pages\/6714"}],"collection":[{"href":"http:\/\/www.presstourism.ch\/index.php?rest_route=\/wp\/v2\/pages"}],"about":[{"href":"http:\/\/www.presstourism.ch\/index.php?rest_route=\/wp\/v2\/types\/page"}],"author":[{"embeddable":true,"href":"http:\/\/www.presstourism.ch\/index.php?rest_route=\/wp\/v2\/users\/1"}],"replies":[{"embeddable":true,"href":"http:\/\/www.presstourism.ch\/index.php?rest_route=%2Fwp%2Fv2%2Fcomments&post=6714"}],"version-history":[{"count":1,"href":"http:\/\/www.presstourism.ch\/index.php?rest_route=\/wp\/v2\/pages\/6714\/revisions"}],"predecessor-version":[{"id":6717,"href":"http:\/\/www.presstourism.ch\/index.php?rest_route=\/wp\/v2\/pages\/6714\/revisions\/6717"}],"up":[{"embeddable":true,"href":"http:\/\/www.presstourism.ch\/index.php?rest_route=\/wp\/v2\/pages\/400"}],"wp:attachment":[{"href":"http:\/\/www.presstourism.ch\/index.php?rest_route=%2Fwp%2Fv2%2Fmedia&parent=6714"}],"curies":[{"name":"wp","href":"https:\/\/api.w.org\/{rel}","templated":true}]}}