{"id":6700,"date":"2020-05-06T14:19:27","date_gmt":"2020-05-06T13:19:27","guid":{"rendered":"http:\/\/www.presstourism.ch\/WP_ALEX\/?page_id=6700"},"modified":"2020-05-06T14:19:28","modified_gmt":"2020-05-06T13:19:28","slug":"en-train-a-travers-les-andes","status":"publish","type":"page","link":"http:\/\/www.presstourism.ch\/?page_id=6700","title":{"rendered":"En train \u00e0 travers les Andes"},"content":{"rendered":"\n<figure class=\"wp-block-image size-large\"><img loading=\"lazy\" width=\"2418\" height=\"589\" src=\"https:\/\/i2.wp.com\/www.presstourism.ch\/WP_ALEX\/wp-content\/uploads\/2020\/05\/464-Le-R\u00e9gional-Equateur-b.jpg?fit=640%2C156\" alt=\"\" class=\"wp-image-6701\" srcset=\"https:\/\/i2.wp.com\/www.presstourism.ch\/wp-content\/uploads\/2020\/05\/464-Le-R\u00e9gional-Equateur-b.jpg?w=2418 2418w, https:\/\/i2.wp.com\/www.presstourism.ch\/wp-content\/uploads\/2020\/05\/464-Le-R\u00e9gional-Equateur-b.jpg?resize=300%2C73 300w, https:\/\/i2.wp.com\/www.presstourism.ch\/wp-content\/uploads\/2020\/05\/464-Le-R\u00e9gional-Equateur-b.jpg?resize=1024%2C249 1024w, https:\/\/i2.wp.com\/www.presstourism.ch\/wp-content\/uploads\/2020\/05\/464-Le-R\u00e9gional-Equateur-b.jpg?resize=768%2C187 768w, https:\/\/i2.wp.com\/www.presstourism.ch\/wp-content\/uploads\/2020\/05\/464-Le-R\u00e9gional-Equateur-b.jpg?resize=600%2C146 600w, https:\/\/i2.wp.com\/www.presstourism.ch\/wp-content\/uploads\/2020\/05\/464-Le-R\u00e9gional-Equateur-b.jpg?resize=1536%2C374 1536w, https:\/\/i2.wp.com\/www.presstourism.ch\/wp-content\/uploads\/2020\/05\/464-Le-R\u00e9gional-Equateur-b.jpg?resize=2048%2C499 2048w, https:\/\/i2.wp.com\/www.presstourism.ch\/wp-content\/uploads\/2020\/05\/464-Le-R\u00e9gional-Equateur-b.jpg?resize=1320%2C322 1320w, https:\/\/i2.wp.com\/www.presstourism.ch\/wp-content\/uploads\/2020\/05\/464-Le-R\u00e9gional-Equateur-b.jpg?w=1168 1168w, https:\/\/i2.wp.com\/www.presstourism.ch\/wp-content\/uploads\/2020\/05\/464-Le-R\u00e9gional-Equateur-b.jpg?w=1752 1752w\" sizes=\"(max-width: 584px) 100vw, 584px\" \/><\/figure>\n\n\n\n<p>Au c\u0153ur des Andes, le fameux train \u00e9ponyme symbolise un n\u0153ud ferroviaire strat\u00e9gique qui relie, sur 464 km, la capitale Quito, a plus belle ville coloniale de l&rsquo;Am\u00e9rique latine &#8211; \u00e0 la capitale \u00e9conomique au bord de l&rsquo;oc\u00e9an Pacifique, Guayaquil.<\/p>\n\n\n\n<p class=\"has-text-align-right\">Un reportage de Marguerite Martinoli<\/p>\n\n\n\n<div class=\"wp-block-file\"><a href=\"http:\/\/www.presstourism.ch\/WP_ALEX\/wp-content\/uploads\/2020\/05\/464-Le-R\u00e9gional-Equateur.-En-train-\u00e0-travers-les-Andes-1.pdf\">464-Le-R\u00e9gional-Equateur.-En-train-\u00e0-travers-les-Andes-1<\/a><a href=\"http:\/\/www.presstourism.ch\/WP_ALEX\/wp-content\/uploads\/2020\/05\/464-Le-R\u00e9gional-Equateur.-En-train-\u00e0-travers-les-Andes-1.pdf\" class=\"wp-block-file__button\" download>T\u00e9l\u00e9charger<\/a><\/div>\n","protected":false},"excerpt":{"rendered":"<p>Au c\u0153ur des Andes, le fameux train \u00e9ponyme symbolise un n\u0153ud ferroviaire strat\u00e9gique qui relie, sur 464 km, la capitale Quito, a plus belle ville coloniale de l&rsquo;Am\u00e9rique latine &#8211; \u00e0 la capitale \u00e9conomique au bord de l&rsquo;oc\u00e9an Pacifique, Guayaquil. &hellip; <a href=\"http:\/\/www.presstourism.ch\/?page_id=6700\">Continuer la lecture <span class=\"meta-nav\">&rarr;<\/span><\/a><\/p>\n","protected":false},"author":1,"featured_media":0,"parent":403,"menu_order":0,"comment_status":"closed","ping_status":"closed","template":"","meta":{"ngg_post_thumbnail":0,"spay_email":""},"jetpack_sharing_enabled":true,"jetpack_shortlink":"https:\/\/wp.me\/P468TV-1K4","_links":{"self":[{"href":"http:\/\/www.presstourism.ch\/index.php?rest_route=\/wp\/v2\/pages\/6700"}],"collection":[{"href":"http:\/\/www.presstourism.ch\/index.php?rest_route=\/wp\/v2\/pages"}],"about":[{"href":"http:\/\/www.presstourism.ch\/index.php?rest_route=\/wp\/v2\/types\/page"}],"author":[{"embeddable":true,"href":"http:\/\/www.presstourism.ch\/index.php?rest_route=\/wp\/v2\/users\/1"}],"replies":[{"embeddable":true,"href":"http:\/\/www.presstourism.ch\/index.php?rest_route=%2Fwp%2Fv2%2Fcomments&post=6700"}],"version-history":[{"count":1,"href":"http:\/\/www.presstourism.ch\/index.php?rest_route=\/wp\/v2\/pages\/6700\/revisions"}],"predecessor-version":[{"id":6703,"href":"http:\/\/www.presstourism.ch\/index.php?rest_route=\/wp\/v2\/pages\/6700\/revisions\/6703"}],"up":[{"embeddable":true,"href":"http:\/\/www.presstourism.ch\/index.php?rest_route=\/wp\/v2\/pages\/403"}],"wp:attachment":[{"href":"http:\/\/www.presstourism.ch\/index.php?rest_route=%2Fwp%2Fv2%2Fmedia&parent=6700"}],"curies":[{"name":"wp","href":"https:\/\/api.w.org\/{rel}","templated":true}]}}