{"id":6694,"date":"2020-05-06T14:13:32","date_gmt":"2020-05-06T13:13:32","guid":{"rendered":"http:\/\/www.presstourism.ch\/WP_ALEX\/?page_id=6694"},"modified":"2020-05-06T14:13:33","modified_gmt":"2020-05-06T13:13:33","slug":"la-toscane-par-ses-petits-chemins","status":"publish","type":"page","link":"http:\/\/www.presstourism.ch\/?page_id=6694","title":{"rendered":"La Toscane par ses petits chemins"},"content":{"rendered":"\n<figure class=\"wp-block-image size-large\"><img loading=\"lazy\" width=\"2430\" height=\"716\" src=\"https:\/\/i2.wp.com\/www.presstourism.ch\/WP_ALEX\/wp-content\/uploads\/2020\/05\/461-Le-R\u00e9gional-Italie.jpg?fit=640%2C189\" alt=\"\" class=\"wp-image-6695\" srcset=\"https:\/\/i1.wp.com\/www.presstourism.ch\/wp-content\/uploads\/2020\/05\/461-Le-R\u00e9gional-Italie.jpg?w=2430 2430w, https:\/\/i1.wp.com\/www.presstourism.ch\/wp-content\/uploads\/2020\/05\/461-Le-R\u00e9gional-Italie.jpg?resize=300%2C88 300w, https:\/\/i1.wp.com\/www.presstourism.ch\/wp-content\/uploads\/2020\/05\/461-Le-R\u00e9gional-Italie.jpg?resize=1024%2C302 1024w, https:\/\/i1.wp.com\/www.presstourism.ch\/wp-content\/uploads\/2020\/05\/461-Le-R\u00e9gional-Italie.jpg?resize=768%2C226 768w, https:\/\/i1.wp.com\/www.presstourism.ch\/wp-content\/uploads\/2020\/05\/461-Le-R\u00e9gional-Italie.jpg?resize=600%2C177 600w, https:\/\/i1.wp.com\/www.presstourism.ch\/wp-content\/uploads\/2020\/05\/461-Le-R\u00e9gional-Italie.jpg?resize=1536%2C453 1536w, https:\/\/i1.wp.com\/www.presstourism.ch\/wp-content\/uploads\/2020\/05\/461-Le-R\u00e9gional-Italie.jpg?resize=2048%2C603 2048w, https:\/\/i1.wp.com\/www.presstourism.ch\/wp-content\/uploads\/2020\/05\/461-Le-R\u00e9gional-Italie.jpg?resize=1320%2C389 1320w, https:\/\/i1.wp.com\/www.presstourism.ch\/wp-content\/uploads\/2020\/05\/461-Le-R\u00e9gional-Italie.jpg?w=1168 1168w, https:\/\/i1.wp.com\/www.presstourism.ch\/wp-content\/uploads\/2020\/05\/461-Le-R\u00e9gional-Italie.jpg?w=1752 1752w\" sizes=\"(max-width: 584px) 100vw, 584px\" \/><\/figure>\n\n\n\n<p>Les Etrusques ont v\u00e9cu d\u00e8s&nbsp;le VIIe s av.J.-C. en Etrurie,&nbsp;connue aujourd\u2019hui sous le nom de Toscane. Ils \u00e9taient conscients que&nbsp;cette r\u00e9gion, par son vallonnement&nbsp;harmonieux, procure une ind\u00e9niable&nbsp;qualit\u00e9 de vie.&nbsp;<\/p>\n\n\n\n<p class=\"has-text-align-right\">Un reportage de Marguerite Martinoli<\/p>\n\n\n\n<div class=\"wp-block-file\"><a href=\"http:\/\/www.presstourism.ch\/WP_ALEX\/wp-content\/uploads\/2020\/05\/461-Le-R\u00e9gional-Italie.-La-Toscane-par-ses-petits-chemins.pdf\">461-Le-R\u00e9gional-Italie.-La-Toscane-par-ses-petits-chemins<\/a><a href=\"http:\/\/www.presstourism.ch\/WP_ALEX\/wp-content\/uploads\/2020\/05\/461-Le-R\u00e9gional-Italie.-La-Toscane-par-ses-petits-chemins.pdf\" class=\"wp-block-file__button\" download>T\u00e9l\u00e9charger<\/a><\/div>\n","protected":false},"excerpt":{"rendered":"<p>Les Etrusques ont v\u00e9cu d\u00e8s&nbsp;le VIIe s av.J.-C. en Etrurie,&nbsp;connue aujourd\u2019hui sous le nom de Toscane. Ils \u00e9taient conscients que&nbsp;cette r\u00e9gion, par son vallonnement&nbsp;harmonieux, procure une ind\u00e9niable&nbsp;qualit\u00e9 de vie.&nbsp; Un reportage de Marguerite Martinoli<\/p>\n","protected":false},"author":1,"featured_media":0,"parent":302,"menu_order":0,"comment_status":"closed","ping_status":"closed","template":"","meta":{"ngg_post_thumbnail":0,"spay_email":""},"jetpack_sharing_enabled":true,"jetpack_shortlink":"https:\/\/wp.me\/P468TV-1JY","_links":{"self":[{"href":"http:\/\/www.presstourism.ch\/index.php?rest_route=\/wp\/v2\/pages\/6694"}],"collection":[{"href":"http:\/\/www.presstourism.ch\/index.php?rest_route=\/wp\/v2\/pages"}],"about":[{"href":"http:\/\/www.presstourism.ch\/index.php?rest_route=\/wp\/v2\/types\/page"}],"author":[{"embeddable":true,"href":"http:\/\/www.presstourism.ch\/index.php?rest_route=\/wp\/v2\/users\/1"}],"replies":[{"embeddable":true,"href":"http:\/\/www.presstourism.ch\/index.php?rest_route=%2Fwp%2Fv2%2Fcomments&post=6694"}],"version-history":[{"count":2,"href":"http:\/\/www.presstourism.ch\/index.php?rest_route=\/wp\/v2\/pages\/6694\/revisions"}],"predecessor-version":[{"id":6698,"href":"http:\/\/www.presstourism.ch\/index.php?rest_route=\/wp\/v2\/pages\/6694\/revisions\/6698"}],"up":[{"embeddable":true,"href":"http:\/\/www.presstourism.ch\/index.php?rest_route=\/wp\/v2\/pages\/302"}],"wp:attachment":[{"href":"http:\/\/www.presstourism.ch\/index.php?rest_route=%2Fwp%2Fv2%2Fmedia&parent=6694"}],"curies":[{"name":"wp","href":"https:\/\/api.w.org\/{rel}","templated":true}]}}