{"id":6590,"date":"2020-04-26T22:37:51","date_gmt":"2020-04-26T21:37:51","guid":{"rendered":"http:\/\/www.presstourism.ch\/WP_ALEX\/?page_id=6590"},"modified":"2020-04-26T22:37:52","modified_gmt":"2020-04-26T21:37:52","slug":"la-grande-aventure-du-transsiberien","status":"publish","type":"page","link":"http:\/\/www.presstourism.ch\/?page_id=6590","title":{"rendered":"La grande aventure du Transsib\u00e9rien"},"content":{"rendered":"\n<figure class=\"wp-block-image\"><img src=\"https:\/\/i0.wp.com\/alexdecotte.com\/wp-content\/uploads\/2020\/04\/Copie-2-de-Carte-TRS-bon-Largeur-max.-1024-Hauteur-max.-768-700x394.jpg?resize=584%2C329\" alt=\"\" class=\"wp-image-231\" data-recalc-dims=\"1\"\/><\/figure>\n\n\n\n<p>Le Transsib\u00e9rien&nbsp;! Qui n\u2019a pas r\u00eav\u00e9 de l\u2019emprunter, de Moscou \u00e0 Vladivostok ou P\u00e9kin, une fois au moins dans sa vie&nbsp;? C\u2019est ce second itin\u00e9raire, bifurquant \u00e0 hauteur du lac Ba\u00efkal, que nous avons choisi d\u2019emprunter, via la Mongolie, le d\u00e9sert de Gobi et la Grande Muraille.<\/p>\n\n\n\n<p>Il existe un Transsib\u00e9rien de luxe, r\u00e9serv\u00e9 aux touristes et inaccessible aux voyageurs russes. Ce n\u2019est \u00e9videmment pas \u00e0 bord de ce bijou hors-sol que nous avons voyag\u00e9. D\u2019ailleurs, le mot Transsib\u00e9rien recouvre en r\u00e9alit\u00e9 une profusion de lignes qui, passant pour l\u2019essentiel par le m\u00eame itin\u00e9raire, ne relient qu\u2019une partie des 990 gares implant\u00e9es sur plus de 9000 kilom\u00e8tres. Seuls le Rossyia et le Sibir vont vraiment d\u2019un bout \u00e0 l\u2019autre.<\/p>\n\n\n\n<p>La construction du Transsib\u00e9rien a \u00e9t\u00e9 d\u00e9cid\u00e9e en 1891 pour permettre de relier d\u2019ouest en est les confins de l\u2019empire russe. Plusieurs tron\u00e7ons \u00e9taient d\u00e9j\u00e0 op\u00e9rationnels avant la fin du XIXe si\u00e8cle mais le premier convoi \u00e0 effectuer le trajet complet a quitt\u00e9 Moscou le 5 octobre 1916 pour arriver \u00e0 Vladivostok une dizaine de jours plus tard et\u2026 avec onze fuseaux horaires d\u2019avance.<\/p>\n\n\n\n<p>Lorsqu\u2019on a choisi de faire plusieurs \u00e9tapes pour d\u00e9couvrir les villes et villages \u00e9maillant la ligne, on change \u00e9videmment de train \u00e0 chaque fois. Nous avons choisi de nous arr\u00eater \u00e0 Iekaterinbourg (o\u00f9 prit fin, dans le sang, l\u2019histoire des tsars), Novossibirsk (o\u00f9 il ne faut rater sous aucun pr\u00e9texte l\u2019op\u00e9ra et le mus\u00e9e des chemins de fer), Irkoutsk (sa maison des \u00ab&nbsp;d\u00e9cembristes&nbsp;\u00bb, le souvenir de Michel Strogoff et un d\u00e9tour par le lac Ba\u00efkal), Oulan-Bator (capitale moche mais affectueuse de la Mongolie) et enfin P\u00e9kin, qu\u2019on ne pr\u00e9sente plus.<\/p>\n\n\n\n<p><strong>Premi\u00e8re \u00e9tape&nbsp;: de Moscou \u00e0 Ekaterinbourg<\/strong><\/p>\n\n\n\n<figure class=\"wp-block-image\"><img src=\"https:\/\/i2.wp.com\/alexdecotte.com\/wp-content\/uploads\/2020\/04\/Moscou-D%C5%BDcotte-Largeur-max.-1024-Hauteur-max.-768-700x394.jpg?resize=584%2C329\" alt=\"\" class=\"wp-image-232\" data-recalc-dims=\"1\"\/><\/figure>\n\n\n\n<p>Je n\u2019ai pas que de bons souvenirs de Moscou. En 1971, poursuivi par les escouades du KGB, j\u2019avais \u00e9chapp\u00e9 de justesse \u00e0 quatre ans de prison pour \u00ab&nbsp;espionnage&nbsp;\u00bb, le terme utilis\u00e9 pour une enqu\u00eate journalistique non autoris\u00e9e. Je n\u2019y \u00e9tais revenu qu\u2019apr\u00e8s la fin du communisme mais la brutalit\u00e9 et l\u2019arrogances administratives n\u2019avaient pas disparu. Une incursion dans le \u00ab&nbsp;vrai&nbsp;\u00bb pays (Souzdal, Vladimir, Nijni-Novgorod) m\u2019avait un peu rassur\u00e9 mais que je fus triste pour ce petit peuple m\u00e9pris\u00e9 et craintif, qui nous accueillait en famille, la peur au ventre.<\/p>\n\n\n\n<p>Et me revoici \u00e0 l\u2019h\u00f4tel National, l\u00e0 o\u00f9 j\u2019avais v\u00e9cu confin\u00e9, les sbires \u00e0 ma porte, des jours et des jours. J\u2019aurais pu descendre dans un autre \u00e9tablissement mais j\u2019ai tenu \u00e0 revenir ici, de la m\u00eame mani\u00e8re qu\u2019on pose \u00e0 nouveau la main sur le feu apr\u00e8s s\u2019y \u00eatre br\u00fbl\u00e9.<\/p>\n\n\n\n<p>Moscou, donc, et une visite presque touristique avant le grand d\u00e9part, demain, \u00e0 la gare Yaroslavl.<\/p>\n\n\n\n<figure><iframe loading=\"lazy\" width=\"640\" height=\"360\" src=\"https:\/\/www.youtube.com\/embed\/vI4iZgAQA9c?version=3&amp;rel=1&amp;fs=1&amp;autohide=2&amp;showsearch=0&amp;showinfo=1&amp;iv_load_policy=1&amp;start=6&amp;wmode=transparent\" allowfullscreen=\"true\"><\/iframe><\/figure>\n\n\n\n<p><strong>Deuxi\u00e8me \u00e9tape&nbsp;: Ekaterinbourg<\/strong><\/p>\n\n\n\n<figure class=\"wp-block-image\"><img src=\"https:\/\/i1.wp.com\/alexdecotte.com\/wp-content\/uploads\/2020\/04\/EKTrinbourg-D%C5%BDcotte-Largeur-max.-1024-Hauteur-max.-768-700x394.jpg?resize=584%2C329\" alt=\"\" class=\"wp-image-239\" data-recalc-dims=\"1\"\/><\/figure>\n\n\n\n<p>Apr\u00e8s la&nbsp;r\u00e9volution d\u2019Octobre, le tsar&nbsp;Nicolas II et toute sa famille&nbsp;furent assassin\u00e9s dans les caves de la&nbsp;villa Ipatiev, le&nbsp;17&nbsp;juillet&nbsp;1918. Iakov Sverdlov, chef de la police politique, commandait le peloton d\u2019ex\u00e9cution. Un titre de gloire pour le nouveau pouvoir sovi\u00e9tique, qui rebaptisa la ville \u00ab&nbsp;Sverdlovsk&nbsp;\u00bb, en l\u2019honneur du bourreau. &nbsp;&nbsp;&nbsp;&nbsp;&nbsp;&nbsp;&nbsp;&nbsp;&nbsp;<\/p>\n\n\n\n<figure><iframe loading=\"lazy\" width=\"640\" height=\"360\" src=\"https:\/\/www.youtube.com\/embed\/NO1CdRetDB4?version=3&amp;rel=1&amp;fs=1&amp;autohide=2&amp;showsearch=0&amp;showinfo=1&amp;iv_load_policy=1&amp;wmode=transparent\" allowfullscreen=\"true\"><\/iframe><\/figure>\n\n\n\n<p><strong>Troisi\u00e8me \u00e9tape: d\u2019Ekaterinbourg \u00e0 Novossibirsk<\/strong><\/p>\n\n\n\n<figure class=\"wp-block-image\"><img src=\"https:\/\/i2.wp.com\/alexdecotte.com\/wp-content\/uploads\/2020\/04\/novossibirsk-Largeur-max.-1024-Hauteur-max.-768-700x446.jpg?resize=584%2C372\" alt=\"\" class=\"wp-image-234\" data-recalc-dims=\"1\"\/><\/figure>\n\n\n\n<p>A 2800 km de Moscou, Novossibirsk fut fond\u00e9e en&nbsp;1893&nbsp;pr\u00e8s du pont du chemin de fer enjambant la rivi\u00e8re Ob. De&nbsp;1893&nbsp;jusqu\u2019en&nbsp;1925, elle se nomma Novonikola\u00efevsk, du nom du tsar Nicolas II de Russie. La&nbsp;cath\u00e9drale Saint-Alexandre-Nevski&nbsp;fut le premier b\u00e2timent en pierre \u00e0 y \u00eatre construit, d\u00e8s 1896.<\/p>\n\n\n\n<p>Le plus grand op\u00e9ra de Russie fait \u00e9videmment la renomm\u00e9e de Novossibirsk. Mais notre plus belle d\u00e9couverte aura \u00e9t\u00e9 le petit mus\u00e9e des chemins de fer, dans cette ville qui est n\u00e9e, qui a grandi et qui continue de vivre gr\u00e2ce au Transsib\u00e9rien.<\/p>\n\n\n\n<figure><iframe loading=\"lazy\" width=\"640\" height=\"360\" src=\"https:\/\/www.youtube.com\/embed\/PrFwKUb-A4s?version=3&amp;rel=1&amp;fs=1&amp;autohide=2&amp;showsearch=0&amp;showinfo=1&amp;iv_load_policy=1&amp;wmode=transparent\" allowfullscreen=\"true\"><\/iframe><\/figure>\n\n\n\n<p><strong>Quatri\u00e8me \u00e9tape: de Novossibirsk \u00e0 Irkoutsk<\/strong><\/p>\n\n\n\n<figure class=\"wp-block-image\"><img src=\"https:\/\/i2.wp.com\/alexdecotte.com\/wp-content\/uploads\/2020\/04\/irkoutsk-D%C5%BDcotte-Largeur-max.-1024-Hauteur-max.-768-700x394.jpg?resize=584%2C329\" alt=\"\" class=\"wp-image-233\" data-recalc-dims=\"1\"\/><\/figure>\n\n\n\n<p>1400 km \u00e0 l\u2019est de Novossibirsk, voici Irkoutsk, surnomm\u00e9e \u00ab&nbsp;le petit Paris de la Sib\u00e9rie&nbsp;\u00bb, allez savoir pourquoi. Bien avant l\u2019arriv\u00e9e du Transsib\u00e9rien, la ville abrita un important comptoir pour les fourrures pr\u00e9lev\u00e9e sur la faune de zibelines et autres loutres par le petit peuple des Bouriates. On y exploita aussi l\u2019or et l\u2019ivoire de mammouth\u2026<\/p>\n\n\n\n<p>C\u2019est \u00e0 Irkoutsk que le tsar d\u00e9porta prisonniers et opposants politiques, parmi lesquels les c\u00e9l\u00e8bres \u00ab&nbsp;d\u00e9cembristes&nbsp;\u00bb, officiers lib\u00e9raux qui avaient tent\u00e9 de soulever, en 1825, la garnison de&nbsp;Saint-P\u00e9tersbourg.&nbsp;<\/p>\n\n\n\n<figure><iframe loading=\"lazy\" width=\"640\" height=\"360\" src=\"https:\/\/www.youtube.com\/embed\/codf--mnV24?version=3&amp;rel=1&amp;fs=1&amp;autohide=2&amp;showsearch=0&amp;showinfo=1&amp;iv_load_policy=1&amp;wmode=transparent\" allowfullscreen=\"true\"><\/iframe><\/figure>\n\n\n\n<p>Mais, avant de bifurquer vers la Mongolie, comment faire \u00e9tape \u00e0 Irkoutk sans s\u2019offrir un d\u00e9tour (55 km) jusqu\u2019au lac Ba\u00efkal, le plus profond du monde, contenant la plus grande r\u00e9serve d\u2019eau douce de la plan\u00e8te&nbsp;?<\/p>\n\n\n\n<p><strong>Cinqui\u00e8me \u00e9tape&nbsp;: le lac Ba\u00efkal&nbsp;<\/strong>&nbsp;&nbsp;&nbsp;&nbsp;&nbsp;&nbsp;&nbsp;&nbsp;&nbsp;&nbsp;&nbsp;<\/p>\n\n\n\n<figure class=\"wp-block-image\"><img src=\"https:\/\/i1.wp.com\/alexdecotte.com\/wp-content\/uploads\/2020\/04\/Ba%C3%AFkal-dessin-700x373.jpg?resize=584%2C311\" alt=\"\" class=\"wp-image-235\" data-recalc-dims=\"1\"\/><\/figure>\n\n\n\n<p>Plus grande r\u00e9serve d\u2019eau douce du monde (260 fois celle du L\u00e9man&nbsp;!), le lac Ba\u00efkal est surnomm\u00e9 \u00ab&nbsp;le Perle de la Sib\u00e9rie&nbsp;\u00bb. C\u2019est largement m\u00e9rit\u00e9.<\/p>\n\n\n\n<p>L\u2019emb\u00e2cle de la glace immobilise le lac bien avant l\u2019hiver et la d\u00e9b\u00e2cle n\u2019intervient que six mois plus tard mais la&nbsp;p\u00eache&nbsp;se pratique tout au long de l\u2019ann\u00e9e, m\u00eame en hiver gr\u00e2ce \u00e0 des trous for\u00e9s dans la couche gel\u00e9e, qui peut atteindre un m\u00e8tre d\u2019\u00e9paisseur. On p\u00eachait et on p\u00eache encore un peu d\u2019esturgeon pour produire du caviar mais l\u2019omoul, vari\u00e9t\u00e9 de truite sp\u00e9cifique au Ba\u00efkal, se d\u00e9guste ti\u00e8de et \u00e0 peine fum\u00e9e. Un vrai d\u00e9lice populaire.<\/p>\n\n\n\n<p>Mais il est d\u00e9j\u00e0 temps de repartir plein sud, cap sur la Mongolie. A peine 500 km pour se rendre d\u2019Irkoutsk \u00e0 Oulan-Bator mais un v\u00e9ritable changement d\u2019univers. Le Transsib\u00e9rien, d\u00e9sormais d\u00e9nomm\u00e9 Transmongolien, p\u00e9n\u00e8tre rapidement (enfin rapidement, c\u2019est beaucoup dire) entre collines et montagnes d\u00e9charn\u00e9es. Oubli\u00e9e la grande plaine russe. On change de pays, d\u2019atmosph\u00e8re aussi. Dans les wagons, de souriantes h\u00f4tesses mongoles remplacent agr\u00e9ablement leurs acari\u00e2tres coll\u00e8gues russes et, comme par enchantement, il est d\u00e9sormais autoris\u00e9 d\u2019ouvrir la fen\u00eatre\u2026<\/p>\n\n\n\n<figure><iframe loading=\"lazy\" width=\"640\" height=\"360\" src=\"https:\/\/www.youtube.com\/embed\/DCWGH1Ol05Q?version=3&amp;rel=1&amp;fs=1&amp;autohide=2&amp;showsearch=0&amp;showinfo=1&amp;iv_load_policy=1&amp;wmode=transparent\" allowfullscreen=\"true\"><\/iframe><\/figure>\n\n\n\n<p><strong>Sixi\u00e8me \u00e9tape&nbsp;: Oulan-Bator et d\u00e9sert de Gobi<\/strong><\/p>\n\n\n\n<figure class=\"wp-block-image\"><img src=\"https:\/\/i1.wp.com\/alexdecotte.com\/wp-content\/uploads\/2020\/04\/oulan-bator-1-D%C5%BDcotte-Largeur-max.-1024-Hauteur-max.-768-700x394.jpg?resize=584%2C329\" alt=\"\" class=\"wp-image-236\" data-recalc-dims=\"1\"\/><\/figure>\n\n\n\n<p>Encombr\u00e9e, pollu\u00e9e et bruyante, la capitale mongole, Oulan-Bator, a \u00e9t\u00e9 construite au temps du communisme selon les r\u00e8gles architecturales du communisme. Pas vraiment attrayant. Pourtant, l\u2019atmosph\u00e8re y est plus cordiale qu\u2019en Russie. Parfois m\u00eame affectueuse. J\u2019y \u00e9tais d\u00e9j\u00e0 venu, en route vers les grandes steppes. J\u2019y suis revenu depuis lors. Je l\u2019ai toujours d\u00e9test\u00e9e et aim\u00e9e \u00e0 la fois. J\u2019y retournerais bien plus volontiers qu\u2019\u00e0 Moscou ou P\u00e9kin.<\/p>\n\n\n\n<p>Quant au d\u00e9sert de Gobi, immensit\u00e9 ondul\u00e9e et blanch\u00e2tre, il scintille jusqu\u2019en pleine nuit dans un d\u00e9cor improbable et infini.<\/p>\n\n\n\n<figure><iframe loading=\"lazy\" width=\"640\" height=\"360\" src=\"https:\/\/www.youtube.com\/embed\/lg6ur_oO39Y?version=3&amp;rel=1&amp;fs=1&amp;autohide=2&amp;showsearch=0&amp;showinfo=1&amp;iv_load_policy=1&amp;wmode=transparent\" allowfullscreen=\"true\"><\/iframe><\/figure>\n\n\n\n<p><strong>Septi\u00e8me \u00e9tape&nbsp;: en route vers P\u00e9kin<\/strong>&nbsp;&nbsp;&nbsp;&nbsp;&nbsp;&nbsp;&nbsp;&nbsp;&nbsp;&nbsp;&nbsp;&nbsp;<\/p>\n\n\n\n<figure class=\"wp-block-image\"><img src=\"https:\/\/i2.wp.com\/alexdecotte.com\/wp-content\/uploads\/2020\/04\/beijing-D%C5%BDcotte-Largeur-max.-1024-Hauteur-max.-768-700x394.jpg?resize=584%2C329\" alt=\"\" class=\"wp-image-237\" data-recalc-dims=\"1\"\/><\/figure>\n\n\n\n<p>Le climat change. Ciel plomb\u00e9 de duvet gris \u00e0 l\u2019approche des villes, nuages de pollution plut\u00f4t que de pluie. Quelque part sur la gauche, on devine un instant les cr\u00eates de la Grande Muraille. Et voici P\u00e9kin, le but du voyage. En comptant les diff\u00e9rents arr\u00eats, pr\u00e8s de trois semaines depuis Moscou.<\/p>\n\n\n\n<p>En 2014, il avait \u00e9t\u00e9 question de remplacer le Transsib\u00e9rien historique par un TGV qui couvrirait le trajet en deux jours. Depuis lors, tant mieux. Laissons les Sib\u00e9riens voyager chez eux \u00e0 bon march\u00e9 et aux voyageur occidentaux le r\u00eave d\u2019une aventure \u00e0 nulle autre pareille.<\/p>\n\n\n\n<figure><iframe loading=\"lazy\" width=\"640\" height=\"360\" src=\"https:\/\/www.youtube.com\/embed\/UaJXOBd6jdY?version=3&amp;rel=1&amp;fs=1&amp;autohide=2&amp;showsearch=0&amp;showinfo=1&amp;iv_load_policy=1&amp;wmode=transparent\" allowfullscreen=\"true\"><\/iframe><\/figure>\n\n\n\n<p><strong>En marge de ce long voyage, quelques documents compl\u00e9mentaires&nbsp;:<\/strong><\/p>\n\n\n\n<p><strong>Un hiver avec les nomades mongols (1997)<\/strong><\/p>\n\n\n\n<figure><iframe loading=\"lazy\" width=\"640\" height=\"360\" src=\"https:\/\/www.youtube.com\/embed\/q0v0SM_7OgU?version=3&amp;rel=1&amp;fs=1&amp;autohide=2&amp;showsearch=0&amp;showinfo=1&amp;iv_load_policy=1&amp;start=9&amp;wmode=transparent\" allowfullscreen=\"true\"><\/iframe><\/figure>\n\n\n\n<p><strong>Les Bouriates, population originelle du Ba\u00efkal (2007)<\/strong><\/p>\n\n\n\n<figure><iframe loading=\"lazy\" width=\"640\" height=\"360\" src=\"https:\/\/www.youtube.com\/embed\/8MSnePxWWs4?version=3&amp;rel=1&amp;fs=1&amp;autohide=2&amp;showsearch=0&amp;showinfo=1&amp;iv_load_policy=1&amp;wmode=transparent\" allowfullscreen=\"true\"><\/iframe><\/figure>\n\n\n\n<p><strong>Les jardins de P\u00e9kin (2007)<\/strong><\/p>\n\n\n\n<figure><iframe loading=\"lazy\" width=\"640\" height=\"360\" src=\"https:\/\/www.youtube.com\/embed\/alOWv-rzqj4?version=3&amp;rel=1&amp;fs=1&amp;autohide=2&amp;showsearch=0&amp;showinfo=1&amp;iv_load_policy=1&amp;wmode=transparent\" allowfullscreen=\"true\"><\/iframe><\/figure>\n\n\n\n<p><strong>P\u00e9kin au quotidien (2007)<\/strong><\/p>\n\n\n\n<figure><iframe loading=\"lazy\" width=\"640\" height=\"360\" src=\"https:\/\/www.youtube.com\/embed\/aEocItdhs58?version=3&amp;rel=1&amp;fs=1&amp;autohide=2&amp;showsearch=0&amp;showinfo=1&amp;iv_load_policy=1&amp;wmode=transparent\" allowfullscreen=\"true\"><\/iframe><\/figure>\n","protected":false},"excerpt":{"rendered":"<p>Le Transsib\u00e9rien&nbsp;! Qui n\u2019a pas r\u00eav\u00e9 de l\u2019emprunter, de Moscou \u00e0 Vladivostok ou P\u00e9kin, une fois au moins dans sa vie&nbsp;? C\u2019est ce second itin\u00e9raire, bifurquant \u00e0 hauteur du lac Ba\u00efkal, que nous avons choisi d\u2019emprunter, via la Mongolie, le &hellip; <a href=\"http:\/\/www.presstourism.ch\/?page_id=6590\">Continuer la lecture <span class=\"meta-nav\">&rarr;<\/span><\/a><\/p>\n","protected":false},"author":1,"featured_media":0,"parent":6480,"menu_order":0,"comment_status":"closed","ping_status":"closed","template":"","meta":{"ngg_post_thumbnail":0,"spay_email":""},"jetpack_sharing_enabled":true,"jetpack_shortlink":"https:\/\/wp.me\/P468TV-1Ii","_links":{"self":[{"href":"http:\/\/www.presstourism.ch\/index.php?rest_route=\/wp\/v2\/pages\/6590"}],"collection":[{"href":"http:\/\/www.presstourism.ch\/index.php?rest_route=\/wp\/v2\/pages"}],"about":[{"href":"http:\/\/www.presstourism.ch\/index.php?rest_route=\/wp\/v2\/types\/page"}],"author":[{"embeddable":true,"href":"http:\/\/www.presstourism.ch\/index.php?rest_route=\/wp\/v2\/users\/1"}],"replies":[{"embeddable":true,"href":"http:\/\/www.presstourism.ch\/index.php?rest_route=%2Fwp%2Fv2%2Fcomments&post=6590"}],"version-history":[{"count":1,"href":"http:\/\/www.presstourism.ch\/index.php?rest_route=\/wp\/v2\/pages\/6590\/revisions"}],"predecessor-version":[{"id":6591,"href":"http:\/\/www.presstourism.ch\/index.php?rest_route=\/wp\/v2\/pages\/6590\/revisions\/6591"}],"up":[{"embeddable":true,"href":"http:\/\/www.presstourism.ch\/index.php?rest_route=\/wp\/v2\/pages\/6480"}],"wp:attachment":[{"href":"http:\/\/www.presstourism.ch\/index.php?rest_route=%2Fwp%2Fv2%2Fmedia&parent=6590"}],"curies":[{"name":"wp","href":"https:\/\/api.w.org\/{rel}","templated":true}]}}