{"id":6571,"date":"2020-04-19T21:21:17","date_gmt":"2020-04-19T20:21:17","guid":{"rendered":"http:\/\/www.presstourism.ch\/WP_ALEX\/?page_id=6571"},"modified":"2020-04-19T21:23:39","modified_gmt":"2020-04-19T20:23:39","slug":"rodrigues-as-tu-du-coeur","status":"publish","type":"page","link":"http:\/\/www.presstourism.ch\/?page_id=6571","title":{"rendered":"Rodrigues, as-tu du coeur?"},"content":{"rendered":"\n<p>M\u00eame si les liaisons maritimes et a\u00e9riennes ont fait quelques progr\u00e8s, le voyage \u00e0 Rodrigues reste une authentique aventure. Perdue au beau milieu de l&rsquo;oc\u00e9an Indien, cette \u00eele minuscule appartient officiellement \u00e0 l&rsquo;Ile Maurice mais elle continue de vivre sa propre vie, qui puise ses racines au beau temps des corsaires&#8230;<\/p>\n\n\n\n<p><strong>Laval et Polkarisse<\/strong><\/p>\n\n\n\n<p>Autour de Ben et Tino Gontran, ce groupe de musiciens parmi les plus c\u00e9l\u00e8bres de l&rsquo;\u00eele Rodrigues se r\u00e9sunit chaque semaine pour jouer la musique traditionnelle, laval et polkarisse, accompagn\u00e9e \u00e0 &#8230; l&rsquo;accord\u00e9on diatonique.<\/p>\n\n\n\n<figure class=\"wp-block-embed-youtube wp-block-embed is-type-video is-provider-youtube wp-embed-aspect-4-3 wp-has-aspect-ratio\"><div class=\"wp-block-embed__wrapper\">\n<span class=\"embed-youtube\" style=\"text-align:center; display: block;\"><iframe loading=\"lazy\" class=\"youtube-player\" width=\"584\" height=\"329\" src=\"https:\/\/www.youtube.com\/embed\/e1TCJbXOTrs?version=3&#038;rel=1&#038;showsearch=0&#038;showinfo=1&#038;iv_load_policy=1&#038;fs=1&#038;hl=fr-FR&#038;autohide=2&#038;wmode=transparent\" allowfullscreen=\"true\" style=\"border:0;\" sandbox=\"allow-scripts allow-same-origin allow-popups allow-presentation\"><\/iframe><\/span>\n<\/div><\/figure>\n\n\n\n<p><strong>Le lagon du poisson-picasso<\/strong><\/p>\n\n\n\n<p>L&rsquo;\u00eele Rodrigues est entour\u00e9e d&rsquo;un des plus beaux lagons de l&rsquo;oc\u00e9an Indien. Chaque matin, sur la barque \u00e0 voile, Eliott va y d\u00e9poser les casiers dans lesquels il esp\u00e8re retrouver, le soir, de quoi nourrir sa famille.<\/p>\n\n\n\n<figure class=\"wp-block-embed-youtube wp-block-embed is-type-video is-provider-youtube wp-embed-aspect-4-3 wp-has-aspect-ratio\"><div class=\"wp-block-embed__wrapper\">\n<span class=\"embed-youtube\" style=\"text-align:center; display: block;\"><iframe loading=\"lazy\" class=\"youtube-player\" width=\"584\" height=\"329\" src=\"https:\/\/www.youtube.com\/embed\/DpJJlUQi3V4?version=3&#038;rel=1&#038;showsearch=0&#038;showinfo=1&#038;iv_load_policy=1&#038;fs=1&#038;hl=fr-FR&#038;autohide=2&#038;wmode=transparent\" allowfullscreen=\"true\" style=\"border:0;\" sandbox=\"allow-scripts allow-same-origin allow-popups allow-presentation\"><\/iframe><\/span>\n<\/div><\/figure>\n\n\n\n<p><strong>Le miracle de soeur Sweetee<\/strong><\/p>\n\n\n\n<p>Sur l&rsquo;\u00eele Rodrigues, dans l&rsquo;oc\u00e9an Indien, la religion et la magie se rencontrent \u00e0 la mani\u00e8re des lointains anc\u00eatres africains. Apr\u00e8s le travail des champs, nombreux sont ceux qui se rendent, le dimanche, dans l&rsquo;\u00e9glise de Soeur Sweetee.<\/p>\n\n\n\n<figure class=\"wp-block-embed-youtube wp-block-embed is-type-video is-provider-youtube wp-embed-aspect-4-3 wp-has-aspect-ratio\"><div class=\"wp-block-embed__wrapper\">\n<span class=\"embed-youtube\" style=\"text-align:center; display: block;\"><iframe loading=\"lazy\" class=\"youtube-player\" width=\"584\" height=\"329\" src=\"https:\/\/www.youtube.com\/embed\/PI6smcJHrFE?version=3&#038;rel=1&#038;showsearch=0&#038;showinfo=1&#038;iv_load_policy=1&#038;fs=1&#038;hl=fr-FR&#038;autohide=2&#038;wmode=transparent\" allowfullscreen=\"true\" style=\"border:0;\" sandbox=\"allow-scripts allow-same-origin allow-popups allow-presentation\"><\/iframe><\/span>\n<\/div><\/figure>\n\n\n\n<p><strong>La sorci\u00e8re et l\u2019amourette<\/strong><\/p>\n\n\n\n<p>Sur l&rsquo;\u00eele Rodrigues, au beau milieu de l&rsquo;oc\u00e9an Indien, une jeune fille va se faire tirer les cartes par une gentille sorci\u00e8re pour ne plus trop penser \u00e0 son amoureux&#8230;<\/p>\n\n\n\n<figure class=\"wp-block-embed-youtube wp-block-embed is-type-video is-provider-youtube wp-embed-aspect-4-3 wp-has-aspect-ratio\"><div class=\"wp-block-embed__wrapper\">\n<span class=\"embed-youtube\" style=\"text-align:center; display: block;\"><iframe loading=\"lazy\" class=\"youtube-player\" width=\"584\" height=\"329\" src=\"https:\/\/www.youtube.com\/embed\/iD5zw8fwOgM?version=3&#038;rel=1&#038;showsearch=0&#038;showinfo=1&#038;iv_load_policy=1&#038;fs=1&#038;hl=fr-FR&#038;autohide=2&#038;wmode=transparent\" allowfullscreen=\"true\" style=\"border:0;\" sandbox=\"allow-scripts allow-same-origin allow-popups allow-presentation\"><\/iframe><\/span>\n<\/div><\/figure>\n\n\n\n<p><strong>Le tr\u00e9sor du pirate<\/strong><\/p>\n\n\n\n<p>Dans les montagnes de l&rsquo;\u00eele Rodrigues (Oc\u00e9an Indien), Vagor Limock continue \u00e0 traquer le tr\u00e9sor que l&rsquo;anc\u00eatre de Jean-Marie Le Cl\u00e9zio croyait d\u00e9j\u00e0 avoir identifi\u00e9, voil\u00e0 pr\u00e9s d&rsquo;un si\u00e8cle.<\/p>\n\n\n\n<figure class=\"wp-block-embed-youtube wp-block-embed is-type-video is-provider-youtube wp-embed-aspect-4-3 wp-has-aspect-ratio\"><div class=\"wp-block-embed__wrapper\">\n<span class=\"embed-youtube\" style=\"text-align:center; display: block;\"><iframe loading=\"lazy\" class=\"youtube-player\" width=\"584\" height=\"329\" src=\"https:\/\/www.youtube.com\/embed\/pDgtCjk1Hwo?version=3&#038;rel=1&#038;showsearch=0&#038;showinfo=1&#038;iv_load_policy=1&#038;fs=1&#038;hl=fr-FR&#038;autohide=2&#038;wmode=transparent\" allowfullscreen=\"true\" style=\"border:0;\" sandbox=\"allow-scripts allow-same-origin allow-popups allow-presentation\"><\/iframe><\/span>\n<\/div><\/figure>\n","protected":false},"excerpt":{"rendered":"<p>M\u00eame si les liaisons maritimes et a\u00e9riennes ont fait quelques progr\u00e8s, le voyage \u00e0 Rodrigues reste une authentique aventure. Perdue au beau milieu de l&rsquo;oc\u00e9an Indien, cette \u00eele minuscule appartient officiellement \u00e0 l&rsquo;Ile Maurice mais elle continue de vivre sa &hellip; <a href=\"http:\/\/www.presstourism.ch\/?page_id=6571\">Continuer la lecture <span class=\"meta-nav\">&rarr;<\/span><\/a><\/p>\n","protected":false},"author":1,"featured_media":0,"parent":6480,"menu_order":0,"comment_status":"closed","ping_status":"closed","template":"","meta":{"ngg_post_thumbnail":0,"spay_email":""},"jetpack_sharing_enabled":true,"jetpack_shortlink":"https:\/\/wp.me\/P468TV-1HZ","_links":{"self":[{"href":"http:\/\/www.presstourism.ch\/index.php?rest_route=\/wp\/v2\/pages\/6571"}],"collection":[{"href":"http:\/\/www.presstourism.ch\/index.php?rest_route=\/wp\/v2\/pages"}],"about":[{"href":"http:\/\/www.presstourism.ch\/index.php?rest_route=\/wp\/v2\/types\/page"}],"author":[{"embeddable":true,"href":"http:\/\/www.presstourism.ch\/index.php?rest_route=\/wp\/v2\/users\/1"}],"replies":[{"embeddable":true,"href":"http:\/\/www.presstourism.ch\/index.php?rest_route=%2Fwp%2Fv2%2Fcomments&post=6571"}],"version-history":[{"count":2,"href":"http:\/\/www.presstourism.ch\/index.php?rest_route=\/wp\/v2\/pages\/6571\/revisions"}],"predecessor-version":[{"id":6573,"href":"http:\/\/www.presstourism.ch\/index.php?rest_route=\/wp\/v2\/pages\/6571\/revisions\/6573"}],"up":[{"embeddable":true,"href":"http:\/\/www.presstourism.ch\/index.php?rest_route=\/wp\/v2\/pages\/6480"}],"wp:attachment":[{"href":"http:\/\/www.presstourism.ch\/index.php?rest_route=%2Fwp%2Fv2%2Fmedia&parent=6571"}],"curies":[{"name":"wp","href":"https:\/\/api.w.org\/{rel}","templated":true}]}}