{"id":6541,"date":"2020-04-10T15:29:32","date_gmt":"2020-04-10T14:29:32","guid":{"rendered":"http:\/\/www.presstourism.ch\/WP_ALEX\/?page_id=6541"},"modified":"2020-04-10T15:52:18","modified_gmt":"2020-04-10T14:52:18","slug":"laventure-de-lorient-express","status":"publish","type":"page","link":"http:\/\/www.presstourism.ch\/?page_id=6541","title":{"rendered":"L\u2019aventure de l\u2019Orient-Express"},"content":{"rendered":"\n<p><strong>Premier \u00e9pisode: un peu d&rsquo;histoire<\/strong><\/p>\n\n\n\n<div class=\"wp-block-image\"><figure class=\"aligncenter size-large\"><img loading=\"lazy\" width=\"456\" height=\"363\" src=\"https:\/\/i2.wp.com\/www.presstourism.ch\/WP_ALEX\/wp-content\/uploads\/2020\/04\/Orient-Express-1-Largeur-max.-1024-Hauteur-max.-768.jpg?resize=456%2C363\" alt=\"\" class=\"wp-image-6534\" srcset=\"https:\/\/i2.wp.com\/www.presstourism.ch\/wp-content\/uploads\/2020\/04\/Orient-Express-1-Largeur-max.-1024-Hauteur-max.-768.jpg?w=456 456w, https:\/\/i2.wp.com\/www.presstourism.ch\/wp-content\/uploads\/2020\/04\/Orient-Express-1-Largeur-max.-1024-Hauteur-max.-768.jpg?resize=300%2C239 300w\" sizes=\"(max-width: 456px) 100vw, 456px\" data-recalc-dims=\"1\" \/><\/figure><\/div>\n\n\n\n<p>Le train fut la plus grande aventure du XIX\u00e8me si\u00e8cle et les pionniers de cette glorieuse \u00e9poque appartiennent d\u00e9sormais \u00e0 la l\u00e9gende. \u00ab&nbsp;Roi des trains, train des rois&nbsp;\u00bb, c\u00e9l\u00e8bre dans le monde entier gr\u00e2ce au roman d\u2019Agatha Christie, l\u2019Orient Express fut sans conteste le plus grand, le plus luxueux, le plus fameux.<\/p>\n\n\n\n<p>Le 5 juin 1883, il reliait pour la premi\u00e8re fois Paris \u00e0 Constantinople, la future Istamboul, via Bucarest et Varna o\u00f9, faute de voie ferr\u00e9e, les passagers embarquaient sur un paquebot jusqu\u2019\u00e0 leur destination finale.<\/p>\n\n\n\n<div class=\"wp-block-image\"><figure class=\"aligncenter size-large\"><img loading=\"lazy\" width=\"398\" height=\"456\" src=\"https:\/\/i2.wp.com\/www.presstourism.ch\/WP_ALEX\/wp-content\/uploads\/2020\/04\/DSC00439-Largeur-max.-1024-Hauteur-max.-768.jpg?resize=398%2C456\" alt=\"\" class=\"wp-image-6535\" srcset=\"https:\/\/i0.wp.com\/www.presstourism.ch\/wp-content\/uploads\/2020\/04\/DSC00439-Largeur-max.-1024-Hauteur-max.-768.jpg?w=398 398w, https:\/\/i0.wp.com\/www.presstourism.ch\/wp-content\/uploads\/2020\/04\/DSC00439-Largeur-max.-1024-Hauteur-max.-768.jpg?resize=262%2C300 262w\" sizes=\"(max-width: 398px) 100vw, 398px\" data-recalc-dims=\"1\" \/><\/figure><\/div>\n\n\n\n<p>Pendant pr\u00e8s d\u2019un si\u00e8cle, malgr\u00e9 les emb\u00fbches et les conflits, l\u2019Orient Express tissa un r\u00e9seau historique \u00e0 travers la vieille Europe, jusqu\u2019aux portes de l\u2019Orient. Pourtant, face aux nouveaux moyens de transport, ce train v\u00e9n\u00e9rable v\u00e9cut dans les ann\u00e9es soixante une longue agonie. En mai 1977, l\u2019Orient Express quittait Paris pour son dernier voyage.<\/p>\n\n\n\n<p>Le dernier, vraiment&nbsp;? C\u2019\u00e9tait compter sans James Sherwood, un riche homme d\u2019affaires, qui se mit \u00e0 racheter et \u00e0 restaures un \u00e0 un les wagons laiss\u00e9s \u00e0 l\u2019abandon. Et c\u2019est ainsi que, le 25 mai 1982, l\u2019Orient Express reprit du service sur les itin\u00e9raires d\u2019antan, pour une nouvelle client\u00e8le d\u00e9sireuse de d\u00e9couvrir, \u00e0 bord d\u2019un train mythique et compl\u00e8tement restaur\u00e9, les charmes de l\u2019Europe en devenir, celle-l\u00e0 m\u00eame qu\u2019il avait contribu\u00e9 \u00e0 cr\u00e9er, un si\u00e8cle plus t\u00f4t.<\/p>\n\n\n\n<figure class=\"wp-block-embed-youtube wp-block-embed is-type-video is-provider-youtube wp-embed-aspect-4-3 wp-has-aspect-ratio\"><div class=\"wp-block-embed__wrapper\">\n<span class=\"embed-youtube\" style=\"text-align:center; display: block;\"><iframe loading=\"lazy\" class=\"youtube-player\" width=\"584\" height=\"329\" src=\"https:\/\/www.youtube.com\/embed\/Nl2-Qi8w2ww?version=3&#038;rel=1&#038;showsearch=0&#038;showinfo=1&#038;iv_load_policy=1&#038;fs=1&#038;hl=fr-FR&#038;autohide=2&#038;start=8&#038;wmode=transparent\" allowfullscreen=\"true\" style=\"border:0;\" sandbox=\"allow-scripts allow-same-origin allow-popups allow-presentation\"><\/iframe><\/span>\n<\/div><\/figure>\n\n\n\n<p><strong>Deuxi\u00e8me \u00e9pisode : De Paris \u00e0 Venise<\/strong><\/p>\n\n\n\n<figure class=\"wp-block-image size-large\"><img loading=\"lazy\" width=\"584\" height=\"375\" src=\"https:\/\/i0.wp.com\/www.presstourism.ch\/WP_ALEX\/wp-content\/uploads\/2020\/04\/Gare-de-l-Est-parvis-630x405-C-OTCP-Amelie-Dupont-I-169-37-Largeur-max.-1024-Hauteur-max.-768.jpg?resize=584%2C375\" alt=\"\" class=\"wp-image-6536\" srcset=\"https:\/\/i1.wp.com\/www.presstourism.ch\/wp-content\/uploads\/2020\/04\/Gare-de-l-Est-parvis-630x405-C-OTCP-Amelie-Dupont-I-169-37-Largeur-max.-1024-Hauteur-max.-768.jpg?w=630 630w, https:\/\/i1.wp.com\/www.presstourism.ch\/wp-content\/uploads\/2020\/04\/Gare-de-l-Est-parvis-630x405-C-OTCP-Amelie-Dupont-I-169-37-Largeur-max.-1024-Hauteur-max.-768.jpg?resize=300%2C193 300w, https:\/\/i1.wp.com\/www.presstourism.ch\/wp-content\/uploads\/2020\/04\/Gare-de-l-Est-parvis-630x405-C-OTCP-Amelie-Dupont-I-169-37-Largeur-max.-1024-Hauteur-max.-768.jpg?resize=600%2C386 600w\" sizes=\"(max-width: 584px) 100vw, 584px\" data-recalc-dims=\"1\" \/><\/figure>\n\n\n\n<p>2004. Paris, gare de l\u2019Est, au petit matin. Les passagers venus de Londres dorment encore lorsque l\u2019Orient Express entre en gare. Ils ignorent combien cette br\u00e8ve \u00e9tape va contribuer au plaisir de tout leur voyage. Chef de cuisine \u00e0 bord du train, Christian Bodiguel s\u2019approvisionne \u00e0 Paris, Venise, Budapest, Istamboul. Ici, il choisit en particulier les homards, langoustes et autres turbots qui \u00e9mailleront son extraordinaire carte, le voyage durant.<\/p>\n\n\n\n<p>Apr\u00e8s un bref passage en Suisse, cap sur les Alpes autrichiennes et arriv\u00e9e, le lendemain matin, \u00e0 Venise. Le directeur du VSOE (Venise Simplon Orient Express) est un Suisse, Claude Ginella. Cette renaissance de l\u2019Orient Express, il en a \u00e9t\u00e9 l\u2019un des premiers acteurs, en compagnie du Dr Natale Rusconi, directeur du somptueux h\u00f4tel Cipriani, sur l\u2019\u00eele de la Giudecca, o\u00f9 descendent les vedettes et les plus fortun\u00e9s des passagers du train.<\/p>\n\n\n\n<div class=\"wp-block-image\"><figure class=\"aligncenter size-large\"><img loading=\"lazy\" width=\"584\" height=\"438\" src=\"https:\/\/i0.wp.com\/www.presstourism.ch\/WP_ALEX\/wp-content\/uploads\/2020\/04\/VSOE-02-103-Largeur-max.-1024-Hauteur-max.-768.jpg?resize=584%2C438\" alt=\"\" class=\"wp-image-6537\" srcset=\"https:\/\/i1.wp.com\/www.presstourism.ch\/wp-content\/uploads\/2020\/04\/VSOE-02-103-Largeur-max.-1024-Hauteur-max.-768.jpg?w=1024 1024w, https:\/\/i1.wp.com\/www.presstourism.ch\/wp-content\/uploads\/2020\/04\/VSOE-02-103-Largeur-max.-1024-Hauteur-max.-768.jpg?resize=300%2C225 300w, https:\/\/i1.wp.com\/www.presstourism.ch\/wp-content\/uploads\/2020\/04\/VSOE-02-103-Largeur-max.-1024-Hauteur-max.-768.jpg?resize=768%2C576 768w, https:\/\/i1.wp.com\/www.presstourism.ch\/wp-content\/uploads\/2020\/04\/VSOE-02-103-Largeur-max.-1024-Hauteur-max.-768.jpg?resize=600%2C450 600w\" sizes=\"(max-width: 584px) 100vw, 584px\" data-recalc-dims=\"1\" \/><\/figure><\/div>\n\n\n\n<figure class=\"wp-block-embed-youtube wp-block-embed is-type-video is-provider-youtube wp-embed-aspect-4-3 wp-has-aspect-ratio\"><div class=\"wp-block-embed__wrapper\">\n<span class=\"embed-youtube\" style=\"text-align:center; display: block;\"><iframe loading=\"lazy\" class=\"youtube-player\" width=\"584\" height=\"329\" src=\"https:\/\/www.youtube.com\/embed\/FhyNIWwtXTY?version=3&#038;rel=1&#038;showsearch=0&#038;showinfo=1&#038;iv_load_policy=1&#038;fs=1&#038;hl=fr-FR&#038;autohide=2&#038;start=1&#038;wmode=transparent\" allowfullscreen=\"true\" style=\"border:0;\" sandbox=\"allow-scripts allow-same-origin allow-popups allow-presentation\"><\/iframe><\/span>\n<\/div><\/figure>\n\n\n\n<p><\/p>\n\n\n\n<p><\/p>\n\n\n\n<p><strong>Troisi\u00e8me \u00e9pisode\u00a0:\u00a0 de Venise \u00e0 Budapest<\/strong><\/p>\n\n\n\n<figure class=\"wp-block-image size-large\"><img loading=\"lazy\" width=\"584\" height=\"437\" src=\"https:\/\/i0.wp.com\/www.presstourism.ch\/WP_ALEX\/wp-content\/uploads\/2020\/04\/VSOE-3-Venise-Budapest-Largeur-max.-1024-Hauteur-max.-768.jpg?resize=584%2C437\" alt=\"\" class=\"wp-image-6549\" srcset=\"https:\/\/i0.wp.com\/www.presstourism.ch\/wp-content\/uploads\/2020\/04\/VSOE-3-Venise-Budapest-Largeur-max.-1024-Hauteur-max.-768.jpg?w=1024 1024w, https:\/\/i0.wp.com\/www.presstourism.ch\/wp-content\/uploads\/2020\/04\/VSOE-3-Venise-Budapest-Largeur-max.-1024-Hauteur-max.-768.jpg?resize=300%2C225 300w, https:\/\/i0.wp.com\/www.presstourism.ch\/wp-content\/uploads\/2020\/04\/VSOE-3-Venise-Budapest-Largeur-max.-1024-Hauteur-max.-768.jpg?resize=768%2C575 768w, https:\/\/i0.wp.com\/www.presstourism.ch\/wp-content\/uploads\/2020\/04\/VSOE-3-Venise-Budapest-Largeur-max.-1024-Hauteur-max.-768.jpg?resize=600%2C449 600w\" sizes=\"(max-width: 584px) 100vw, 584px\" data-recalc-dims=\"1\" \/><\/figure>\n\n\n\n<p>Depuis mai 2004, plus de fronti\u00e8re entre l\u2019Autriche et la Hongrie, nagu\u00e8re unies dans un Empire et aujourd\u2019hui r\u00e9unie dans l\u2019Europe \u00e9largie. Eszter Merei, notre guide, a \u00e9t\u00e9 typographe \u00e0 Gen\u00e8ve. Sur les bords du Danube, elle nous entra\u00eene chez un fabricant de violons, tsigane bien s\u00fbr, puis sur la voie \u00e9troite du petit \u00ab&nbsp;train des pionniers&nbsp;\u00bb cher \u00e0 son enfance.<\/p>\n\n\n\n<div class=\"wp-block-image\"><figure class=\"aligncenter size-large\"><img loading=\"lazy\" width=\"584\" height=\"438\" src=\"https:\/\/i2.wp.com\/www.presstourism.ch\/WP_ALEX\/wp-content\/uploads\/2020\/04\/VSOE-02-033-Largeur-max.-1024-Hauteur-max.-768.jpg?resize=584%2C438\" alt=\"\" class=\"wp-image-6551\" srcset=\"https:\/\/i2.wp.com\/www.presstourism.ch\/wp-content\/uploads\/2020\/04\/VSOE-02-033-Largeur-max.-1024-Hauteur-max.-768.jpg?w=1024 1024w, https:\/\/i2.wp.com\/www.presstourism.ch\/wp-content\/uploads\/2020\/04\/VSOE-02-033-Largeur-max.-1024-Hauteur-max.-768.jpg?resize=300%2C225 300w, https:\/\/i2.wp.com\/www.presstourism.ch\/wp-content\/uploads\/2020\/04\/VSOE-02-033-Largeur-max.-1024-Hauteur-max.-768.jpg?resize=768%2C576 768w, https:\/\/i2.wp.com\/www.presstourism.ch\/wp-content\/uploads\/2020\/04\/VSOE-02-033-Largeur-max.-1024-Hauteur-max.-768.jpg?resize=600%2C450 600w\" sizes=\"(max-width: 584px) 100vw, 584px\" data-recalc-dims=\"1\" \/><\/figure><\/div>\n\n\n\n<p>De son c\u00f4t\u00e9, l\u2019Orient Express fait \u00e9tape au mus\u00e9e des Chemins de Fer o\u00f9 des milliers de citadins viennent admirer la vaisselle de porcelaine, les verres de Lalique et le luxe d\u2019un autre temps. Dans un quartier de la p\u00e9riph\u00e9rie vit une famille dont le p\u00e8re, hongrois d\u2019origine, est n\u00e9 en Suisse apr\u00e8s l\u2019invasion sovi\u00e9tique. Sa femme d\u00e9fend fi\u00e8rement l\u2019identit\u00e9 hongroise. Quant aux enfants, ils sont europ\u00e9ens, \u00e9videmment&nbsp;!<\/p>\n\n\n\n<figure class=\"wp-block-embed-youtube wp-block-embed is-type-video is-provider-youtube wp-embed-aspect-4-3 wp-has-aspect-ratio\"><div class=\"wp-block-embed__wrapper\">\n<span class=\"embed-youtube\" style=\"text-align:center; display: block;\"><iframe loading=\"lazy\" class=\"youtube-player\" width=\"584\" height=\"329\" src=\"https:\/\/www.youtube.com\/embed\/LLzC1ZNnwaM?version=3&#038;rel=1&#038;showsearch=0&#038;showinfo=1&#038;iv_load_policy=1&#038;fs=1&#038;hl=fr-FR&#038;autohide=2&#038;wmode=transparent\" allowfullscreen=\"true\" style=\"border:0;\" sandbox=\"allow-scripts allow-same-origin allow-popups allow-presentation\"><\/iframe><\/span>\n<\/div><\/figure>\n\n\n\n<p><strong>Quatri\u00e8me \u00e9pisode&nbsp;: de Budapest \u00e0 Bucarest<\/strong><\/p>\n\n\n\n<figure class=\"wp-block-image size-large\"><img loading=\"lazy\" width=\"584\" height=\"325\" src=\"https:\/\/i2.wp.com\/www.presstourism.ch\/WP_ALEX\/wp-content\/uploads\/2020\/04\/VSOE-02-082s-Largeur-max.-1024-Hauteur-max.-768.jpg?resize=584%2C325\" alt=\"\" class=\"wp-image-6552\" srcset=\"https:\/\/i2.wp.com\/www.presstourism.ch\/wp-content\/uploads\/2020\/04\/VSOE-02-082s-Largeur-max.-1024-Hauteur-max.-768.jpg?w=1024 1024w, https:\/\/i2.wp.com\/www.presstourism.ch\/wp-content\/uploads\/2020\/04\/VSOE-02-082s-Largeur-max.-1024-Hauteur-max.-768.jpg?resize=300%2C167 300w, https:\/\/i2.wp.com\/www.presstourism.ch\/wp-content\/uploads\/2020\/04\/VSOE-02-082s-Largeur-max.-1024-Hauteur-max.-768.jpg?resize=768%2C428 768w, https:\/\/i2.wp.com\/www.presstourism.ch\/wp-content\/uploads\/2020\/04\/VSOE-02-082s-Largeur-max.-1024-Hauteur-max.-768.jpg?resize=600%2C334 600w\" sizes=\"(max-width: 584px) 100vw, 584px\" data-recalc-dims=\"1\" \/><\/figure>\n\n\n\n<p>En 2004, quittant la Hongrie, l\u2019Orient Express quitte aussi l\u2019Europe, vers laquelle lorgnent Roumanie, Bulgarie et Turquie.&nbsp; A bord, les passagers se retrouvent au wagon restaurant, des liens se tissent, des destins se r\u00e9v\u00e8lent. Br\u00e8ve \u00e9tape \u00e0 Sina\u00efa, dans les montagnes des Carpates. Havre de paix, jadis lieu de vill\u00e9giature des rois\u2026 et des apparchiks.<\/p>\n\n\n\n<figure class=\"wp-block-image size-large\"><img loading=\"lazy\" width=\"584\" height=\"486\" src=\"https:\/\/i0.wp.com\/www.presstourism.ch\/WP_ALEX\/wp-content\/uploads\/2020\/04\/F06-Roumanie-1-1366-Ceausescu-croix-Largeur-max.-1024-Hauteur-max.-768.jpg?resize=584%2C486\" alt=\"\" class=\"wp-image-6553\" srcset=\"https:\/\/i1.wp.com\/www.presstourism.ch\/wp-content\/uploads\/2020\/04\/F06-Roumanie-1-1366-Ceausescu-croix-Largeur-max.-1024-Hauteur-max.-768.jpg?w=923 923w, https:\/\/i1.wp.com\/www.presstourism.ch\/wp-content\/uploads\/2020\/04\/F06-Roumanie-1-1366-Ceausescu-croix-Largeur-max.-1024-Hauteur-max.-768.jpg?resize=300%2C250 300w, https:\/\/i1.wp.com\/www.presstourism.ch\/wp-content\/uploads\/2020\/04\/F06-Roumanie-1-1366-Ceausescu-croix-Largeur-max.-1024-Hauteur-max.-768.jpg?resize=768%2C639 768w, https:\/\/i1.wp.com\/www.presstourism.ch\/wp-content\/uploads\/2020\/04\/F06-Roumanie-1-1366-Ceausescu-croix-Largeur-max.-1024-Hauteur-max.-768.jpg?resize=600%2C499 600w\" sizes=\"(max-width: 584px) 100vw, 584px\" data-recalc-dims=\"1\" \/><\/figure>\n\n\n\n<p>A Bucarest, l\u2019Orient Express arrive dans la minuscule gare de Baneasa d\u2019o\u00f9 le roi Carol, p\u00e8re du roi Michel, avait fui avec sa ma\u00eetresse pendant les ann\u00e9es de guerre. Avec l\u2019arriv\u00e9e des communistes, la monarchie avait disparu, mais pas les fastes. Voici la villa de la famille Ceausescu et sa robinetterie d\u2019or, voici le Palais du Peuple, plus grand \u00e9difice du monde apr\u00e8s le Pentagone.<\/p>\n\n\n\n<figure class=\"wp-block-image size-large\"><img loading=\"lazy\" width=\"584\" height=\"403\" src=\"https:\/\/i0.wp.com\/www.presstourism.ch\/WP_ALEX\/wp-content\/uploads\/2020\/04\/Dia131.0032ms-Largeur-max.-1024-Hauteur-max.-768.jpg?resize=584%2C403\" alt=\"\" class=\"wp-image-6554\" srcset=\"https:\/\/i2.wp.com\/www.presstourism.ch\/wp-content\/uploads\/2020\/04\/Dia131.0032ms-Largeur-max.-1024-Hauteur-max.-768.jpg?w=1024 1024w, https:\/\/i2.wp.com\/www.presstourism.ch\/wp-content\/uploads\/2020\/04\/Dia131.0032ms-Largeur-max.-1024-Hauteur-max.-768.jpg?resize=300%2C207 300w, https:\/\/i2.wp.com\/www.presstourism.ch\/wp-content\/uploads\/2020\/04\/Dia131.0032ms-Largeur-max.-1024-Hauteur-max.-768.jpg?resize=768%2C530 768w, https:\/\/i2.wp.com\/www.presstourism.ch\/wp-content\/uploads\/2020\/04\/Dia131.0032ms-Largeur-max.-1024-Hauteur-max.-768.jpg?resize=600%2C414 600w\" sizes=\"(max-width: 584px) 100vw, 584px\" data-recalc-dims=\"1\" \/><\/figure>\n\n\n\n<figure class=\"wp-block-embed-youtube wp-block-embed is-type-video is-provider-youtube wp-embed-aspect-4-3 wp-has-aspect-ratio\"><div class=\"wp-block-embed__wrapper\">\n<span class=\"embed-youtube\" style=\"text-align:center; display: block;\"><iframe loading=\"lazy\" class=\"youtube-player\" width=\"584\" height=\"329\" src=\"https:\/\/www.youtube.com\/embed\/Em_oZYeCsUg?version=3&#038;rel=1&#038;showsearch=0&#038;showinfo=1&#038;iv_load_policy=1&#038;fs=1&#038;hl=fr-FR&#038;autohide=2&#038;wmode=transparent\" allowfullscreen=\"true\" style=\"border:0;\" sandbox=\"allow-scripts allow-same-origin allow-popups allow-presentation\"><\/iframe><\/span>\n<\/div><\/figure>\n\n\n\n<p><strong>Cinqui\u00e8me \u00e9pisode&nbsp;: de Bucarest \u00e0 Istanbul<\/strong><\/p>\n\n\n\n<div class=\"wp-block-image\"><figure class=\"aligncenter size-large\"><img loading=\"lazy\" width=\"584\" height=\"438\" src=\"https:\/\/i2.wp.com\/www.presstourism.ch\/WP_ALEX\/wp-content\/uploads\/2020\/04\/DSC00414-Largeur-max.-1024-Hauteur-max.-768.jpg?resize=584%2C438\" alt=\"\" class=\"wp-image-6555\" srcset=\"https:\/\/i0.wp.com\/www.presstourism.ch\/wp-content\/uploads\/2020\/04\/DSC00414-Largeur-max.-1024-Hauteur-max.-768.jpg?w=1024 1024w, https:\/\/i0.wp.com\/www.presstourism.ch\/wp-content\/uploads\/2020\/04\/DSC00414-Largeur-max.-1024-Hauteur-max.-768.jpg?resize=300%2C225 300w, https:\/\/i0.wp.com\/www.presstourism.ch\/wp-content\/uploads\/2020\/04\/DSC00414-Largeur-max.-1024-Hauteur-max.-768.jpg?resize=768%2C576 768w, https:\/\/i0.wp.com\/www.presstourism.ch\/wp-content\/uploads\/2020\/04\/DSC00414-Largeur-max.-1024-Hauteur-max.-768.jpg?resize=600%2C450 600w\" sizes=\"(max-width: 584px) 100vw, 584px\" data-recalc-dims=\"1\" \/><\/figure><\/div>\n\n\n\n<p>C\u2019est ici, \u00e0 la porte de l\u2019Asie, que l\u2019Orient Express accomplit son voyage et retrouve son histoire. Le 1<sup>er<\/sup> janvier 1929, 80 kilom\u00e8tres avant l\u2019arriv\u00e9e, le train avait \u00e9t\u00e9 bloqu\u00e9 dans les neiges pendant six jours&nbsp;! Mais avant d\u2019atteindre les bords du Bosphore, le train fait en Bulgarie un crochet par Varna, o\u00f9 s\u2019arr\u00eatait jadis la ligne au profit d\u2019une fin de voyage en bateau. Donnant sur la mer noire, les jardins du ch\u00e2teau sont sublimes et, dans le choeur de la cath\u00e9drale, les voix d\u2019hommes psalmodient la liturgie orthodoxe.<\/p>\n\n\n\n<figure class=\"wp-block-image size-large\"><img loading=\"lazy\" width=\"584\" height=\"359\" src=\"https:\/\/i2.wp.com\/www.presstourism.ch\/WP_ALEX\/wp-content\/uploads\/2020\/04\/VSOE-01-059s-Largeur-max.-1024-Hauteur-max.-768.jpg?resize=584%2C359\" alt=\"\" class=\"wp-image-6556\" srcset=\"https:\/\/i1.wp.com\/www.presstourism.ch\/wp-content\/uploads\/2020\/04\/VSOE-01-059s-Largeur-max.-1024-Hauteur-max.-768.jpg?w=1024 1024w, https:\/\/i1.wp.com\/www.presstourism.ch\/wp-content\/uploads\/2020\/04\/VSOE-01-059s-Largeur-max.-1024-Hauteur-max.-768.jpg?resize=300%2C185 300w, https:\/\/i1.wp.com\/www.presstourism.ch\/wp-content\/uploads\/2020\/04\/VSOE-01-059s-Largeur-max.-1024-Hauteur-max.-768.jpg?resize=768%2C473 768w, https:\/\/i1.wp.com\/www.presstourism.ch\/wp-content\/uploads\/2020\/04\/VSOE-01-059s-Largeur-max.-1024-Hauteur-max.-768.jpg?resize=600%2C369 600w\" sizes=\"(max-width: 584px) 100vw, 584px\" data-recalc-dims=\"1\" \/><\/figure>\n\n\n\n<p>L\u2019entr\u00e9e en gare d\u2019Istamboul se fait au son des janissaires et de leurs tambours. Pour nous, le voyage se termine en ce jour de 2004 mais, pour Claire-marie et Anne, la vie est ici. Elles ont pris mari en Turquie, leurs enfants sont bilingues et leur avenir sera en Turquie, si le pays ne bascule pas dans l\u2019int\u00e9grisme et que l\u2019Europe daigne lui entrouvrir la porte.<\/p>\n\n\n\n<figure class=\"wp-block-image size-large\"><img loading=\"lazy\" width=\"584\" height=\"438\" src=\"https:\/\/i0.wp.com\/www.presstourism.ch\/WP_ALEX\/wp-content\/uploads\/2020\/04\/VSOE-01-076-Largeur-max.-1024-Hauteur-max.-768.jpg?resize=584%2C438\" alt=\"\" class=\"wp-image-6557\" srcset=\"https:\/\/i0.wp.com\/www.presstourism.ch\/wp-content\/uploads\/2020\/04\/VSOE-01-076-Largeur-max.-1024-Hauteur-max.-768.jpg?w=1024 1024w, https:\/\/i0.wp.com\/www.presstourism.ch\/wp-content\/uploads\/2020\/04\/VSOE-01-076-Largeur-max.-1024-Hauteur-max.-768.jpg?resize=300%2C225 300w, https:\/\/i0.wp.com\/www.presstourism.ch\/wp-content\/uploads\/2020\/04\/VSOE-01-076-Largeur-max.-1024-Hauteur-max.-768.jpg?resize=768%2C576 768w, https:\/\/i0.wp.com\/www.presstourism.ch\/wp-content\/uploads\/2020\/04\/VSOE-01-076-Largeur-max.-1024-Hauteur-max.-768.jpg?resize=600%2C450 600w\" sizes=\"(max-width: 584px) 100vw, 584px\" data-recalc-dims=\"1\" \/><\/figure>\n\n\n\n<figure class=\"wp-block-embed-youtube wp-block-embed is-type-video is-provider-youtube wp-embed-aspect-4-3 wp-has-aspect-ratio\"><div class=\"wp-block-embed__wrapper\">\n<span class=\"embed-youtube\" style=\"text-align:center; display: block;\"><iframe loading=\"lazy\" class=\"youtube-player\" width=\"584\" height=\"329\" src=\"https:\/\/www.youtube.com\/embed\/bA2NfSmZ2rE?version=3&#038;rel=1&#038;showsearch=0&#038;showinfo=1&#038;iv_load_policy=1&#038;fs=1&#038;hl=fr-FR&#038;autohide=2&#038;wmode=transparent\" allowfullscreen=\"true\" style=\"border:0;\" sandbox=\"allow-scripts allow-same-origin allow-popups allow-presentation\"><\/iframe><\/span>\n<\/div><\/figure>\n","protected":false},"excerpt":{"rendered":"<p>Premier \u00e9pisode: un peu d&rsquo;histoire Le train fut la plus grande aventure du XIX\u00e8me si\u00e8cle et les pionniers de cette glorieuse \u00e9poque appartiennent d\u00e9sormais \u00e0 la l\u00e9gende. \u00ab&nbsp;Roi des trains, train des rois&nbsp;\u00bb, c\u00e9l\u00e8bre dans le monde entier gr\u00e2ce au &hellip; <a href=\"http:\/\/www.presstourism.ch\/?page_id=6541\">Continuer la lecture <span class=\"meta-nav\">&rarr;<\/span><\/a><\/p>\n","protected":false},"author":1,"featured_media":0,"parent":6480,"menu_order":0,"comment_status":"closed","ping_status":"closed","template":"","meta":{"ngg_post_thumbnail":0,"spay_email":""},"jetpack_sharing_enabled":true,"jetpack_shortlink":"https:\/\/wp.me\/P468TV-1Hv","_links":{"self":[{"href":"http:\/\/www.presstourism.ch\/index.php?rest_route=\/wp\/v2\/pages\/6541"}],"collection":[{"href":"http:\/\/www.presstourism.ch\/index.php?rest_route=\/wp\/v2\/pages"}],"about":[{"href":"http:\/\/www.presstourism.ch\/index.php?rest_route=\/wp\/v2\/types\/page"}],"author":[{"embeddable":true,"href":"http:\/\/www.presstourism.ch\/index.php?rest_route=\/wp\/v2\/users\/1"}],"replies":[{"embeddable":true,"href":"http:\/\/www.presstourism.ch\/index.php?rest_route=%2Fwp%2Fv2%2Fcomments&post=6541"}],"version-history":[{"count":6,"href":"http:\/\/www.presstourism.ch\/index.php?rest_route=\/wp\/v2\/pages\/6541\/revisions"}],"predecessor-version":[{"id":6558,"href":"http:\/\/www.presstourism.ch\/index.php?rest_route=\/wp\/v2\/pages\/6541\/revisions\/6558"}],"up":[{"embeddable":true,"href":"http:\/\/www.presstourism.ch\/index.php?rest_route=\/wp\/v2\/pages\/6480"}],"wp:attachment":[{"href":"http:\/\/www.presstourism.ch\/index.php?rest_route=%2Fwp%2Fv2%2Fmedia&parent=6541"}],"curies":[{"name":"wp","href":"https:\/\/api.w.org\/{rel}","templated":true}]}}