{"id":6480,"date":"2020-04-04T17:04:36","date_gmt":"2020-04-04T16:04:36","guid":{"rendered":"http:\/\/www.presstourism.ch\/WP_ALEX\/?page_id=6480"},"modified":"2020-04-04T17:04:37","modified_gmt":"2020-04-04T16:04:37","slug":"aventures","status":"publish","type":"page","link":"http:\/\/www.presstourism.ch\/?page_id=6480","title":{"rendered":"Aventures"},"content":{"rendered":"\n<div class=\"wp-block-image\"><figure class=\"aligncenter size-large\"><img loading=\"lazy\" width=\"496\" height=\"301\" src=\"https:\/\/i2.wp.com\/www.presstourism.ch\/WP_ALEX\/wp-content\/uploads\/2020\/04\/Van-Gogh-bohemiens.jpg?resize=496%2C301\" alt=\"\" class=\"wp-image-6481\" srcset=\"https:\/\/i0.wp.com\/www.presstourism.ch\/wp-content\/uploads\/2020\/04\/Van-Gogh-bohemiens.jpg?w=496 496w, https:\/\/i0.wp.com\/www.presstourism.ch\/wp-content\/uploads\/2020\/04\/Van-Gogh-bohemiens.jpg?resize=300%2C182 300w\" sizes=\"(max-width: 496px) 100vw, 496px\" data-recalc-dims=\"1\" \/><figcaption>Vincent van Gogh \/ Gens du voyage<\/figcaption><\/figure><\/div>\n\n\n\n<p>Les reportages publi\u00e9s sur ce site sont g\u00e9n\u00e9ralement consacr\u00e9s \u00e0 tel ou tel pays, tel ou tel lieu. Il est donc facile de les retrouver \u00e0 la rubrique \u00ab\u00a0Pays\u00a0\u00bb. Cependant, certaines aventures, certaines exp\u00e9ditions et certaines traditions d\u00e9bordent largement les fronti\u00e8res. <\/p>\n\n\n\n<p>Quelques exemples: la travers\u00e9e des oc\u00e9ans d&rsquo;un continent \u00e0 l&rsquo;autre, les caravanes nomades au Sahara, la Haute-Route de Zermatt \u00e0 Chamonix, le Transsib\u00e9rien, l&rsquo;Orient express ou le Chemin de Compostelle.<\/p>\n\n\n\n<p>Si vous avez vous-m\u00eames v\u00e9cu de telles aventures, si vous en avez conser\u00e9 un carnet de route, des photos, des vid\u00e9os, prenez contact avec nous. Nous les mettrons volontiers en ligne.<\/p>\n","protected":false},"excerpt":{"rendered":"<p>Les reportages publi\u00e9s sur ce site sont g\u00e9n\u00e9ralement consacr\u00e9s \u00e0 tel ou tel pays, tel ou tel lieu. Il est donc facile de les retrouver \u00e0 la rubrique \u00ab\u00a0Pays\u00a0\u00bb. Cependant, certaines aventures, certaines exp\u00e9ditions et certaines traditions d\u00e9bordent largement les &hellip; <a href=\"http:\/\/www.presstourism.ch\/?page_id=6480\">Continuer la lecture <span class=\"meta-nav\">&rarr;<\/span><\/a><\/p>\n","protected":false},"author":1,"featured_media":0,"parent":0,"menu_order":0,"comment_status":"open","ping_status":"closed","template":"","meta":{"ngg_post_thumbnail":0,"spay_email":""},"jetpack_sharing_enabled":true,"jetpack_shortlink":"https:\/\/wp.me\/P468TV-1Gw","_links":{"self":[{"href":"http:\/\/www.presstourism.ch\/index.php?rest_route=\/wp\/v2\/pages\/6480"}],"collection":[{"href":"http:\/\/www.presstourism.ch\/index.php?rest_route=\/wp\/v2\/pages"}],"about":[{"href":"http:\/\/www.presstourism.ch\/index.php?rest_route=\/wp\/v2\/types\/page"}],"author":[{"embeddable":true,"href":"http:\/\/www.presstourism.ch\/index.php?rest_route=\/wp\/v2\/users\/1"}],"replies":[{"embeddable":true,"href":"http:\/\/www.presstourism.ch\/index.php?rest_route=%2Fwp%2Fv2%2Fcomments&post=6480"}],"version-history":[{"count":1,"href":"http:\/\/www.presstourism.ch\/index.php?rest_route=\/wp\/v2\/pages\/6480\/revisions"}],"predecessor-version":[{"id":6483,"href":"http:\/\/www.presstourism.ch\/index.php?rest_route=\/wp\/v2\/pages\/6480\/revisions\/6483"}],"wp:attachment":[{"href":"http:\/\/www.presstourism.ch\/index.php?rest_route=%2Fwp%2Fv2%2Fmedia&parent=6480"}],"curies":[{"name":"wp","href":"https:\/\/api.w.org\/{rel}","templated":true}]}}