{"id":6455,"date":"2020-02-20T08:33:07","date_gmt":"2020-02-20T07:33:07","guid":{"rendered":"http:\/\/www.presstourism.ch\/WP_ALEX\/?page_id=6455"},"modified":"2020-02-20T10:21:58","modified_gmt":"2020-02-20T09:21:58","slug":"helicopteres-vers-les-plateformes-de-la-mer-du-nord","status":"publish","type":"page","link":"http:\/\/www.presstourism.ch\/?page_id=6455","title":{"rendered":"H\u00e9licopt\u00e8res: Vers les plateformes de la mer du Nord"},"content":{"rendered":"\n<div class=\"wp-block-image\"><figure class=\"aligncenter size-large\"><img loading=\"lazy\" width=\"473\" height=\"284\" src=\"https:\/\/i0.wp.com\/www.presstourism.ch\/WP_ALEX\/wp-content\/uploads\/2020\/02\/TP03B-b.jpg?resize=473%2C284\" alt=\"\" class=\"wp-image-6456\" srcset=\"https:\/\/i0.wp.com\/www.presstourism.ch\/wp-content\/uploads\/2020\/02\/TP03B-b.jpg?w=473 473w, https:\/\/i0.wp.com\/www.presstourism.ch\/wp-content\/uploads\/2020\/02\/TP03B-b.jpg?resize=300%2C180 300w\" sizes=\"(max-width: 473px) 100vw, 473px\" data-recalc-dims=\"1\" \/><figcaption> Huit heures du matin \u00e0 Aberdeen, les gros h\u00e9licopt\u00e8res Sikorsky sont pr\u00eats au d\u00e9part. <\/figcaption><\/figure><\/div>\n\n\n\n<p><\/p>\n\n\n\n<p><strong><em>Par Ren\u00e9 Hug<\/em><\/strong><\/p>\n\n\n\n<p><strong>Le facteur, c&rsquo;est l&rsquo;h\u00e9licopt\u00e8re !<\/strong><\/p>\n\n\n\n<p>Le jour\nvient \u00e0 peine de se lever, nous nous trouvons \u00e0 l&rsquo;h\u00e9liport d&rsquo;Aberdeen, une\nville situ\u00e9e au nord de l&rsquo;Ecosse. Au sol, de nombreux h\u00e9licopt\u00e8res sont pr\u00eats\nau d\u00e9part. Les uns appartiennent \u00e0 une compagnie priv\u00e9e,<\/p>\n\n\n\n<p>Bristow,\nles autres \u00e0 British Airways Helicopters, une filiale de la grande compagnie\na\u00e9rienne britannique.<\/p>\n\n\n\n<p>A eux\ntous, ils ravitaillent jour apr\u00e8s jour, les 39 plateformes de pompage p\u00e9trolier\nsitu\u00e9es en mer du Nord, stations qui, demain, seront plus nombreuses encore\npuisque le produit de leurs activit\u00e9s fournit aujourd&rsquo;hui pr\u00e8s du 50% des\nbesoins de la Grande-Bretagne et que, d&rsquo;ici quelques ann\u00e9es, on pourrait bien\narriver au 100%. Le r\u00f4le des h\u00e9licopt\u00e8res est d&rsquo;apporter le courrier et\nd&rsquo;autres marchandises et d&rsquo;acheminer sur place les ouvriers qui ont pass\u00e9\nquelques jours de cong\u00e9 sur terre ferme.<\/p>\n\n\n\n<div class=\"wp-block-image\"><figure class=\"aligncenter size-large\"><img loading=\"lazy\" width=\"469\" height=\"318\" src=\"https:\/\/i1.wp.com\/www.presstourism.ch\/WP_ALEX\/wp-content\/uploads\/2020\/02\/TP03Bs-c.jpg?resize=469%2C318\" alt=\"\" class=\"wp-image-6457\" srcset=\"https:\/\/i0.wp.com\/www.presstourism.ch\/wp-content\/uploads\/2020\/02\/TP03Bs-c.jpg?w=469 469w, https:\/\/i0.wp.com\/www.presstourism.ch\/wp-content\/uploads\/2020\/02\/TP03Bs-c.jpg?resize=300%2C203 300w\" sizes=\"(max-width: 469px) 100vw, 469px\" data-recalc-dims=\"1\" \/><figcaption> A bord du Sikorsky, \u00e0 plusieurs centaines de kilom\u00e8tres des c\u00f4tes de l&rsquo;Ecosse. <\/figcaption><\/figure><\/div>\n\n\n\n<p>C&rsquo;est \u00e0\nbord d&rsquo;un Sikorsky S-61 N de British Airways Helicopters que nous prenions l&rsquo;air,\nrev\u00eatus d&rsquo;une combinaison orange, aux c\u00f4t\u00e9s des ouvriers se rendant sur la plateforme\nMCP-01. Cet h\u00e9licopt\u00e8re est immense. D&rsquo;une capacit\u00e9 de 26 passagers, il est\n\u00e9quip\u00e9 de deux turbines General Electric<\/p>\n\n\n\n<p>CT58-140-1.\nCe fut d&rsquo;abord le survol des c\u00f4tes du nord de l&rsquo;Ecosse, puis la mer, la mer \u00e0\nperte de vue pendant pr\u00e8s de deux heures de vol, avant d&rsquo;apercevoir la\nplateforme, sur laquelle nous ne tardions pas \u00e0 nous poser. L\u00e0-bas, on sentait\ncombien l&rsquo;arriv\u00e9e de l&rsquo;h\u00e9licopt\u00e8re \u00e9tait un lien important avec la vie de tous les\njours pour tous ces hommes qui travaillaient \u00e0 quelques centaines de kilom\u00e8tres\ndes c\u00f4tes. Un d\u00e9tail int\u00e9ressant : lors du d\u00e9collage d&rsquo;Aberdeen, les\nh\u00e9licopt\u00e8res roulent au sol le long des voies d&rsquo;acc\u00e8s pour prendre l&rsquo;air sur la\npiste principale de l&rsquo;a\u00e9rodrome, comme le ferait un avion conventionnel. Cette\nsolution a \u00e9t\u00e9 adopt\u00e9e pour \u00e9viter un m\u00e9lange du trafic des avions avec celui\ndes h\u00e9licopt\u00e8res, ces derniers \u00e9tant fort nombreux \u00e0 effectuer des liaisons au\nd\u00e9part de l&rsquo;a\u00e9rodrome \u00e9cossais.<\/p>\n\n\n\n<div class=\"wp-block-image\"><figure class=\"aligncenter size-large\"><img loading=\"lazy\" width=\"459\" height=\"318\" src=\"https:\/\/i0.wp.com\/www.presstourism.ch\/WP_ALEX\/wp-content\/uploads\/2020\/02\/TP03Bm-a.jpg?resize=459%2C318\" alt=\"\" class=\"wp-image-6458\" srcset=\"https:\/\/i2.wp.com\/www.presstourism.ch\/wp-content\/uploads\/2020\/02\/TP03Bm-a.jpg?w=459 459w, https:\/\/i2.wp.com\/www.presstourism.ch\/wp-content\/uploads\/2020\/02\/TP03Bm-a.jpg?resize=300%2C208 300w\" sizes=\"(max-width: 459px) 100vw, 459px\" data-recalc-dims=\"1\" \/><figcaption> Escale \u00e0 MCP-01, le temps de d\u00e9barquer Ie courrier. <\/figcaption><\/figure><\/div>\n\n\n\n<p>De MCP-01,\nnous sommes repartis pour d&rsquo;autres destinations, parfois des plateformes en\npleine mer, parfois pour livrer le courrier sur des bateaux ancr\u00e9s pr\u00e8s de la construction\nde nouvelles plateformes.<\/p>\n\n\n\n<p>Partout,\nla liaison de l&rsquo;h\u00e9licopt\u00e8re \u00e9tait consid\u00e9r\u00e9e par les \u00e9quipages comme une routine.\nCes derniers effectuent un nombre d&rsquo;heures de vol relativement restreint. Le rythme\nquotidien est en principe de cinq heures, mais ils sont autoris\u00e9s \u00e0 en\neffectuer un maximum de huit par jour. L&rsquo;activit\u00e9 des h\u00e9licopt\u00e8res se d\u00e9roule\n24 heures sur 24. De plus, les machines \u00e0 voilures tournantes sont \u00e9galement\nresponsables de I&rsquo;Air Rescue, un service de sauvetage et d&rsquo;\u00e9vacuation sanitaire\nassurant la protection sanitaire de tous les ouvriers en service sur les\ndiff\u00e9rentes plateformes situ\u00e9es entre les c\u00f4tes de l&rsquo;Ecosse et celles de\nNorv\u00e8ge, relativement proches.<\/p>\n\n\n\n<p>Il a \u00e9t\u00e9\nreconnu que l&rsquo;activit\u00e9 de ces plusieurs dizaines de S-61 N en mer du Nord est\nr\u00e9ellement la plus importante existant au monde pour des h\u00e9licopt\u00e8res civils.\nEn un an, British Airways Helicopters a transport\u00e9 plus de 80.000 passagers, ce\nqui prouve bien l&rsquo;utilit\u00e9 de ces liaisons qui existent depuis plus de trente\nans.<\/p>\n\n\n\n<p>Un d\u00e9tail\ncurieux : tout au long de ces vols,d&rsquo;une c\u00f4te \u00e0 l&rsquo;autre de la mer du Nord, les oiseaux\n\u00e9voluaient au -dessous de la trajectoire des h\u00e9licopt\u00e8res. Ceux-ci volant, eux,\n\u00e0 une altitude variant entre 100 et 300 m, suivant les conditions\nm\u00e9t\u00e9orologiques.<\/p>\n\n\n\n<p>Les\nSikorsky S-61 N sont des h\u00e9licopt\u00e8res amphibies, nous avons demand\u00e9 aux dirigeants\nde British Airways Helicopters pourquoi ils ne se posaient pas sur l&rsquo;eau. La r\u00e9ponse\nest simple : l&rsquo;eau de mer endommage la peinture des appareils, !&rsquo;amerrissage\nest r\u00e9serv\u00e9 aux cas extr\u00eames, mais ce n&rsquo;est qu&rsquo;une chose tr\u00e8s rare.<\/p>\n\n\n\n<div class=\"wp-block-image\"><figure class=\"aligncenter size-large\"><img loading=\"lazy\" width=\"462\" height=\"687\" src=\"https:\/\/i1.wp.com\/www.presstourism.ch\/WP_ALEX\/wp-content\/uploads\/2020\/02\/TP03Bs-d.jpg?resize=462%2C687\" alt=\"\" class=\"wp-image-6459\" srcset=\"https:\/\/i1.wp.com\/www.presstourism.ch\/wp-content\/uploads\/2020\/02\/TP03Bs-d.jpg?w=462 462w, https:\/\/i1.wp.com\/www.presstourism.ch\/wp-content\/uploads\/2020\/02\/TP03Bs-d.jpg?resize=202%2C300 202w\" sizes=\"(max-width: 462px) 100vw, 462px\" data-recalc-dims=\"1\" \/><figcaption> La route pour la terre ferme ! <\/figcaption><\/figure><\/div>\n\n\n\n<p>En\nconclusion, relevons l&rsquo;impression de tr\u00e8s grande s\u00e9curit\u00e9 qui r\u00e8gne \u00e0 bord de\nces appareils, la pr\u00e9cision de la pr\u00e9paration de chaque vol et la bonne\ncamaraderie qui r\u00e8gne entre les \u00e9quipages des h\u00e9licopt\u00e8res et le personnel ces\nplateformes. Une journ\u00e9e en pleine mer \u00e0 bord d&rsquo;un h\u00e9licopt\u00e8re permet de\nd\u00e9couvrir des centaines de choses extraordinaires, tant sur le plan\na\u00e9ronautique que dans le domaine de la recherche p\u00e9troli\u00e8re, sur les\nplateformes ancr\u00e9es au fond de la mer 140 m plus bas, c&rsquo;est une exp\u00e9rience\nextraordinaire qui met en relief une activit\u00e9 a\u00e9ronautique indispensable au\nd\u00e9veloppement industriel d&rsquo;une r\u00e9gion inattendue dans un d\u00e9cor tr\u00e8s particulier.<\/p>\n\n\n\n<p>Une fois\nde plus, l&rsquo;h\u00e9licopt\u00e8re est roi l\u00e0 o\u00f9 d&rsquo;autres moyens de transport n&rsquo;auraient\njamais permis de r\u00e9aliser de tels progr\u00e8s \u00e0 des centaines de kilom\u00e8tres de la\nterre ferme.<\/p>\n\n\n\n<p>Ren\u00e9 Hug \/ Ailes romandes \/ Novembre 1976<\/p>\n\n\n\n<p><\/p>\n\n\n\n<p><\/p>\n\n\n\n<p><\/p>\n\n\n\n<p><\/p>\n","protected":false},"excerpt":{"rendered":"<p>Par Ren\u00e9 Hug Le facteur, c&rsquo;est l&rsquo;h\u00e9licopt\u00e8re ! Le jour vient \u00e0 peine de se lever, nous nous trouvons \u00e0 l&rsquo;h\u00e9liport d&rsquo;Aberdeen, une ville situ\u00e9e au nord de l&rsquo;Ecosse. Au sol, de nombreux h\u00e9licopt\u00e8res sont pr\u00eats au d\u00e9part. Les uns &hellip; <a href=\"http:\/\/www.presstourism.ch\/?page_id=6455\">Continuer la lecture <span class=\"meta-nav\">&rarr;<\/span><\/a><\/p>\n","protected":false},"author":1,"featured_media":0,"parent":434,"menu_order":0,"comment_status":"closed","ping_status":"closed","template":"","meta":{"ngg_post_thumbnail":0,"spay_email":""},"jetpack_sharing_enabled":true,"jetpack_shortlink":"https:\/\/wp.me\/P468TV-1G7","_links":{"self":[{"href":"http:\/\/www.presstourism.ch\/index.php?rest_route=\/wp\/v2\/pages\/6455"}],"collection":[{"href":"http:\/\/www.presstourism.ch\/index.php?rest_route=\/wp\/v2\/pages"}],"about":[{"href":"http:\/\/www.presstourism.ch\/index.php?rest_route=\/wp\/v2\/types\/page"}],"author":[{"embeddable":true,"href":"http:\/\/www.presstourism.ch\/index.php?rest_route=\/wp\/v2\/users\/1"}],"replies":[{"embeddable":true,"href":"http:\/\/www.presstourism.ch\/index.php?rest_route=%2Fwp%2Fv2%2Fcomments&post=6455"}],"version-history":[{"count":2,"href":"http:\/\/www.presstourism.ch\/index.php?rest_route=\/wp\/v2\/pages\/6455\/revisions"}],"predecessor-version":[{"id":6471,"href":"http:\/\/www.presstourism.ch\/index.php?rest_route=\/wp\/v2\/pages\/6455\/revisions\/6471"}],"up":[{"embeddable":true,"href":"http:\/\/www.presstourism.ch\/index.php?rest_route=\/wp\/v2\/pages\/434"}],"wp:attachment":[{"href":"http:\/\/www.presstourism.ch\/index.php?rest_route=%2Fwp%2Fv2%2Fmedia&parent=6455"}],"curies":[{"name":"wp","href":"https:\/\/api.w.org\/{rel}","templated":true}]}}