{"id":6437,"date":"2020-02-14T09:41:51","date_gmt":"2020-02-14T08:41:51","guid":{"rendered":"http:\/\/www.presstourism.ch\/WP_ALEX\/?page_id=6437"},"modified":"2020-02-14T09:43:03","modified_gmt":"2020-02-14T08:43:03","slug":"larmenie-fervente","status":"publish","type":"page","link":"http:\/\/www.presstourism.ch\/?page_id=6437","title":{"rendered":"L\u2019Arm\u00e9nie fervente"},"content":{"rendered":"\n<figure class=\"wp-block-image size-large\"><img loading=\"lazy\" width=\"584\" height=\"389\" src=\"https:\/\/i0.wp.com\/www.presstourism.ch\/WP_ALEX\/wp-content\/uploads\/2020\/02\/Erewan-Kopie.jpg?resize=584%2C389\" alt=\"\" class=\"wp-image-6445\" srcset=\"https:\/\/i0.wp.com\/www.presstourism.ch\/wp-content\/uploads\/2020\/02\/Erewan-Kopie.jpg?w=984 984w, https:\/\/i0.wp.com\/www.presstourism.ch\/wp-content\/uploads\/2020\/02\/Erewan-Kopie.jpg?resize=300%2C200 300w, https:\/\/i0.wp.com\/www.presstourism.ch\/wp-content\/uploads\/2020\/02\/Erewan-Kopie.jpg?resize=768%2C512 768w, https:\/\/i0.wp.com\/www.presstourism.ch\/wp-content\/uploads\/2020\/02\/Erewan-Kopie.jpg?resize=600%2C400 600w\" sizes=\"(max-width: 584px) 100vw, 584px\" data-recalc-dims=\"1\" \/><figcaption>Revendiqu\u00e9 arm\u00e9nien: le mont Ararat domine Erevan<\/figcaption><\/figure>\n\n\n\n<p><strong>Textes et photos: G\u00e9rard Blanc et Erika Bodmer<\/strong><\/p>\n\n\n\n<p>Petit pays montagneux faisant partie du \u00ab Petit Caucase \u00bb, l\u2019Arm\u00e9nie est riche en \u00e9motions et en patrimoine culturel. La valeur ajout\u00e9e de ce pays souvent m\u00e9connu est un contact privil\u00e9gi\u00e9 avec ses habitants et ses monast\u00e8res.<\/p>\n\n\n\n<p>Rares sont les voisins de fronti\u00e8re sur l\u2019\u00e9paule desquels l\u2019Arm\u00e9nie peut s\u2019appuyer hormis la Russie qui, pourtant, n\u2019ont pas de fronti\u00e8re commune. Sauf avec la G\u00e9orgie, les distances sont toujours respect\u00e9es avec la Turquie (g\u00e9nocide de 1915), l\u2019Azerba\u00efdjan (diff\u00e9rends sur le Nagorno-Karabakh) et l\u2019Iran (divergences religieuses et\u00a0 ancestrales, invasions perses). <\/p>\n\n\n\n<p>La\nm\u00e9tropole : Erevan, la capitale, se prosterne chaque jour devant ce monstre de\n5&rsquo;137 m\u00e8tres de hauteur situ\u00e9 en territoire turc qu\u2019est le mont Ararat, et son\nfr\u00e8re, le \u00ab petit Ararat \u00bb, au grand dam des Arm\u00e9niens qui revendiquent sa\nterritorialit\u00e9. Sa majest\u00e9 Ararat peut s\u2019admirer depuis de nombreux endroits en\nArm\u00e9nie. Malheureusement, rares sont les moments o\u00f9 il soit totalement\nd\u00e9couvert, les nuages ayant la f\u00e2cheuse habitude de cacher son sommet. La\nl\u00e9gende voulant que l\u2019arche de No\u00e9 y soit \u00e9chou\u00e9e est contest\u00e9e. Selon le Mus\u00e9e\nhistorique m\u00eame d\u2019Erevan, il y aurait un autre mont Ararat au pied de\nl\u2019Euphrate qui serait vraiment l\u00e0 o\u00f9 le patriarche aurait \u00e9chou\u00e9 son navire.<\/p>\n\n\n\n<div class=\"wp-block-image\"><figure class=\"aligncenter size-large is-resized\"><img loading=\"lazy\" src=\"https:\/\/i1.wp.com\/www.presstourism.ch\/WP_ALEX\/wp-content\/uploads\/2020\/02\/Zentrum-Kopie.jpg?resize=349%2C232\" alt=\"\" class=\"wp-image-6446\" width=\"349\" height=\"232\" srcset=\"https:\/\/i1.wp.com\/www.presstourism.ch\/wp-content\/uploads\/2020\/02\/Zentrum-Kopie.jpg?w=886 886w, https:\/\/i1.wp.com\/www.presstourism.ch\/wp-content\/uploads\/2020\/02\/Zentrum-Kopie.jpg?resize=300%2C200 300w, https:\/\/i1.wp.com\/www.presstourism.ch\/wp-content\/uploads\/2020\/02\/Zentrum-Kopie.jpg?resize=768%2C512 768w, https:\/\/i1.wp.com\/www.presstourism.ch\/wp-content\/uploads\/2020\/02\/Zentrum-Kopie.jpg?resize=600%2C400 600w\" sizes=\"(max-width: 349px) 100vw, 349px\" data-recalc-dims=\"1\" \/><figcaption>Place de la R\u00e9publique \u00e0 Erevan<\/figcaption><\/figure><\/div>\n\n\n\n<p>Au\nmoment de la sovi\u00e9tisation, celle qui n\u2019\u00e9tait qu\u2019une petite ville de province,\nfut d\u00e9sign\u00e9e comme capitale par le r\u00e9gime, et c\u2019est \u00e0 l\u2019architecte n\u00e9oclassique\nAlexandre Tamanian que fut confi\u00e9e l\u2019urbanisation. Avant de se mettre au\ntravail, il s\u2019impr\u00e9gna de la culture et de l\u2019histoire arm\u00e9nienne afin de cr\u00e9er\nune capitale \u00e0 l\u2019image du pays tout entier. <\/p>\n\n\n\n<p>Il\ndessina la ville en forme de soleil avec des rues convergeant vers le centre et\nrepr\u00e9sentant les rayons. Les premiers plans pr\u00e9voyaient deux places: la place\nde L\u00e9nine (actuellement place de la R\u00e9publique) et la place de la Libert\u00e9 en\nface de l\u2019Op\u00e9ra. Cet op\u00e9ra fut construit \u00e0 la place de la chapelle de\nGethsemani datant du 17\u00e8me si\u00e8cle. Du temps de Staline, on choisissait de remplacer\nles \u00e9difices religieux par des monuments modernes. L\u2019Op\u00e9ra prit donc la place\nde la chapelle.<\/p>\n\n\n\n<figure class=\"wp-block-image size-large\"><img loading=\"lazy\" width=\"1181\" height=\"1772\" src=\"https:\/\/i0.wp.com\/www.presstourism.ch\/WP_ALEX\/wp-content\/uploads\/2020\/02\/Tor-Kopie.jpg?fit=640%2C961\" alt=\"\" class=\"wp-image-6439\" srcset=\"https:\/\/i2.wp.com\/www.presstourism.ch\/wp-content\/uploads\/2020\/02\/Tor-Kopie.jpg?w=1181 1181w, https:\/\/i2.wp.com\/www.presstourism.ch\/wp-content\/uploads\/2020\/02\/Tor-Kopie.jpg?resize=200%2C300 200w, https:\/\/i2.wp.com\/www.presstourism.ch\/wp-content\/uploads\/2020\/02\/Tor-Kopie.jpg?resize=682%2C1024 682w, https:\/\/i2.wp.com\/www.presstourism.ch\/wp-content\/uploads\/2020\/02\/Tor-Kopie.jpg?resize=768%2C1152 768w, https:\/\/i2.wp.com\/www.presstourism.ch\/wp-content\/uploads\/2020\/02\/Tor-Kopie.jpg?resize=600%2C900 600w, https:\/\/i2.wp.com\/www.presstourism.ch\/wp-content\/uploads\/2020\/02\/Tor-Kopie.jpg?resize=1024%2C1536 1024w\" sizes=\"(max-width: 584px) 100vw, 584px\" \/><figcaption>Au centre d&rsquo;Erevan<\/figcaption><\/figure>\n\n\n\n<p>La\nCascade: Cr\u00e9\u00e9e dans les ann\u00e9es 70, Alexandre Tamanian et Torosyan \u00e9lev\u00e8rent ce\nmonument dans un but purement ornemental, lequel s\u2019est mu\u00e9 peu \u00e0 peu en lieu\nculturel apr\u00e8s la chute de l\u2019URSS. La cascade abrite un complexe de salles\nd\u2019expositions, dont le Mus\u00e9e d\u2019art contemporain Cafeshian. Des \u0153uvres\nd\u2019artistes c\u00e9l\u00e8bres, tels que Marc Chagall, Fernando Botero, Andy Warhol,\nGeorges Braque et bien d\u2019autres y sont expos\u00e9es. Dans le parc situ\u00e9 au pied de\nLa Cascade, jeunes et moins jeunes se prom\u00e8nent tout en admirant cet escalier\nmonumental, agr\u00e9ment\u00e9 de fontaines, de statues et de parterres de fleurs. <\/p>\n\n\n\n<figure class=\"wp-block-image size-large\"><img loading=\"lazy\" width=\"584\" height=\"779\" src=\"https:\/\/i0.wp.com\/www.presstourism.ch\/WP_ALEX\/wp-content\/uploads\/2020\/02\/cascadeIMG_3508-Kopie.jpg?resize=584%2C779\" alt=\"\" class=\"wp-image-6438\" srcset=\"https:\/\/i0.wp.com\/www.presstourism.ch\/wp-content\/uploads\/2020\/02\/cascadeIMG_3508-Kopie.jpg?w=768 768w, https:\/\/i0.wp.com\/www.presstourism.ch\/wp-content\/uploads\/2020\/02\/cascadeIMG_3508-Kopie.jpg?resize=225%2C300 225w, https:\/\/i0.wp.com\/www.presstourism.ch\/wp-content\/uploads\/2020\/02\/cascadeIMG_3508-Kopie.jpg?resize=600%2C800 600w\" sizes=\"(max-width: 584px) 100vw, 584px\" data-recalc-dims=\"1\" \/><figcaption><br> La cascade d&rsquo;Erevan: un centre culturel.<\/figcaption><\/figure>\n\n\n\n<p>Les\nchr\u00e9tiens des premiers jours&nbsp;: Pour un visiteur du premier cru,\nl\u2019essentiel de la d\u00e9couverte est en premier lieu le volet culturel et\nhistorico-religieux. L\u2019\u00e9glise apostolique arm\u00e9nienne est l\u2019une des plus\nanciennes de l\u2019histoire chr\u00e9tienne. Puisant ses origines au temps des ap\u00f4tres\nThad\u00e9e et Barth\u00e9l\u00e9my, qui l\u2019institutionnalis\u00e8rent \u00e0 la suite de la conversion\ndu roi Tiridate par Gr\u00e9goire l\u2019Illuminateur, elle est peut-\u00eatre la plus\nancienne qui fut \u00e9tatis\u00e9e (301 apr\u00e8s J.C.). D\u2019ailleurs on trouve des r\u00e9f\u00e9rences\nde Saint Gr\u00e9goire l\u2019Illuminateur dans de nombreux sites religieux du pays.<\/p>\n\n\n\n<figure class=\"wp-block-image size-large\"><img loading=\"lazy\" width=\"945\" height=\"1417\" src=\"https:\/\/i1.wp.com\/www.presstourism.ch\/WP_ALEX\/wp-content\/uploads\/2020\/02\/Kirche-auf-Fels-hoch-Kopie.jpg?fit=640%2C960\" alt=\"\" class=\"wp-image-6441\" srcset=\"https:\/\/i0.wp.com\/www.presstourism.ch\/wp-content\/uploads\/2020\/02\/Kirche-auf-Fels-hoch-Kopie.jpg?w=945 945w, https:\/\/i0.wp.com\/www.presstourism.ch\/wp-content\/uploads\/2020\/02\/Kirche-auf-Fels-hoch-Kopie.jpg?resize=200%2C300 200w, https:\/\/i0.wp.com\/www.presstourism.ch\/wp-content\/uploads\/2020\/02\/Kirche-auf-Fels-hoch-Kopie.jpg?resize=683%2C1024 683w, https:\/\/i0.wp.com\/www.presstourism.ch\/wp-content\/uploads\/2020\/02\/Kirche-auf-Fels-hoch-Kopie.jpg?resize=768%2C1152 768w, https:\/\/i0.wp.com\/www.presstourism.ch\/wp-content\/uploads\/2020\/02\/Kirche-auf-Fels-hoch-Kopie.jpg?resize=600%2C900 600w\" sizes=\"(max-width: 584px) 100vw, 584px\" \/><figcaption>Les monast\u00e8res: phares de la foi arm\u00e9nienne<\/figcaption><\/figure>\n\n\n\n<p>En\nArm\u00e9nie, les \u00e9glises sont pleines le dimanche et les jours de f\u00eates, mais des\nmauvaises langues diront que pour la jeunesse l\u2019\u00e9glise serait plut\u00f4t une\naffirmation d\u2019une identit\u00e9 et de rattachement \u00e0 la famille, une valeur qui demeure\nsacr\u00e9e. En tous cas, l\u2019Arm\u00e9nie offre une quantit\u00e9 impressionnante de monast\u00e8res\net d\u2019\u00e9glises \u00e0 visiter. Vous y trouverez parfois des moines ou des pr\u00eatres en\nactivit\u00e9 suivant une hi\u00e9rarchie implacable, r\u00e9gie par un \u00ab catholicos \u00bb\n(semblable aux patriarches orthodoxes russes) et si\u00e9geant \u00e0 Etchmiadzin, proche\nd\u2019Erevan. <\/p>\n\n\n\n<figure class=\"wp-block-image size-large\"><img loading=\"lazy\" width=\"1772\" height=\"1181\" src=\"https:\/\/i1.wp.com\/www.presstourism.ch\/WP_ALEX\/wp-content\/uploads\/2020\/02\/Kirche-Kopie.jpg?fit=640%2C426\" alt=\"\" class=\"wp-image-6442\" srcset=\"https:\/\/i0.wp.com\/www.presstourism.ch\/wp-content\/uploads\/2020\/02\/Kirche-Kopie.jpg?w=1772 1772w, https:\/\/i0.wp.com\/www.presstourism.ch\/wp-content\/uploads\/2020\/02\/Kirche-Kopie.jpg?resize=300%2C200 300w, https:\/\/i0.wp.com\/www.presstourism.ch\/wp-content\/uploads\/2020\/02\/Kirche-Kopie.jpg?resize=1024%2C682 1024w, https:\/\/i0.wp.com\/www.presstourism.ch\/wp-content\/uploads\/2020\/02\/Kirche-Kopie.jpg?resize=768%2C512 768w, https:\/\/i0.wp.com\/www.presstourism.ch\/wp-content\/uploads\/2020\/02\/Kirche-Kopie.jpg?resize=600%2C400 600w, https:\/\/i0.wp.com\/www.presstourism.ch\/wp-content\/uploads\/2020\/02\/Kirche-Kopie.jpg?resize=1536%2C1024 1536w, https:\/\/i0.wp.com\/www.presstourism.ch\/wp-content\/uploads\/2020\/02\/Kirche-Kopie.jpg?resize=1320%2C880 1320w, https:\/\/i0.wp.com\/www.presstourism.ch\/wp-content\/uploads\/2020\/02\/Kirche-Kopie.jpg?w=1168 1168w\" sizes=\"(max-width: 584px) 100vw, 584px\" \/><figcaption>Saghmosavank: psaumes au bord d&rsquo;une faille<\/figcaption><\/figure>\n\n\n\n<p>D\u2019un\nmonast\u00e8re \u00e0 l\u2019autre&nbsp;: Bien qu\u2019ils soient tous de structure cruciforme avec\nun toit conique,&nbsp; chacun&nbsp; des monast\u00e8res arm\u00e9niens poss\u00e8de sa\npersonnalit\u00e9 propre. Mieux vaut n\u2019en s\u00e9lectionner que quelques-uns, d\u2019autant\nque se rendre de l\u2019un \u00e0 l\u2019autre peut prendre des heures de route en raison de\nl\u2019environnement montagneux et d\u2019un asphalte par endroits chaotique. Depuis\nErevan, la priorit\u00e9 est la visite du centre religieux d\u2019Etchmiadzin, pour sa\ncath\u00e9drale, bien entendu, mais aussi pour la d\u00e9couverte des khatchkars, ces\nst\u00e8les de pierre sculpt\u00e9e rappelant les calvaires bretons ou les croix celtes\nd\u2019Irlande, avec leur m\u00e9lange de symboles religieux et pa\u00efens (la croix\nchr\u00e9tienne et le cercle du soleil). Le site est \u00e9galement digne d\u2019int\u00e9r\u00eat pour\nl\u2019ambiance qui y r\u00e8gne, avec les all\u00e9es et venues de s\u00e9minaristes le t\u00e9l\u00e9phone\nportable \u00e0 l\u2019oreille. Proche de l\u00e0 se trouve \u00e9galement l\u2019\u00e9glise de\nSainte\u2013Hripsinie (7\u00e8me s.), construite sur le tombeau d\u2019une jeune fille qui\nrefusa la demande en mariage d\u2019un roi.<\/p>\n\n\n\n<figure class=\"wp-block-image size-large\"><img loading=\"lazy\" width=\"1772\" height=\"1181\" src=\"https:\/\/i0.wp.com\/www.presstourism.ch\/WP_ALEX\/wp-content\/uploads\/2020\/02\/Mann-und-Frau-Kopie.jpg?fit=640%2C426\" alt=\"\" class=\"wp-image-6443\" srcset=\"https:\/\/i1.wp.com\/www.presstourism.ch\/wp-content\/uploads\/2020\/02\/Mann-und-Frau-Kopie.jpg?w=1772 1772w, https:\/\/i1.wp.com\/www.presstourism.ch\/wp-content\/uploads\/2020\/02\/Mann-und-Frau-Kopie.jpg?resize=300%2C200 300w, https:\/\/i1.wp.com\/www.presstourism.ch\/wp-content\/uploads\/2020\/02\/Mann-und-Frau-Kopie.jpg?resize=1024%2C682 1024w, https:\/\/i1.wp.com\/www.presstourism.ch\/wp-content\/uploads\/2020\/02\/Mann-und-Frau-Kopie.jpg?resize=768%2C512 768w, https:\/\/i1.wp.com\/www.presstourism.ch\/wp-content\/uploads\/2020\/02\/Mann-und-Frau-Kopie.jpg?resize=600%2C400 600w, https:\/\/i1.wp.com\/www.presstourism.ch\/wp-content\/uploads\/2020\/02\/Mann-und-Frau-Kopie.jpg?resize=1536%2C1024 1536w, https:\/\/i1.wp.com\/www.presstourism.ch\/wp-content\/uploads\/2020\/02\/Mann-und-Frau-Kopie.jpg?resize=1320%2C880 1320w, https:\/\/i1.wp.com\/www.presstourism.ch\/wp-content\/uploads\/2020\/02\/Mann-und-Frau-Kopie.jpg?w=1168 1168w\" sizes=\"(max-width: 584px) 100vw, 584px\" \/><figcaption>Le portable est de mise \u00e0 Etchmiadzin<\/figcaption><\/figure>\n\n\n\n<p>L\u2019ancienne\nbasilique de Zvartnots (5\u00e8me s.), b\u00e2tie sur les vestiges du temple\nhell\u00e9nistique d\u2019Ourartou, aurait probablement \u00e9t\u00e9 la plus belle de toutes si\nelle n\u2019avait subi un tremblement de terre d\u00e9vastateur au 10\u00e8me si\u00e8cle. Sa\nconstitution originale sur trois \u00e9tages figure aujourd\u2019hui sur la porte de la\nSainte-Chapelle de Paris.<\/p>\n\n\n\n<figure class=\"wp-block-image size-large\"><img loading=\"lazy\" width=\"2480\" height=\"1654\" src=\"https:\/\/i0.wp.com\/www.presstourism.ch\/WP_ALEX\/wp-content\/uploads\/2020\/02\/Kaukasus-Kopie-1.jpg?fit=640%2C427\" alt=\"\" class=\"wp-image-6444\" srcset=\"https:\/\/i2.wp.com\/www.presstourism.ch\/wp-content\/uploads\/2020\/02\/Kaukasus-Kopie-1.jpg?w=2480 2480w, https:\/\/i2.wp.com\/www.presstourism.ch\/wp-content\/uploads\/2020\/02\/Kaukasus-Kopie-1.jpg?resize=300%2C200 300w, https:\/\/i2.wp.com\/www.presstourism.ch\/wp-content\/uploads\/2020\/02\/Kaukasus-Kopie-1.jpg?resize=1024%2C683 1024w, https:\/\/i2.wp.com\/www.presstourism.ch\/wp-content\/uploads\/2020\/02\/Kaukasus-Kopie-1.jpg?resize=768%2C512 768w, https:\/\/i2.wp.com\/www.presstourism.ch\/wp-content\/uploads\/2020\/02\/Kaukasus-Kopie-1.jpg?resize=600%2C400 600w, https:\/\/i2.wp.com\/www.presstourism.ch\/wp-content\/uploads\/2020\/02\/Kaukasus-Kopie-1.jpg?resize=1536%2C1024 1536w, https:\/\/i2.wp.com\/www.presstourism.ch\/wp-content\/uploads\/2020\/02\/Kaukasus-Kopie-1.jpg?resize=2048%2C1366 2048w, https:\/\/i2.wp.com\/www.presstourism.ch\/wp-content\/uploads\/2020\/02\/Kaukasus-Kopie-1.jpg?resize=1320%2C880 1320w, https:\/\/i2.wp.com\/www.presstourism.ch\/wp-content\/uploads\/2020\/02\/Kaukasus-Kopie-1.jpg?w=1168 1168w, https:\/\/i2.wp.com\/www.presstourism.ch\/wp-content\/uploads\/2020\/02\/Kaukasus-Kopie-1.jpg?w=1752 1752w\" sizes=\"(max-width: 584px) 100vw, 584px\" \/><figcaption>Khor Virap, entre vignes et montagnes<\/figcaption><\/figure>\n\n\n\n<p>Au\nsud-est, le monast\u00e8re de Khor Virap domin\u00e9 le mont Ararat et surplombe la\nfronti\u00e8re turque. C\u2019est l\u00e0 que se trouve la l\u00e9gendaire fosse o\u00f9 Gr\u00e9goire 1<sup>er<\/sup>,\nl\u2019Illuminateur, p\u00e8re de l\u2019\u00e9glise arm\u00e9nienne aurait \u00e9t\u00e9 emprisonn\u00e9 pendant 13\nans jusqu\u2019\u00e0 ce que le roi Tiridate, malade, implore au saint un miracle pour sa\ngu\u00e9rison, \u00e0 la suite de laquelle il d\u00e9cida de convertir son royaume au\nchristianisme.<\/p>\n\n\n\n<p>Encore\ndes monast\u00e8res&nbsp;: Saint Estathius, dit monast\u00e8re de Tatev, est le plus\nspectaculaire de tous par sa situation coll\u00e9 \u00e0 une paroi montagneuse. Son nom\nvient de ce que les moines se jetaient du haut de la falaise pour \u00e9chapper aux\nenvahisseurs seldjoukides en criant \u00ab Tatev ! \u00bb (Seigneur, donne-moi des ailes\n!). Gueghard (3\u00e8me s.) est enfonc\u00e9 dans un creux de montagne et entour\u00e9\nd\u2019habitations troglodytes. Il date de la premi\u00e8re p\u00e9riode de christianisation,\net fut construit par St Gr\u00e9goire l\u2019Illuminateur, qui aurait v\u00e9cu dans l\u2019une de\nses cellules. On y acc\u00e9dait jadis par une \u00e9chelle de corde. Novarank (11\u00e8me s.)\nest, lui aussi, enfonc\u00e9 dans la montagne. L\u2019une de ses particularit\u00e9s est\nl\u2019acc\u00e8s quelque peu p\u00e9rilleux au premier \u00e9tage de son \u00e9glise St Asivatsatsine\n(Ste M\u00e8re-de-Dieu).&nbsp; Plus ais\u00e9 est\nl\u2019acc\u00e8s \u00e0 mausol\u00e9e du sous-sol. Sevanavank (4\u00e8me s.) qui jouit d\u2019un panorama \u00e0\n360\u00b0. Il tr\u00f4ne sur le promontoire de la p\u00e9ninsule avan\u00e7ant sur le lac Sevan.\nLes chroniqueurs arm\u00e9niens disent que la princesse et veuve Mariam, fille\nd\u2019Achote 1er, y d\u00e9dia sa vie et sa pi\u00e9t\u00e9 et d\u00e9cida de faire construire trente\n\u00e9glises \u00e0 la m\u00e9moire de son d\u00e9funt mari Vasak Gabour. Saghmosavank (13\u00e8me s.)\nest appel\u00e9 \u00ab le Monast\u00e8re des Psaumes \u00bb en raison des psaumes chant\u00e9s en\npolyphonie par les moines. Sa particularit\u00e9 est sa situation en bordure d\u2019une\ngrande faille de style canyon qui repr\u00e9sente une inspiration infinie pour les\n\u00e9l\u00e8ves de l\u2019Ecole d\u2019art d\u2019Erevan.<\/p>\n\n\n\n<p>L\u2019\u00e2me\ndu po\u00e8te&nbsp;: A Zangakatun se trouve la maison transform\u00e9e en un \u00e9mouvant\nmus\u00e9e&nbsp; \u00e0 la m\u00e9moire de Panuyr Sevak, un\npo\u00e8te contemporain, qui fut vraisemblablement assassin\u00e9 \u00e0 l\u2019\u00e2ge de 47 ans par\nle KGB pour son esprit rebelle et qui, dans ses po\u00e8mes, d\u00e9non\u00e7ait ceux qu\u2019il\nappelait les \u00ab tartuffes \u00bb, qui avaient meurtri son peuple (les Turcs, les\nSoviets et les nazis). Tr\u00e8s touchants, ses po\u00e8mes ont \u00e9t\u00e9 traduits en fran\u00e7ais.\nIl \u00e9tait l\u2019ami des grands intellectuels arm\u00e9niens, dont le compositeur\nKatchaturian.<\/p>\n\n\n\n<p class=\"has-text-align-right\">G\u00e9rard Blanc et Erika Bodmer<\/p>\n\n\n\n<p class=\"has-text-align-right\">Publi\u00e9 par Vision, revue des hautes-\u00e9coles suisses  \/ Hiver 2020<\/p>\n\n\n\n<div class=\"wp-block-file alignright\"><a href=\"http:\/\/www.presstourism.ch\/WP_ALEX\/wp-content\/uploads\/2020\/02\/GzD_Vision-2020-1-Winter-10dfr-Korr_V21-Kopie.pdf\">Vision:<\/a><a href=\"http:\/\/www.presstourism.ch\/WP_ALEX\/wp-content\/uploads\/2020\/02\/GzD_Vision-2020-1-Winter-10dfr-Korr_V21-Kopie.pdf\" class=\"wp-block-file__button\" download>T\u00e9l\u00e9charger<\/a><\/div>\n","protected":false},"excerpt":{"rendered":"<p>Textes et photos: G\u00e9rard Blanc et Erika Bodmer Petit pays montagneux faisant partie du \u00ab Petit Caucase \u00bb, l\u2019Arm\u00e9nie est riche en \u00e9motions et en patrimoine culturel. La valeur ajout\u00e9e de ce pays souvent m\u00e9connu est un contact privil\u00e9gi\u00e9 avec &hellip; <a href=\"http:\/\/www.presstourism.ch\/?page_id=6437\">Continuer la lecture <span class=\"meta-nav\">&rarr;<\/span><\/a><\/p>\n","protected":false},"author":1,"featured_media":0,"parent":713,"menu_order":0,"comment_status":"closed","ping_status":"closed","template":"","meta":{"ngg_post_thumbnail":0,"spay_email":""},"jetpack_sharing_enabled":true,"jetpack_shortlink":"https:\/\/wp.me\/P468TV-1FP","_links":{"self":[{"href":"http:\/\/www.presstourism.ch\/index.php?rest_route=\/wp\/v2\/pages\/6437"}],"collection":[{"href":"http:\/\/www.presstourism.ch\/index.php?rest_route=\/wp\/v2\/pages"}],"about":[{"href":"http:\/\/www.presstourism.ch\/index.php?rest_route=\/wp\/v2\/types\/page"}],"author":[{"embeddable":true,"href":"http:\/\/www.presstourism.ch\/index.php?rest_route=\/wp\/v2\/users\/1"}],"replies":[{"embeddable":true,"href":"http:\/\/www.presstourism.ch\/index.php?rest_route=%2Fwp%2Fv2%2Fcomments&post=6437"}],"version-history":[{"count":2,"href":"http:\/\/www.presstourism.ch\/index.php?rest_route=\/wp\/v2\/pages\/6437\/revisions"}],"predecessor-version":[{"id":6450,"href":"http:\/\/www.presstourism.ch\/index.php?rest_route=\/wp\/v2\/pages\/6437\/revisions\/6450"}],"up":[{"embeddable":true,"href":"http:\/\/www.presstourism.ch\/index.php?rest_route=\/wp\/v2\/pages\/713"}],"wp:attachment":[{"href":"http:\/\/www.presstourism.ch\/index.php?rest_route=%2Fwp%2Fv2%2Fmedia&parent=6437"}],"curies":[{"name":"wp","href":"https:\/\/api.w.org\/{rel}","templated":true}]}}