{"id":6418,"date":"2020-02-12T09:00:14","date_gmt":"2020-02-12T08:00:14","guid":{"rendered":"http:\/\/www.presstourism.ch\/WP_ALEX\/?page_id=6418"},"modified":"2020-02-12T09:02:02","modified_gmt":"2020-02-12T08:02:02","slug":"des-paysages-somptueux-avec-le-glacier-express","status":"publish","type":"page","link":"http:\/\/www.presstourism.ch\/?page_id=6418","title":{"rendered":"Des paysages somptueux avec le Glacier-Express"},"content":{"rendered":"\n<figure class=\"wp-block-image size-large\"><img loading=\"lazy\" width=\"853\" height=\"1280\" src=\"https:\/\/i1.wp.com\/www.presstourism.ch\/WP_ALEX\/wp-content\/uploads\/2020\/02\/1GlacierExpressTrain.jpg?fit=640%2C961\" alt=\"\" class=\"wp-image-6419\" srcset=\"https:\/\/i0.wp.com\/www.presstourism.ch\/wp-content\/uploads\/2020\/02\/1GlacierExpressTrain.jpg?w=853 853w, https:\/\/i0.wp.com\/www.presstourism.ch\/wp-content\/uploads\/2020\/02\/1GlacierExpressTrain.jpg?resize=200%2C300 200w, https:\/\/i0.wp.com\/www.presstourism.ch\/wp-content\/uploads\/2020\/02\/1GlacierExpressTrain.jpg?resize=682%2C1024 682w, https:\/\/i0.wp.com\/www.presstourism.ch\/wp-content\/uploads\/2020\/02\/1GlacierExpressTrain.jpg?resize=768%2C1152 768w, https:\/\/i0.wp.com\/www.presstourism.ch\/wp-content\/uploads\/2020\/02\/1GlacierExpressTrain.jpg?resize=600%2C900 600w\" sizes=\"(max-width: 584px) 100vw, 584px\" \/><figcaption>Le Glacier-Express traverse le viaduc  de Landwasser entre Coire et Saint-Moritz<\/figcaption><\/figure>\n\n\n\n<p><strong>Entre la perle du Valais et les beaut\u00e9s de l&rsquo;Engadine<\/strong><\/p>\n\n\n\n<p>Depuis Zermatt et le Cervin, le voyage en train panoramique franchit 291 ponts, dont le c\u00e9l\u00e8bre viaduc de Landwasser, et emprunte 91 tunnels jusqu&rsquo;\u00e0 Saint-Moritz. <\/p>\n\n\n\n<figure class=\"wp-block-image size-large\"><img loading=\"lazy\" width=\"1280\" height=\"853\" src=\"https:\/\/i0.wp.com\/www.presstourism.ch\/WP_ALEX\/wp-content\/uploads\/2020\/02\/8PaysagesGlExpress.jpg?fit=640%2C426\" alt=\"\" class=\"wp-image-6420\" srcset=\"https:\/\/i1.wp.com\/www.presstourism.ch\/wp-content\/uploads\/2020\/02\/8PaysagesGlExpress.jpg?w=1280 1280w, https:\/\/i1.wp.com\/www.presstourism.ch\/wp-content\/uploads\/2020\/02\/8PaysagesGlExpress.jpg?resize=300%2C200 300w, https:\/\/i1.wp.com\/www.presstourism.ch\/wp-content\/uploads\/2020\/02\/8PaysagesGlExpress.jpg?resize=1024%2C682 1024w, https:\/\/i1.wp.com\/www.presstourism.ch\/wp-content\/uploads\/2020\/02\/8PaysagesGlExpress.jpg?resize=768%2C512 768w, https:\/\/i1.wp.com\/www.presstourism.ch\/wp-content\/uploads\/2020\/02\/8PaysagesGlExpress.jpg?resize=600%2C400 600w, https:\/\/i1.wp.com\/www.presstourism.ch\/wp-content\/uploads\/2020\/02\/8PaysagesGlExpress.jpg?w=1168 1168w\" sizes=\"(max-width: 584px) 100vw, 584px\" \/><figcaption> La balade en train offre des paysages superbes comme ici avec ce petit village perch\u00e9. <\/figcaption><\/figure>\n\n\n\n<p><strong>Textes et photos: Roger Juillerat<\/strong><\/p>\n\n\n\n<p>Si vous n&rsquo;avez pas encore eu le bonheur de monter une fois dans le Glacier-Express, d\u00e9p\u00eachez-vous de le faire. Il est prudent de r\u00e9server son voyage \u00e0 l&rsquo;avance, tant il est pris\u00e9 par les touristes d&rsquo;ici et d&rsquo;ailleurs. Surnomm\u00e9 \u00ab\u00a0le train rapide le plus lent du monde\u00a0\u00bb (allure moyenne de 36&nbsp;km\/h), il relie Zermatt \u00e0 Saint-Moritz en quelque huit heures. Et des variantes plus courtes vous conduisent de Brigue \u00e0 Saint-Moritz et de Zermatt \u00e0 Coire ou vice-versa.<\/p>\n\n\n\n<figure class=\"wp-block-image size-large\"><img loading=\"lazy\" width=\"1280\" height=\"853\" src=\"https:\/\/i1.wp.com\/www.presstourism.ch\/WP_ALEX\/wp-content\/uploads\/2020\/02\/6SommetMtCovatsch.jpg?fit=640%2C426\" alt=\"\" class=\"wp-image-6429\" srcset=\"https:\/\/i0.wp.com\/www.presstourism.ch\/wp-content\/uploads\/2020\/02\/6SommetMtCovatsch.jpg?w=1280 1280w, https:\/\/i0.wp.com\/www.presstourism.ch\/wp-content\/uploads\/2020\/02\/6SommetMtCovatsch.jpg?resize=300%2C200 300w, https:\/\/i0.wp.com\/www.presstourism.ch\/wp-content\/uploads\/2020\/02\/6SommetMtCovatsch.jpg?resize=1024%2C682 1024w, https:\/\/i0.wp.com\/www.presstourism.ch\/wp-content\/uploads\/2020\/02\/6SommetMtCovatsch.jpg?resize=768%2C512 768w, https:\/\/i0.wp.com\/www.presstourism.ch\/wp-content\/uploads\/2020\/02\/6SommetMtCovatsch.jpg?resize=600%2C400 600w, https:\/\/i0.wp.com\/www.presstourism.ch\/wp-content\/uploads\/2020\/02\/6SommetMtCovatsch.jpg?w=1168 1168w\" sizes=\"(max-width: 584px) 100vw, 584px\" \/><figcaption>La station sup\u00e9rieure du t\u00e9l\u00e9ph\u00e9rique du Mont Corvatsch offre de superbes panoramas.<\/figcaption><\/figure>\n\n\n\n<p>Monter dans ce train, c&rsquo;est l&rsquo;assurance de vivre un moment d&rsquo;exception en admirant de splendides panoramas alpins, en franchissant des gorges profondes avec des torrents, en longeant des parois rocheuses escarp\u00e9es et en serpentant des vall\u00e9es isol\u00e9es avec leurs villages typiques et authentiques. Donc pas de quoi l\u00e2cher son appareil photo, car les attractions s&rsquo;encha\u00eenent. Apr\u00e8s Zermatt, en direction de Vi\u00e8ge, le Glacier-Express traverse la vall\u00e9e de Saint-Nicolas, la plus encaiss\u00e9e de Suisse. Et apr\u00e8s Brigue et son ancien couvent des capucins, voil\u00e0 la vall\u00e9e de Conches avec, parmi d&rsquo;autres, le village de Niederwald. C&rsquo;est l\u00e0 qu&rsquo;est n\u00e9 C\u00e9sar Ritz, le roi des h\u00f4teliers et l&rsquo;h\u00f4telier des rois, dont on a comm\u00e9mor\u00e9 les 100 ans de sa mort en 2018.<\/p>\n\n\n\n<figure class=\"wp-block-image size-large\"><img loading=\"lazy\" width=\"1280\" height=\"853\" src=\"https:\/\/i0.wp.com\/www.presstourism.ch\/WP_ALEX\/wp-content\/uploads\/2020\/02\/9GlacierExpress.jpg?fit=640%2C426\" alt=\"\" class=\"wp-image-6422\" srcset=\"https:\/\/i1.wp.com\/www.presstourism.ch\/wp-content\/uploads\/2020\/02\/9GlacierExpress.jpg?w=1280 1280w, https:\/\/i1.wp.com\/www.presstourism.ch\/wp-content\/uploads\/2020\/02\/9GlacierExpress.jpg?resize=300%2C200 300w, https:\/\/i1.wp.com\/www.presstourism.ch\/wp-content\/uploads\/2020\/02\/9GlacierExpress.jpg?resize=1024%2C682 1024w, https:\/\/i1.wp.com\/www.presstourism.ch\/wp-content\/uploads\/2020\/02\/9GlacierExpress.jpg?resize=768%2C512 768w, https:\/\/i1.wp.com\/www.presstourism.ch\/wp-content\/uploads\/2020\/02\/9GlacierExpress.jpg?resize=600%2C400 600w, https:\/\/i1.wp.com\/www.presstourism.ch\/wp-content\/uploads\/2020\/02\/9GlacierExpress.jpg?w=1168 1168w\" sizes=\"(max-width: 584px) 100vw, 584px\" \/><figcaption> Troupeau de moutons paissant tranquillement au pied de la montagne. <\/figcaption><\/figure>\n\n\n\n<p>On passe le tunnel de\nla Furka, Andermatt et le col de l&rsquo;Oberalp (2033&nbsp;m), puis c&rsquo;est la\ndescente de la vall\u00e9e du Rhin jusqu&rsquo;\u00e0 Coire, roulant le long du fleuve parmi les\nfalaises de notre Grand Canyon helv\u00e9tique. En direction du tron\u00e7on de l&rsquo;Albula,\ninscrit au patrimoine mondial de l&rsquo;Unesco, le train passe sur le fameux viaduc\nde Landwasser, qui figure chaque ann\u00e9e sur bon nombre de calendriers. <\/p>\n\n\n\n<p>Des tunnels h\u00e9lico\u00efdaux,\nune nouvelle descente et c&rsquo;est l&rsquo;arriv\u00e9e \u00e0 Saint-Moritz, fin d&rsquo;un voyage durant\nlequel la rame a franchi pas moins de 291 ponts et a travers\u00e9 91 tunnels.\nInoubliable!<\/p>\n\n\n\n<p><strong>Nouvelles classe \u00ab\u00a0Excellence\u00a0\u00bb<\/strong><\/p>\n\n\n\n<figure class=\"wp-block-image size-large\"><img loading=\"lazy\" width=\"1280\" height=\"960\" src=\"https:\/\/i1.wp.com\/www.presstourism.ch\/WP_ALEX\/wp-content\/uploads\/2020\/02\/2GlacierExpress-Excellence.jpg?fit=640%2C480\" alt=\"\" class=\"wp-image-6421\" srcset=\"https:\/\/i2.wp.com\/www.presstourism.ch\/wp-content\/uploads\/2020\/02\/2GlacierExpress-Excellence.jpg?w=1280 1280w, https:\/\/i2.wp.com\/www.presstourism.ch\/wp-content\/uploads\/2020\/02\/2GlacierExpress-Excellence.jpg?resize=300%2C225 300w, https:\/\/i2.wp.com\/www.presstourism.ch\/wp-content\/uploads\/2020\/02\/2GlacierExpress-Excellence.jpg?resize=1024%2C768 1024w, https:\/\/i2.wp.com\/www.presstourism.ch\/wp-content\/uploads\/2020\/02\/2GlacierExpress-Excellence.jpg?resize=768%2C576 768w, https:\/\/i2.wp.com\/www.presstourism.ch\/wp-content\/uploads\/2020\/02\/2GlacierExpress-Excellence.jpg?resize=600%2C450 600w, https:\/\/i2.wp.com\/www.presstourism.ch\/wp-content\/uploads\/2020\/02\/2GlacierExpress-Excellence.jpg?w=1168 1168w\" sizes=\"(max-width: 584px) 100vw, 584px\" \/><figcaption>Dans un des nouveaux wagons \u00abExcellence\u00bb du Glacier Express.<\/figcaption><\/figure>\n\n\n\n<p>Depuis quelques mois, le Glacier-Express propose une nouvelle classe \u00ab\u00a0Excellence\u00a0\u00bb. Elle garantit le plus haut niveau de confort, un service cinq \u00e9toiles avec un menu de cinq plats arros\u00e9s de vins r\u00e9gionaux. Une tablette permet au passager de suivre son voyage en direct sur une carte, de conna\u00eetre la vitesse du train, l&rsquo;altitude et la temp\u00e9rature ext\u00e9rieure. <\/p>\n\n\n\n<figure class=\"wp-block-image size-large\"><img loading=\"lazy\" width=\"1280\" height=\"960\" src=\"https:\/\/i1.wp.com\/www.presstourism.ch\/WP_ALEX\/wp-content\/uploads\/2020\/02\/3WagonExcellence.jpg?fit=640%2C480\" alt=\"\" class=\"wp-image-6425\" srcset=\"https:\/\/i2.wp.com\/www.presstourism.ch\/wp-content\/uploads\/2020\/02\/3WagonExcellence.jpg?w=1280 1280w, https:\/\/i2.wp.com\/www.presstourism.ch\/wp-content\/uploads\/2020\/02\/3WagonExcellence.jpg?resize=300%2C225 300w, https:\/\/i2.wp.com\/www.presstourism.ch\/wp-content\/uploads\/2020\/02\/3WagonExcellence.jpg?resize=1024%2C768 1024w, https:\/\/i2.wp.com\/www.presstourism.ch\/wp-content\/uploads\/2020\/02\/3WagonExcellence.jpg?resize=768%2C576 768w, https:\/\/i2.wp.com\/www.presstourism.ch\/wp-content\/uploads\/2020\/02\/3WagonExcellence.jpg?resize=600%2C450 600w, https:\/\/i2.wp.com\/www.presstourism.ch\/wp-content\/uploads\/2020\/02\/3WagonExcellence.jpg?w=1168 1168w\" sizes=\"(max-width: 584px) 100vw, 584px\" \/><figcaption> L&rsquo;ext\u00e9rieur du wagon \u00ab\u00a0Excellence\u00a0\u00bb, ici \u00e0&nbsp; la gare de Coire. <\/figcaption><\/figure>\n\n\n\n<p>Directrice de la Compagnie, Annemarie Meyer est satisfaite de cette nouvelle offre: \u00a0\u00bb Plus 5000&nbsp;passagers ont pris les deux nouveaux wagons, surtout des Japonais. Nous avons atteint un taux d\u2019occupation en moyenne de 90%\u00bb. <\/p>\n\n\n\n<p><strong>Incontournable\nh\u00f4tel Waldhaus<\/strong><\/p>\n\n\n\n<figure class=\"wp-block-image size-large\"><img loading=\"lazy\" width=\"1280\" height=\"960\" src=\"https:\/\/i1.wp.com\/www.presstourism.ch\/WP_ALEX\/wp-content\/uploads\/2020\/02\/4H\u00f4telWaldhausSils.jpg?fit=640%2C480\" alt=\"\" class=\"wp-image-6426\" srcset=\"https:\/\/i2.wp.com\/www.presstourism.ch\/wp-content\/uploads\/2020\/02\/4H\u00f4telWaldhausSils.jpg?w=1280 1280w, https:\/\/i2.wp.com\/www.presstourism.ch\/wp-content\/uploads\/2020\/02\/4H\u00f4telWaldhausSils.jpg?resize=300%2C225 300w, https:\/\/i2.wp.com\/www.presstourism.ch\/wp-content\/uploads\/2020\/02\/4H\u00f4telWaldhausSils.jpg?resize=1024%2C768 1024w, https:\/\/i2.wp.com\/www.presstourism.ch\/wp-content\/uploads\/2020\/02\/4H\u00f4telWaldhausSils.jpg?resize=768%2C576 768w, https:\/\/i2.wp.com\/www.presstourism.ch\/wp-content\/uploads\/2020\/02\/4H\u00f4telWaldhausSils.jpg?resize=600%2C450 600w, https:\/\/i2.wp.com\/www.presstourism.ch\/wp-content\/uploads\/2020\/02\/4H\u00f4telWaldhausSils.jpg?w=1168 1168w\" sizes=\"(max-width: 584px) 100vw, 584px\" \/><figcaption> Le salon de l&rsquo;h\u00f4tel Waldhaus \u00e0 Sils, un lieu baign\u00e9 de l\u00e9gendes, qui f\u00eate cette ann\u00e9e ses 111 ans. <\/figcaption><\/figure>\n\n\n\n<p>Arriv\u00e9s \u00e0 bon port, n&rsquo;oubliez surtout pas de visiter quelques beaut\u00e9s de l&rsquo;Engadine: les lacs de Saint-Moritz, de Champfer, de Silvaplana et de Sils. Et si vous restez deux ou trois jours, il vaut la peine de passer la nuit \u00e0 l&rsquo;h\u00f4tel Waldhaus (<a href=\"http:\/\/www.waldhaus-sils.ch\">www.waldhaus-sils.ch<\/a>) dominant justement Sils et son lac. Il a f\u00eat\u00e9 ses 111 ans cette ann\u00e9e et c&rsquo;est un haut-lieu de culture et de rencontres. <\/p>\n\n\n\n<figure class=\"wp-block-image size-large\"><img loading=\"lazy\" width=\"1280\" height=\"960\" src=\"https:\/\/i1.wp.com\/www.presstourism.ch\/WP_ALEX\/wp-content\/uploads\/2020\/02\/10SilsMaria-1.jpg?fit=640%2C480\" alt=\"\" class=\"wp-image-6428\" srcset=\"https:\/\/i2.wp.com\/www.presstourism.ch\/wp-content\/uploads\/2020\/02\/10SilsMaria-1.jpg?w=1280 1280w, https:\/\/i2.wp.com\/www.presstourism.ch\/wp-content\/uploads\/2020\/02\/10SilsMaria-1.jpg?resize=300%2C225 300w, https:\/\/i2.wp.com\/www.presstourism.ch\/wp-content\/uploads\/2020\/02\/10SilsMaria-1.jpg?resize=1024%2C768 1024w, https:\/\/i2.wp.com\/www.presstourism.ch\/wp-content\/uploads\/2020\/02\/10SilsMaria-1.jpg?resize=768%2C576 768w, https:\/\/i2.wp.com\/www.presstourism.ch\/wp-content\/uploads\/2020\/02\/10SilsMaria-1.jpg?resize=600%2C450 600w, https:\/\/i2.wp.com\/www.presstourism.ch\/wp-content\/uploads\/2020\/02\/10SilsMaria-1.jpg?w=1168 1168w\" sizes=\"(max-width: 584px) 100vw, 584px\" \/><figcaption> Les vieilles affiches de Sils en Engadine et son fameux h\u00f4tel Waldhaus. <\/figcaption><\/figure>\n\n\n\n<p>La liste des personnalit\u00e9s qui y ont s\u00e9journ\u00e9 est longue: Nietzsche, Cocteau, Frisch, D\u00fcrrenmatt, Marcuse, Thomas Mann, Rilke, Hesse, Gide et Claude Chabrol. Ce dernier y a tourn\u00e9 \u00abRien ne va plus\u00bb. Une histoire d&rsquo;escrocs \u00e0 la petite semaine pris au pi\u00e8ge d&rsquo;un r\u00e9seau international, avec Isabelle Huppert, Michel Serrault et Jean-Fran\u00e7ois Balmer. Monter aussi en t\u00e9l\u00e9ph\u00e9rique sur le Mont Corvatsch, le plus haut site de l&rsquo;Engadine (3298&nbsp;m.). Il offre des vues grandioses sur la plaine et ses lacs, ainsi que le Piz Bernina. <\/p>\n\n\n\n<figure class=\"wp-block-image size-large\"><img loading=\"lazy\" width=\"1280\" height=\"853\" src=\"https:\/\/i0.wp.com\/www.presstourism.ch\/WP_ALEX\/wp-content\/uploads\/2020\/02\/7BerninaMtCovatsch.jpg?fit=640%2C426\" alt=\"\" class=\"wp-image-6424\" srcset=\"https:\/\/i1.wp.com\/www.presstourism.ch\/wp-content\/uploads\/2020\/02\/7BerninaMtCovatsch.jpg?w=1280 1280w, https:\/\/i1.wp.com\/www.presstourism.ch\/wp-content\/uploads\/2020\/02\/7BerninaMtCovatsch.jpg?resize=300%2C200 300w, https:\/\/i1.wp.com\/www.presstourism.ch\/wp-content\/uploads\/2020\/02\/7BerninaMtCovatsch.jpg?resize=1024%2C682 1024w, https:\/\/i1.wp.com\/www.presstourism.ch\/wp-content\/uploads\/2020\/02\/7BerninaMtCovatsch.jpg?resize=768%2C512 768w, https:\/\/i1.wp.com\/www.presstourism.ch\/wp-content\/uploads\/2020\/02\/7BerninaMtCovatsch.jpg?resize=600%2C400 600w, https:\/\/i1.wp.com\/www.presstourism.ch\/wp-content\/uploads\/2020\/02\/7BerninaMtCovatsch.jpg?w=1168 1168w\" sizes=\"(max-width: 584px) 100vw, 584px\" \/><figcaption>La Bernina depuis le sommet du Mont Corvatsch<\/figcaption><\/figure>\n\n\n\n<p><strong><em>Infos pratiques:<\/em> <\/strong>www.glacierexpress.ch, t\u00e9l.&nbsp;0848&nbsp;642&nbsp;442. <a href=\"http:\/\/www.waldhaus-sils.ch\/fr\/\">www.waldhaus-sils.ch\/fr\/<\/a><\/p>\n\n\n\n<figure class=\"wp-block-image size-large\"><img loading=\"lazy\" width=\"1280\" height=\"853\" src=\"https:\/\/i0.wp.com\/www.presstourism.ch\/WP_ALEX\/wp-content\/uploads\/2020\/02\/5SilvaplanaSils.jpg?fit=640%2C426\" alt=\"\" class=\"wp-image-6430\" srcset=\"https:\/\/i1.wp.com\/www.presstourism.ch\/wp-content\/uploads\/2020\/02\/5SilvaplanaSils.jpg?w=1280 1280w, https:\/\/i1.wp.com\/www.presstourism.ch\/wp-content\/uploads\/2020\/02\/5SilvaplanaSils.jpg?resize=300%2C200 300w, https:\/\/i1.wp.com\/www.presstourism.ch\/wp-content\/uploads\/2020\/02\/5SilvaplanaSils.jpg?resize=1024%2C682 1024w, https:\/\/i1.wp.com\/www.presstourism.ch\/wp-content\/uploads\/2020\/02\/5SilvaplanaSils.jpg?resize=768%2C512 768w, https:\/\/i1.wp.com\/www.presstourism.ch\/wp-content\/uploads\/2020\/02\/5SilvaplanaSils.jpg?resize=600%2C400 600w, https:\/\/i1.wp.com\/www.presstourism.ch\/wp-content\/uploads\/2020\/02\/5SilvaplanaSils.jpg?w=1168 1168w\" sizes=\"(max-width: 584px) 100vw, 584px\" \/><figcaption>Les lacs de Sivaplana et de Sils depuis la station interm\u00e9diaire du t\u00e9l\u00e9ph\u00e9rique<\/figcaption><\/figure>\n\n\n\n<div class=\"wp-block-file\"><a href=\"http:\/\/www.presstourism.ch\/WP_ALEX\/wp-content\/uploads\/2020\/02\/NVB_141119-Voyages-GlacierExpress4-copie-2.pdf\">T\u00e9l\u00e9charger  l&rsquo;article<\/a><a href=\"http:\/\/www.presstourism.ch\/WP_ALEX\/wp-content\/uploads\/2020\/02\/NVB_141119-Voyages-GlacierExpress4-copie-2.pdf\" class=\"wp-block-file__button\" download>T\u00e9l\u00e9charger<\/a><\/div>\n\n\n\n<p><\/p>\n","protected":false},"excerpt":{"rendered":"<p>Entre la perle du Valais et les beaut\u00e9s de l&rsquo;Engadine Depuis Zermatt et le Cervin, le voyage en train panoramique franchit 291 ponts, dont le c\u00e9l\u00e8bre viaduc de Landwasser, et emprunte 91 tunnels jusqu&rsquo;\u00e0 Saint-Moritz. Textes et photos: Roger Juillerat &hellip; <a href=\"http:\/\/www.presstourism.ch\/?page_id=6418\">Continuer la lecture <span class=\"meta-nav\">&rarr;<\/span><\/a><\/p>\n","protected":false},"author":1,"featured_media":0,"parent":341,"menu_order":0,"comment_status":"closed","ping_status":"closed","template":"","meta":{"ngg_post_thumbnail":0,"spay_email":""},"jetpack_sharing_enabled":true,"jetpack_shortlink":"https:\/\/wp.me\/P468TV-1Fw","_links":{"self":[{"href":"http:\/\/www.presstourism.ch\/index.php?rest_route=\/wp\/v2\/pages\/6418"}],"collection":[{"href":"http:\/\/www.presstourism.ch\/index.php?rest_route=\/wp\/v2\/pages"}],"about":[{"href":"http:\/\/www.presstourism.ch\/index.php?rest_route=\/wp\/v2\/types\/page"}],"author":[{"embeddable":true,"href":"http:\/\/www.presstourism.ch\/index.php?rest_route=\/wp\/v2\/users\/1"}],"replies":[{"embeddable":true,"href":"http:\/\/www.presstourism.ch\/index.php?rest_route=%2Fwp%2Fv2%2Fcomments&post=6418"}],"version-history":[{"count":2,"href":"http:\/\/www.presstourism.ch\/index.php?rest_route=\/wp\/v2\/pages\/6418\/revisions"}],"predecessor-version":[{"id":6433,"href":"http:\/\/www.presstourism.ch\/index.php?rest_route=\/wp\/v2\/pages\/6418\/revisions\/6433"}],"up":[{"embeddable":true,"href":"http:\/\/www.presstourism.ch\/index.php?rest_route=\/wp\/v2\/pages\/341"}],"wp:attachment":[{"href":"http:\/\/www.presstourism.ch\/index.php?rest_route=%2Fwp%2Fv2%2Fmedia&parent=6418"}],"curies":[{"name":"wp","href":"https:\/\/api.w.org\/{rel}","templated":true}]}}