{"id":6342,"date":"2019-11-14T19:52:03","date_gmt":"2019-11-14T18:52:03","guid":{"rendered":"http:\/\/www.presstourism.ch\/WP_ALEX\/?page_id=6342"},"modified":"2019-11-14T19:52:03","modified_gmt":"2019-11-14T18:52:03","slug":"le-peuple-armenien-est-sage","status":"publish","type":"page","link":"http:\/\/www.presstourism.ch\/?page_id=6342","title":{"rendered":"\u00abLe peuple arm\u00e9nien est sage\u00bb"},"content":{"rendered":"\n<div class=\"wp-block-image\"><figure class=\"alignright is-resized\"><img loading=\"lazy\" src=\"https:\/\/i1.wp.com\/www.presstourism.ch\/WP_ALEX\/wp-content\/uploads\/2019\/11\/BR9A0137_0_0.jpg?resize=250%2C227\" alt=\"\" class=\"wp-image-6343\" width=\"250\" height=\"227\" srcset=\"https:\/\/i2.wp.com\/www.presstourism.ch\/wp-content\/uploads\/2019\/11\/BR9A0137_0_0.jpg?w=528 528w, https:\/\/i2.wp.com\/www.presstourism.ch\/wp-content\/uploads\/2019\/11\/BR9A0137_0_0.jpg?resize=300%2C272 300w\" sizes=\"(max-width: 250px) 100vw, 250px\" data-recalc-dims=\"1\" \/><figcaption>Zara Nazarian<\/figcaption><\/figure><\/div>\n\n\n\n<p><strong>Secr\u00e9taire g\u00e9n\u00e9rale de l\u2019Union internationale de la presse francophone (UPF) r\u00e9sidant \u00e0 Erevan, l\u2019Arm\u00e9nienne Zara Nazarian commente la situation dans son pays, dix-huit mois apr\u00e8s la R\u00e9volution de velours.<\/strong><\/p>\n\n\n\n<p>En avril et en mai 2018, des dizaines de milliers d\u2019Arm\u00e9niens ont manifest\u00e9\ndans la capitale et d\u2019autres villes du pays, r\u00e9clamant la d\u00e9mission de Serge\nSarkissian. A la t\u00eate de la nation depuis plus de dix ans, l\u2019ancien pr\u00e9sident,\nnomm\u00e9 ensuite Premier ministre, avait modifi\u00e9 la Constitution afin de\nconserver, avec cette nouvelle fonction, les pleins pouvoirs. Pas au go\u00fbt des\ncontestataires qui se sont \u00e9galement insurg\u00e9s contre la corruption et la\npauvret\u00e9 frappant un grand nombre d\u2019Arm\u00e9niens. La r\u00e9volution a d\u00e9bouch\u00e9 sur le\nd\u00e9part du dirigeant controvers\u00e9, r\u00e9put\u00e9 ind\u00e9boulonnable. Lui a succ\u00e9d\u00e9 le\njournaliste Nikol Pachinian, figure de proue de la contestation. <\/p>\n\n\n\n<p><strong>Propos recueillis par Sonya Mermoud<\/strong><\/p>\n\n\n\n<p>Zara Nazarian, secr\u00e9taire g\u00e9n\u00e9rale de l\u2019Union de la presse francophone \u2013 qui a tenu ses assises en 2018 en Arm\u00e9nie \u2013 appr\u00e9hende l\u2019avenir avec optimisme. M\u00eame si tout prend beaucoup de temps&#8230;<\/p>\n\n\n\n<p><strong>Quels changements concrets a\namen\u00e9 la R\u00e9volution de velours? <\/strong><\/p>\n\n\n\n<p><em>Nous avons eu droit \u00e0 de vraies \u00e9lections l\u00e9gislatives, les premi\u00e8res depuis 25 ans (en d\u00e9cembre 2018, ndlr). Avant, elles faisaient plut\u00f4t l\u2019objet d\u2019arrangements&#8230; Il s\u2019agit l\u00e0 d\u2019un changement fondamental. Autre \u00e9volution cons\u00e9quente: la lib\u00e9ralisation du march\u00e9 d\u2019importation, jusqu\u2019\u00e0 pr\u00e9sent sous monopole. Mais la situation reste ambigu\u00eb. Le processus de r\u00e9formes ne va pas aussi vite qu\u2019on le souhaiterait apr\u00e8s un quart de si\u00e8cle de stagnation. <\/em><\/p>\n\n\n\n<p><strong>Quels principaux d\u00e9fis attendent\nle nouveau gouvernement?<\/strong><\/p>\n\n\n\n<p><em>Le redressement de l\u2019\u00e9conomie. Et son retour dans un champ l\u00e9gal. Hors des zones d\u2019ombre. Un objectif frein\u00e9 par un contre-pouvoir refusant de perdre ses pr\u00e9rogatives. Sur ce front, les choses bougent trop lentement, les investissements restent maigres. Le taux de ch\u00f4mage est estim\u00e9 entre 16 et 40%! Une personne sur trois vit en dessous du seuil de pauvret\u00e9. Le salaire moyen s\u2019\u00e9l\u00e8ve \u00e0 l\u2019\u00e9quivalent de 300 euros, celui minimum \u00e0 100 euros. On ne peut rien faire avec ce dernier montant. Au niveau social, la t\u00e2che se r\u00e9v\u00e8le immense. Tout est \u00e0 reconstruire.<\/em><\/p>\n\n\n\n<p><strong>Et les syndicats jouent-ils\nun r\u00f4le?<\/strong><\/p>\n\n\n\n<p><em>A ce stade pas vraiment. Il s\u2019agit de structures h\u00e9rit\u00e9es de l\u2019ex-URSS \u2013 alors plus une formalit\u00e9 qu\u2019autre chose \u2013 qui servaient uniquement \u00e0 attribuer des places dans les sanatoriums et les maisons de sant\u00e9&#8230;. Aujourd\u2019hui, les syndicats existent toujours davantage sur le papier qu\u2019ils ne sont vraiment actifs. Ils ne sont pas tr\u00e8s bien organis\u00e9s. <\/em><\/p>\n\n\n\n<p><strong>La diaspora soutient-elle l\u2019\u00e9conomie?\n<\/strong><\/p>\n\n\n\n<p><em>L\u2019argent investi par la diaspora dans le pays sert \u00e0 financer des projets pr\u00e9cis, non \u00e0 renflouer les caisses de l\u2019Etat. Comme, par exemple, l\u2019\u00e9cole Tumo consacr\u00e9e \u00e0 la cr\u00e9ation num\u00e9rique. Les Arm\u00e9niens de l\u2019ext\u00e9rieur (estim\u00e9s \u00e0 8 millions, ndlr) apportent aussi souvent une aide financi\u00e8re \u00e0 leur famille.<\/em><\/p>\n\n\n\n<p><strong>Le tourisme repr\u00e9sente-t-il\nune source de revenus importante pour le pays?<\/strong><\/p>\n\n\n\n<p><em>Il a un r\u00e9el impact, un effet bienveillant sur l\u2019\u00e9conomie, mais il ne s\u2019agit que d\u2019un secteur parmi d\u2019autres. Dans tous les cas, l\u2019Arm\u00e9nie est une destination de vacances id\u00e9ale, s\u00fbre, qui se distingue aussi par la qualit\u00e9 d\u2019accueil de ses habitants.<\/em><\/p>\n\n\n\n<p><strong>Etes-vous confiante pour\nl\u2019avenir?<\/strong><\/p>\n\n\n\n<p><em>Oui, bien s\u00fbr, sinon je ne resterais pas dans le pays. Je suis optimiste. Les Arm\u00e9niens sont un peuple tr\u00e8s sage, paisible, constructif, disciplin\u00e9. La R\u00e9volution de velours s\u2019est d\u00e9roul\u00e9e sans aucune agressivit\u00e9. Pas une goutte de sang n\u2019a \u00e9t\u00e9 vers\u00e9e, pas une fleur n\u2019a \u00e9t\u00e9 coup\u00e9e.<\/em><\/p>\n","protected":false},"excerpt":{"rendered":"<p>Secr\u00e9taire g\u00e9n\u00e9rale de l\u2019Union internationale de la presse francophone (UPF) r\u00e9sidant \u00e0 Erevan, l\u2019Arm\u00e9nienne Zara Nazarian commente la situation dans son pays, dix-huit mois apr\u00e8s la R\u00e9volution de velours. En avril et en mai 2018, des dizaines de milliers d\u2019Arm\u00e9niens &hellip; <a href=\"http:\/\/www.presstourism.ch\/?page_id=6342\">Continuer la lecture <span class=\"meta-nav\">&rarr;<\/span><\/a><\/p>\n","protected":false},"author":1,"featured_media":0,"parent":713,"menu_order":0,"comment_status":"closed","ping_status":"closed","template":"","meta":{"ngg_post_thumbnail":0,"spay_email":""},"jetpack_sharing_enabled":true,"jetpack_shortlink":"https:\/\/wp.me\/P468TV-1Ei","_links":{"self":[{"href":"http:\/\/www.presstourism.ch\/index.php?rest_route=\/wp\/v2\/pages\/6342"}],"collection":[{"href":"http:\/\/www.presstourism.ch\/index.php?rest_route=\/wp\/v2\/pages"}],"about":[{"href":"http:\/\/www.presstourism.ch\/index.php?rest_route=\/wp\/v2\/types\/page"}],"author":[{"embeddable":true,"href":"http:\/\/www.presstourism.ch\/index.php?rest_route=\/wp\/v2\/users\/1"}],"replies":[{"embeddable":true,"href":"http:\/\/www.presstourism.ch\/index.php?rest_route=%2Fwp%2Fv2%2Fcomments&post=6342"}],"version-history":[{"count":1,"href":"http:\/\/www.presstourism.ch\/index.php?rest_route=\/wp\/v2\/pages\/6342\/revisions"}],"predecessor-version":[{"id":6344,"href":"http:\/\/www.presstourism.ch\/index.php?rest_route=\/wp\/v2\/pages\/6342\/revisions\/6344"}],"up":[{"embeddable":true,"href":"http:\/\/www.presstourism.ch\/index.php?rest_route=\/wp\/v2\/pages\/713"}],"wp:attachment":[{"href":"http:\/\/www.presstourism.ch\/index.php?rest_route=%2Fwp%2Fv2%2Fmedia&parent=6342"}],"curies":[{"name":"wp","href":"https:\/\/api.w.org\/{rel}","templated":true}]}}