{"id":6226,"date":"2019-08-10T14:42:10","date_gmt":"2019-08-10T13:42:10","guid":{"rendered":"http:\/\/www.presstourism.ch\/WP_ALEX\/?page_id=6226"},"modified":"2019-08-11T08:37:10","modified_gmt":"2019-08-11T07:37:10","slug":"werner-hadorn-1941-2019","status":"publish","type":"page","link":"http:\/\/www.presstourism.ch\/?page_id=6226","title":{"rendered":"Werner Hadorn (1941-2019)"},"content":{"rendered":"\n<div class=\"wp-block-image\"><figure class=\"alignright is-resized\"><img loading=\"lazy\" src=\"https:\/\/i1.wp.com\/www.presstourism.ch\/WP_ALEX\/wp-content\/uploads\/2019\/08\/IMG_0040-Hadorn.jpg?resize=229%2C292\" alt=\"\" class=\"wp-image-6228\" width=\"229\" height=\"292\" srcset=\"https:\/\/i1.wp.com\/www.presstourism.ch\/wp-content\/uploads\/2019\/08\/IMG_0040-Hadorn.jpg?w=566 566w, https:\/\/i1.wp.com\/www.presstourism.ch\/wp-content\/uploads\/2019\/08\/IMG_0040-Hadorn.jpg?resize=235%2C300 235w\" sizes=\"(max-width: 229px) 100vw, 229px\" data-recalc-dims=\"1\" \/><\/figure><\/div>\n\n\n\n<p>Werner Hadorn nous a quitt\u00e9s le 31 juillet 2019 \u00e0 l&rsquo;\u00e2ge de 78 ans. <\/p>\n\n\n\n<p>Une c\u00e9r\u00e9monie d\u2019adieu aura lieu le 16 ao\u00fbt 2019&nbsp; \u00e0 14h&nbsp; au Cimeti\u00e8re de Bienne-Madretsch, Chapelle 2. <\/p>\n\n\n\n<p><em>Le plus bel hommage est sans doute celui d&rsquo;un autre grand journaliste, Mario Cortesi, dont il \u00e9tait l&rsquo;ami, le compagnon de route  et&nbsp; l&rsquo;associ\u00e9 au sein du \u00ab\u00a0B\u00fcro Cortesi\u00a0\u00bb. <\/em><\/p>\n\n\n\n<p>\u00a0\u00bb En r\u00e9alit\u00e9, il a v\u00e9cu pr\u00e8s de 120 ans. C&rsquo;est l&rsquo;\u00e2ge qu&rsquo;aurait atteint tout autre \u00eatre humain voulant suivre le rythme de travail et le volume des activit\u00e9s de Werner. Sans exag\u00e9rer, il a \u00e9t\u00e9 l&rsquo;auteur de milliers d&rsquo;articles, \u00e9crit des livres, form\u00e9 une bonne centaine de journalistes au B\u00dcRO CORTESI et organis\u00e9 des s\u00e9minaires dans le domaine du journalisme et de la t\u00e9l\u00e9vision. Mais Werner \u00e9tait aussi le pr\u00e9sident des journalistes scientifiques europ\u00e9ens, parlementaire local, pr\u00e9sident du Conseil de Ville et un des poids lourds de la social-d\u00e9mocratie biennoise. Il a abreuv\u00e9 de ses nombreuses id\u00e9es le conseil d&rsquo;administration et la direction de CANAL 3 et de TELEBIELINGUE dont il fut un des membres fondateurs. Infatigable, il \u00e9tait toujours \u00e0 disposition de ses collaborateurs, aussi bien pour des questions professionnelles que personnelles. Il n&rsquo;y avait pas de meilleur coll\u00e8gue. En cas de conflit, il \u00e9tait toujours aux c\u00f4t\u00e9s des plus faibles. L&rsquo;homme qui tombait \u00e0 pic. Il \u00e9tait aussi une encyclop\u00e9die ambulante, presque l&rsquo;anc\u00eatre de Wikipedia. Il avait r\u00e9ponse \u00e0 tout.<\/p>\n\n\n\n<p>Au sein de la r\u00e9daction de BIEL BIENNE, dont il fut aussi un\ndes membres fondateurs, il \u00e9tait l&rsquo;ardent d\u00e9fenseur de la langue allemande.\nQuand il enseignait cette discipline au Gymnase al\u00e9manique (il avait renonc\u00e9 \u00e0\nun salaire cons\u00e9quent pour celui, plus modeste, de journaliste), il se battait\ncontre l&rsquo;appauvrissement de la langue de Goethe et, pour lui, chaque virgule\navait un sens. mais il lui arrivait bien s\u00fbr aussi parfois de taper sur les\nnerfs de ses coll\u00e8gues.<\/p>\n\n\n\n<p>Son manque de ponctualit\u00e9 \u00e9tait l\u00e9gendaire &#8211; seul Hans St\u00f4ckli\na r\u00e9ussi \u00e0 faire pire. Et les articles de Werner \u00e9taient souvent d&rsquo;une longueur\nbiblique, pouvant d\u00e9border sur la page suivante ! Mais il n&rsquo;\u00e9tait pas simple de\nles raccourcir car les articles les plus interminables \u00e9taient de qualit\u00e9 et\nm\u00eame les \u00e9p\u00eetres les plus longues m\u00e9ritaient d&rsquo;\u00eatre lues.<\/p>\n\n\n\n<p>Quand il devait r\u00e9diger un bref concept, cela d\u00e9bouchait sur\nun pav\u00e9. Mais aujourd&rsquo;hui encore, les r\u00e9dacteurs et les r\u00e9alisateurs lui sont\nreconnaissants de les avoir guid\u00e9s jusque dans les plus petits d\u00e9tails.<\/p>\n\n\n\n<p>Ses voyages \u00e0 l&rsquo;\u00e9tranger \u00e9taient pareillement impressionnants:\nil en revenait avec des films qu&rsquo;il avait lui-m\u00eame mont\u00e9s et sonoris\u00e9s, t\u00e9moignant\n\u00e0 quel point les gens d&rsquo;autres peuples le fascinaient. Tout ce qui lui\napportait de nouvelles connaissances le passionnait. Qu&rsquo;il s&rsquo;agisse d&rsquo;interviewer\nle cantonnier d&rsquo;un quartier, le faussaire Elmir de Hory \u00e0 Ibiza ou le spationaute\nClaude Nicollier.<\/p>\n\n\n\n<p>Il n&rsquo;\u00e9tablissait aucune \u00e9chelle de valeurs parmi les\npersonnes qu&rsquo;il interrogeait. Pour lui chaque personne qui avait une vie ou une\n\u0153uvre \u00e0 raconter valait la peine.<\/p>\n\n\n\n<p>Werner avait cependant surtout la principale qualit\u00e9 qui\nfait un bon journaliste : la curiosit\u00e9. Cette curiosit\u00e9 avait fait de lui un\nexcellent intervieweur d\u00e9sireux de mettre \u00e0 mal les modes de d\u00e9fense de son\ninterlocuteur. Mais tout en restant s\u00e9rieux, il mettait de la dr\u00f4lerie, de\nl&rsquo;humour et de l&rsquo;originalit\u00e9 dans son tra vail, comme il avait su le faire \u00ad\u00ad\u00ad\u00ad\u00ad\u00ad\u00ad\u00ad\u00ad\u00ad\u00ad\u00ad\u00ad\u00ad\u00ad\u00ad\u00ad\u00ad\u00addes\nann\u00e9es plus t\u00f4t en \u00e9crivant des textes pour l&rsquo;ancien cabaret du Th\u00e9\u00e2tre de\nPoche, dont des sketches \u00e9crits pour l&rsquo;immense Alfred Rasser. Plus tard, il\navait ressorti son humour dans la colonne \u00abVu d&rsquo;en haut\u00bb o\u00f9 il caricaturait le\ntravail du Parlement biennois.<\/p>\n\n\n\n<p>II pilotait des petits avions, jouait de diff\u00e9rents\ninstruments de musique, donnait des cours \u00e0 l&rsquo;Universit\u00e9 de Namibie, a \u00e9crit diff\u00e9rents\ntrait\u00e9s scientifiques et trouv\u00e9 le nom de \u00abTELE-BIELINGUE\u00bb. II avait aussi re\u00e7u de nombreuses r\u00e9compenses\npour ses documentaires. Au Festival du film de Locarno, il s&rsquo;\u00e9tait vu d\u00e9cerner\nle premier prix Fueter; et \u00e0 l&rsquo;occasion des 75 ans de l&rsquo;Union technique suisse,\nson \u00abDossier de l&rsquo;uranium\u00bb avait \u00e9t\u00e9 prim\u00e9. Il avait encore plein de projets:\nil r\u00eavait toujours d&rsquo;\u00e9crire un grand livre sur les religions dans le monde.\nMalgr\u00e9 son \u00e2ge avanc\u00e9, il n&rsquo;excluait de produire un travail lui permettant de\nd\u00e9crocher un doctorat.<\/p>\n\n\n\n<p>Il avait tout simplement une vie tr\u00e9pidante et refusait de\nbiffer de son agenda un point \u00e0 l&rsquo;ordre du jour \u00abpas encore r\u00e9alis\u00e9\u00bb. Autant il\npouvait consacrerdu temps et de l&rsquo;\u00e9nergie pour ses collaborateurs, autant il\nd\u00e9laissait sa sant\u00e9. Durant des ann\u00e9es, il a mis son corps \u00e0 trop forte\ncontribution, ne s&rsquo;accordait aucune pause et passait outre les mises en garde\nde ses coll\u00e8gues ou des m\u00e9decins. Les journ\u00e9es de travail de 20 heures \u00e9taient\npour lui \u00abnormales\u00bb, sans pour autant l&#8217;emp\u00eacher de se soucier de sa famille.\nIl \u00e9tait vraiment l&rsquo;homme qui tombait \u00e0 pic. Les br\u00e8ves pauses de midi qui\nr\u00e9sultaient de son mode de vie \u00e9taient devenues l\u00e9gendaires: \u00abJe d\u00e9croche\npendant dix minutes\u00bb. Il s&rsquo;endormait pour se r\u00e9veiller exactement dix minutes\nplus tard et \u00eatre \u00e0 nouveau d&rsquo;attaque!<\/p>\n\n\n\n<p>Un journaliste scientifique, au courant des questions\nm\u00e9dicales comme lui, aurait d\u00fb \u00eatre bien plac\u00e9 pour conna\u00eetre les cons\u00e9quences\nd&rsquo;un manque d&rsquo;\u00e9coute de son corps et des signaux qu&rsquo;il \u00e9met. Mais Werner \u00e9tait\npass\u00e9 ma\u00eetre dans l&rsquo;art de nier qu&rsquo;un jour, il devrait payer la facture. Une\nlongue maladie opini\u00e2tre et grave a fini par lui voler son rythme de vie et l&rsquo;a\noblig\u00e9 \u00e0 \u00eatre hospitalis\u00e9.<\/p>\n\n\n\n<p>Durant de nombreux mois. nous allons tous regretter Werner Hadorn, avec ses qualit\u00e9s et ses d\u00e9fauts, ses mots r\u00e9confortants ou ses remontrances envers des journalistes pris en d\u00e9faut. Il laisse un grand vide qui ne se comblera jamais. Mais aussi le souvenir d&rsquo;un collaborateur et d&rsquo;un ami unique et irrempla\u00e7able. Un grand Monsieur.\u00a0\u00bb<\/p>\n\n\n\n<p style=\"text-align:right\">Mario Cortesi<\/p>\n\n\n\n<div class=\"wp-block-file\"><a href=\"http:\/\/www.presstourism.ch\/WP_ALEX\/wp-content\/uploads\/2019\/08\/BB_32_2019-hadorn-3w.pdf\">Biel-Bienne 7\/8 ao\u00fbt 2019<\/a><a href=\"http:\/\/www.presstourism.ch\/WP_ALEX\/wp-content\/uploads\/2019\/08\/BB_32_2019-hadorn-3w.pdf\" class=\"wp-block-file__button\" download>T\u00e9l\u00e9charger<\/a><\/div>\n\n\n\n<p><\/p>\n\n\n\n<p><strong>Quelques photos de Werner Hadorn<\/strong> (envoyez-nous les v\u00f4tres&#8230;)<\/p>\n\n\n\n<ul class=\"wp-block-gallery columns-3 is-cropped\"><li class=\"blocks-gallery-item\"><figure><img loading=\"lazy\" width=\"277\" height=\"182\" src=\"https:\/\/i0.wp.com\/www.presstourism.ch\/WP_ALEX\/wp-content\/uploads\/2019\/08\/Hadorn-2-Taille-dorigine.jpg?resize=277%2C182\" alt=\"\" data-id=\"6230\" data-link=\"http:\/\/www.presstourism.ch\/WP_ALEX\/?attachment_id=6230\" class=\"wp-image-6230\" data-recalc-dims=\"1\"\/><\/figure><\/li><li class=\"blocks-gallery-item\"><figure><img loading=\"lazy\" width=\"237\" height=\"213\" src=\"https:\/\/i0.wp.com\/www.presstourism.ch\/WP_ALEX\/wp-content\/uploads\/2019\/08\/Hadorn-3-Taille-dorigine-1.jpg?resize=237%2C213\" alt=\"\" data-id=\"6231\" data-link=\"http:\/\/www.presstourism.ch\/WP_ALEX\/?attachment_id=6231\" class=\"wp-image-6231\" data-recalc-dims=\"1\"\/><\/figure><\/li><li class=\"blocks-gallery-item\"><figure><img loading=\"lazy\" width=\"1314\" height=\"1866\" src=\"https:\/\/i2.wp.com\/www.presstourism.ch\/WP_ALEX\/wp-content\/uploads\/2019\/08\/Hadorn-par-Tempelman-1.jpg?fit=640%2C909\" alt=\"\" data-id=\"6242\" data-link=\"http:\/\/www.presstourism.ch\/WP_ALEX\/?attachment_id=6242\" class=\"wp-image-6242\" srcset=\"https:\/\/i2.wp.com\/www.presstourism.ch\/wp-content\/uploads\/2019\/08\/Hadorn-par-Tempelman-1.jpg?w=1314 1314w, https:\/\/i2.wp.com\/www.presstourism.ch\/wp-content\/uploads\/2019\/08\/Hadorn-par-Tempelman-1.jpg?resize=211%2C300 211w, https:\/\/i2.wp.com\/www.presstourism.ch\/wp-content\/uploads\/2019\/08\/Hadorn-par-Tempelman-1.jpg?resize=768%2C1091 768w, https:\/\/i2.wp.com\/www.presstourism.ch\/wp-content\/uploads\/2019\/08\/Hadorn-par-Tempelman-1.jpg?resize=721%2C1024 721w, https:\/\/i2.wp.com\/www.presstourism.ch\/wp-content\/uploads\/2019\/08\/Hadorn-par-Tempelman-1.jpg?resize=600%2C852 600w, https:\/\/i2.wp.com\/www.presstourism.ch\/wp-content\/uploads\/2019\/08\/Hadorn-par-Tempelman-1.jpg?w=1168 1168w\" sizes=\"(max-width: 584px) 100vw, 584px\" \/><figcaption>Br\u00e9sil 2016 (photo Orith Tempelman)<\/figcaption><\/figure><\/li><\/ul>\n","protected":false},"excerpt":{"rendered":"<p>Werner Hadorn nous a quitt\u00e9s le 31 juillet 2019 \u00e0 l&rsquo;\u00e2ge de 78 ans. Une c\u00e9r\u00e9monie d\u2019adieu aura lieu le 16 ao\u00fbt 2019&nbsp; \u00e0 14h&nbsp; au Cimeti\u00e8re de Bienne-Madretsch, Chapelle 2. Le plus bel hommage est sans doute celui d&rsquo;un &hellip; <a href=\"http:\/\/www.presstourism.ch\/?page_id=6226\">Continuer la lecture <span class=\"meta-nav\">&rarr;<\/span><\/a><\/p>\n","protected":false},"author":1,"featured_media":0,"parent":6224,"menu_order":0,"comment_status":"closed","ping_status":"closed","template":"","meta":{"ngg_post_thumbnail":0,"spay_email":""},"jetpack_sharing_enabled":true,"jetpack_shortlink":"https:\/\/wp.me\/P468TV-1Cq","_links":{"self":[{"href":"http:\/\/www.presstourism.ch\/index.php?rest_route=\/wp\/v2\/pages\/6226"}],"collection":[{"href":"http:\/\/www.presstourism.ch\/index.php?rest_route=\/wp\/v2\/pages"}],"about":[{"href":"http:\/\/www.presstourism.ch\/index.php?rest_route=\/wp\/v2\/types\/page"}],"author":[{"embeddable":true,"href":"http:\/\/www.presstourism.ch\/index.php?rest_route=\/wp\/v2\/users\/1"}],"replies":[{"embeddable":true,"href":"http:\/\/www.presstourism.ch\/index.php?rest_route=%2Fwp%2Fv2%2Fcomments&post=6226"}],"version-history":[{"count":3,"href":"http:\/\/www.presstourism.ch\/index.php?rest_route=\/wp\/v2\/pages\/6226\/revisions"}],"predecessor-version":[{"id":6243,"href":"http:\/\/www.presstourism.ch\/index.php?rest_route=\/wp\/v2\/pages\/6226\/revisions\/6243"}],"up":[{"embeddable":true,"href":"http:\/\/www.presstourism.ch\/index.php?rest_route=\/wp\/v2\/pages\/6224"}],"wp:attachment":[{"href":"http:\/\/www.presstourism.ch\/index.php?rest_route=%2Fwp%2Fv2%2Fmedia&parent=6226"}],"curies":[{"name":"wp","href":"https:\/\/api.w.org\/{rel}","templated":true}]}}