{"id":6224,"date":"2019-08-10T14:31:35","date_gmt":"2019-08-10T13:31:35","guid":{"rendered":"http:\/\/www.presstourism.ch\/WP_ALEX\/?page_id=6224"},"modified":"2024-05-24T15:11:54","modified_gmt":"2024-05-24T13:11:54","slug":"hommages","status":"publish","type":"page","link":"http:\/\/www.presstourism.ch\/?page_id=6224","title":{"rendered":"Hommages"},"content":{"rendered":"\n<p>\u00ab\u00a0Le temps n&rsquo;existe pas, seuls les \u00e9v\u00e9nements comptent\u00a0\u00bb affirmait Albert Einstein. Les horloges n&rsquo;en continuent pas moins de tourner.<\/p>\n\n\n\n<p>Au fil des ann\u00e9es, nombre de nos membres nous ont quitt\u00e9s dans un dernier souffle. Nous nous effor\u00e7ons ici de saluer leur m\u00e9moire.<\/p>\n\n\n\n<div class=\"wp-block-columns\">\n<div class=\"wp-block-column\" style=\"flex-basis:33.33%\">\n<figure class=\"wp-block-image size-full\"><a href=\"https:\/\/i2.wp.com\/www.presstourism.ch\/wp-content\/uploads\/2024\/05\/RH.jpg\"><img loading=\"lazy\" width=\"356\" height=\"367\" src=\"https:\/\/i2.wp.com\/www.presstourism.ch\/wp-content\/uploads\/2024\/05\/RH.jpg?resize=356%2C367\" alt=\"\" class=\"wp-image-9473\" srcset=\"https:\/\/i2.wp.com\/www.presstourism.ch\/wp-content\/uploads\/2024\/05\/RH.jpg?w=356 356w, https:\/\/i2.wp.com\/www.presstourism.ch\/wp-content\/uploads\/2024\/05\/RH.jpg?resize=291%2C300 291w\" sizes=\"(max-width: 356px) 100vw, 356px\" data-recalc-dims=\"1\" \/><\/a><\/figure>\n<\/div>\n\n\n\n<div class=\"wp-block-column\" style=\"flex-basis:66.66%\">\n<h1>Ren\u00e9 Hug<\/h1>\n\n\n\n<p>Ren\u00e9 Hug, journaliste RP, sp\u00e9cialiste de l\u2019aviation commerciale et du tourisme, a \u00e9t\u00e9 le co-fondateur de l\u2019Association suisse des journalistes de l\u2019a\u00e9ronautique et de l\u2019espace.&nbsp;Il a commenc\u00e9 sa carri\u00e8re \u00e0 la T\u00e9l\u00e9vision Suisse romande comme cam\u00e9raman, puis a collabor\u00e9 \u00e0 de nombreux magazines et journaux dont l\u2019H\u00f4tel Revue, Gastro Journal, la Revue Automobile, Travel Inside et le journal des Forces a\u00e9riennes suisses Vista.<\/p>\n\n\n\n<p>Ren\u00e9 Hug a \u00e9galement \u00e9t\u00e9 journaliste et reporter pour Radio Nostalgie et des radios locales de la r\u00e9gion l\u00e9manique. Ren\u00e9 Hug a publi\u00e9 plusieurs ouvrages sur l\u2019aviation, dont&nbsp;<em>L\u2019Avion \u00e0 Gen\u00e8ve<\/em>(1981),&nbsp;<em>Le F\/A 18 suisse<\/em>&nbsp;(1999),&nbsp;<em>50 ans des restaurants Canonica<\/em>&nbsp;(1995) et&nbsp;<em>Une nouvelle vie pour un Br\u00e9guet Atlantique<\/em>&nbsp;(1996).<\/p>\n<\/div>\n<\/div>\n","protected":false},"excerpt":{"rendered":"<p>\u00ab\u00a0Le temps n&rsquo;existe pas, seuls les \u00e9v\u00e9nements comptent\u00a0\u00bb affirmait Albert Einstein. Les horloges n&rsquo;en continuent pas moins de tourner. Au fil des ann\u00e9es, nombre de nos membres nous ont quitt\u00e9s dans un dernier souffle. Nous nous effor\u00e7ons ici de saluer &hellip; <a href=\"http:\/\/www.presstourism.ch\/?page_id=6224\">Continuer la lecture <span class=\"meta-nav\">&rarr;<\/span><\/a><\/p>\n","protected":false},"author":1,"featured_media":0,"parent":14,"menu_order":0,"comment_status":"closed","ping_status":"closed","template":"","meta":{"ngg_post_thumbnail":0,"spay_email":""},"jetpack_sharing_enabled":true,"jetpack_shortlink":"https:\/\/wp.me\/P468TV-1Co","_links":{"self":[{"href":"http:\/\/www.presstourism.ch\/index.php?rest_route=\/wp\/v2\/pages\/6224"}],"collection":[{"href":"http:\/\/www.presstourism.ch\/index.php?rest_route=\/wp\/v2\/pages"}],"about":[{"href":"http:\/\/www.presstourism.ch\/index.php?rest_route=\/wp\/v2\/types\/page"}],"author":[{"embeddable":true,"href":"http:\/\/www.presstourism.ch\/index.php?rest_route=\/wp\/v2\/users\/1"}],"replies":[{"embeddable":true,"href":"http:\/\/www.presstourism.ch\/index.php?rest_route=%2Fwp%2Fv2%2Fcomments&post=6224"}],"version-history":[{"count":2,"href":"http:\/\/www.presstourism.ch\/index.php?rest_route=\/wp\/v2\/pages\/6224\/revisions"}],"predecessor-version":[{"id":9474,"href":"http:\/\/www.presstourism.ch\/index.php?rest_route=\/wp\/v2\/pages\/6224\/revisions\/9474"}],"up":[{"embeddable":true,"href":"http:\/\/www.presstourism.ch\/index.php?rest_route=\/wp\/v2\/pages\/14"}],"wp:attachment":[{"href":"http:\/\/www.presstourism.ch\/index.php?rest_route=%2Fwp%2Fv2%2Fmedia&parent=6224"}],"curies":[{"name":"wp","href":"https:\/\/api.w.org\/{rel}","templated":true}]}}