{"id":6193,"date":"2019-08-10T13:29:45","date_gmt":"2019-08-10T12:29:45","guid":{"rendered":"http:\/\/www.presstourism.ch\/WP_ALEX\/?page_id=6193"},"modified":"2024-04-13T11:37:28","modified_gmt":"2024-04-13T09:37:28","slug":"serguei-paradjanov-un-artiste-de-genie-incompris","status":"publish","type":"page","link":"http:\/\/www.presstourism.ch\/?page_id=6193","title":{"rendered":"Sergue\u00ef Paradjanov, un artiste de g\u00e9nie incompris"},"content":{"rendered":"\n<figure class=\"wp-block-image size-large\"><img src=\"https:\/\/i0.wp.com\/www.presstourism.ch\/wp-content\/uploads\/2019\/08\/Tbilissi-large.jpg?fit=640%2C427\" alt=\"\"\/><figcaption>Serguei Paradjanov&nbsp;\u00e0 Tbilissi <\/figcaption><\/figure>\n\n\n\n<p>Rien ne l\u2019arr\u00eate, son imagination d\u00e9bordante et sans limite\nd\u00e9range. Emprisonn\u00e9 et envoy\u00e9 au Goulag, interdit de production, le r\u00e9alisateur\nde g\u00e9nie Sergue\u00ef Paradjanov r\u00e9ussira \u00e0 poursuivre la r\u00e9alisation d\u2019\u0153uvres\njusqu\u2019\u00e0 la fin de ses jours. A Erevan, dans la capitale arm\u00e9nienne, un mus\u00e9e\nlui est d\u00e9di\u00e9.<\/p>\n\n\n\n<figure class=\"wp-block-image size-large\"><img src=\"https:\/\/i1.wp.com\/www.presstourism.ch\/wp-content\/uploads\/2019\/08\/mus\u00e9e.jpg?fit=640%2C427\" alt=\"\"\/><figcaption> <br> Le mus\u00e9e \u00ab&nbsp;Serguei Paradjanov&nbsp;\u00bb \u00e0 Erevan, capitale de l\u2019Arm\u00e9nie <\/figcaption><\/figure>\n\n\n\n<p>N\u00e9 le 9 janvier 1924 \u00e0 Tbilissi en G\u00e9orgie de parents arm\u00e9niens. Sergue\u00ef Paradjanov suit, en 1945, une \u00e9cole de cin\u00e9ma \u00e0 Moscou, \u00e9tudie la musique avant de devenir assistant directeur dans les studios Dovzhenko \u00e0 Kiev en Ukraine en 1952. <\/p>\n\n\n\n<div class=\"wp-block-image\"><figure class=\"aligncenter size-large\"><img src=\"https:\/\/i1.wp.com\/www.presstourism.ch\/wp-content\/uploads\/2019\/08\/1952.jpg?w=584\" alt=\"\" data-recalc-dims=\"1\"\/><figcaption>Fra\u00eechement dipl\u00f4m\u00e9 &#8211; 1952 (c) Mus\u00e9e Paradjanov<\/figcaption><\/figure><\/div>\n\n\n\n<p>Mais le style tr\u00e8s personnel et innovant du r\u00e9alisateur d\u00e9range la perception sovi\u00e9tique du monde. En 1968, sa pi\u00e8ce ma\u00eetresse \u00ab&nbsp;Sayat Nova&nbsp;\u00bb, dans lequel il d\u00e9peint le pays de ses origines, l\u2019Arm\u00e9nie, est censur\u00e9e par les autorit\u00e9s russes. Une version \u00e9dulcor\u00e9e sous le nom \u00ab&nbsp;La couleur de la grenade&nbsp;\u00bb para\u00eetra quelques ann\u00e9es plus tard.<\/p>\n\n\n\n<div class=\"wp-block-image\"><figure class=\"aligncenter size-large\"><img src=\"https:\/\/i1.wp.com\/www.presstourism.ch\/wp-content\/uploads\/2019\/08\/casque.jpg?w=584\" alt=\"\" data-recalc-dims=\"1\"\/><figcaption>&nbsp;Casque&nbsp;Iran,&nbsp;XVIIe&nbsp;s.&nbsp;requis&nbsp;pour le film&nbsp;\u00ab&nbsp;La&nbsp;couleur&nbsp;de&nbsp;la&nbsp;grenade&nbsp;\u00bb&nbsp;<\/figcaption><\/figure><\/div>\n\n\n\n<p><strong>Le r\u00e9alisateur\nd\u00e9range<\/strong><\/p>\n\n\n\n<p>Sa c\u00e9l\u00e9brit\u00e9 internationale naissante notamment apr\u00e8s le\nfilm \u00ab&nbsp;Les chevaux de feu&nbsp;\u00bb, ses refus des injonctions de \u00ab&nbsp;se\nmettre aux normes&nbsp;\u00bb quant \u00e0 son style de vie original ont pour cons\u00e9quences\nque les autorit\u00e9s ukrainiennes donnent l\u2019ordre de saisir et d\u00e9truire ses films.\nS\u2019ensuit d\u00e8s 1973 une p\u00e9riode d\u2019emprisonnement de 4 ans.&nbsp; Le pr\u00e9texte&nbsp;: sous la pression physique de\nl\u2019autorit\u00e9 russe, un de ses amis pr\u00e9tend faussement que le r\u00e9alisateur russe \u00e9tait\nhomosexuel.<\/p>\n\n\n\n<figure class=\"wp-block-image size-large\"><img src=\"https:\/\/i2.wp.com\/www.presstourism.ch\/wp-content\/uploads\/2019\/08\/Une.jpg?w=584\" alt=\"\" data-recalc-dims=\"1\"\/><figcaption>Une de ses cr\u00e9ations<\/figcaption><\/figure>\n\n\n\n<p>Malgr\u00e9 le soutien d\u2019artistes de renom, il n\u2019est lib\u00e9r\u00e9 qu\u2019en\n1977. Bien que fortement \u00e9prouv\u00e9 durant ces quatre ann\u00e9es, il n\u2019aura de cesse\nde cr\u00e9er, m\u00eame en prison. Il rel\u00e8ve : \u00ab&nbsp;<em>je n\u2019\u00e9tais pas autoris\u00e9 \u00e0 faire\ndes films et j\u2019ai commenc\u00e9 \u00e0 faire des collages. Le collage, c\u2019est un film en\nr\u00e9sum\u00e9<\/em>&nbsp;\u00bb. En plus de ses collages en trois dimensions, il s\u2019adonne\n\u00e9galement \u00e0 la peinture, \u00e0 la cr\u00e9ation de costumes, \u00e0 l\u2019\u00e9criture de sc\u00e9narios.\nRien ne l\u2019arr\u00eate. Tout est pr\u00e9texte \u00e0 r\u00e9v\u00e9ler ce qu\u2019il ressent sous la forme\nque son imaginaire d\u00e9cide. Souvent, le fruit la grenade, symbole de vie en\nArm\u00e9nie, est pr\u00e9sente dans ses \u0153uvres associ\u00e9 \u00e0 une \u00e9vocation de la privation\nde libert\u00e9. Il devient mondialement connu.<\/p>\n\n\n\n<figure class=\"wp-block-image size-large\"><img src=\"https:\/\/i1.wp.com\/www.presstourism.ch\/wp-content\/uploads\/2019\/08\/sainte.jpg?w=584\" alt=\"\" data-recalc-dims=\"1\"\/><figcaption> Une de ses cr\u00e9ations:&nbsp;La Sainte C\u00e8ne sur le motif du film de Pasolini, L\u2019Evangile selon St-Matthieu. Sergue\u00ef Paradjanov avait une grande admiration pour le r\u00e9alisateur italien <\/figcaption><\/figure>\n\n\n\n<div class=\"wp-block-image\"><figure class=\"aligncenter size-large\"><img src=\"https:\/\/i1.wp.com\/www.presstourism.ch\/wp-content\/uploads\/2019\/08\/sac.jpg?w=584\" alt=\"\" data-recalc-dims=\"1\"\/><figcaption> Son sac d\u2019\u00e9tudiant transform\u00e9 en \u00e9l\u00e9phant&nbsp; <\/figcaption><\/figure><\/div>\n\n\n\n<div class=\"wp-block-image\"><figure class=\"aligncenter size-large\"><img src=\"https:\/\/i2.wp.com\/www.presstourism.ch\/wp-content\/uploads\/2019\/08\/Statue.jpg?w=584\" alt=\"\" data-recalc-dims=\"1\"\/><figcaption>Statue<\/figcaption><\/figure><\/div>\n\n\n\n<p><strong>Seconde\narrestation<\/strong><\/p>\n\n\n\n<p>En 1983, il est \u00e0 nouveau arr\u00eat\u00e9 \u00e0 Tbilissi, en G\u00e9orgie,\nsous pr\u00e9texte de corruption cette fois-ci. Envoy\u00e9 au goulag, il y reste durant\nhuit mois dans des conditions de d\u00e9tention et de travail forc\u00e9 difficiles.\nDurant cette p\u00e9riode sa sant\u00e9 se d\u00e9grade fortement. Malgr\u00e9 cela, n\u2019ayant ni\npapier, ni crayon, l\u2019artiste fa\u00e7onne avec ses ongles l\u2019aluminium qui couvrait\nles bouteilles de lait et les nommera \u00ab&nbsp;Thalers&nbsp;\u00bb du nom des\nanciennes pi\u00e8ces de monnaie europ\u00e9enne. Des copies en argent et en or sont\naujourd\u2019hui distribu\u00e9es comme prix au Festival International du Film \u00e0 Erevan\n\u00ab&nbsp;Golden Apricot&nbsp;\u00bb, r\u00e9compensant le meilleur film ainsi que le\nmeilleur film documentaire.<\/p>\n\n\n\n<div class=\"wp-block-image\"><figure class=\"aligncenter\"><img loading=\"lazy\" width=\"574\" height=\"916\" src=\"https:\/\/i2.wp.com\/www.presstourism.ch\/WP_ALEX\/wp-content\/uploads\/2019\/08\/1977.jpg?resize=574%2C916\" alt=\"\" class=\"wp-image-6202\" srcset=\"https:\/\/i2.wp.com\/www.presstourism.ch\/wp-content\/uploads\/2019\/08\/1977.jpg?w=574 574w, https:\/\/i2.wp.com\/www.presstourism.ch\/wp-content\/uploads\/2019\/08\/1977.jpg?resize=188%2C300 188w\" sizes=\"(max-width: 574px) 100vw, 574px\" data-recalc-dims=\"1\" \/><figcaption> &nbsp;&nbsp;Autoportrait dans le style gothique \u2013 1977<\/figcaption><\/figure><\/div>\n\n\n\n<div class=\"wp-block-image\"><figure class=\"aligncenter\"><img loading=\"lazy\" width=\"584\" height=\"751\" src=\"https:\/\/i0.wp.com\/www.presstourism.ch\/WP_ALEX\/wp-content\/uploads\/2019\/08\/thaler.jpg?resize=584%2C751\" alt=\"\" class=\"wp-image-6203\" srcset=\"https:\/\/i0.wp.com\/www.presstourism.ch\/wp-content\/uploads\/2019\/08\/thaler.jpg?w=700 700w, https:\/\/i0.wp.com\/www.presstourism.ch\/wp-content\/uploads\/2019\/08\/thaler.jpg?resize=233%2C300 233w, https:\/\/i0.wp.com\/www.presstourism.ch\/wp-content\/uploads\/2019\/08\/thaler.jpg?resize=600%2C771 600w\" sizes=\"(max-width: 584px) 100vw, 584px\" data-recalc-dims=\"1\" \/><figcaption> Quelques \u00ab&nbsp;Thaler&nbsp;\u00bb sculpt\u00e9s avec ses ongles <\/figcaption><\/figure><\/div>\n\n\n\n<p>Depuis, m\u00eame si le syst\u00e8me sovi\u00e9tique se d\u00e9tend un peu, il\nn\u2019est toujours pas le bienvenu en Russie et a besoin de l\u2019aide d\u2019amis acteurs\nbien introduits pour que ses films puissent \u00eatre pr\u00e9sent\u00e9s au public. 15 ans\napr\u00e8s \u00ab&nbsp;Sayat Nova&nbsp;\u00bb, Serguei Paradjanov r\u00e9alise \u00ab&nbsp;La l\u00e9gende de\nla forteresse de Souram&nbsp;\u00bb, film contest\u00e9 par le pouvoir, mais pl\u00e9biscit\u00e9 par\nle public en URSS. <\/p>\n\n\n\n<figure class=\"wp-block-image\"><img loading=\"lazy\" width=\"584\" height=\"481\" src=\"https:\/\/i2.wp.com\/www.presstourism.ch\/WP_ALEX\/wp-content\/uploads\/2019\/08\/1988.jpg?resize=584%2C481\" alt=\"\" class=\"wp-image-6204\" srcset=\"https:\/\/i2.wp.com\/www.presstourism.ch\/wp-content\/uploads\/2019\/08\/1988.jpg?w=1019 1019w, https:\/\/i2.wp.com\/www.presstourism.ch\/wp-content\/uploads\/2019\/08\/1988.jpg?resize=300%2C247 300w, https:\/\/i2.wp.com\/www.presstourism.ch\/wp-content\/uploads\/2019\/08\/1988.jpg?resize=768%2C633 768w, https:\/\/i2.wp.com\/www.presstourism.ch\/wp-content\/uploads\/2019\/08\/1988.jpg?resize=600%2C495 600w\" sizes=\"(max-width: 584px) 100vw, 584px\" data-recalc-dims=\"1\" \/><figcaption>Costume du film Achik Kerib 1988<\/figcaption><\/figure>\n\n\n\n<p>Un dernier film \u00ab&nbsp;Achtik Kerib&nbsp;\u00bb, ou le conte d\u2019un\npo\u00e8te amoureux, minutieusement pr\u00e9par\u00e9, tourn\u00e9 avec des moyens plus que\nr\u00e9duits, en plan fixe et truff\u00e9s d\u2019effets sp\u00e9ciaux laisse au spectateur\nl\u2019espace n\u00e9cessaire pour imaginer ce que vivent les personnages. \u00ab&nbsp;<em>Pour\nmoi, le cin\u00e9ma est un grand muet&nbsp;\u00bb <\/em>confie-t-il<em>. \u00ab&nbsp;Moins il y a\nde mots, plus il y d\u2019esth\u00e9tique<\/em>&nbsp;\u00bb. De ce film, le r\u00e9alisateur\ndira&nbsp;: <em>\u00ab J&rsquo;aime beaucoup ce film. Chaque artiste doit savoir quand il\nva mourir et j&rsquo;aimerais mourir apr\u00e8s ce film parce que j&rsquo;en suis fier.<\/em> <em>\u00bb<\/em><\/p>\n\n\n\n<p>Ses films ont obtenu divers prix internationaux&nbsp;:\nFestival du film Mar del Plata, Argentine; Le Festival International du film\nd\u2019Istanbul, Turquie; Nika Award, Russie; Festival international du film de\nRotterdam, Pays-Bas; Festival international du film de Catalogne, Espagne;\nFestival du film international de S\u00e3o Paulo, Br\u00e9sil et beaucoup d\u2019autres\nnominations. <\/p>\n\n\n\n<p>Pour se situer, l\u2019homme aimait \u00e0 r\u00e9p\u00e9ter&nbsp;: \u00ab&nbsp;<em>Chacun\nsait que j\u2019ai trois m\u00e8res patries. Je suis n\u00e9 en G\u00e9orgie, ai travaill\u00e9 en\nUkraine et je vais mourir en Arm\u00e9nie<\/em>&nbsp;\u00bb. Sergue\u00ef Paradjanov d\u00e9c\u00e8de en\n1990 d\u2019un cancer des poumons en laissant inachev\u00e9 son dernier essai\n\u00ab&nbsp;Confession&nbsp;\u00bb. Quelques mois auparavant, il avait expos\u00e9 au Centre\nGeorges Pompidou, \u00e0 Paris. Il sera enterr\u00e9 au Panth\u00e9on Komitas situ\u00e9 au centre\nd\u2019Erevan.<\/p>\n\n\n\n<figure class=\"wp-block-image\"><img loading=\"lazy\" width=\"1024\" height=\"683\" src=\"https:\/\/i2.wp.com\/www.presstourism.ch\/WP_ALEX\/wp-content\/uploads\/2019\/08\/1985.jpg?fit=640%2C427\" alt=\"\" class=\"wp-image-6205\" srcset=\"https:\/\/i1.wp.com\/www.presstourism.ch\/wp-content\/uploads\/2019\/08\/1985.jpg?w=1024 1024w, https:\/\/i1.wp.com\/www.presstourism.ch\/wp-content\/uploads\/2019\/08\/1985.jpg?resize=300%2C200 300w, https:\/\/i1.wp.com\/www.presstourism.ch\/wp-content\/uploads\/2019\/08\/1985.jpg?resize=768%2C512 768w, https:\/\/i1.wp.com\/www.presstourism.ch\/wp-content\/uploads\/2019\/08\/1985.jpg?resize=600%2C400 600w\" sizes=\"(max-width: 584px) 100vw, 584px\" \/><figcaption>Serguei&nbsp;Paradjanov&nbsp;dans&nbsp;sa&nbsp;maison&nbsp;\u00e0&nbsp;Tbilissi&nbsp;&nbsp;<br>\u00a9&nbsp;photo&nbsp;Zaven&nbsp;Sargsyn&nbsp;\u2010&nbsp;1985&nbsp;(propri\u00e9t\u00e9&nbsp;Mus\u00e9e&nbsp;S.&nbsp;Paradjanov)&nbsp; Meubles&nbsp;et&nbsp;autres&nbsp;nombreux&nbsp;objets&nbsp;sont&nbsp;d\u00e9sormais&nbsp;au&nbsp;mus\u00e9e&nbsp;\u00e0&nbsp;Erevan<\/figcaption><\/figure>\n\n\n\n<p><strong>Un\nmus\u00e9e unique au monde<\/strong><\/p>\n\n\n\n<p>Le mus\u00e9e de Sergue\u00ef Paradjanov, unique au monde, regorge d\u2019un millier d\u2019\u0153uvres de l\u2019artiste. Il a \u00e9t\u00e9 fond\u00e9 en 1988 du vivant du r\u00e9alisateur qui \u00e9tait cens\u00e9 y habiter, mais n\u2019a \u00e9t\u00e9 inaugur\u00e9 qu\u2019en 1991, soit une ann\u00e9e apr\u00e8s son d\u00e9c\u00e8s. Entrer dans cet espace, c\u2019est comme plonger dans un autre univers o\u00f9 collages en 3D, dessins, assemblages, sculptures, poup\u00e9es, films ou encore peintures tourbillonnent autours du visiteur. Deux salles comm\u00e9moratives sont aussi consacr\u00e9es \u00e0 d\u00e9couvrir ses objets personnels, meubles et autres, transport\u00e9s de Tbilissi \u00e0 Erevan. Aujourd\u2019hui, le mus\u00e9e est class\u00e9 monument du patrimoine culturel d\u2019Arm\u00e9nie. C\u2019est l\u2019un des plus visit\u00e9s \u00e0 Erevan.<\/p>\n\n\n\n<p>Le mus\u00e9e est ouvert 365 jours par ann\u00e9e \/ Adresse&nbsp;: Dzoragiugh Ethnographic Center, Blds 15&amp;16 Erevan \/ Site Internet <a href=\"http:\/\/parajanovmuseum.am\/en\/\">http:\/\/parajanovmuseum.am\/en\/<\/a> Contact&nbsp;: <a href=\"mailto:parajanovmuseum@gmail.com\">parajanovmuseum@gmail.com<\/a><\/p>\n\n\n\n<p><strong>Bonus photographique&nbsp;:<\/strong><\/p>\n\n\n\n<figure class=\"wp-block-image\"><img loading=\"lazy\" width=\"1024\" height=\"587\" src=\"https:\/\/i0.wp.com\/www.presstourism.ch\/WP_ALEX\/wp-content\/uploads\/2019\/08\/Joconde.jpg?fit=640%2C367\" alt=\"\" class=\"wp-image-6206\" srcset=\"https:\/\/i0.wp.com\/www.presstourism.ch\/wp-content\/uploads\/2019\/08\/Joconde.jpg?w=1024 1024w, https:\/\/i0.wp.com\/www.presstourism.ch\/wp-content\/uploads\/2019\/08\/Joconde.jpg?resize=300%2C172 300w, https:\/\/i0.wp.com\/www.presstourism.ch\/wp-content\/uploads\/2019\/08\/Joconde.jpg?resize=768%2C440 768w, https:\/\/i0.wp.com\/www.presstourism.ch\/wp-content\/uploads\/2019\/08\/Joconde.jpg?resize=600%2C344 600w\" sizes=\"(max-width: 584px) 100vw, 584px\" \/><figcaption> Variations sur le th\u00e8me de La Joconde <\/figcaption><\/figure>\n\n\n\n<figure class=\"wp-block-image\"><img loading=\"lazy\" width=\"1024\" height=\"683\" src=\"https:\/\/i0.wp.com\/www.presstourism.ch\/WP_ALEX\/wp-content\/uploads\/2019\/08\/2011.jpg?fit=640%2C427\" alt=\"\" class=\"wp-image-6207\" srcset=\"https:\/\/i0.wp.com\/www.presstourism.ch\/wp-content\/uploads\/2019\/08\/2011.jpg?w=1024 1024w, https:\/\/i0.wp.com\/www.presstourism.ch\/wp-content\/uploads\/2019\/08\/2011.jpg?resize=300%2C200 300w, https:\/\/i0.wp.com\/www.presstourism.ch\/wp-content\/uploads\/2019\/08\/2011.jpg?resize=768%2C512 768w, https:\/\/i0.wp.com\/www.presstourism.ch\/wp-content\/uploads\/2019\/08\/2011.jpg?resize=600%2C400 600w\" sizes=\"(max-width: 584px) 100vw, 584px\" \/><figcaption> Pi\u00e8ce maitresse du mus\u00e9e&nbsp;: Peuple arm\u00e9nien, offert par H. Dilaquyan, Etats-Unis, 2011 <\/figcaption><\/figure>\n\n\n\n<figure class=\"wp-block-image\"><img loading=\"lazy\" width=\"584\" height=\"584\" src=\"https:\/\/i2.wp.com\/www.presstourism.ch\/WP_ALEX\/wp-content\/uploads\/2019\/08\/1984.jpg?resize=584%2C584\" alt=\"\" class=\"wp-image-6208\" srcset=\"https:\/\/i1.wp.com\/www.presstourism.ch\/wp-content\/uploads\/2019\/08\/1984.jpg?w=691 691w, https:\/\/i1.wp.com\/www.presstourism.ch\/wp-content\/uploads\/2019\/08\/1984.jpg?resize=150%2C150 150w, https:\/\/i1.wp.com\/www.presstourism.ch\/wp-content\/uploads\/2019\/08\/1984.jpg?resize=300%2C300 300w, https:\/\/i1.wp.com\/www.presstourism.ch\/wp-content\/uploads\/2019\/08\/1984.jpg?resize=600%2C600 600w\" sizes=\"(max-width: 584px) 100vw, 584px\" data-recalc-dims=\"1\" \/><figcaption> &nbsp;&nbsp;&nbsp;&nbsp;&nbsp;&nbsp;&nbsp;&nbsp;&nbsp;&nbsp;&nbsp;&nbsp;&nbsp;&nbsp;&nbsp;&nbsp;&nbsp;&nbsp; R\u00e9miniscence au sujet du caviar noir \u2013 1984&nbsp;<\/figcaption><\/figure>\n\n\n\n<figure class=\"wp-block-image\"><img loading=\"lazy\" width=\"584\" height=\"843\" src=\"https:\/\/i0.wp.com\/www.presstourism.ch\/WP_ALEX\/wp-content\/uploads\/2019\/08\/auto.jpg?resize=584%2C843\" alt=\"\" class=\"wp-image-6209\" srcset=\"https:\/\/i0.wp.com\/www.presstourism.ch\/wp-content\/uploads\/2019\/08\/auto.jpg?w=637 637w, https:\/\/i0.wp.com\/www.presstourism.ch\/wp-content\/uploads\/2019\/08\/auto.jpg?resize=208%2C300 208w, https:\/\/i0.wp.com\/www.presstourism.ch\/wp-content\/uploads\/2019\/08\/auto.jpg?resize=600%2C867 600w\" sizes=\"(max-width: 584px) 100vw, 584px\" data-recalc-dims=\"1\" \/><figcaption>Autoportrait<\/figcaption><\/figure>\n\n\n\n<figure class=\"wp-block-image\"><img loading=\"lazy\" width=\"584\" height=\"390\" src=\"https:\/\/i2.wp.com\/www.presstourism.ch\/WP_ALEX\/wp-content\/uploads\/2019\/08\/remus.jpg?resize=584%2C390\" alt=\"\" class=\"wp-image-6210\" srcset=\"https:\/\/i1.wp.com\/www.presstourism.ch\/wp-content\/uploads\/2019\/08\/remus.jpg?w=685 685w, https:\/\/i1.wp.com\/www.presstourism.ch\/wp-content\/uploads\/2019\/08\/remus.jpg?resize=300%2C200 300w, https:\/\/i1.wp.com\/www.presstourism.ch\/wp-content\/uploads\/2019\/08\/remus.jpg?resize=600%2C400 600w\" sizes=\"(max-width: 584px) 100vw, 584px\" data-recalc-dims=\"1\" \/><figcaption> R\u00e9mus et Romulus avec des accessoires \u2013 1988 <\/figcaption><\/figure>\n\n\n\n<figure class=\"wp-block-image\"><img loading=\"lazy\" width=\"584\" height=\"377\" src=\"https:\/\/i1.wp.com\/www.presstourism.ch\/WP_ALEX\/wp-content\/uploads\/2019\/08\/3d.jpg?resize=584%2C377\" alt=\"\" class=\"wp-image-6211\" srcset=\"https:\/\/i2.wp.com\/www.presstourism.ch\/wp-content\/uploads\/2019\/08\/3d.jpg?w=720 720w, https:\/\/i2.wp.com\/www.presstourism.ch\/wp-content\/uploads\/2019\/08\/3d.jpg?resize=300%2C194 300w, https:\/\/i2.wp.com\/www.presstourism.ch\/wp-content\/uploads\/2019\/08\/3d.jpg?resize=600%2C388 600w\" sizes=\"(max-width: 584px) 100vw, 584px\" data-recalc-dims=\"1\" \/><figcaption> Tableau en 3D <\/figcaption><\/figure>\n\n\n\n<p>&nbsp;&nbsp;&nbsp;&nbsp;&nbsp;&nbsp;&nbsp;&nbsp;&nbsp;&nbsp;&nbsp;&nbsp;&nbsp;&nbsp;&nbsp;&nbsp;&nbsp;&nbsp; &nbsp;&nbsp;&nbsp;&nbsp;&nbsp;&nbsp;&nbsp;&nbsp;&nbsp;&nbsp;&nbsp;&nbsp;&nbsp;&nbsp;&nbsp;&nbsp;&nbsp;&nbsp;&nbsp;&nbsp;&nbsp;&nbsp;&nbsp;&nbsp;&nbsp;&nbsp;&nbsp;&nbsp;&nbsp;&nbsp;&nbsp;&nbsp; &nbsp;&nbsp;&nbsp;&nbsp;&nbsp;&nbsp;&nbsp;&nbsp;&nbsp;&nbsp;&nbsp;&nbsp;&nbsp;&nbsp;&nbsp;&nbsp;&nbsp;&nbsp;&nbsp;&nbsp;&nbsp; <\/p>\n\n\n\n<p class=\"has-text-align-right\"><strong>Texte et photos Marguerite Martinoli (sauf mention contraire)<\/strong><\/p>\n\n\n\n<div class=\"wp-block-file alignright\"><a href=\"http:\/\/www.presstourism.ch\/WP_ALEX\/wp-content\/uploads\/2019\/08\/Sergue\u00ef-Paradjanov.pdf\">Sergue\u00ef-Paradjanov<\/a><a href=\"http:\/\/www.presstourism.ch\/WP_ALEX\/wp-content\/uploads\/2019\/08\/Sergue\u00ef-Paradjanov.pdf\" class=\"wp-block-file__button\" download>T\u00e9l\u00e9charger<\/a><\/div>\n\n\n\n<p><\/p>\n","protected":false},"excerpt":{"rendered":"<p>Rien ne l\u2019arr\u00eate, son imagination d\u00e9bordante et sans limite d\u00e9range. Emprisonn\u00e9 et envoy\u00e9 au Goulag, interdit de production, le r\u00e9alisateur de g\u00e9nie Sergue\u00ef Paradjanov r\u00e9ussira \u00e0 poursuivre la r\u00e9alisation d\u2019\u0153uvres jusqu\u2019\u00e0 la fin de ses jours. A Erevan, dans la &hellip; <a href=\"http:\/\/www.presstourism.ch\/?page_id=6193\">Continuer la lecture <span class=\"meta-nav\">&rarr;<\/span><\/a><\/p>\n","protected":false},"author":1,"featured_media":0,"parent":5565,"menu_order":0,"comment_status":"closed","ping_status":"closed","template":"","meta":{"ngg_post_thumbnail":0,"spay_email":""},"jetpack_sharing_enabled":true,"jetpack_shortlink":"https:\/\/wp.me\/P468TV-1BT","_links":{"self":[{"href":"http:\/\/www.presstourism.ch\/index.php?rest_route=\/wp\/v2\/pages\/6193"}],"collection":[{"href":"http:\/\/www.presstourism.ch\/index.php?rest_route=\/wp\/v2\/pages"}],"about":[{"href":"http:\/\/www.presstourism.ch\/index.php?rest_route=\/wp\/v2\/types\/page"}],"author":[{"embeddable":true,"href":"http:\/\/www.presstourism.ch\/index.php?rest_route=\/wp\/v2\/users\/1"}],"replies":[{"embeddable":true,"href":"http:\/\/www.presstourism.ch\/index.php?rest_route=%2Fwp%2Fv2%2Fcomments&post=6193"}],"version-history":[{"count":6,"href":"http:\/\/www.presstourism.ch\/index.php?rest_route=\/wp\/v2\/pages\/6193\/revisions"}],"predecessor-version":[{"id":9413,"href":"http:\/\/www.presstourism.ch\/index.php?rest_route=\/wp\/v2\/pages\/6193\/revisions\/9413"}],"up":[{"embeddable":true,"href":"http:\/\/www.presstourism.ch\/index.php?rest_route=\/wp\/v2\/pages\/5565"}],"wp:attachment":[{"href":"http:\/\/www.presstourism.ch\/index.php?rest_route=%2Fwp%2Fv2%2Fmedia&parent=6193"}],"curies":[{"name":"wp","href":"https:\/\/api.w.org\/{rel}","templated":true}]}}